{"id":15944,"date":"2022-02-16T20:46:56","date_gmt":"2022-02-16T20:46:56","guid":{"rendered":"https:\/\/www.lovingmemorials.com\/politica-de-privacidade\/"},"modified":"2022-02-16T20:47:00","modified_gmt":"2022-02-16T20:47:00","slug":"politica-de-privacidade","status":"publish","type":"page","link":"https:\/\/www.lovingmemorials.com\/pt-pt\/politica-de-privacidade\/","title":{"rendered":"Pol\u00edtica de Privacidade"},"content":{"rendered":"\t\t<div data-elementor-type=\"wp-page\" data-elementor-id=\"15944\" class=\"elementor elementor-15944\" data-elementor-post-type=\"page\">\n\t\t\t\t\t\t<section class=\"elementor-section elementor-top-section elementor-element elementor-element-0182c20 elementor-section-content-middle page-header elementor-section-boxed elementor-section-height-default elementor-section-height-default parallax_section_no qode_elementor_container_no\" data-id=\"0182c20\" data-element_type=\"section\">\n\t\t\t\t\t\t<div class=\"elementor-container elementor-column-gap-no\">\n\t\t\t\t\t<div class=\"elementor-column elementor-col-100 elementor-top-column elementor-element elementor-element-f85ac67\" data-id=\"f85ac67\" data-element_type=\"column\">\n\t\t\t<div class=\"elementor-widget-wrap elementor-element-populated\">\n\t\t\t\t\t\t<div class=\"elementor-element elementor-element-fff4700 elementor-widget elementor-widget-heading\" data-id=\"fff4700\" data-element_type=\"widget\" data-widget_type=\"heading.default\">\n\t\t\t\t<div class=\"elementor-widget-container\">\n\t\t\t<h1 class=\"elementor-heading-title elementor-size-default\">Pol\u00edtica de Privacidade<\/h1>\t\t<\/div>\n\t\t\t\t<\/div>\n\t\t\t\t<section class=\"elementor-section elementor-inner-section elementor-element elementor-element-5c8432b elementor-section-content-middle container-shadow elementor-section-boxed elementor-section-height-default elementor-section-height-default parallax_section_no qode_elementor_container_no\" data-id=\"5c8432b\" data-element_type=\"section\" data-settings=\"{&quot;background_background&quot;:&quot;classic&quot;}\">\n\t\t\t\t\t\t<div class=\"elementor-container elementor-column-gap-no\">\n\t\t\t\t\t<div class=\"elementor-column elementor-col-100 elementor-inner-column elementor-element elementor-element-6155df8\" data-id=\"6155df8\" data-element_type=\"column\">\n\t\t\t<div class=\"elementor-widget-wrap elementor-element-populated\">\n\t\t\t\t\t\t<div class=\"elementor-element elementor-element-a9e2b32 elementor-widget elementor-widget-text-editor\" data-id=\"a9e2b32\" data-element_type=\"widget\" data-widget_type=\"text-editor.default\">\n\t\t\t\t<div class=\"elementor-widget-container\">\n\t\t\t\t\t\t\t<p>Esta Pol\u00edtica de Privacidade explica:<\/p>\n<ul>\n<li>que informa\u00e7\u00e3o que recolhemos<\/li>\n<li>por que o recolhemos<\/li>\n<li>como a usamos<\/li>\n<li>as escolhas que tem<\/li>\n<\/ul>\n<h3>Recolha de Informa\u00e7\u00e3o<\/h3>\n<ul>\n<li>Informa\u00e7\u00e3o que nos fornece\n<ul>\n<li>Ao utilizar o servi\u00e7o &#8216;Memorials amorosos&#8217;, voc\u00ea precisar\u00e1 fornecer-nos informa\u00e7\u00f5es pessoais e informa\u00e7\u00f5es de voc\u00ea \u00e9 amado (o seu &#8216;Loved One&#8217; \u00e9 a pessoa ou animal de estima\u00e7\u00e3o para o qual est\u00e1 a criar um Memorial amoroso)<\/li>\n<li>As suas Informa\u00e7\u00f5es Pessoais<\/li>\n<\/ul>\n<\/li>\n<\/ul>\n<ul>\n<li>seu nome, endere\u00e7o de e-mail, informa\u00e7\u00f5es de pagamento, sua rela\u00e7\u00e3o com o falecido para o qual o Memorial amoroso \u00e9 criado, a linguagem em que o seu Memorial amoroso est\u00e1 em<\/li>\n<li>A informa\u00e7\u00e3o do seu ente querido<\/li>\n<li>seu &#8216;Loved One&#8217; \u00e9 a pessoa ou animal de estima\u00e7\u00e3o que voc\u00ea est\u00e1 criando um Memorial amoroso para<\/li>\n<li>a informa\u00e7\u00e3o do seu Amado pode incluir a informa\u00e7\u00e3o sobre o nascimento e a morte, os lugares onde viveram, a sua rela\u00e7\u00e3o familiar com outras pessoas, pessoas que conheciam, a sua hist\u00f3ria de vida, imagens, v\u00eddeos, m\u00fasica, mem\u00f3rias, hist\u00f3rias, entradas de livros de visitas<\/li>\n<\/ul>\n<ul>\n<li>Informa\u00e7\u00e3o dos Visitantes\n<ul>\n<li>Os visitantes tamb\u00e9m podem fornecer informa\u00e7\u00f5es ao seu Memorial do Seu Amado, como imagens, v\u00eddeos, hist\u00f3rias, mem\u00f3rias e entradas de livros de h\u00f3spedes<\/li>\n<\/ul>\n<\/li>\n<li>Informa\u00e7\u00e3o dos Parceiros\n<ul>\n<li>Recolhemos informa\u00e7\u00f5es de outras empresas com quem voc\u00ea ou algu\u00e9m que sabia que o seu Amado tinha uma rela\u00e7\u00e3o com<\/li>\n<li>Por exemplo, uma funer\u00e1ria pode ter fornecido um obitu\u00e1rio para o seu Amado e este obitu\u00e1rio foi a base para a informa\u00e7\u00e3o usada no Memorial do Amor<\/li>\n<li>Esta informa\u00e7\u00e3o dos nossos parceiros pode incluir todas as informa\u00e7\u00f5es em &#8216;A Informa\u00e7\u00e3o do Seu ENte Querido&#8217;<\/li>\n<li>As nossas Parcerias podem incluir funer\u00e1rias, fornecedores de software na ind\u00fastria funer\u00e1ria ou sites independentes<\/li>\n<\/ul>\n<\/li>\n<li>Informa\u00e7\u00e3o que recolhemos automaticamente\n<ul>\n<li>Recolhemos automaticamente informa\u00e7\u00f5es sobre si atrav\u00e9s da utiliza\u00e7\u00e3o do servi\u00e7o Loving Memorial, tais como:\n<ul>\n<li>sua atividade no site do Loving Memorial e no Memorial Amoroso para o seu Amado<\/li>\n<li>sua intera\u00e7\u00e3o com o nosso site e propriedades, incluindo vistas de p\u00e1gina e outras informa\u00e7\u00f5es padr\u00e3o de registos de servidores web e ferramentas de an\u00e1lise de sites<\/li>\n<li>identificadores de dispositivos e o tipo de tipo de computador pessoal ou dispositivo m\u00f3vel que est\u00e1 a usar<\/li>\n<li>o tipo de navegador de internet<\/li>\n<li>as informa\u00e7\u00f5es da sua rede e o endere\u00e7o IP<\/li>\n<li>o seu fornecedor de servi\u00e7os de internet<\/li>\n<li>o site que o remeteu para n\u00f3s, incluindo publicidade com que interagiu e pesquisa consultas<\/li>\n<li>a sua intera\u00e7\u00e3o com o nosso atendimento ao cliente, como a data, hora e raz\u00e3o para o suporte, e transcri\u00e7\u00f5es de comunica\u00e7\u00f5es atrav\u00e9s de registos de e-mail, texto e voz<\/li>\n<li>informa\u00e7\u00e3o recolhida atrav\u00e9s dos cookies e outras tecnologias que incluem dados publicit\u00e1rios<\/li>\n<\/ul>\n<\/li>\n<\/ul>\n<\/li>\n<\/ul>\n<h3>Por que recolhemos informa\u00e7\u00e3o<\/h3>\n<p>Recolhemos informa\u00e7\u00f5es por diversas raz\u00f5es, tais como:<\/p>\n<ul>\n<li>para fornecer, analisar e melhorar o nosso servi\u00e7o<\/li>\n<li>para poder processar o seu registo e receber pagamentos de si<\/li>\n<li>para ser capaz de ajud\u00e1-lo com quest\u00f5es t\u00e9cnicas que pode ter<\/li>\n<li>para manter os nossos servi\u00e7os seguros, livres de fraude e em funcionamento<\/li>\n<li>para ajudar a garantir que os nossos Termos e Condi\u00e7\u00f5es est\u00e3o a ser seguidos<\/li>\n<li>para trabalhar com parceiros para poder disponibilizar o nosso servi\u00e7o a si<\/li>\n<li>para prevenir e detetar atividades ilegais<\/li>\n<li>para comunicar consigo sobre o nosso servi\u00e7o, incluindo inform\u00e1-lo sobre novas funcionalidades, ofertas e promo\u00e7\u00f5es<\/li>\n<\/ul>\n<h3>Divulga\u00e7\u00e3o de Informa\u00e7\u00e3o<\/h3>\n<p>Poderemos divulgar as suas informa\u00e7\u00f5es para determinados fins e para terceiros da seguinte forma:<\/p>\n<ul>\n<li>Prestadores de Servi\u00e7os\n<ul>\n<li>usamos outras empresas, agentes e empreiteiros para nos ajudar a fornecer servi\u00e7os a voc\u00ea<\/li>\n<li>poderemos utilizar Prestadores de Servi\u00e7os para servi\u00e7os de TI, pagamento e fatura\u00e7\u00e3o, atendimento ao cliente, comunica\u00e7\u00e3o, marketing, publicidade, seguran\u00e7a, inqu\u00e9ritos<\/li>\n<li>Os Fornecedores de Servi\u00e7os podem ter acesso \u00e0s suas informa\u00e7\u00f5es pessoais ou \u00e0s informa\u00e7\u00f5es pessoais do seu ENte Querido<\/li>\n<li>Os Prestadores de Servi\u00e7os n\u00e3o podem utilizar ou divulgar estas informa\u00e7\u00f5es a menos que esteja relacionada com a presta\u00e7\u00e3o dos seus servi\u00e7os a n\u00f3s<\/li>\n<\/ul>\n<\/li>\n<li>Parceiros\n<ul>\n<li>podemos partilhar certas informa\u00e7\u00f5es pessoais ou as informa\u00e7\u00f5es pessoais da sua Amada com os nossos Parceiros, a fim de prestar-lhe um servi\u00e7o e\/ou cumprir os nossos acordos de neg\u00f3cios com parceiros<\/li>\n<\/ul>\n<\/li>\n<li>Cumprimento das Leis\n<ul>\n<li>poderemos divulgar as suas informa\u00e7\u00f5es pessoais ou as informa\u00e7\u00f5es pessoais do seu Ente querido para satisfazer e cumprir uma lei aplic\u00e1vel, regulamento, processo legal, pedido do governo, pedido de aplica\u00e7\u00e3o da lei<\/li>\n<\/ul>\n<\/li>\n<li>Execu\u00e7\u00e3o de Acordos e Seguran\u00e7a\n<ul>\n<li>poderemos divulgar as suas informa\u00e7\u00f5es pessoais ou as informa\u00e7\u00f5es pessoais do seu Ente Querido para fazer cumprir os nossos Termos e Condi\u00e7\u00f5es, detetar ou prevenir atividades ilegais, por quest\u00f5es de seguran\u00e7a ou t\u00e9cnicas, e proteger contra qualquer dano a direitos, propriedade ou seguran\u00e7a, conforme exigido ou permitido por lei.<\/li>\n<\/ul>\n<\/li>\n<li>Transfer\u00eancias de Neg\u00f3cios\n<ul>\n<li>Conforme necess\u00e1rio com qualquer fus\u00e3o ou venda da nossa empresa ou uma transfer\u00eancia dos nossos ativos<\/li>\n<li>Vamos dar-lhe aviso pr\u00e9vio antes que as informa\u00e7\u00f5es pessoais ou da sua pessoa amada se tornem sujeitas a uma pol\u00edtica de privacidade diferente<\/li>\n<\/ul>\n<\/li>\n<\/ul>\n<h3>Os seus controlos de privacidade<\/h3>\n<ul>\n<li>Informa\u00e7\u00e3o e Tipo de Privacidade do Seu ENte Querido\n<ul>\n<li>\u00c9 a sua escolha o que a informa\u00e7\u00e3o que partilha sobre o seu Amado e como \u00e9 partilhada, e voc\u00ea deve dar esta considera\u00e7\u00e3o<\/li>\n<li>Para as informa\u00e7\u00f5es do seu ENte Querido que escolheu partilhar, pode decidir como \u00e9 partilhada atribuindo um Tipo de Privacidade a todo o Memorial amoroso ou parte do Memorial do Amor<\/li>\n<li>Tipo de Privacidade P\u00fablica\n<ul>\n<li>Voc\u00ea pode escolher definir o seu Memorial amoroso ou parte do seu Memorial amoroso como p\u00fablico<\/li>\n<li>Se voc\u00ea escolher o tipo de privacidade p\u00fablica para o seu Memorial amoroso, isto significa que n\u00f3s exibiremos a informa\u00e7\u00e3o do seu ENte querido no nosso site para que qualquer um possa ver, mesmo que eles n\u00e3o tenham uma conta conosco<\/li>\n<li>Um Memorial amoroso que foi designado como P\u00fablico pode ser visto, acedido, repartilhado ou descarregado por qualquer pessoa, e pode tornar-se dispon\u00edvel para motores de pesquisa, redes sociais, outros sites, APIs e meios offline<\/li>\n<li>Al\u00e9m de partilhar um Memorial amoroso que \u00e9 p\u00fablico no nosso site, podemos referir-nos e usar o Memorial do Amor nos nossos esfor\u00e7os de marketing e promo\u00e7\u00e3o, incluindo exibi\u00e7\u00e3o e men\u00e7\u00e3o atrav\u00e9s das redes sociais, outros sites e meios offline. Se um Memorial de Amor P\u00fablico for mais tarde designado como n\u00e3o sendo mais p\u00fablico, o que significa que voc\u00ea escolhe torn\u00e1-lo n\u00e3o listado ou privado, voc\u00ea pode pedir que deixemos de us\u00e1-lo. Depois de o seu pedido ter sido recebido e reconhecido por n\u00f3s, deixaremos de o utilizar publicamente no futuro. No entanto, n\u00e3o seremos respons\u00e1veis por remover quaisquer refer\u00eancias passadas para um Memorial amoroso que j\u00e1 foi designado como P\u00fablico e que j\u00e1 referimos.<\/li>\n<\/ul>\n<\/li>\n<li>Tipo de Privacidade N\u00e3o Listado\n<ul>\n<li>Para um Memorial amoroso, ou parte de um Memorial amoroso, que tem um tipo de privacidade n\u00e3o listado, s\u00f3 pode ser acedido por qualquer pessoa que tenha uma liga\u00e7\u00e3o com o Memorial amoroso e essa liga\u00e7\u00e3o n\u00e3o ser\u00e1 publicada por n\u00f3s publicamente<\/li>\n<li>Voc\u00ea ter\u00e1 acesso a um link para o Memorial amoroso que est\u00e1 sem lista e deve considerar com quem voc\u00ea compartilha essa liga\u00e7\u00e3o como qualquer pessoa com esse link pode ainda partilhar esse link para o Memorial amoroso<\/li>\n<\/ul>\n<\/li>\n<\/ul>\n<\/li>\n<li>Fun\u00e7\u00e3o &#8220;Remember Me&#8221;\n<ul>\n<li>Pode optar por utilizar ou n\u00e3o utilizar a fun\u00e7\u00e3o &#8220;Remember Me&#8221; que lhe permite aceder diretamente \u00e0 sua conta sem exigir a reentrada do seu endere\u00e7o de e-mail e palavra-passe sempre que visita o nosso website.<\/li>\n<\/ul>\n<\/li>\n<\/ul>\n<h3> <span style=\"font-size: 1.424rem; letter-spacing: 1px;\">Cookies<\/span><\/h3>\n<ul>\n<li>Um cookie \u00e9 um pequeno peda\u00e7o de texto que um site que visita escreve para o seu navegador<\/li>\n<li>Os cookies s\u00e3o utilizados para lembrar informa\u00e7\u00f5es sobre a sua visita para efeitos de desempenho, funcionalidade, seguran\u00e7a, an\u00e1lise e publicidade<\/li>\n<li>Alguns cookies s\u00e3o essenciais para partes do nosso servi\u00e7o, tais como checkout e desempenho de fun\u00e7\u00f5es b\u00e1sicas do site<\/li>\n<li>Tamb\u00e9m podemos usar cookies para lembrar as suas prefer\u00eancias e ajud\u00e1-lo a evitar a reformula\u00e7\u00e3o de informa\u00e7\u00f5es, por exemplo, o &#8216;Remember Me&#8217; permite-lhe iniciar sess\u00e3o automaticamente<\/li>\n<li>O seu navegador permitir-lhe-\u00e1 gerir os seus cookies, incluindo limpar dados de cookies e gerir cookies numa base site-a-site<\/li>\n<li>Consulte a sec\u00e7\u00e3o de suporte aos seus navegadores para gerir cookies<\/li>\n<\/ul>\n<h3>Contatar-nos<\/h3>\n<ul>\n<li>Se tiver d\u00favidas sobre esta Pol\u00edtica de Privacidade ou sobre a utiliza\u00e7\u00e3o das suas Informa\u00e7\u00f5es Pessoais ou as suas Informa\u00e7\u00f5es do ENTE, pode contactar-nos<\/li>\n<\/ul>\n<h3>Altera\u00e7\u00f5es a Esta Pol\u00edtica de Privacidade<\/h3>\n<ul>\n<li>Vamos mudar esta Pol\u00edtica de Privacidade de vez em quando<\/li>\n<li>Vamos indicar a data em que as \u00faltimas altera\u00e7\u00f5es foram publicadas<\/li>\n<li>A sua utiliza\u00e7\u00e3o cont\u00ednua do nosso servi\u00e7o ap\u00f3s a realiza\u00e7\u00e3o de atualiza\u00e7\u00f5es constitui reconhecimento ou aceita\u00e7\u00e3o da nossa Pol\u00edtica de Privacidade<\/li>\n<li>Se n\u00e3o aceitar ou reconhecer estas altera\u00e7\u00f5es, poder\u00e1 cancelar o servi\u00e7o &#8216;Memorial amoroso&#8217;<\/li>\n<\/ul>\n<p>\u00daltima atualiza\u00e7\u00e3o dez 22, 2021<\/p>\n\t\t\t\t\t\t<\/div>\n\t\t\t\t<\/div>\n\t\t\t\t\t<\/div>\n\t\t<\/div>\n\t\t\t\t\t<\/div>\n\t\t<\/section>\n\t\t\t\t\t<\/div>\n\t\t<\/div>\n\t\t\t\t\t<\/div>\n\t\t<\/section>\n\t\t\t\t<\/div>\n\t\t","protected":false},"excerpt":{"rendered":"<p>Pol\u00edtica de Privacidade Esta Pol\u00edtica de Privacidade explica: que informa\u00e7\u00e3o que recolhemos por que o recolhemos como a usamos as escolhas que tem Recolha de Informa\u00e7\u00e3o Informa\u00e7\u00e3o que nos fornece Ao utilizar o servi\u00e7o &#8216;Memorials amorosos&#8217;, voc\u00ea precisar\u00e1 fornecer-nos informa\u00e7\u00f5es pessoais e informa\u00e7\u00f5es de voc\u00ea&#8230;<\/p>\n","protected":false},"author":6,"featured_media":0,"parent":0,"menu_order":0,"comment_status":"closed","ping_status":"closed","template":"","meta":{"footnotes":""},"class_list":["post-15944","page","type-page","status-publish","hentry"],"_links":{"self":[{"href":"https:\/\/www.lovingmemorials.com\/pt-pt\/wp-json\/wp\/v2\/pages\/15944","targetHints":{"allow":["GET"]}}],"collection":[{"href":"https:\/\/www.lovingmemorials.com\/pt-pt\/wp-json\/wp\/v2\/pages"}],"about":[{"href":"https:\/\/www.lovingmemorials.com\/pt-pt\/wp-json\/wp\/v2\/types\/page"}],"author":[{"embeddable":true,"href":"https:\/\/www.lovingmemorials.com\/pt-pt\/wp-json\/wp\/v2\/users\/6"}],"replies":[{"embeddable":true,"href":"https:\/\/www.lovingmemorials.com\/pt-pt\/wp-json\/wp\/v2\/comments?post=15944"}],"version-history":[{"count":1,"href":"https:\/\/www.lovingmemorials.com\/pt-pt\/wp-json\/wp\/v2\/pages\/15944\/revisions"}],"predecessor-version":[{"id":15946,"href":"https:\/\/www.lovingmemorials.com\/pt-pt\/wp-json\/wp\/v2\/pages\/15944\/revisions\/15946"}],"wp:attachment":[{"href":"https:\/\/www.lovingmemorials.com\/pt-pt\/wp-json\/wp\/v2\/media?parent=15944"}],"curies":[{"name":"wp","href":"https:\/\/api.w.org\/{rel}","templated":true}]}}