{"id":15980,"date":"2022-02-16T20:47:27","date_gmt":"2022-02-16T20:47:27","guid":{"rendered":"https:\/\/www.lovingmemorials.com\/termos-e-condicoes\/"},"modified":"2022-02-16T20:47:33","modified_gmt":"2022-02-16T20:47:33","slug":"termos-e-condicoes","status":"publish","type":"page","link":"https:\/\/www.lovingmemorials.com\/pt-pt\/termos-e-condicoes\/","title":{"rendered":"Termos e Condi\u00e7\u00f5es"},"content":{"rendered":"\t\t<div data-elementor-type=\"wp-page\" data-elementor-id=\"15980\" class=\"elementor elementor-15980\" data-elementor-post-type=\"page\">\n\t\t\t\t\t\t<section class=\"elementor-section elementor-top-section elementor-element elementor-element-1e1a11db elementor-section-content-middle page-header elementor-section-boxed elementor-section-height-default elementor-section-height-default parallax_section_no qode_elementor_container_no\" data-id=\"1e1a11db\" data-element_type=\"section\">\n\t\t\t\t\t\t<div class=\"elementor-container elementor-column-gap-no\">\n\t\t\t\t\t<div class=\"elementor-column elementor-col-100 elementor-top-column elementor-element elementor-element-2b02ad84\" data-id=\"2b02ad84\" data-element_type=\"column\">\n\t\t\t<div class=\"elementor-widget-wrap elementor-element-populated\">\n\t\t\t\t\t\t<div class=\"elementor-element elementor-element-e9044af elementor-widget elementor-widget-heading\" data-id=\"e9044af\" data-element_type=\"widget\" data-widget_type=\"heading.default\">\n\t\t\t\t<div class=\"elementor-widget-container\">\n\t\t\t<h1 class=\"elementor-heading-title elementor-size-default\">Termos e Condi\u00e7\u00f5es<\/h1>\t\t<\/div>\n\t\t\t\t<\/div>\n\t\t\t\t<section class=\"elementor-section elementor-inner-section elementor-element elementor-element-9a79551 elementor-section-content-middle container-shadow elementor-section-boxed elementor-section-height-default elementor-section-height-default parallax_section_no qode_elementor_container_no\" data-id=\"9a79551\" data-element_type=\"section\" data-settings=\"{&quot;background_background&quot;:&quot;classic&quot;}\">\n\t\t\t\t\t\t<div class=\"elementor-container elementor-column-gap-no\">\n\t\t\t\t\t<div class=\"elementor-column elementor-col-100 elementor-inner-column elementor-element elementor-element-f223750\" data-id=\"f223750\" data-element_type=\"column\">\n\t\t\t<div class=\"elementor-widget-wrap elementor-element-populated\">\n\t\t\t\t\t\t<div class=\"elementor-element elementor-element-a37edb9 elementor-widget elementor-widget-text-editor\" data-id=\"a37edb9\" data-element_type=\"widget\" data-widget_type=\"text-editor.default\">\n\t\t\t\t<div class=\"elementor-widget-container\">\n\t\t\t\t\t\t\t<h3>Memorial amoroso<\/h3>\n<ul>\n<li>refere-se ao site memorial para o seu Amado Que \u00e9 criado pelo Utilizador atrav\u00e9s da utiliza\u00e7\u00e3o de Software fornecedor<\/li>\n<\/ul>\n<h3>Um amado<\/h3>\n<ul>\n<li>a pessoa ou animal de estima\u00e7\u00e3o que o Utilizador est\u00e1 a criar um Memorial amoroso para<\/li>\n<\/ul>\n<h3>Utilizador<\/h3>\n<ul>\n<li>a pessoa que usa o Software.<\/li>\n<li>O utilizador deve ter pelo menos 18 anos de idade para criar um Memorial Amoroso<\/li>\n<li>se o Utilizador estiver apenas a publicar o Conte\u00fado como visitante de um Memorial amoroso, o Utilizador deve ter pelo menos 13 anos de idade.<\/li>\n<\/ul>\n<h3>Software do site<\/h3>\n<ul>\n<li>Refere-se ao software propriet\u00e1rio online do Loving Memorials do Fornecedor utilizado para a entrada e exibi\u00e7\u00e3o de um Memorial amoroso. O Software do Site do Site inclui o Painel de Instrumentos do Fornecedor para a entrada do Memorial do Amor e o sistema e m\u00e9todo utilizados para exibir o website Do Memorial do Amor<\/li>\n<\/ul>\n<h3>Provedor<\/h3>\n<ul>\n<li>O servi\u00e7o &#8216;Memorial amoroso&#8217; \u00e9 prestado e est\u00e1 a contratar com:<\/li>\n<\/ul>\n<p style=\"padding-left: 40px;\">Memoriais amorosos<br \/>cuidados de Florist 1 LLP<br \/>712 S Ocean Shore Blvd<br \/>Praia Flagler, FL 32136<br \/>EUA<\/p>\n<h3>Conte\u00fado<\/h3>\n<ul>\n<li>refere-se a qualquer conte\u00fado que seja inserido pelos visitantes do User or Loving Memorials no Software do Site para a cria\u00e7\u00e3o e exibi\u00e7\u00e3o do Memorial do Amor, tais como informa\u00e7\u00f5es falecidas, mem\u00f3rias, hist\u00f3ria de vida, fotos, v\u00eddeos e condol\u00eancias, entradas no Guestbook<\/li>\n<\/ul>\n<h3>Acordo<\/h3>\n<ul>\n<li>&#8216;Este Acordo&#8217; refere-se ao presente Acordo de Termos e Condi\u00e7\u00f5es entre Fornecedor e Utilizador<\/li>\n<li>Ao clicar no bot\u00e3o &#8220;Aceitar&#8221; para este Contrato no momento da inscri\u00e7\u00e3o e\/ou utiliza\u00e7\u00e3o do Software do Website, o Utilizador confirma a aceita\u00e7\u00e3o e concorda em ficar vinculado por este Contrato<\/li>\n<li>Por conseguinte, as partes concordam da seguinte forma:<\/li>\n<\/ul>\n<h3>Propriedade<\/h3>\n<ul>\n<li>Provedor\n<ul>\n<li>O fornecedor mant\u00e9m o direito, o t\u00edtulo e o interesse no Software do Website, incluindo, mas n\u00e3o se limitando a, a propriedade de todos os direitos de autor e outros direitos de propriedade intelectual neles.<\/li>\n<li>O utilizador pode fornecer feedback que inclua coment\u00e1rios, sugest\u00f5es e ideias sobre o Software do Website, seja apresentado oralmente, por escrito ou de outra forma. No que diz respeito a esse Feedback, o Utilizador concede ao Fornecedor um direito e licen\u00e7a totalmente pagos, isentos de royalties, em todo o mundo, n\u00e3o exclusivos, sublic\u00e1veis, sublic\u00e1veis para fabricar, vender, arrendar, usar, copiar, distribuir, exibir, executar, transmitir e fazer obras derivadas de Feedback para uso dentro ou com quaisquer produtos ou servi\u00e7os. O fornecedor n\u00e3o identificar\u00e1 publicamente o Utilizador em rela\u00e7\u00e3o a qualquer feedback, salvo acordo em contr\u00e1rio por escrito.<\/li>\n<\/ul>\n<\/li>\n<li>Direitos n\u00e3o explicitamente licenciados\n<ul>\n<li>Todos os direitos n\u00e3o explicitamente licenciados neste Contrato s\u00e3o reservados pelo respetivo propriet\u00e1rio.<\/li>\n<\/ul>\n<\/li>\n<\/ul>\n<h2>RESPONSABILIDADES DOS UTILIZADORES<\/h2>\n<h3>O utilizador concorda com:<\/h3>\n<ul>\n<li>para conceder ao Fornecedor uma licen\u00e7a livre de royalties, n\u00e3o exclusiva, transfer\u00edvel, sub-licenci\u00e1vel, a n\u00edvel mundial para hospedar, utilizar, distribuir, modificar licen\u00e7a, copiar, exibir, traduzir Conte\u00fado<\/li>\n<li>garantir que o conte\u00fado \u00e9 verdadeiro e preciso e n\u00e3o cont\u00e9m informa\u00e7\u00f5es falsas e imprecisas<\/li>\n<li>garantir que o Conte\u00fado n\u00e3o \u00e9 obsceno, discriminat\u00f3rio, racista, odioso ou exclusivo e n\u00e3o criar um Memorial amoroso para um indiv\u00edduo cuja vida encarnada e espoletou esses comportamentos. Se houver um desacordo sobre isto, a determina\u00e7\u00e3o do Provedor prevalecer\u00e1<\/li>\n<li>certifique-se de que o Conte\u00fado num Memorial amoroso geralmente apresenta o falecido de uma forma amorosa, respeitosa e positiva e n\u00e3o apresenta o falecido de forma negativa. Se houver um desacordo sobre isto, a determina\u00e7\u00e3o do Provedor prevalecer\u00e1<\/li>\n<li>fornecer informa\u00e7\u00f5es verdadeiras, atuais e completas sobre o Utilizador nos campos exigidos dos nossos formul\u00e1rios de registo e atualizar prontamente tais informa\u00e7\u00f5es se necess\u00e1rio<\/li>\n<li>garantir que o Utilizador tem todos os direitos e permiss\u00f5es necess\u00e1rias ao Conte\u00fado de terceiros em conex\u00e3o com a sua utiliza\u00e7\u00e3o, que inclui os direitos de autor, marca ou propriedade intelectual ao Conte\u00fado<\/li>\n<li>para permitir que mais de um Memorial amoroso para o seu Amado seja criado por qualquer outra pessoa que n\u00e3o o Utilizador<\/li>\n<li>n\u00e3o publicar conte\u00fado sobre uma pessoa viva que os tornaria pessoalmente identific\u00e1veis ou violariam o seu direito \u00e0 privacidade<\/li>\n<\/ul>\n<h3>O utilizador concorda em n\u00e3o:<\/h3>\n<ul>\n<li>violar qualquer lei, regra ou regulamento aplic\u00e1vel<\/li>\n<li>envolver-se em atividade fraudulenta de qualquer tipo<\/li>\n<li>utilizar direta ou indiretamente o Software do Website de qualquer forma que viole este Contrato ou seja abusivo, ass\u00e9dio, racista, obsceno, exclusivo \u00e0 ra\u00e7a ou cultura, tortious, ou de outra forma poderia resultar em responsabilidade civil ou criminal. O fornecedor tem o direito, mas n\u00e3o a obriga\u00e7\u00e3o, de remover tal material.<\/li>\n<li>fornecer conte\u00fado proibido por propriedade intelectual (por exemplo, patente, direitos de autor, marca registada, segredo comercial ou privacidade e publicidade))<\/li>\n<li>usar software em m\u00e9todos n\u00e3o \u00e9ticos ou ilegais<\/li>\n<li>fornecer informa\u00e7\u00f5es falsas ou enganosas ou personificar qualquer pessoa ou entidade<\/li>\n<li>deturpar qualquer produto ou neg\u00f3cio<\/li>\n<li>interferir ou perturbar o Software do Website ou servidores, redes ou sistemas de comunica\u00e7\u00f5es ligados ao Software do Website e a sua funcionalidade de Fornecedor ou de terceiros<\/li>\n<li>desmontar, reverter engenheiro, modificar, adaptar, raspar ou criar obras derivadas de, alugar (incluindo numa partilha de tempo, prestador de servi\u00e7os de aplica\u00e7\u00f5es ou base de servi\u00e7o na nuvem), loca\u00e7\u00e3o, empr\u00e9stimo, venda ou redistribui\u00e7\u00e3o do Software do Website<\/li>\n<li>utilizar ou introduzir qualquer spyware, adware, v\u00edrus, cavalos de Troia, worms ou c\u00f3digos invasores, destrutivos ou autorreplicantes semelhantes em conex\u00e3o com o Software do Site<\/li>\n<li>utilizar qualquer sistema automatizado, como &#8220;rob\u00f4s&#8221; ou &#8220;aranhas&#8221;, para aceder, raspar ou monitorizar o Software do Site<\/li>\n<li>n\u00e3o usar o Memorial do Amor para comprar ou vender produtos ou solicitar doa\u00e7\u00f5es diretas mesmo em nome do falecido<\/li>\n<li>realizar rifas, concursos, lotarias ou sorteios, exceto em conformidade com todos os requisitos legais federais e estatais relevantes e com o nosso consentimento pr\u00e9vio por escrito<\/li>\n<li>recusar-se a cooperar razoavelmente em qualquer investiga\u00e7\u00e3o relacionada com o Software do Website.<\/li>\n<li>O prestador ser\u00e1 o \u00fanico \u00e1rbitro quanto \u00e0s atividades que violam o anterior<\/li>\n<\/ul>\n<h3>Privacidade e Seguran\u00e7a<\/h3>\n<ul>\n<li>O utilizador concorda em manter a seguran\u00e7a das credenciais de login e acesso que o Fornecedor forneceu para aceder ao Software do Website<\/li>\n<li>O Utilizador concorda que o Fornecedor pode monitorizar o Memorial amoroso e a utiliza\u00e7\u00e3o do Software do Site e recolher informa\u00e7\u00f5es t\u00e9cnicas e relacionadas, incluindo, mas n\u00e3o se limitando a informa\u00e7\u00f5es sobre a utiliza\u00e7\u00e3o do Software do Site pelo Utilizador para verificar o cumprimento dos termos deste Contrato ou para facilitar melhorias no Software do Website<\/li>\n<li>O utilizador reconhece e concorda que o Fornecedor ir\u00e1 recolher conte\u00fado e outras informa\u00e7\u00f5es do Utilizador especificadas em rela\u00e7\u00e3o \u00e0 utiliza\u00e7\u00e3o do Software do Website e \u00e0 exibi\u00e7\u00e3o do Memorial amoroso para realizar este Acordo e cumprir os requisitos fiscais e de conserva\u00e7\u00e3o de registos<\/li>\n<\/ul>\n<h3>Pagamentos e Planos<\/h3>\n<ul>\n<li>Reembolsos de Pagamentos\n<ul>\n<li>Qualquer pagamento por qualquer plano pode ser reembolsado na \u00edntegra a pedido do Utilizador com 30 dias de compra<\/li>\n<li>Para um pagamento que \u00e9 solicitado durante este per\u00edodo de 30 dias, a totalidade da taxa \u00e9 reembolsada na totalidade e o Memorial do Amor \u00e9 encerrado e deixar\u00e1 de ser acess\u00edvel<\/li>\n<\/ul>\n<\/li>\n<li>Funcionalidades atuais e futuras\n<ul>\n<li>O utilizador receber\u00e1 todas as funcionalidades que pagou durante a inscri\u00e7\u00e3o durante a dura\u00e7\u00e3o do seu plano, independentemente de o Fornecedor fazer altera\u00e7\u00f5es aos planos e funcionalidades no futuro.<\/li>\n<li>O fornecedor pode adicionar novas funcionalidades, incluindo funcionalidades pagas, que n\u00e3o estavam no plano do Utilizador na inscri\u00e7\u00e3o e o Utilizador pode optar por pagar por essas novas funcionalidades<\/li>\n<\/ul>\n<\/li>\n<li>Planos Permanentes\n<ul>\n<li>Um Plano Permanente significa que o Memorial do Amor ser\u00e1 exibido permanentemente sem a necessidade de pagamentos futuros do Utilizador<\/li>\n<li>A dura\u00e7\u00e3o do servi\u00e7o &#8216;Love Memorials&#8217; estiver a decorrer<\/li>\n<\/ul>\n<\/li>\n<li>Planos para uma dura\u00e7\u00e3o do tempo\n<ul>\n<li>O utilizador pode adquirir um plano Love Memorial que tenha uma dura\u00e7\u00e3o definida, por exemplo, 1 ano ou 10 anos<\/li>\n<li>Ap\u00f3s o termo da dura\u00e7\u00e3o do plano Love Memorial, o Utilizador precisa de adquirir outro plano para alargar o seu uso do Software do Site e exibir o seu Memorial Amoroso<\/li>\n<li>O Memorial do Amor n\u00e3o pode mais ser exibido a menos que o Utilizador tenha comprado outro plano para estender o Memorial do Amor<\/li>\n<li>Ap\u00f3s o termo da dura\u00e7\u00e3o do plano Love Memorial, o Utilizador ter\u00e1 um m\u00ednimo de 30 dias para iniciar sess\u00e3o e adquirir um plano para manter o Memorial do Amor ativo, embora esse per\u00edodo possa ser mais longo.<\/li>\n<li>O fornecedor pode informar o utilizador de que o seu plano est\u00e1 a expirar, mas n\u00e3o tem obriga\u00e7\u00e3o de o fazer<\/li>\n<li>O fornecedor n\u00e3o tem obriga\u00e7\u00e3o de preservar o Conte\u00fado e o Memorial do Amor ap\u00f3s 30 dias al\u00e9m da data de validade do plano<\/li>\n<\/ul>\n<\/li>\n<\/ul>\n<ul>\n<li>Conte\u00fado exportador e Memorial amoroso\n<ul>\n<li>O utilizador tem direito a uma exporta\u00e7\u00e3o gratuita de conte\u00fados associados a um Memorial Amoroso<\/li>\n<li>O utilizador pode solicitar exporta\u00e7\u00f5es adicionais para uma exporta\u00e7\u00e3o gratuita e o Fornecedor pode cobrar uma taxa pelas exporta\u00e7\u00f5es adicionais de dados<\/li>\n<li>O Conte\u00fado Exportado ser\u00e1 fornecido num . CSV (Comma Separated Value) O utilizador entrou no Software do Site<\/li>\n<\/ul>\n<\/li>\n<\/ul>\n<h3>Rescis\u00e3o<\/h3>\n<ul>\n<li>Qualquer uma das partes pode rescindir este Acordo\n<ul>\n<li>Utilizador\n<ul>\n<li>O utilizador pode rescindir este contrato e descontinuar o uso a qualquer momento sem aviso pr\u00e9vio<\/li>\n<\/ul>\n<\/li>\n<li>Provedor\n<ul>\n<li>O fornecedor pode rescindir este Contrato e suspender ou cessar o acesso \u00e0 totalidade ou a qualquer parte do Software do Website para qualquer um dos seguintes:\n<ul>\n<li>viola\u00e7\u00e3o material deste Acordo<\/li>\n<li>atividade ilegal ou fraudulenta<\/li>\n<li>um Memorial amoroso que n\u00e3o retrata o falecido de uma forma positiva ou que \u00e9 odioso, racista ou exclusivo<\/li>\n<li>n\u00e3o pagamento de quaisquer verbas devidas para estender o Memorial do Amor ap\u00f3s o termo de um plano (ver Pagamento e Planos)<\/li>\n<li>suspens\u00e3o, interrup\u00e7\u00e3o ou cessa\u00e7\u00e3o de servi\u00e7os O fornecedor conta com o acesso ao Software do Website<\/li>\n<li>rescis\u00e3o pelas raz\u00f5es acima referidas pode resultar em nega\u00e7\u00e3o imediata e permanente do acesso ao Software do Website e exibi\u00e7\u00e3o do Memorial amoroso<\/li>\n<\/ul>\n<\/li>\n<li>A rescis\u00e3o ou suspens\u00e3o pode ser imediata e\/ou sem aviso pr\u00e9vio, embora o Fornecedor utilize esfor\u00e7os razo\u00e1veis para dar um aviso r\u00e1pido (incluindo e-mail) da suspens\u00e3o ou rescis\u00e3o.<\/li>\n<li>O fornecedor pode rescindir este Contrato a qualquer momento por viola\u00e7\u00e3o n\u00e3o material do presente Contrato, se os fornecedores rescindirem este Contrato por qualquer motivo n\u00e3o relacionado com uma viola\u00e7\u00e3o material, o Fornecedor dar\u00e1 um aviso de 30 dias quando<\/li>\n<\/ul>\n<\/li>\n<li>Sobreviv\u00eancia\n<ul>\n<li>As seguintes disposi\u00e7\u00f5es deste Contrato sobreviver\u00e3o a qualquer rescis\u00e3o ou expira\u00e7\u00e3o do presente Contrato: Propriedade, Privacidade e Seguran\u00e7a, Rescis\u00e3o, Confidencialidade, Isen\u00e7\u00e3o de Responsabilidade; Indemniza\u00e7\u00e3o, Limita\u00e7\u00f5es de Responsabilidade, Geral<\/li>\n<\/ul>\n<\/li>\n<li>Efeito da Rescis\u00e3o\n<ul>\n<li>Ap\u00f3s a expira\u00e7\u00e3o ou cessa\u00e7\u00e3o do presente Contrato, o Utilizador deixar\u00e1 de utilizar o Software do Website<\/li>\n<li>Quando este Contrato for rescindido, o Fornecedor n\u00e3o ser\u00e1 obrigado a preservar, manter, fazer backup ou disponibilizar conte\u00fado e exibi\u00e7\u00e3o de Loving Memorial para al\u00e9m de 30 dias de rescis\u00e3o<\/li>\n<li>O prestador n\u00e3o ser\u00e1 respons\u00e1vel por indemniza\u00e7\u00f5es, indemniza\u00e7\u00f5es ou danos de qualquer tipo em resultado de tal caducidade ou rescis\u00e3o.<\/li>\n<\/ul>\n<\/li>\n<\/ul>\n<\/li>\n<\/ul>\n<h3>ISEN\u00c7\u00c3O DE GARANTIAS; INDEMNIDADE<\/h3>\n<p>O FORNECEDOR N\u00c3O FAZ QUALQUER GARANTIA EM RELA\u00c7\u00c3O AO ASSUNTO DESTE CONTRATO E, POR CONSEGUINTE, DECLINA TODAS E QUAISQUER GARANTIAS IMPL\u00cdCITAS, INCLUINDO, SEM LIMITA\u00c7\u00c3O, TODAS AS GARANTIAS IMPL\u00cdCITAS DE MERCADORIABILIDADE, APTID\u00c3O PARA UM DETERMINADO FIM, SEGURAN\u00c7A E N\u00c3O INFRA\u00c7\u00c3O. O FORNECEDOR N\u00c3O GARANTE QUE O SOFTWARE SER\u00c1 ININTERRUPTO, SEGURO OU ISENTO DE ERROS.<\/p>\n<h3>A indemniza\u00e7\u00e3o.<\/h3>\n<ul>\n<li>O utilizador defender\u00e1, indemnizar\u00e1 e deter\u00e1 um Fornecedor inofensivo, bem como os seus administradores, administradores, acionistas, funcion\u00e1rios e agentes, de qualquer perda, dano, responsabilidade ou custo (incluindo honor\u00e1rios razo\u00e1veis de advogados) resultantes de qualquer reclama\u00e7\u00e3o de terceiros (&#8220;Passivos&#8221;) que resulte de:\n<ul>\n<li>i Viola\u00e7\u00e3o do presente Acordo por parte do utilizador;<\/li>\n<li>(ii) qualquer alega\u00e7\u00e3o de que qualquer website do Utilizador e\/ou utiliza\u00e7\u00e3o do Software do Website infringe os direitos de autor, patente, segredo comercial, marca ou outro direito de propriedade intelectual de terceiros;<\/li>\n<li>iii transa\u00e7\u00f5es err\u00f3neas ou outros erros causados pela Aplica\u00e7\u00e3o do Utilizador; ou<\/li>\n<li>(iv) Utiliza\u00e7\u00e3o do Software do Website por parte do Utilizador, com a qual n\u00e3o seja especificado pelo Fornecedor. Em caso de eventuais Responsabilidades para as quais o Utilizador seja obrigado a indemnizar o Fornecedor, o Utilizador ter\u00e1 o controlo exclusivo da defesa e de todas as negocia\u00e7\u00f5es de liquida\u00e7\u00e3o relacionadas e o Fornecedor cooperar\u00e1 razoavelmente com o Utilizador com a defesa e\/ou liquida\u00e7\u00e3o dos mesmos, a custo do Utilizador; desde que o Fornecedor tenha o direito de consentir com qualquer liquida\u00e7\u00e3o, tal consentimento n\u00e3o seja retida ou retardada de forma irracional, e o Fornecedor pode participar nessa defesa utilizando o seu pr\u00f3prio conselho a seu pr\u00f3prio custo.<\/li>\n<\/ul>\n<\/li>\n<\/ul>\n<h3>LIMITA\u00c7\u00c3O DE RESPONSABILIDADE.<\/h3>\n<p>COM EXCE\u00c7\u00c3O DA INDEMNIZA\u00c7\u00c3O EM ISEN\u00c7\u00c3O DE GARANTIAS; INDEMNITY E PARA AS SEC\u00c7\u00d5ES &#8220;RESPONSABILIDADES DE UTILIZADOR&#8221; E &#8220;CONFIDENCIALIDADE, EM NENHUM DAS PARTES SER\u00c1 RESPONS\u00c1VEL PELO OUTRO OU A TERCEIRO POR QUAISQUER DANOS ESPECIAIS, INCIDENTAIS, PUNITIVOS OU CONSEQ\u00dcENTES, OU PERDAS DE RECEITAS, LUCROS OU POUPAN\u00c7AS, QUER SE BASEIE EM QUEBRA DE CONTRATO, TORT (INCLUINDO NEGLIG\u00caNCIA) OU N\u00c3O, QUER ESSA PARTE TENHA OU N\u00c3O SIDO AVISADA DA POSSIBILIDADE DE TAIS DANOS. A RESPONSABILIDADE DO PRESTADOR AO ABRIGO DESTE CONTRATO, SEJA EM CONTRATO, TORT OU QUALQUER OUTRA TEORIA JUR\u00cdDICA, EST\u00c1 LIMITADA E N\u00c3O EXCEDER\u00c1 O VALOR PAGO PELO UTILIZADOR.<\/p>\n<h3>Geral<\/h3>\n<h3>Cumprimento da Lei<\/h3>\n<ul>\n<li>Cada parte deve cumprir todas as leis, regras e regulamentos federais, estaduais e locais dos EUA aplic\u00e1veis \u00e0s suas atividades ao abrigo do presente Acordo.<\/li>\n<\/ul>\n<h3>Direito<\/h3>\n<ul>\n<li>O presente Acordo rege-se e interpretado de acordo com as leis do Estado da Florida, Estados Unidos, com exce\u00e7\u00e3o dos seus princ\u00edpios de conflitos de leis.<\/li>\n<li>O utilizador consente e concorda que a jurisdi\u00e7\u00e3o exclusiva para qualquer lit\u00edgio, reclama\u00e7\u00e3o ou controv\u00e9rsia decorrente deste Acordo estar\u00e1 nos tribunais federais e estaduais localizados em Flagler County, Florida, Eua. Excluem-se a aplica\u00e7\u00e3o da Conven\u00e7\u00e3o das Na\u00e7\u00f5es Unidas sobre contratos de venda internacional de mercadorias.<\/li>\n<\/ul>\n<h3>Refer\u00eancias<\/h3>\n<ul>\n<li>O provedor pode consultar o Memorial amoroso criado pelo Utilizador se o tipo de privacidade Do Memorial amoroso for p\u00fablico<\/li>\n<li>&#8216;Refer to&#8217; inclui a sua listagem nas p\u00e1ginas principais do LovingMemorials.com, mencionando o Memorial do Amor nas redes sociais, campanhas de rela\u00e7\u00f5es p\u00fablicas (online e offline), feiras, liga\u00e7\u00e3o a ele, e exibi\u00e7\u00e3o de imagens no site do Fornecedor ou em qualquer outro website<\/li>\n<li>Se o tipo de privacidade do Memorial do Amor foi alterado depois de ter sido referenciado pelo Fornecedor, o Memorial do Amor deixar\u00e1 de ser acess\u00edvel a outros, mas o Fornecedor n\u00e3o \u00e9 obrigado a remover refer\u00eancias ao Memorial do Amor que j\u00e1 foram feitas.<\/li>\n<\/ul>\n<h3>Atribui\u00e7\u00e3o<\/h3>\n<ul>\n<li>O utilizador n\u00e3o pode atribuir este Contrato, total ou parcialmente, sem o consentimento pr\u00e9vio do Fornecedor. Qualquer tentativa do Utilizador de atribuir este Contrato sem esse consentimento ser\u00e1 anulada. Sob reserva do anterior acordo, o presente Acordo vincula e beneficia ambas as partes, bem como os seus sucessores e atribui\u00e7\u00e3o permitida.<\/li>\n<\/ul>\n<h3>Avisos<\/h3>\n<ul>\n<li>Os avisos do Fornecedor ao Utilizador ser\u00e3o dados por publica\u00e7\u00e3o geral no site do Fornecedor ou por e-mail. Avisos de Utilizador a Fornecedor podem ser dados atrav\u00e9s do formul\u00e1rio De Contacto para Ajuda no site do Fornecedor ou correio para Loving Memorials, cuidado de Florist 1 LLP, Attn: President, 712 S Ocean Shore Blvd, Flagler Beach, FL 32136, EUA.<\/li>\n<\/ul>\n<h3>For\u00e7a Maior.<\/h3>\n<ul>\n<li>Qualquer atraso ou incumprimento do desempenho por parte de uma parte das suas obriga\u00e7\u00f5es ao abrigo do presente acordo n\u00e3o ser\u00e1 considerado uma viola\u00e7\u00e3o do presente acordo e ser\u00e1 dispensado na medida em que tal atraso ou incumprimento seja causado por qualquer ocorr\u00eancia fora do controlo razo\u00e1vel dessa parte, que as ocorr\u00eancias podem incluir, mas n\u00e3o se limitam a,  atos de Deus; Falhas na Internet, instala\u00e7\u00f5es de telecomunica\u00e7\u00f5es ou de processamento de pagamentos, pandemias, feriados, encerramentos de mercado ou outras interven\u00e7\u00f5es governamentais; guerra; greves antimotim ou laborais; e eventos semelhantes.<\/li>\n<\/ul>\n<h3>Severidade<\/h3>\n<ul>\n<li>Se alguma disposi\u00e7\u00e3o do presente acordo for considerada ilegal ou inexequ\u00edvel, esta ser\u00e1 aplicada na m\u00e1xima medida admiss\u00edvel e a legalidade e a aplicabilidade das outras disposi\u00e7\u00f5es do presente acordo n\u00e3o ser\u00e3o afetadas.<\/li>\n<\/ul>\n<h3>Todo o Acordo<\/h3>\n<ul>\n<li>O presente Acordo \u00e9 o acordo completo e exclusivo entre as partes no que respeita ao assunto do presente tema, substituindo quaisquer acordos e comunica\u00e7\u00f5es anteriores (escritos e orais) sobre este assunto.<\/li>\n<\/ul>\n<h3>Altera\u00e7\u00f5es<\/h3>\n<ul>\n<li>O fornecedor pode alterar este Acordo a qualquer momento a Publicar uma vers\u00e3o revista acess\u00edvel atrav\u00e9s dos seus websites e\/ou b Envio de informa\u00e7\u00f5es relativas \u00e0 altera\u00e7\u00e3o ao endere\u00e7o de e-mail do Utilizador com o Utilizador.<\/li>\n<li>Considera-se que o utilizador aceitou tais altera\u00e7\u00f5es, continuando a utilizar o seu Software de Website depois de tais altera\u00e7\u00f5es terem sido publicadas ou enviadas ao Utilizador. Se o Utilizador n\u00e3o concordar com nenhuma dessas altera\u00e7\u00f5es, o Utilizador poder\u00e1 rescindir este Contrato e cessar imediatamente a utiliza\u00e7\u00e3o do Software do Website e concordar que essa rescis\u00e3o ser\u00e1 o rem\u00e9dio exclusivo do Utilizador nesse caso.<\/li>\n<\/ul>\n<h3>Nenhum benefici\u00e1rio de terceiros<\/h3>\n<ul>\n<li>O presente Acordo destina-se a benef\u00edcio exclusivo e exclusivo das partes e n\u00e3o se destina a beneficiar terceiros. S\u00f3 as partes no presente Acordo podem aplic\u00e1-lo.<\/li>\n<\/ul>\n<h3>Rem\u00e9dios<\/h3>\n<ul>\n<li>Os direitos e recursos do Fornecedor no presente Contrato, na lei ou em equidade, s\u00e3o cumulativos e n\u00e3o se destinam a ser exclusivos uns dos outros.<\/li>\n<\/ul>\n<h3>Rubricas<\/h3>\n<ul>\n<li>As rubricas do presente acordo s\u00e3o apenas para a conveni\u00eancia de refer\u00eancia e n\u00e3o t\u00eam qualquer efeito legal.<\/li>\n<\/ul>\n<p>\u00daltima atualiza\u00e7\u00e3o dez 17, 2021<\/p>\n\t\t\t\t\t\t<\/div>\n\t\t\t\t<\/div>\n\t\t\t\t\t<\/div>\n\t\t<\/div>\n\t\t\t\t\t<\/div>\n\t\t<\/section>\n\t\t\t\t\t<\/div>\n\t\t<\/div>\n\t\t\t\t\t<\/div>\n\t\t<\/section>\n\t\t\t\t<section class=\"elementor-section elementor-top-section elementor-element elementor-element-a07b6ab elementor-section-boxed elementor-section-height-default elementor-section-height-default parallax_section_no qode_elementor_container_no\" data-id=\"a07b6ab\" data-element_type=\"section\">\n\t\t\t\t\t\t<div class=\"elementor-container elementor-column-gap-default\">\n\t\t\t\t\t<div class=\"elementor-column elementor-col-100 elementor-top-column elementor-element elementor-element-ff82646\" data-id=\"ff82646\" data-element_type=\"column\">\n\t\t\t<div class=\"elementor-widget-wrap\">\n\t\t\t\t\t\t\t<\/div>\n\t\t<\/div>\n\t\t\t\t\t<\/div>\n\t\t<\/section>\n\t\t\t\t<\/div>\n\t\t","protected":false},"excerpt":{"rendered":"<p>Termos e Condi\u00e7\u00f5es Memorial amoroso refere-se ao site memorial para o seu Amado Que \u00e9 criado pelo Utilizador atrav\u00e9s da utiliza\u00e7\u00e3o de Software fornecedor Um amado a pessoa ou animal de estima\u00e7\u00e3o que o Utilizador est\u00e1 a criar um Memorial amoroso para Utilizador a pessoa&#8230;<\/p>\n","protected":false},"author":6,"featured_media":0,"parent":0,"menu_order":0,"comment_status":"closed","ping_status":"closed","template":"","meta":{"footnotes":""},"class_list":["post-15980","page","type-page","status-publish","hentry"],"_links":{"self":[{"href":"https:\/\/www.lovingmemorials.com\/pt-pt\/wp-json\/wp\/v2\/pages\/15980","targetHints":{"allow":["GET"]}}],"collection":[{"href":"https:\/\/www.lovingmemorials.com\/pt-pt\/wp-json\/wp\/v2\/pages"}],"about":[{"href":"https:\/\/www.lovingmemorials.com\/pt-pt\/wp-json\/wp\/v2\/types\/page"}],"author":[{"embeddable":true,"href":"https:\/\/www.lovingmemorials.com\/pt-pt\/wp-json\/wp\/v2\/users\/6"}],"replies":[{"embeddable":true,"href":"https:\/\/www.lovingmemorials.com\/pt-pt\/wp-json\/wp\/v2\/comments?post=15980"}],"version-history":[{"count":1,"href":"https:\/\/www.lovingmemorials.com\/pt-pt\/wp-json\/wp\/v2\/pages\/15980\/revisions"}],"predecessor-version":[{"id":15982,"href":"https:\/\/www.lovingmemorials.com\/pt-pt\/wp-json\/wp\/v2\/pages\/15980\/revisions\/15982"}],"wp:attachment":[{"href":"https:\/\/www.lovingmemorials.com\/pt-pt\/wp-json\/wp\/v2\/media?parent=15980"}],"curies":[{"name":"wp","href":"https:\/\/api.w.org\/{rel}","templated":true}]}}