{"id":804,"date":"2021-03-29T16:19:44","date_gmt":"2021-03-29T16:19:44","guid":{"rendered":"http:\/\/www.lovingmemorials.com\/sobre\/"},"modified":"2022-02-16T03:46:52","modified_gmt":"2022-02-16T03:46:52","slug":"sobre","status":"publish","type":"page","link":"https:\/\/www.lovingmemorials.com\/pt-pt\/sobre\/","title":{"rendered":"Sobre"},"content":{"rendered":"\t\t<div data-elementor-type=\"wp-page\" data-elementor-id=\"804\" class=\"elementor elementor-804\" data-elementor-post-type=\"page\">\n\t\t\t\t\t\t<section class=\"elementor-section elementor-top-section elementor-element elementor-element-5312331 elementor-section-content-middle page-header elementor-section-boxed elementor-section-height-default elementor-section-height-default parallax_section_no qode_elementor_container_no\" data-id=\"5312331\" data-element_type=\"section\">\n\t\t\t\t\t\t<div class=\"elementor-container elementor-column-gap-no\">\n\t\t\t\t\t<div class=\"elementor-column elementor-col-100 elementor-top-column elementor-element elementor-element-e8f5fcc\" data-id=\"e8f5fcc\" data-element_type=\"column\">\n\t\t\t<div class=\"elementor-widget-wrap elementor-element-populated\">\n\t\t\t\t\t\t<div class=\"elementor-element elementor-element-3d87450 elementor-widget elementor-widget-heading\" data-id=\"3d87450\" data-element_type=\"widget\" data-widget_type=\"heading.default\">\n\t\t\t\t<div class=\"elementor-widget-container\">\n\t\t\t<h1 class=\"elementor-heading-title elementor-size-default\">Sobre Os Memoriais amorosos<\/h1>\t\t<\/div>\n\t\t\t\t<\/div>\n\t\t\t\t<section class=\"elementor-section elementor-inner-section elementor-element elementor-element-a0018ee elementor-section-content-middle container-shadow elementor-section-boxed elementor-section-height-default elementor-section-height-default parallax_section_no qode_elementor_container_no\" data-id=\"a0018ee\" data-element_type=\"section\" data-settings=\"{&quot;background_background&quot;:&quot;classic&quot;}\">\n\t\t\t\t\t\t<div class=\"elementor-container elementor-column-gap-no\">\n\t\t\t\t\t<div class=\"elementor-column elementor-col-100 elementor-inner-column elementor-element elementor-element-1c643d0\" data-id=\"1c643d0\" data-element_type=\"column\">\n\t\t\t<div class=\"elementor-widget-wrap elementor-element-populated\">\n\t\t\t\t\t\t<div class=\"elementor-element elementor-element-e1e7f26 elementor-widget__width-initial elementor-widget-mobile__width-inherit elementor-widget elementor-widget-text-editor\" data-id=\"e1e7f26\" data-element_type=\"widget\" data-widget_type=\"text-editor.default\">\n\t\t\t\t<div class=\"elementor-widget-container\">\n\t\t\t\t\t\t\t<p>Loving Memorials \u00e9 um servi\u00e7o que lhe permite facilmente criar um elegante memorial online para o seu ente querido.<\/p>\n<p>Um Memorial Amoroso \u00e9 sofisticado na sua simplicidade. Tem um design desordenado e proporciona uma experi\u00eancia visual \u00fanica. Acreditamos que menos \u00e9 mais quando se trata de honrar e prestar homenagem a uma vida.<\/p>\n<p>Um Memorial amoroso est\u00e1 focado na sua amada. H\u00e1 uma marca m\u00ednima de empresa e nenhum an\u00fancio, incluindo links para criar um memorial para outra pessoa. O teu ente querido \u00e9 o her\u00f3i desta hist\u00f3ria.  <\/p>\n<p>A beleza flui desta simplicidade que facilita a hist\u00f3ria deles. Partilhas o teu Memorial amoroso com a fam\u00edlia e amigos para recordar e celebrar a sua vida, para que sejam sempre lembrados.<\/p>\n\t\t\t\t\t\t<\/div>\n\t\t\t\t<\/div>\n\t\t\t\t<div class=\"elementor-element elementor-element-7b7c1e2 elementor-widget__width-initial elementor-widget-mobile__width-inherit elementor-widget elementor-widget-text-editor\" data-id=\"7b7c1e2\" data-element_type=\"widget\" data-widget_type=\"text-editor.default\">\n\t\t\t\t<div class=\"elementor-widget-container\">\n\t\t\t\t\t\t\t<p><a href=\"https:\/\/www.lovingmemorials.com\/wp-content\/uploads\/2021\/04\/Loving-Memorial-Tony-e1640665696723.png\"><img fetchpriority=\"high\" decoding=\"async\" class=\"alignnone wp-image-7003 size-large\" src=\"https:\/\/www.lovingmemorials.com\/wp-content\/uploads\/2021\/04\/Loving-Memorial-Tony-1024x768.png\" alt=\"Loving Memorial Tony\" width=\"1024\" height=\"768\"><\/a><\/p>\n\t\t\t\t\t\t<\/div>\n\t\t\t\t<\/div>\n\t\t\t\t<div class=\"elementor-element elementor-element-d694f8d elementor-widget elementor-widget-text-editor\" data-id=\"d694f8d\" data-element_type=\"widget\" data-widget_type=\"text-editor.default\">\n\t\t\t\t<div class=\"elementor-widget-container\">\n\t\t\t\t\t\t\t<h2 id=\"founders-message\">Uma mensagem de Brian, um dos nossos fundadores<\/h2>\n<p>Nos \u00faltimos anos do meu pai, lembro-me dele uma vez a dizer-me:<\/p>\n<blockquote>\n<p>Tenho de escrever todos os s\u00edtios onde estive e as coisas que vi.<\/p>\n<\/blockquote>\n\t\t\t\t\t\t<\/div>\n\t\t\t\t<\/div>\n\t\t\t\t<div class=\"elementor-element elementor-element-3f8cf48 elementor-widget__width-initial elementor-widget-mobile__width-inherit elementor-widget elementor-widget-text-editor\" data-id=\"3f8cf48\" data-element_type=\"widget\" data-widget_type=\"text-editor.default\">\n\t\t\t\t<div class=\"elementor-widget-container\">\n\t\t\t\t\t\t\t<p style=\"background-color: #ffffff;\">Entendi que o meu pai queria que a sua vida importasse, que quisesse ser lembrado e n\u00e3o ser esquecido.<\/p>\n<p style=\"background-color: #ffffff;\">Mas o resto n\u00e3o foi claro para mim. Lembro-me de pensar:<i>Onde vamos escrever isto? Quem vai v\u00ea-lo?  <\/i><\/p>\n<p style=\"background-color: #ffffff;\">Anos mais tarde, depois da morte do meu pai, comecei a trabalhar na ind\u00fastria funer\u00e1ria e percebi o que ele me estava a dizer.<\/p>\n<p style=\"background-color: #ffffff;\">Estava a desenhar um software obitu\u00e1rio e apercebi-me que a beleza e a preciosidade de uma vida n\u00e3o estavam a ser capturadas num obitu\u00e1rio.<\/p>\n<p style=\"background-color: #ffffff;\">Olhei para as ofertas do site online do memorial e senti que estavam a ficar aqu\u00e9m. Estavam ocupados e confusos. Faltava-lhes concentra\u00e7\u00e3o e n\u00e3o estavam a capturar uma vida com beleza.<\/p>\n<p style=\"background-color: #ffffff;\">Algo diferente era necess\u00e1rio. Ajudei a criar Memorials amorosos para preservar e celebrar a hist\u00f3ria de uma vida com simplicidade e beleza.<\/p>\n<p style=\"background-color: #ffffff;\">O Memorial amoroso para o meu pai, Antonio Gomes, foi o primeiro Memorial amoroso que foi criado. Quando a criei, tive orgulho em partilh\u00e1-la com a fam\u00edlia e amigos. Agora, tenho orgulho em partilh\u00e1-lo com o mundo, sabendo que honrei o desejo do meu pai de n\u00e3o ser esquecido.<\/p>\n\t\t\t\t\t\t<\/div>\n\t\t\t\t<\/div>\n\t\t\t\t<div class=\"elementor-element elementor-element-f2d987c elementor-widget__width-initial elementor-widget-mobile__width-inherit elementor-widget elementor-widget-text-editor\" data-id=\"f2d987c\" data-element_type=\"widget\" data-widget_type=\"text-editor.default\">\n\t\t\t\t<div class=\"elementor-widget-container\">\n\t\t\t\t\t\t\t<p><a href=\"https:\/\/www.lovingmemorials.com\/wp-content\/uploads\/2021\/10\/Brian_Dad.jpeg\"><img decoding=\"async\" class=\"alignnone wp-image-1529 size-full\" src=\"https:\/\/www.lovingmemorials.com\/wp-content\/uploads\/2021\/10\/Brian_Dad.jpeg\" alt=\"Image of Brian kneeling beside his dad sitting in a chair\" width=\"768\" height=\"1024\" srcset=\"https:\/\/www.lovingmemorials.com\/wp-content\/uploads\/2021\/10\/Brian_Dad.jpeg 768w, https:\/\/www.lovingmemorials.com\/wp-content\/uploads\/2021\/10\/Brian_Dad-225x300.jpeg 225w, https:\/\/www.lovingmemorials.com\/wp-content\/uploads\/2021\/10\/Brian_Dad-600x800.jpeg 600w, https:\/\/www.lovingmemorials.com\/wp-content\/uploads\/2021\/10\/Brian_Dad-700x933.jpeg 700w\" sizes=\"(max-width: 768px) 100vw, 768px\" \/><\/a><br \/><span style=\"color: #727272;\">Brian e o seu pai, Tony Gomes.<\/span><\/p>\n\t\t\t\t\t\t<\/div>\n\t\t\t\t<\/div>\n\t\t\t\t<div class=\"elementor-element elementor-element-a313b5c elementor-widget elementor-widget-text-editor\" data-id=\"a313b5c\" data-element_type=\"widget\" data-widget_type=\"text-editor.default\">\n\t\t\t\t<div class=\"elementor-widget-container\">\n\t\t\t\t\t\t\t<h3 id=\"remembrance\">Uma proximidade inesperada atrav\u00e9s da lembran\u00e7a<\/h3>\n<p>Fiquei surpreendida com o que me aconteceu no processo de criar o Memorial amoroso do meu pai. Enquanto acrescentava fotografias e contava a hist\u00f3ria da sua vida, havia tanta coisa que eu vivia pessoalmente.<\/p>\n<p>Havia sorrisos e gargalhadas, juntamente com orgulho, gratid\u00e3o, conforto, cura e celebra\u00e7\u00e3o. Mas acima de tudo, houve amor. Aproximou-me muito dele, e foi a\u00ed que entendi mais claramente os Memoriais amorosos.<\/p>\n<p>Apercebi-me que para um ente querido n\u00e3o ser esquecido, significa que n\u00f3s, os vivos, nos lembramos deles. Atrav\u00e9s do ato de lembran\u00e7a, sentimos amor e estamos mais perto deles. \u00c9 por isso que n\u00e3o ser esquecido \u00e9 t\u00e3o importante- \u00e9 importante para o nosso ente querido, e para n\u00f3s.<\/p>\n<p>Se escolheres criar um Memorial amoroso para o teu ente querido, desejo que sintas o amor e a proximidade que senti pelo meu pai quando criei o seu Memorial amoroso.<\/p>\n<p>-Brian Gomes<\/p>\n<p>Um fundador de memoriais amorosos<\/p>\n<h2>Sobre a nossa equipa e por que fazemos isso<\/h2>\n\t\t\t\t\t\t<\/div>\n\t\t\t\t<\/div>\n\t\t\t\t<div class=\"elementor-element elementor-element-159e0c1 elementor-widget-mobile__width-inherit elementor-widget elementor-widget-text-editor\" data-id=\"159e0c1\" data-element_type=\"widget\" data-widget_type=\"text-editor.default\">\n\t\t\t\t<div class=\"elementor-widget-container\">\n\t\t\t\t\t\t\t<p>O Loving Memorials foi criado por uma equipa que passou anos a criar e desenvolver solu\u00e7\u00f5es obibidas para funer\u00e1rias em todo o mundo.<\/p>\n<blockquote>\n<p>\u00c9 uma honra ter tido mais de 200.000 vidas recordadas no nosso software e estamos apenas come\u00e7ando.<\/p>\n<\/blockquote>\n\t\t\t\t\t\t<\/div>\n\t\t\t\t<\/div>\n\t\t\t\t<div class=\"elementor-element elementor-element-2e13c37 elementor-widget-mobile__width-inherit elementor-widget elementor-widget-text-editor\" data-id=\"2e13c37\" data-element_type=\"widget\" data-widget_type=\"text-editor.default\">\n\t\t\t\t<div class=\"elementor-widget-container\">\n\t\t\t\t\t\t\t<p>Acreditamos que as redes sociais n\u00e3o fornecem uma forma de lembrar corretamente o seu ente querido, e sentimos que algo diferente era necess\u00e1rio no espa\u00e7o memorial online.<\/p>\n<p>Cri\u00e1mos Os Memorials amorosos para preservar, partilhar e celebrar a vida do seu ente querido com simplicidade e eleg\u00e2ncia.<\/p>\n\t\t\t\t\t\t<\/div>\n\t\t\t\t<\/div>\n\t\t\t\t\t<\/div>\n\t\t<\/div>\n\t\t\t\t\t<\/div>\n\t\t<\/section>\n\t\t\t\t\t<\/div>\n\t\t<\/div>\n\t\t\t\t\t<\/div>\n\t\t<\/section>\n\t\t\t\t<\/div>\n\t\t","protected":false},"excerpt":{"rendered":"<p>Sobre Os Memoriais amorosos Loving Memorials \u00e9 um servi\u00e7o que lhe permite facilmente criar um elegante memorial online para o seu ente querido. Um Memorial Amoroso \u00e9 sofisticado na sua simplicidade. Tem um design desordenado e proporciona uma experi\u00eancia visual \u00fanica. Acreditamos que menos \u00e9&#8230;<\/p>\n","protected":false},"author":1,"featured_media":0,"parent":0,"menu_order":0,"comment_status":"closed","ping_status":"closed","template":"","meta":{"footnotes":""},"class_list":["post-804","page","type-page","status-publish","hentry"],"_links":{"self":[{"href":"https:\/\/www.lovingmemorials.com\/pt-pt\/wp-json\/wp\/v2\/pages\/804","targetHints":{"allow":["GET"]}}],"collection":[{"href":"https:\/\/www.lovingmemorials.com\/pt-pt\/wp-json\/wp\/v2\/pages"}],"about":[{"href":"https:\/\/www.lovingmemorials.com\/pt-pt\/wp-json\/wp\/v2\/types\/page"}],"author":[{"embeddable":true,"href":"https:\/\/www.lovingmemorials.com\/pt-pt\/wp-json\/wp\/v2\/users\/1"}],"replies":[{"embeddable":true,"href":"https:\/\/www.lovingmemorials.com\/pt-pt\/wp-json\/wp\/v2\/comments?post=804"}],"version-history":[{"count":3,"href":"https:\/\/www.lovingmemorials.com\/pt-pt\/wp-json\/wp\/v2\/pages\/804\/revisions"}],"predecessor-version":[{"id":11834,"href":"https:\/\/www.lovingmemorials.com\/pt-pt\/wp-json\/wp\/v2\/pages\/804\/revisions\/11834"}],"wp:attachment":[{"href":"https:\/\/www.lovingmemorials.com\/pt-pt\/wp-json\/wp\/v2\/media?parent=804"}],"curies":[{"name":"wp","href":"https:\/\/api.w.org\/{rel}","templated":true}]}}