{"id":816,"date":"2021-03-29T16:27:23","date_gmt":"2021-03-29T16:27:23","guid":{"rendered":"http:\/\/www.lovingmemorials.com\/caracteristicas-e-planos\/"},"modified":"2022-07-18T18:11:15","modified_gmt":"2022-07-18T18:11:15","slug":"recursos-planos","status":"publish","type":"page","link":"https:\/\/www.lovingmemorials.com\/pt-pt\/recursos-planos\/","title":{"rendered":"Caracter\u00edsticas e Planos"},"content":{"rendered":"\t\t<div data-elementor-type=\"wp-page\" data-elementor-id=\"816\" class=\"elementor elementor-816\" data-elementor-post-type=\"page\">\n\t\t\t\t\t\t<section class=\"elementor-section elementor-top-section elementor-element elementor-element-3f8238c elementor-section-boxed elementor-section-height-default elementor-section-height-default parallax_section_no qode_elementor_container_no\" data-id=\"3f8238c\" data-element_type=\"section\">\n\t\t\t\t\t\t<div class=\"elementor-container elementor-column-gap-default\">\n\t\t\t\t\t\t<\/div>\n\t\t<\/section>\n\t\t\t\t<section class=\"elementor-section elementor-top-section elementor-element elementor-element-e792a8c elementor-section-boxed elementor-section-height-default elementor-section-height-default parallax_section_no qode_elementor_container_no\" data-id=\"e792a8c\" data-element_type=\"section\">\n\t\t\t\t\t\t<div class=\"elementor-container elementor-column-gap-default\">\n\t\t\t\t\t\t<\/div>\n\t\t<\/section>\n\t\t\t\t<section class=\"elementor-section elementor-top-section elementor-element elementor-element-edf6e32 elementor-section-content-middle page-header elementor-section-boxed elementor-section-height-default elementor-section-height-default parallax_section_no qode_elementor_container_no\" data-id=\"edf6e32\" data-element_type=\"section\">\n\t\t\t\t\t\t<div class=\"elementor-container elementor-column-gap-no\">\n\t\t\t\t\t<div class=\"elementor-column elementor-col-100 elementor-top-column elementor-element elementor-element-41ea03a\" data-id=\"41ea03a\" data-element_type=\"column\">\n\t\t\t<div class=\"elementor-widget-wrap elementor-element-populated\">\n\t\t\t\t\t\t<div class=\"elementor-element elementor-element-69b41f8 elementor-widget elementor-widget-heading\" data-id=\"69b41f8\" data-element_type=\"widget\" data-widget_type=\"heading.default\">\n\t\t\t\t<div class=\"elementor-widget-container\">\n\t\t\t<h1 class=\"elementor-heading-title elementor-size-default\">Caracter\u00edsticas de um Memorial Amoroso<\/h1>\t\t<\/div>\n\t\t\t\t<\/div>\n\t\t\t\t<div class=\"elementor-element elementor-element-95d86be container-shadow elementor-widget elementor-widget-text-editor\" data-id=\"95d86be\" data-element_type=\"widget\" id=\"lm-features-list\" data-widget_type=\"text-editor.default\">\n\t\t\t\t<div class=\"elementor-widget-container\">\n\t\t\t\t\t\t\t<h3>Um memorial facilitado<\/h3><ul><li>Crie facilmente um memorial bonito e online para o seu ente querido<\/li><li>Adicione fotos, v\u00eddeos, streams ao vivo, palavras e m\u00fasica<\/li><li>Ver e editar online \u2014 sem software ou aplicativos para instalar<\/li><\/ul><h3>Personaliza\u00e7\u00e3o e Eleg\u00e2ncia<\/h3><ul><li>Escolha entre mais de <a href=\"https:\/\/www.lovingmemorials.com\/pt-pt\/guia\/construtor-modelo\/#templates\">200 imagens de fundo<\/a> para criar um modelo personalizado<\/li><li>As mem\u00f3rias s\u00e3o exibidas com um efeito de &#8220;virar&#8221; p\u00e1gina para simular a viragem atrav\u00e9s de um livro<\/li><li>Um design desordenado cria uma experi\u00eancia visual \u00fanica<\/li><li>Marca m\u00ednima de empresa, sem an\u00fancios ou links para criar um memorial para outra pessoa<\/li><\/ul><h3>Partilhar Mem\u00f3rias, Contar a Sua Hist\u00f3ria<\/h3><ul><li>Partilhe o que \u00e9 belo e precioso sobre o seu ente querido<\/li><li>Trazer mem\u00f3rias \u00e0 vida<\/li><li>Adicione um t\u00edtulo e legenda para contar a hist\u00f3ria de cada foto<\/li><li>Controla como o seu ente querido \u00e9 lembrado.<\/li><\/ul><h3>Partilhar e Celebrar<\/h3><ul><li>Os visitantes adicionam fotos, v\u00eddeos e streams ao vivo<\/li><li>Controlo de privacidade completo \u2014 voc\u00ea escolhe quem pode ver o memorial e adicionar conte\u00fado<\/li><li>Os visitantes partilham pensamentos, contam hist\u00f3rias, p\u00f5em flores, velas acesas e acrescentam s\u00edmbolos religiosos<\/li><li>Partilhe o seu memorial nas redes sociais, incluindo Facebook e Twitter<\/li><\/ul><h3>Ajuda e Apoio<\/h3><ul><li>R\u00e1pido, amig\u00e1vel, atendimento ao cliente para ajud\u00e1-lo e apoi\u00e1-lo<\/li><li>Backups di\u00e1rios mant\u00eam o seu memorial seguro<\/li><li>N\u00e3o vendemos os seus dados.<\/li><li>Sem riscos \u2014 damos-lhe uma garantia de 30 dias de devolu\u00e7\u00e3o de dinheiro<\/li><\/ul>\t\t\t\t\t\t<\/div>\n\t\t\t\t<\/div>\n\t\t\t\t\t<\/div>\n\t\t<\/div>\n\t\t\t\t\t<\/div>\n\t\t<\/section>\n\t\t\t\t<section class=\"elementor-section elementor-top-section elementor-element elementor-element-36fb972 elementor-section-boxed elementor-section-height-default elementor-section-height-default parallax_section_no qode_elementor_container_no\" data-id=\"36fb972\" data-element_type=\"section\">\n\t\t\t\t\t\t<div class=\"elementor-container elementor-column-gap-default\">\n\t\t\t\t\t\t<\/div>\n\t\t<\/section>\n\t\t\t\t<section class=\"elementor-section elementor-top-section elementor-element elementor-element-bf35739 elementor-section-boxed elementor-section-height-default elementor-section-height-default parallax_section_no qode_elementor_container_no\" data-id=\"bf35739\" data-element_type=\"section\">\n\t\t\t\t\t\t<div class=\"elementor-container elementor-column-gap-default\">\n\t\t\t\t\t<div class=\"elementor-column elementor-col-100 elementor-top-column elementor-element elementor-element-4aa9014\" data-id=\"4aa9014\" data-element_type=\"column\">\n\t\t\t<div class=\"elementor-widget-wrap elementor-element-populated\">\n\t\t\t\t\t\t<div class=\"elementor-element elementor-element-9c5a776 elementor-widget elementor-widget-heading\" data-id=\"9c5a776\" data-element_type=\"widget\" data-widget_type=\"heading.default\">\n\t\t\t\t<div class=\"elementor-widget-container\">\n\t\t\t<h1 class=\"elementor-heading-title elementor-size-default\">Planos de um Memorial Amoroso<\/h1>\t\t<\/div>\n\t\t\t\t<\/div>\n\t\t\t\t<div class=\"elementor-element elementor-element-fd55dbb elementor-widget elementor-widget-text-editor\" data-id=\"fd55dbb\" data-element_type=\"widget\" data-widget_type=\"text-editor.default\">\n\t\t\t\t<div class=\"elementor-widget-container\">\n\t\t\t\t\t\t\t<p style=\"text-align: center;\">Todas as funcionalidades est\u00e3o dispon\u00edveis em todos os planos.<\/p>\t\t\t\t\t\t<\/div>\n\t\t\t\t<\/div>\n\t\t\t\t\t<\/div>\n\t\t<\/div>\n\t\t\t\t\t<\/div>\n\t\t<\/section>\n\t\t\t\t<section class=\"elementor-section elementor-top-section elementor-element elementor-element-573d374 elementor-section-content-space-between elementor-section-boxed elementor-section-height-default elementor-section-height-default parallax_section_no qode_elementor_container_no\" data-id=\"573d374\" data-element_type=\"section\">\n\t\t\t\t\t\t<div class=\"elementor-container elementor-column-gap-default\">\n\t\t\t\t\t<div class=\"elementor-column elementor-col-50 elementor-top-column elementor-element elementor-element-494db92 lm-price lm-active\" data-id=\"494db92\" data-element_type=\"column\">\n\t\t\t<div class=\"elementor-widget-wrap elementor-element-populated\">\n\t\t\t\t\t\t<section class=\"elementor-section elementor-inner-section elementor-element elementor-element-d5e4904 elementor-section-boxed elementor-section-height-default elementor-section-height-default parallax_section_no qode_elementor_container_no\" data-id=\"d5e4904\" data-element_type=\"section\">\n\t\t\t\t\t\t<div class=\"elementor-container elementor-column-gap-default\">\n\t\t\t\t\t<div class=\"elementor-column elementor-col-100 elementor-inner-column elementor-element elementor-element-ea18682 lm-price-inner\" data-id=\"ea18682\" data-element_type=\"column\">\n\t\t\t<div class=\"elementor-widget-wrap elementor-element-populated\">\n\t\t\t\t\t\t<div class=\"elementor-element elementor-element-39b2c09 elementor-widget elementor-widget-heading\" data-id=\"39b2c09\" data-element_type=\"widget\" data-widget_type=\"heading.default\">\n\t\t\t\t<div class=\"elementor-widget-container\">\n\t\t\t<h4 class=\"elementor-heading-title elementor-size-default\">Plano Permanente<\/h4>\t\t<\/div>\n\t\t\t\t<\/div>\n\t\t\t\t<div class=\"elementor-element elementor-element-3589228 elementor-widget elementor-widget-text-editor\" data-id=\"3589228\" data-element_type=\"widget\" data-widget_type=\"text-editor.default\">\n\t\t\t\t<div class=\"elementor-widget-container\">\n\t\t\t\t\t\t\t<div class=\"price_in_table\"><sup class=\"value\">$<\/sup><span class=\"price\">100<\/span><\/div>\t\t\t\t\t\t<\/div>\n\t\t\t\t<\/div>\n\t\t\t\t<div class=\"elementor-element elementor-element-b520177 elementor-widget elementor-widget-text-editor\" data-id=\"b520177\" data-element_type=\"widget\" data-widget_type=\"text-editor.default\">\n\t\t\t\t<div class=\"elementor-widget-container\">\n\t\t\t\t\t\t\t<p style=\"color: #272727; font-weight: 500;\">Para uma listagem permanente<\/p><p style=\"color: #7c7c7c;\">Garantia de devolu\u00e7\u00e3o de dinheiro de 30 dias<\/p>\t\t\t\t\t\t<\/div>\n\t\t\t\t<\/div>\n\t\t\t\t\t<\/div>\n\t\t<\/div>\n\t\t\t\t\t<\/div>\n\t\t<\/section>\n\t\t\t\t<div class=\"elementor-element elementor-element-dfe6a61 elementor-widget__width-inherit elementor-widget elementor-widget-button\" data-id=\"dfe6a61\" data-element_type=\"widget\" data-plan=\"1\" data-widget_type=\"button.default\">\n\t\t\t\t<div class=\"elementor-widget-container\">\n\t\t\t\t\t<div class=\"elementor-button-wrapper\">\n\t\t\t<a class=\"elementor-button elementor-button-link elementor-size-lg\" href=\"\/create-memorial\/\" id=\"lm_plan_1\">\n\t\t\t\t\t\t<span class=\"elementor-button-content-wrapper\">\n\t\t\t\t\t\t\t\t\t<span class=\"elementor-button-text\">COMPRAR AGORA<\/span>\n\t\t\t\t\t<\/span>\n\t\t\t\t\t<\/a>\n\t\t<\/div>\n\t\t\t\t<\/div>\n\t\t\t\t<\/div>\n\t\t\t\t\t<\/div>\n\t\t<\/div>\n\t\t\t\t<div class=\"elementor-column elementor-col-50 elementor-top-column elementor-element elementor-element-7eafd49 lm-price\" data-id=\"7eafd49\" data-element_type=\"column\">\n\t\t\t<div class=\"elementor-widget-wrap elementor-element-populated\">\n\t\t\t\t\t\t<section class=\"elementor-section elementor-inner-section elementor-element elementor-element-2089353 elementor-section-boxed elementor-section-height-default elementor-section-height-default parallax_section_no qode_elementor_container_no\" data-id=\"2089353\" data-element_type=\"section\">\n\t\t\t\t\t\t<div class=\"elementor-container elementor-column-gap-default\">\n\t\t\t\t\t<div class=\"elementor-column elementor-col-100 elementor-inner-column elementor-element elementor-element-47012a9 lm-price-inner\" data-id=\"47012a9\" data-element_type=\"column\">\n\t\t\t<div class=\"elementor-widget-wrap elementor-element-populated\">\n\t\t\t\t\t\t<div class=\"elementor-element elementor-element-c474400 elementor-widget elementor-widget-heading\" data-id=\"c474400\" data-element_type=\"widget\" data-widget_type=\"heading.default\">\n\t\t\t\t<div class=\"elementor-widget-container\">\n\t\t\t<h4 class=\"elementor-heading-title elementor-size-default\">Plano de 1 Ano<\/h4>\t\t<\/div>\n\t\t\t\t<\/div>\n\t\t\t\t<div class=\"elementor-element elementor-element-fbf38e8 elementor-widget elementor-widget-text-editor\" data-id=\"fbf38e8\" data-element_type=\"widget\" data-widget_type=\"text-editor.default\">\n\t\t\t\t<div class=\"elementor-widget-container\">\n\t\t\t\t\t\t\t<div class=\"price_in_table\"><sup class=\"value\">$<\/sup><span class=\"price\">20<\/span><\/div>\t\t\t\t\t\t<\/div>\n\t\t\t\t<\/div>\n\t\t\t\t<div class=\"elementor-element elementor-element-5c7c52c elementor-widget elementor-widget-text-editor\" data-id=\"5c7c52c\" data-element_type=\"widget\" data-widget_type=\"text-editor.default\">\n\t\t\t\t<div class=\"elementor-widget-container\">\n\t\t\t\t\t\t\t<p style=\"font-weight: 500;\">Por 1 Ano<\/p><p style=\"background-color: #ffffff;\"><span style=\"color: #7c7c7c;\">Garantia de devolu\u00e7\u00e3o de dinheiro de 30 dias<\/span><\/p>\t\t\t\t\t\t<\/div>\n\t\t\t\t<\/div>\n\t\t\t\t\t<\/div>\n\t\t<\/div>\n\t\t\t\t\t<\/div>\n\t\t<\/section>\n\t\t\t\t<div class=\"elementor-element elementor-element-98d1e3b elementor-widget__width-inherit elementor-widget elementor-widget-button\" data-id=\"98d1e3b\" data-element_type=\"widget\" data-widget_type=\"button.default\">\n\t\t\t\t<div class=\"elementor-widget-container\">\n\t\t\t\t\t<div class=\"elementor-button-wrapper\">\n\t\t\t<a class=\"elementor-button elementor-button-link elementor-size-lg\" href=\"\/create-memorial\/\" id=\"lm_plan_3\">\n\t\t\t\t\t\t<span class=\"elementor-button-content-wrapper\">\n\t\t\t\t\t\t\t\t\t<span class=\"elementor-button-text\">COMPRAR AGORA<\/span>\n\t\t\t\t\t<\/span>\n\t\t\t\t\t<\/a>\n\t\t<\/div>\n\t\t\t\t<\/div>\n\t\t\t\t<\/div>\n\t\t\t\t\t<\/div>\n\t\t<\/div>\n\t\t\t\t\t<\/div>\n\t\t<\/section>\n\t\t\t\t<section class=\"elementor-section elementor-top-section elementor-element elementor-element-bc12955 elementor-section-boxed elementor-section-height-default elementor-section-height-default parallax_section_no qode_elementor_container_no\" data-id=\"bc12955\" data-element_type=\"section\">\n\t\t\t\t\t\t<div class=\"elementor-container elementor-column-gap-default\">\n\t\t\t\t\t<div class=\"elementor-column elementor-col-100 elementor-top-column elementor-element elementor-element-56b879d\" data-id=\"56b879d\" data-element_type=\"column\">\n\t\t\t<div class=\"elementor-widget-wrap elementor-element-populated\">\n\t\t\t\t\t\t<div class=\"elementor-element elementor-element-4aa806c elementor-widget elementor-widget-html\" data-id=\"4aa806c\" data-element_type=\"widget\" data-widget_type=\"html.default\">\n\t\t\t\t<div class=\"elementor-widget-container\">\n\t\t\t<script>document.getElementById(\"lm_plan_1\").addEventListener('click',function(e){\n       e.preventDefault()\n       setCookie('lm_plan', 1, 1);\n       window.location.href = \"https:\/\/www.lovingmemorials.com\/create-memorial\/\"\n    });\n      document.getElementById(\"lm_plan_2\").addEventListener('click',function(e){\n          e.preventDefault()\n       setCookie('lm_plan', 2, 1);\n       window.location.href = \"https:\/\/www.lovingmemorials.com\/create-memorial\/\"\n    });\n      document.getElementById(\"lm_plan_3\").addEventListener('click',function(e){\n          e.preventDefault()\n       setCookie('lm_plan', 3, 1);\n       window.location.href = \"https:\/\/www.lovingmemorials.com\/create-memorial\/\"\n    });\n    \n    \/\/ Set a Cookie\n    function setCookie(cName, cValue, expDays) {\n        let date = new Date();\n        date.setTime(date.getTime() + (expDays * 24 * 60 * 60 * 1000));\n        const expires = \"expires=\" + date.toUTCString();\n        document.cookie = cName + \"=\" + cValue + \"; \" + expires + \"; path=\/\";\n    }\n\n    \n    \n    \n<\/script>\t\t<\/div>\n\t\t\t\t<\/div>\n\t\t\t\t\t<\/div>\n\t\t<\/div>\n\t\t\t\t\t<\/div>\n\t\t<\/section>\n\t\t\t\t<\/div>\n\t\t","protected":false},"excerpt":{"rendered":"<p>Caracter\u00edsticas de um Memorial Amoroso Um memorial facilitado Crie facilmente um memorial bonito e online para o seu ente querido Adicione fotos, v\u00eddeos, streams ao vivo, palavras e m\u00fasica Ver e editar online \u2014 sem software ou aplicativos para instalar Personaliza\u00e7\u00e3o e Eleg\u00e2ncia Escolha entre&#8230;<\/p>\n","protected":false},"author":1,"featured_media":0,"parent":0,"menu_order":0,"comment_status":"closed","ping_status":"closed","template":"","meta":{"footnotes":""},"class_list":["post-816","page","type-page","status-publish","hentry"],"_links":{"self":[{"href":"https:\/\/www.lovingmemorials.com\/pt-pt\/wp-json\/wp\/v2\/pages\/816","targetHints":{"allow":["GET"]}}],"collection":[{"href":"https:\/\/www.lovingmemorials.com\/pt-pt\/wp-json\/wp\/v2\/pages"}],"about":[{"href":"https:\/\/www.lovingmemorials.com\/pt-pt\/wp-json\/wp\/v2\/types\/page"}],"author":[{"embeddable":true,"href":"https:\/\/www.lovingmemorials.com\/pt-pt\/wp-json\/wp\/v2\/users\/1"}],"replies":[{"embeddable":true,"href":"https:\/\/www.lovingmemorials.com\/pt-pt\/wp-json\/wp\/v2\/comments?post=816"}],"version-history":[{"count":9,"href":"https:\/\/www.lovingmemorials.com\/pt-pt\/wp-json\/wp\/v2\/pages\/816\/revisions"}],"predecessor-version":[{"id":18890,"href":"https:\/\/www.lovingmemorials.com\/pt-pt\/wp-json\/wp\/v2\/pages\/816\/revisions\/18890"}],"wp:attachment":[{"href":"https:\/\/www.lovingmemorials.com\/pt-pt\/wp-json\/wp\/v2\/media?parent=816"}],"curies":[{"name":"wp","href":"https:\/\/api.w.org\/{rel}","templated":true}]}}