{"id":15434,"date":"2022-02-16T17:44:23","date_gmt":"2022-02-16T17:44:23","guid":{"rendered":"https:\/\/www.lovingmemorials.com\/guide-till-minnesmarken-online\/berattande-i-ett-minnesbildspel\/"},"modified":"2022-02-26T02:50:08","modified_gmt":"2022-02-26T02:50:08","slug":"storytelling-bildspel","status":"publish","type":"page","link":"https:\/\/www.lovingmemorials.com\/sv\/guide\/storytelling-bildspel\/","title":{"rendered":"Ber\u00e4ttande bildspel"},"content":{"rendered":"\t\t<div data-elementor-type=\"wp-page\" data-elementor-id=\"15434\" class=\"elementor elementor-15434\" data-elementor-post-type=\"page\">\n\t\t\t\t\t\t<section class=\"elementor-section elementor-top-section elementor-element elementor-element-0182c20 elementor-section-content-middle elementor-section-boxed elementor-section-height-default elementor-section-height-default parallax_section_no qode_elementor_container_no\" data-id=\"0182c20\" data-element_type=\"section\">\n\t\t\t\t\t\t<div class=\"elementor-container elementor-column-gap-no\">\n\t\t\t\t\t<div class=\"elementor-column elementor-col-100 elementor-top-column elementor-element elementor-element-f85ac67\" data-id=\"f85ac67\" data-element_type=\"column\">\n\t\t\t<div class=\"elementor-widget-wrap elementor-element-populated\">\n\t\t\t\t\t\t<div class=\"elementor-element elementor-element-a3ba493 guide-breardcrumb elementor-widget elementor-widget-text-editor\" data-id=\"a3ba493\" data-element_type=\"widget\" data-widget_type=\"text-editor.default\">\n\t\t\t\t<div class=\"elementor-widget-container\">\n\t\t\t\t\t\t\t<p><a href=\"https:\/\/www.lovingmemorials.com\/sv\/\">Hem<\/a>&gt;&gt; <a href=\"https:\/\/www.lovingmemorials.com\/sv\/guide\/\">Guide till minneswebbplatser<\/a> &gt;&gt;<\/p>\t\t\t\t\t\t<\/div>\n\t\t\t\t<\/div>\n\t\t\t\t<div class=\"elementor-element elementor-element-fff4700 page-header elementor-widget elementor-widget-heading\" data-id=\"fff4700\" data-element_type=\"widget\" data-widget_type=\"heading.default\">\n\t\t\t\t<div class=\"elementor-widget-container\">\n\t\t\t<h1 class=\"elementor-heading-title elementor-size-default\">Ber\u00e4ttande i ett minnesbildspel<\/h1>\t\t<\/div>\n\t\t\t\t<\/div>\n\t\t\t\t<section class=\"elementor-section elementor-inner-section elementor-element elementor-element-5c8432b elementor-section-content-middle container-shadow elementor-section-boxed elementor-section-height-default elementor-section-height-default parallax_section_no qode_elementor_container_no\" data-id=\"5c8432b\" data-element_type=\"section\" data-settings=\"{&quot;background_background&quot;:&quot;classic&quot;}\">\n\t\t\t\t\t\t<div class=\"elementor-container elementor-column-gap-no\">\n\t\t\t\t\t<div class=\"elementor-column elementor-col-100 elementor-inner-column elementor-element elementor-element-6155df8\" data-id=\"6155df8\" data-element_type=\"column\">\n\t\t\t<div class=\"elementor-widget-wrap elementor-element-populated\">\n\t\t\t\t\t\t<div class=\"elementor-element elementor-element-cf3f708 elementor-widget elementor-widget-text-editor\" data-id=\"cf3f708\" data-element_type=\"widget\" data-widget_type=\"text-editor.default\">\n\t\t\t\t<div class=\"elementor-widget-container\">\n\t\t\t\t\t\t\t<p>F\u00f6r att en minneswebbplats ska f\u00e5nga en \u00e4lskads v\u00e4rdefullhet m\u00e5ste deras ber\u00e4ttelse v\u00e4ckas till liv genom bilder, videor och ord. Det ber\u00e4ttas genom bilder och videor, men orden bakom dessa minnen v\u00e4cker ber\u00e4ttelsen om din \u00e4lskade till liv s\u00e5 att den kan f\u00f6rst\u00e5s och uppskattas av andra.<\/p><h3>&#8221;Life&#8221;-sidan: Ett bildspel med minnen<\/h3><p>Varje k\u00e4rleksfull minnesm\u00e4rke kommer med en &#8221;Livet&#8221;-sida \u2013 se ett exempel p\u00e5 en <a href=\"https:\/\/www.lovingmemorials.com\/m\/antonio-gomes\/112925\/\">livssida<\/a> .<\/p><p>Livet-sidan \u00e4r ett bildspelspresentation av de viktiga minnen som representerar din \u00e4lskades liv. Varje bild \u00e4r ett minne. Minnena kan presenteras i kronologisk ordning, eller i vilken ordning du vill.<\/p><p>Musik och l\u00e5tar kan l\u00e4ggas till bildspelet.<\/p><h3>Minnen g\u00f6r ett liv<\/h3><p>Life-sidan best\u00e5r av minnesv\u00e4rda bilder och videor som bes\u00f6kare kan titta igenom. Rubriker och bildtexter l\u00e4ggs till f\u00f6r att ber\u00e4tta historien bakom minnet.<\/p><p>H\u00e4r \u00e4r ett exempel p\u00e5 ett minne som l\u00e4ggs till i Loving Memorial-adminsektionen. <\/p><p><a href=\"https:\/\/www.lovingmemorials.com\/wp-content\/uploads\/2021\/12\/calm-e1640975705186.png\"><img decoding=\"async\" class=\"alignright wp-image-7684 size-full\" src=\"https:\/\/www.lovingmemorials.com\/wp-content\/uploads\/2021\/12\/calm-e1640975705186.png\" alt=\"\" width=\"100%\" height=\"674\"><\/a><\/p><p>Genom att klicka p\u00e5 &#8221;Spara&#8221; publiceras minnet automatiskt i livsavsnittet och bildspelet uppdateras.<\/p><p><a href=\"https:\/\/www.lovingmemorials.com\/wp-content\/uploads\/2022\/01\/Loving-Memorials-Antonio-Gomes-Loving-Memorial-Calm-e1642451952228.png\"><img fetchpriority=\"high\" decoding=\"async\" class=\"alignnone wp-image-9719 size-full\" src=\"https:\/\/www.lovingmemorials.com\/wp-content\/uploads\/2022\/01\/Loving-Memorials-Antonio-Gomes-Loving-Memorial-Calm-e1642451952228.png\" alt=\"\" width=\"1024\" height=\"693\"><\/a><\/p><h3>Minnen ber\u00e4ttar en historia<\/h3><p>Rubriken och bildtexten som du l\u00e4gger till i ditt foto \u00e4r valfri och de kan vara hur l\u00e5nga du vill. Du kan bara l\u00e4gga till rubriker eller bildtexter.<\/p><p>Rubriken och bildtexten du l\u00e4gger till kan ocks\u00e5 ber\u00e4tta en historia.<\/p><p><a href=\"https:\/\/www.lovingmemorials.com\/wp-content\/uploads\/2022\/01\/Loving-Memorials-Antonio-Gomes-Loving-Memorial-Story-e1642450695713.png\"><img decoding=\"async\" class=\"alignnone wp-image-9684 size-full\" src=\"https:\/\/www.lovingmemorials.com\/wp-content\/uploads\/2022\/01\/Loving-Memorials-Antonio-Gomes-Loving-Memorial-Story-e1642450695713.png\" alt=\"\" width=\"1024\" height=\"693\"><\/a><\/p><p>Minnen och ber\u00e4ttelser du delar av din \u00e4lskade blir deras livshistoria.<\/p><h3>Online Memorial Slideshow kontra en Slideshow Maker<\/h3><p>En bildspelstillverkare, till exempel skrivbordsprogram eller en gratis app, \u00e4r programvara som l\u00e5ter dig skapa en bildspelsfil eller ett dokument som du kan skicka till v\u00e4nner och familj. Ett online-bildspel, som det i avsnittet Liv i ett k\u00e4rleksfullt minnesm\u00e4rke, har flera f\u00f6rdelar j\u00e4mf\u00f6rt med ett bildspel som inneh\u00e5ller en fil eller ett dokument.<\/p><p>Ett online bildspel g\u00f6r det l\u00e4ttare f\u00f6r familj och v\u00e4nner att skicka in foton och videor. De kan skicka in det h\u00e4r mediet online, direkt till minnesm\u00e4rket, ist\u00e4llet f\u00f6r att dela det med dig via e-post, sms, sociala medier eller fildelningstj\u00e4nster.<\/p><p>Ett online bildspel kan redigeras om utan att beh\u00f6va skickas om varje g\u00e5ng. Bes\u00f6kare kan forts\u00e4tta att bidra till bildspelet online s\u00e5 att det utvecklas \u00f6ver tiden.<\/p><p>En l\u00e4nk till ett minnesm\u00e4rke p\u00e5 n\u00e4tet \u00e4r l\u00e4ttare f\u00f6r dig och andra att dela. Detta l\u00e5ter dig undvika att beh\u00f6va hitta och skicka en fil varje g\u00e5ng minnesm\u00e4rket delas.<\/p><p>Ett bildspel online, till exempel ett Loving Memorial, f\u00f6rvaras s\u00e4kert med s\u00e4kerhetskopior ist\u00e4llet f\u00f6r att f\u00f6rvaras p\u00e5 en enhet som kan skadas eller g\u00e5 f\u00f6rlorad.<\/p>\t\t\t\t\t\t<\/div>\n\t\t\t\t<\/div>\n\t\t\t\t\t<\/div>\n\t\t<\/div>\n\t\t\t\t\t<\/div>\n\t\t<\/section>\n\t\t\t\t\t<\/div>\n\t\t<\/div>\n\t\t\t\t\t<\/div>\n\t\t<\/section>\n\t\t\t\t<\/div>\n\t\t","protected":false},"excerpt":{"rendered":"<p>Hem&gt;&gt; Guide till minneswebbplatser &gt;&gt; Ber\u00e4ttande i ett minnesbildspel F\u00f6r att en minneswebbplats ska f\u00e5nga en \u00e4lskads v\u00e4rdefullhet m\u00e5ste deras ber\u00e4ttelse v\u00e4ckas till liv genom bilder, videor och ord. Det ber\u00e4ttas genom bilder och videor, men orden bakom dessa minnen v\u00e4cker ber\u00e4ttelsen om din \u00e4lskade&#8230;<\/p>\n","protected":false},"author":6,"featured_media":0,"parent":15359,"menu_order":0,"comment_status":"closed","ping_status":"closed","template":"","meta":{"footnotes":""},"class_list":["post-15434","page","type-page","status-publish","hentry"],"_links":{"self":[{"href":"https:\/\/www.lovingmemorials.com\/sv\/wp-json\/wp\/v2\/pages\/15434","targetHints":{"allow":["GET"]}}],"collection":[{"href":"https:\/\/www.lovingmemorials.com\/sv\/wp-json\/wp\/v2\/pages"}],"about":[{"href":"https:\/\/www.lovingmemorials.com\/sv\/wp-json\/wp\/v2\/types\/page"}],"author":[{"embeddable":true,"href":"https:\/\/www.lovingmemorials.com\/sv\/wp-json\/wp\/v2\/users\/6"}],"replies":[{"embeddable":true,"href":"https:\/\/www.lovingmemorials.com\/sv\/wp-json\/wp\/v2\/comments?post=15434"}],"version-history":[{"count":3,"href":"https:\/\/www.lovingmemorials.com\/sv\/wp-json\/wp\/v2\/pages\/15434\/revisions"}],"predecessor-version":[{"id":17328,"href":"https:\/\/www.lovingmemorials.com\/sv\/wp-json\/wp\/v2\/pages\/15434\/revisions\/17328"}],"up":[{"embeddable":true,"href":"https:\/\/www.lovingmemorials.com\/sv\/wp-json\/wp\/v2\/pages\/15359"}],"wp:attachment":[{"href":"https:\/\/www.lovingmemorials.com\/sv\/wp-json\/wp\/v2\/media?parent=15434"}],"curies":[{"name":"wp","href":"https:\/\/api.w.org\/{rel}","templated":true}]}}