{"id":15674,"date":"2022-02-16T18:38:50","date_gmt":"2022-02-16T18:38:50","guid":{"rendered":"https:\/\/www.lovingmemorials.com\/guide-till-minnesmarken-online\/ett-minnesmarke-pa-natet-med-fokus-pa-din-alskade\/"},"modified":"2022-02-26T02:57:24","modified_gmt":"2022-02-26T02:57:24","slug":"fokus-alskade-en","status":"publish","type":"page","link":"https:\/\/www.lovingmemorials.com\/sv\/guide\/fokus-alskade-en\/","title":{"rendered":"Fokusera p\u00e5 din \u00e4lskade"},"content":{"rendered":"\t\t<div data-elementor-type=\"wp-page\" data-elementor-id=\"15674\" class=\"elementor elementor-15674\" data-elementor-post-type=\"page\">\n\t\t\t\t\t\t<section class=\"elementor-section elementor-top-section elementor-element elementor-element-0182c20 elementor-section-content-middle elementor-section-boxed elementor-section-height-default elementor-section-height-default parallax_section_no qode_elementor_container_no\" data-id=\"0182c20\" data-element_type=\"section\">\n\t\t\t\t\t\t<div class=\"elementor-container elementor-column-gap-no\">\n\t\t\t\t\t<div class=\"elementor-column elementor-col-100 elementor-top-column elementor-element elementor-element-f85ac67\" data-id=\"f85ac67\" data-element_type=\"column\">\n\t\t\t<div class=\"elementor-widget-wrap elementor-element-populated\">\n\t\t\t\t\t\t<div class=\"elementor-element elementor-element-a3ba493 guide-breardcrumb elementor-widget elementor-widget-text-editor\" data-id=\"a3ba493\" data-element_type=\"widget\" data-widget_type=\"text-editor.default\">\n\t\t\t\t<div class=\"elementor-widget-container\">\n\t\t\t\t\t\t\t<p><a href=\"https:\/\/www.lovingmemorials.com\/sv\/\">Hem<\/a>&gt;&gt; <a href=\"https:\/\/www.lovingmemorials.com\/sv\/guide\/\">Guide till minneswebbplatser<\/a> &gt;&gt;<\/p>\t\t\t\t\t\t<\/div>\n\t\t\t\t<\/div>\n\t\t\t\t<div class=\"elementor-element elementor-element-fff4700 page-header elementor-widget elementor-widget-heading\" data-id=\"fff4700\" data-element_type=\"widget\" data-widget_type=\"heading.default\">\n\t\t\t\t<div class=\"elementor-widget-container\">\n\t\t\t<h1 class=\"elementor-heading-title elementor-size-default\">Ett minnesm\u00e4rke med fokus p\u00e5 din \u00e4lskade<\/h1>\t\t<\/div>\n\t\t\t\t<\/div>\n\t\t\t\t<section class=\"elementor-section elementor-inner-section elementor-element elementor-element-5c8432b elementor-section-content-middle container-shadow elementor-section-boxed elementor-section-height-default elementor-section-height-default parallax_section_no qode_elementor_container_no\" data-id=\"5c8432b\" data-element_type=\"section\" data-settings=\"{&quot;background_background&quot;:&quot;classic&quot;}\">\n\t\t\t\t\t\t<div class=\"elementor-container elementor-column-gap-no\">\n\t\t\t\t\t<div class=\"elementor-column elementor-col-100 elementor-inner-column elementor-element elementor-element-6155df8\" data-id=\"6155df8\" data-element_type=\"column\">\n\t\t\t<div class=\"elementor-widget-wrap elementor-element-populated\">\n\t\t\t\t\t\t<div class=\"elementor-element elementor-element-a9e2b32 elementor-widget elementor-widget-text-editor\" data-id=\"a9e2b32\" data-element_type=\"widget\" data-widget_type=\"text-editor.default\">\n\t\t\t\t<div class=\"elementor-widget-container\">\n\t\t\t\t\t\t\t<p><span style=\"font-weight: 400;\">Hj\u00e4lten i ett minnesm\u00e4rke online \u00e4r din \u00e4lskade och minnesm\u00e4rket m\u00e5ste vara helt fokuserat p\u00e5 dem. Ett minnesm\u00e4rke b\u00f6rjar tappa detta fokus n\u00e4r det har annonser och f\u00f6retagets varum\u00e4rke som \u00e4r f\u00f6r framtr\u00e4dande.<\/span><\/p><h3><b>Annonser och l\u00e4nkar f\u00f6r att skapa ett minnesm\u00e4rke f\u00f6r n\u00e5gon annan<\/b><\/h3><p><span style=\"font-weight: 400;\">Annonser \u00e4r en visuell distraktion till ber\u00e4ttelsen om din \u00e4lskade. De skapar r\u00f6ran och &#8221;brus&#8221; och som kommer i v\u00e4gen f\u00f6r de viktiga saker du ber\u00e4ttar om din \u00e4lskade. Annonser p\u00e5 ett minnesm\u00e4rke kan vara i form av bannerannonser, textannonser eller l\u00e4nkar f\u00f6r att skapa ett minnesm\u00e4rke f\u00f6r n\u00e5gon annan. <\/span><\/p><h3><b>F\u00f6retagsvarum\u00e4rke som \u00e4r f\u00f6r framtr\u00e4dande<\/b><\/h3><p>Den minneswebbplatstj\u00e4nst som tillhandah\u00e5ller ditt minnesm\u00e4rke kan ha sin f\u00f6retagslogotyp visad f\u00f6r tydligt. F\u00f6retagsl\u00e4nkar, som f\u00f6retagets konton i sociala medier, kan ocks\u00e5 visas p\u00e5 din \u00e4lskades minnesm\u00e4rke.<\/p><p>En f\u00f6retagslogotyp och andra f\u00f6retagsl\u00e4nkar tillf\u00f6r ingenting till minnesm\u00e4rket, och de kan vara en visuell distraktion f\u00f6r ber\u00e4ttelsen om din \u00e4lskade, samtidigt som de tar bort fr\u00e5n dess visuella tilltalande.<\/p><h3><b>Ett k\u00e4rleksfullt minne \u00e4r fokuserat p\u00e5 din \u00e4lskade<\/b><\/h3><p>Ett minnesm\u00e4rke som \u00e4r helt fokuserat p\u00e5 din \u00e4lskade k\u00e4nns fridfullt och fridfullt.<\/p><p>Nedan \u00e4r en sk\u00e4rmdump av v\u00e5rt <a href=\"https:\/\/www.lovingmemorials.com\/m\/antonio-gomes\/112925\/\">exempel<\/a> p\u00e5 Loving Memorial. P\u00e5 ett Loving Memorial kommer du inte att se l\u00e4nkar f\u00f6r att skapa ett minnesm\u00e4rke f\u00f6r n\u00e5gon annan, eller n\u00e5gra annonser, och v\u00e5r logotyp m\u00e4rks knappt.<\/p><p><a href=\"https:\/\/www.lovingmemorials.com\/m\/antonio-gomes\/112925\/\" target=\"_blank\" rel=\"noopener\"><img fetchpriority=\"high\" decoding=\"async\" class=\"alignnone wp-image-9554 size-full\" src=\"https:\/\/www.lovingmemorials.com\/wp-content\/uploads\/2022\/01\/Loving-Memorials-Antonio-Gomes-Loving-Memorial-e1642443938302.png\" alt=\"Bildhemsida med k\u00e4rleksfulla minnesm\u00e4rken\" width=\"1024\" height=\"693\"><\/a><\/p>\t\t\t\t\t\t<\/div>\n\t\t\t\t<\/div>\n\t\t\t\t<div class=\"elementor-element elementor-element-a2aaf84 elementor-widget__width-initial elementor-widget-mobile__width-inherit elementor-widget elementor-widget-image\" data-id=\"a2aaf84\" data-element_type=\"widget\" data-widget_type=\"image.default\">\n\t\t\t\t<div class=\"elementor-widget-container\">\n\t\t\t\t\t\t\t\t\t\t\t\t\t\t<a href=\"https:\/\/www.lovingmemorials.com\/wp-content\/uploads\/2022\/01\/Loving-Memorials-Antonio-Gomes-Loving-Memorial-Heart-e1642445682611.png\" data-elementor-open-lightbox=\"yes\" data-elementor-lightbox-title=\"Loving Memorials Antonio Gomes Loving Memorial Heart\" data-e-action-hash=\"#elementor-action%3Aaction%3Dlightbox%26settings%3DeyJpZCI6OTU5MCwidXJsIjoiaHR0cHM6XC9cL3d3dy5sb3ZpbmdtZW1vcmlhbHMuY29tXC93cC1jb250ZW50XC91cGxvYWRzXC8yMDIyXC8wMVwvTG92aW5nLU1lbW9yaWFscy1BbnRvbmlvLUdvbWVzLUxvdmluZy1NZW1vcmlhbC1IZWFydC1lMTY0MjQ0NTY4MjYxMS5wbmcifQ%3D%3D\">\n\t\t\t\t\t\t\t<img decoding=\"async\" width=\"600\" height=\"620\" src=\"https:\/\/www.lovingmemorials.com\/wp-content\/uploads\/2022\/01\/Loving-Memorials-Antonio-Gomes-Loving-Memorial-Heart-e1642445682611.png\" class=\"attachment-full size-full wp-image-9590\" alt=\"Half Image hemsida med k\u00e4rleksfulla minnesm\u00e4rken\" \/>\t\t\t\t\t\t\t\t<\/a>\n\t\t\t\t\t\t\t\t\t\t\t\t\t<\/div>\n\t\t\t\t<\/div>\n\t\t\t\t<div class=\"elementor-element elementor-element-93e206d elementor-widget__width-initial elementor-widget-mobile__width-inherit elementor-widget elementor-widget-text-editor\" data-id=\"93e206d\" data-element_type=\"widget\" data-widget_type=\"text-editor.default\">\n\t\t\t\t<div class=\"elementor-widget-container\">\n\t\t\t\t\t\t\t<p>P\u00e5 ett k\u00e4rleksfullt minnesm\u00e4rke, d\u00e4r en logotyp normalt skulle dyka upp, visar vi bara hj\u00e4rtdelen av v\u00e5r logotyp utan bokst\u00e4ver. Hj\u00e4rtat ger minnesm\u00e4rket v\u00e4rme utan att kunna identifieras som en logotyp.<\/p><p>P\u00e5 Loving Memorials \u00e4r v\u00e5rt varum\u00e4rke inte historiens hj\u00e4lte, din \u00e4lskade \u00e4r historiens hj\u00e4lte.<\/p>\t\t\t\t\t\t<\/div>\n\t\t\t\t<\/div>\n\t\t\t\t\t<\/div>\n\t\t<\/div>\n\t\t\t\t\t<\/div>\n\t\t<\/section>\n\t\t\t\t\t<\/div>\n\t\t<\/div>\n\t\t\t\t\t<\/div>\n\t\t<\/section>\n\t\t\t\t<\/div>\n\t\t","protected":false},"excerpt":{"rendered":"<p>Hem&gt;&gt; Guide till minneswebbplatser &gt;&gt; Ett minnesm\u00e4rke med fokus p\u00e5 din \u00e4lskade Hj\u00e4lten i ett minnesm\u00e4rke online \u00e4r din \u00e4lskade och minnesm\u00e4rket m\u00e5ste vara helt fokuserat p\u00e5 dem. Ett minnesm\u00e4rke b\u00f6rjar tappa detta fokus n\u00e4r det har annonser och f\u00f6retagets varum\u00e4rke som \u00e4r f\u00f6r framtr\u00e4dande&#8230;.<\/p>\n","protected":false},"author":6,"featured_media":0,"parent":15359,"menu_order":0,"comment_status":"closed","ping_status":"closed","template":"","meta":{"footnotes":""},"class_list":["post-15674","page","type-page","status-publish","hentry"],"_links":{"self":[{"href":"https:\/\/www.lovingmemorials.com\/sv\/wp-json\/wp\/v2\/pages\/15674","targetHints":{"allow":["GET"]}}],"collection":[{"href":"https:\/\/www.lovingmemorials.com\/sv\/wp-json\/wp\/v2\/pages"}],"about":[{"href":"https:\/\/www.lovingmemorials.com\/sv\/wp-json\/wp\/v2\/types\/page"}],"author":[{"embeddable":true,"href":"https:\/\/www.lovingmemorials.com\/sv\/wp-json\/wp\/v2\/users\/6"}],"replies":[{"embeddable":true,"href":"https:\/\/www.lovingmemorials.com\/sv\/wp-json\/wp\/v2\/comments?post=15674"}],"version-history":[{"count":4,"href":"https:\/\/www.lovingmemorials.com\/sv\/wp-json\/wp\/v2\/pages\/15674\/revisions"}],"predecessor-version":[{"id":17899,"href":"https:\/\/www.lovingmemorials.com\/sv\/wp-json\/wp\/v2\/pages\/15674\/revisions\/17899"}],"up":[{"embeddable":true,"href":"https:\/\/www.lovingmemorials.com\/sv\/wp-json\/wp\/v2\/pages\/15359"}],"wp:attachment":[{"href":"https:\/\/www.lovingmemorials.com\/sv\/wp-json\/wp\/v2\/media?parent=15674"}],"curies":[{"name":"wp","href":"https:\/\/api.w.org\/{rel}","templated":true}]}}