{"id":15880,"date":"2022-02-16T20:30:36","date_gmt":"2022-02-16T20:30:36","guid":{"rendered":"https:\/\/www.lovingmemorials.com\/guide-till-minnesmarken-online\/skillnaden-mellan-en-dodsannons-online-och-ett-minnesmarke-online\/"},"modified":"2022-02-26T03:03:26","modified_gmt":"2022-02-26T03:03:26","slug":"skillnad-mellan-nekrolog-minne","status":"publish","type":"page","link":"https:\/\/www.lovingmemorials.com\/sv\/guide\/skillnad-mellan-nekrolog-minne\/","title":{"rendered":"Skillnaden mellan en d\u00f6dsannons online och ett minnesm\u00e4rke online"},"content":{"rendered":"\t\t<div data-elementor-type=\"wp-page\" data-elementor-id=\"15880\" class=\"elementor elementor-15880\" data-elementor-post-type=\"page\">\n\t\t\t\t\t\t<section class=\"elementor-section elementor-top-section elementor-element elementor-element-0182c20 elementor-section-content-middle elementor-section-boxed elementor-section-height-default elementor-section-height-default parallax_section_no qode_elementor_container_no\" data-id=\"0182c20\" data-element_type=\"section\">\n\t\t\t\t\t\t<div class=\"elementor-container elementor-column-gap-no\">\n\t\t\t\t\t<div class=\"elementor-column elementor-col-100 elementor-top-column elementor-element elementor-element-f85ac67\" data-id=\"f85ac67\" data-element_type=\"column\">\n\t\t\t<div class=\"elementor-widget-wrap elementor-element-populated\">\n\t\t\t\t\t\t<div class=\"elementor-element elementor-element-a3ba493 guide-breardcrumb elementor-widget elementor-widget-text-editor\" data-id=\"a3ba493\" data-element_type=\"widget\" data-widget_type=\"text-editor.default\">\n\t\t\t\t<div class=\"elementor-widget-container\">\n\t\t\t\t\t\t\t<p><a href=\"https:\/\/www.lovingmemorials.com\/sv\/\">Hem<\/a>&gt;&gt; <a href=\"https:\/\/www.lovingmemorials.com\/sv\/guide\/\">Guide till minneswebbplatser<\/a> &gt;&gt;<\/p>\t\t\t\t\t\t<\/div>\n\t\t\t\t<\/div>\n\t\t\t\t<div class=\"elementor-element elementor-element-fff4700 page-header elementor-widget elementor-widget-heading\" data-id=\"fff4700\" data-element_type=\"widget\" data-widget_type=\"heading.default\">\n\t\t\t\t<div class=\"elementor-widget-container\">\n\t\t\t<h1 class=\"elementor-heading-title elementor-size-default\">Skillnaden mellan en d\u00f6dsruna online och ett minnesm\u00e4rke\n<\/h1>\t\t<\/div>\n\t\t\t\t<\/div>\n\t\t\t\t<section class=\"elementor-section elementor-inner-section elementor-element elementor-element-5c8432b elementor-section-content-middle container-shadow elementor-section-boxed elementor-section-height-default elementor-section-height-default parallax_section_no qode_elementor_container_no\" data-id=\"5c8432b\" data-element_type=\"section\" data-settings=\"{&quot;background_background&quot;:&quot;classic&quot;}\">\n\t\t\t\t\t\t<div class=\"elementor-container elementor-column-gap-no\">\n\t\t\t\t\t<div class=\"elementor-column elementor-col-100 elementor-inner-column elementor-element elementor-element-6155df8\" data-id=\"6155df8\" data-element_type=\"column\">\n\t\t\t<div class=\"elementor-widget-wrap elementor-element-populated\">\n\t\t\t\t\t\t<div class=\"elementor-element elementor-element-cf3f708 elementor-widget elementor-widget-text-editor\" data-id=\"cf3f708\" data-element_type=\"widget\" data-widget_type=\"text-editor.default\">\n\t\t\t\t<div class=\"elementor-widget-container\">\n\t\t\t\t\t\t\t<p>En d\u00f6dsruna <span style=\"font-weight: 400;\">tillk\u00e4nnager en persons bortg\u00e5ng, ett minnesm\u00e4rke p\u00e5 n\u00e4tet firar livet.<\/span><\/p><h3>D\u00f6dsannonser online<\/h3><p>En d\u00f6dsruna p\u00e5 n\u00e4tet publiceras vanligtvis p\u00e5 en begravningsbyr\u00e5s hemsida eller i en tidning. Det hj\u00e4lper till att meddela den avlidnes bortg\u00e5ng och det ger information om gudstj\u00e4nster som h\u00e5lls s\u00e5som visitationer, gudstj\u00e4nster och begravningsdetaljer.<\/p><p>En d\u00f6dsruna p\u00e5 n\u00e4tet har en \u00f6versikt \u00f6ver den avlidnes liv och en lista \u00f6ver familj och sl\u00e4ktingar. Det kan inkludera d\u00f6dsorsaken, bilder, videor och livestr\u00f6mmar av tj\u00e4nster som h\u00e5lls.<\/p><p>Ofta kan m\u00e4nniskor l\u00e4mna kondoleanser eller meddelanden i en g\u00e4stbok, s\u00e5v\u00e4l som ett s\u00e4tt att skicka blommor till tj\u00e4nster.<\/p><p>N\u00e4tannonser \u00e4r alltid offentliga och kan ses p\u00e5 en begravningsbyr\u00e5s hemsida eller i en tidning.<\/p><p>Hur l\u00e5ng tid som en d\u00f6dsannons p\u00e5 n\u00e4tet stannar upp beror p\u00e5 begravningsbyr\u00e5n eller tidningen.<\/p><h3>Minnesm\u00e4rken online<\/h3><p>En webbplats eller sida f\u00f6r minnesm\u00e4rken online \u00e4r inriktad p\u00e5 att minnas, fira och hedra den avlidnes liv.<\/p><p>Den inneh\u00e5ller bilder, videor och minnen. <\/p><p>Det kan inneh\u00e5lla uppgifter om den avlidnes familj, hobbyer, intressen och f\u00f6reningar de tillh\u00f6rde, tillsammans med uppgifter om f\u00f6delse.<\/p><p>Familjen eller v\u00e4nnen som skapar minnesm\u00e4rket kommer att dela det med andra och l\u00e5ta dem l\u00e4gga till det. Onlineminnesm\u00e4rken inneh\u00e5ller vanligtvis en g\u00e4stbok d\u00e4r bes\u00f6kare kan dela tankar, minnen, foton och videor.<\/p><p>En webbplats f\u00f6r minnesm\u00e4rken online l\u00e5ter dig vanligtvis best\u00e4mma om du vill att den ska vara privat eller l\u00e5ta n\u00e5gon se den.<\/p><p>Den b\u00e4sta anledningen till att ha ett minnesm\u00e4rke online \u00e4r att se till att personen som gick bort alltid kommer ih\u00e5g.<\/p>\t\t\t\t\t\t<\/div>\n\t\t\t\t<\/div>\n\t\t\t\t\t<\/div>\n\t\t<\/div>\n\t\t\t\t\t<\/div>\n\t\t<\/section>\n\t\t\t\t\t<\/div>\n\t\t<\/div>\n\t\t\t\t\t<\/div>\n\t\t<\/section>\n\t\t\t\t<\/div>\n\t\t","protected":false},"excerpt":{"rendered":"<p>Hem&gt;&gt; Guide till minneswebbplatser &gt;&gt; Skillnaden mellan en d\u00f6dsruna online och ett minnesm\u00e4rke En d\u00f6dsruna tillk\u00e4nnager en persons bortg\u00e5ng, ett minnesm\u00e4rke p\u00e5 n\u00e4tet firar livet. D\u00f6dsannonser online En d\u00f6dsruna p\u00e5 n\u00e4tet publiceras vanligtvis p\u00e5 en begravningsbyr\u00e5s hemsida eller i en tidning. Det hj\u00e4lper till att&#8230;<\/p>\n","protected":false},"author":6,"featured_media":0,"parent":15359,"menu_order":0,"comment_status":"closed","ping_status":"closed","template":"","meta":{"footnotes":""},"class_list":["post-15880","page","type-page","status-publish","hentry"],"_links":{"self":[{"href":"https:\/\/www.lovingmemorials.com\/sv\/wp-json\/wp\/v2\/pages\/15880","targetHints":{"allow":["GET"]}}],"collection":[{"href":"https:\/\/www.lovingmemorials.com\/sv\/wp-json\/wp\/v2\/pages"}],"about":[{"href":"https:\/\/www.lovingmemorials.com\/sv\/wp-json\/wp\/v2\/types\/page"}],"author":[{"embeddable":true,"href":"https:\/\/www.lovingmemorials.com\/sv\/wp-json\/wp\/v2\/users\/6"}],"replies":[{"embeddable":true,"href":"https:\/\/www.lovingmemorials.com\/sv\/wp-json\/wp\/v2\/comments?post=15880"}],"version-history":[{"count":2,"href":"https:\/\/www.lovingmemorials.com\/sv\/wp-json\/wp\/v2\/pages\/15880\/revisions"}],"predecessor-version":[{"id":17948,"href":"https:\/\/www.lovingmemorials.com\/sv\/wp-json\/wp\/v2\/pages\/15880\/revisions\/17948"}],"up":[{"embeddable":true,"href":"https:\/\/www.lovingmemorials.com\/sv\/wp-json\/wp\/v2\/pages\/15359"}],"wp:attachment":[{"href":"https:\/\/www.lovingmemorials.com\/sv\/wp-json\/wp\/v2\/media?parent=15880"}],"curies":[{"name":"wp","href":"https:\/\/api.w.org\/{rel}","templated":true}]}}