{"id":14305,"date":"2022-02-16T03:50:32","date_gmt":"2022-02-16T03:50:32","guid":{"rendered":"https:\/\/www.lovingmemorials.com\/hakkinda\/"},"modified":"2022-02-16T03:50:36","modified_gmt":"2022-02-16T03:50:36","slug":"hakkinda","status":"publish","type":"page","link":"https:\/\/www.lovingmemorials.com\/tr\/hakkinda\/","title":{"rendered":"Hakk\u0131nda"},"content":{"rendered":"\t\t<div data-elementor-type=\"wp-page\" data-elementor-id=\"14305\" class=\"elementor elementor-14305\" data-elementor-post-type=\"page\">\n\t\t\t\t\t\t<section class=\"elementor-section elementor-top-section elementor-element elementor-element-5312331 elementor-section-content-middle page-header elementor-section-boxed elementor-section-height-default elementor-section-height-default parallax_section_no qode_elementor_container_no\" data-id=\"5312331\" data-element_type=\"section\">\n\t\t\t\t\t\t<div class=\"elementor-container elementor-column-gap-no\">\n\t\t\t\t\t<div class=\"elementor-column elementor-col-100 elementor-top-column elementor-element elementor-element-e8f5fcc\" data-id=\"e8f5fcc\" data-element_type=\"column\">\n\t\t\t<div class=\"elementor-widget-wrap elementor-element-populated\">\n\t\t\t\t\t\t<div class=\"elementor-element elementor-element-3d87450 elementor-widget elementor-widget-heading\" data-id=\"3d87450\" data-element_type=\"widget\" data-widget_type=\"heading.default\">\n\t\t\t\t<div class=\"elementor-widget-container\">\n\t\t\t<h1 class=\"elementor-heading-title elementor-size-default\">Sevgi An\u0131lar\u0131 Hakk\u0131nda<\/h1>\t\t<\/div>\n\t\t\t\t<\/div>\n\t\t\t\t<section class=\"elementor-section elementor-inner-section elementor-element elementor-element-a0018ee elementor-section-content-middle container-shadow elementor-section-boxed elementor-section-height-default elementor-section-height-default parallax_section_no qode_elementor_container_no\" data-id=\"a0018ee\" data-element_type=\"section\" data-settings=\"{&quot;background_background&quot;:&quot;classic&quot;}\">\n\t\t\t\t\t\t<div class=\"elementor-container elementor-column-gap-no\">\n\t\t\t\t\t<div class=\"elementor-column elementor-col-100 elementor-inner-column elementor-element elementor-element-1c643d0\" data-id=\"1c643d0\" data-element_type=\"column\">\n\t\t\t<div class=\"elementor-widget-wrap elementor-element-populated\">\n\t\t\t\t\t\t<div class=\"elementor-element elementor-element-e1e7f26 elementor-widget__width-initial elementor-widget-mobile__width-inherit elementor-widget elementor-widget-text-editor\" data-id=\"e1e7f26\" data-element_type=\"widget\" data-widget_type=\"text-editor.default\">\n\t\t\t\t<div class=\"elementor-widget-container\">\n\t\t\t\t\t\t\t<p>Loving Memorials, sevdikleriniz i\u00e7in kolayca zarif bir \u00e7evrimi\u00e7i an\u0131t olu\u015fturman\u0131za olanak tan\u0131yan bir hizmettir.<\/p>\n<p>Bir Sevgi An\u0131t\u0131 sadeli\u011fi i\u00e7inde sofistikedir. D\u00fczenli bir tasar\u0131ma sahiptir ve benzersiz bir g\u00f6rsel deneyim sunar. Bir hayat\u0131 onurland\u0131rmak ve ona hara\u00e7 \u00f6demek s\u00f6z konusu oldu\u011funda, daha az\u0131n\u0131n daha fazla oldu\u011funa inan\u0131yoruz.<\/p>\n<p>Sevgi dolu bir An\u0131t, sevgilinize odaklan\u0131r. Minimal bir \u015firket markas\u0131 var ve ba\u015fka biri i\u00e7in bir an\u0131t olu\u015fturmak i\u00e7in ba\u011flant\u0131lar dahil olmak \u00fczere reklam yok. Sevdi\u011finiz ki\u015fi bu hikayenin kahraman\u0131. <\/p>\n<p>G\u00fczellik, onlar\u0131n hikayesini anlatman\u0131z\u0131 kolayla\u015ft\u0131ran bu basitlikten do\u011far. Her zaman hat\u0131rlanmalar\u0131 i\u00e7in hayatlar\u0131n\u0131 hat\u0131rlamak ve kutlamak i\u00e7in Sevgi An\u0131t\u0131n\u0131z\u0131 aileniz ve arkada\u015flar\u0131n\u0131zla payla\u015f\u0131rs\u0131n\u0131z.<\/p>\n\t\t\t\t\t\t<\/div>\n\t\t\t\t<\/div>\n\t\t\t\t<div class=\"elementor-element elementor-element-7b7c1e2 elementor-widget__width-initial elementor-widget-mobile__width-inherit elementor-widget elementor-widget-text-editor\" data-id=\"7b7c1e2\" data-element_type=\"widget\" data-widget_type=\"text-editor.default\">\n\t\t\t\t<div class=\"elementor-widget-container\">\n\t\t\t\t\t\t\t<p><a href=\"https:\/\/www.lovingmemorials.com\/wp-content\/uploads\/2021\/04\/Loving-Memorial-Tony-e1640665696723.png\"><img fetchpriority=\"high\" decoding=\"async\" class=\"alignnone wp-image-7003 size-large\" src=\"https:\/\/www.lovingmemorials.com\/wp-content\/uploads\/2021\/04\/Loving-Memorial-Tony-1024x768.png\" alt=\"Loving Memorial Tony\" width=\"1024\" height=\"768\"><\/a><\/p>\n\t\t\t\t\t\t<\/div>\n\t\t\t\t<\/div>\n\t\t\t\t<div class=\"elementor-element elementor-element-d694f8d elementor-widget elementor-widget-text-editor\" data-id=\"d694f8d\" data-element_type=\"widget\" data-widget_type=\"text-editor.default\">\n\t\t\t\t<div class=\"elementor-widget-container\">\n\t\t\t\t\t\t\t<h2 id=\"founders-message\">Kurucular\u0131m\u0131zdan Brian&#8217;dan Mesaj<\/h2>\n<p>Babam\u0131n sonraki y\u0131llar\u0131nda, bir keresinde bana \u015f\u00f6yle dedi\u011fini hat\u0131rl\u0131yorum:<\/p>\n<blockquote>\n<p>Gitti\u011fim t\u00fcm yerleri, g\u00f6rd\u00fcklerimi yazmal\u0131y\u0131m.<\/p>\n<\/blockquote>\n\t\t\t\t\t\t<\/div>\n\t\t\t\t<\/div>\n\t\t\t\t<div class=\"elementor-element elementor-element-3f8cf48 elementor-widget__width-initial elementor-widget-mobile__width-inherit elementor-widget elementor-widget-text-editor\" data-id=\"3f8cf48\" data-element_type=\"widget\" data-widget_type=\"text-editor.default\">\n\t\t\t\t<div class=\"elementor-widget-container\">\n\t\t\t\t\t\t\t<p style=\"background-color: #ffffff;\">Babam\u0131n hayat\u0131n\u0131n \u00f6nemli olmas\u0131n\u0131, hat\u0131rlanmak ve unutulmamak istedi\u011fini anlad\u0131m.<\/p>\n<p style=\"background-color: #ffffff;\">Ama gerisi benim i\u00e7in net de\u011fildi. D\u00fc\u015f\u00fcnd\u00fc\u011f\u00fcm\u00fc hat\u0131rl\u0131yorum: &#8220;<i>Bunu nereye yazaca\u011f\u0131z? Kim g\u00f6recek?&#8221; <\/i><\/p>\n<p style=\"background-color: #ffffff;\">Y\u0131llar sonra, babam \u00f6ld\u00fckten sonra cenaze i\u015finde \u00e7al\u0131\u015fmaya ba\u015flad\u0131m ve bana ne dedi\u011fini anlad\u0131m.<\/p>\n<p style=\"background-color: #ffffff;\">Bir \u00f6l\u00fcm ilan\u0131 yaz\u0131l\u0131m\u0131 tasarl\u0131yordum ve bir hayat\u0131n g\u00fczelli\u011finin ve k\u0131ymetinin bir \u00f6l\u00fcm ilan\u0131nda yakalanmad\u0131\u011f\u0131n\u0131 fark ettim.<\/p>\n<p style=\"background-color: #ffffff;\">\u00c7evrimi\u00e7i anma sitesi tekliflerine bakt\u0131m ve yetersiz kald\u0131klar\u0131n\u0131 hissettim. Me\u015fgul ve kafa kar\u0131\u015ft\u0131r\u0131c\u0131yd\u0131lar. Odaklanmadan yoksundular ve g\u00fczellikle bir hayat yakalayam\u0131yorlard\u0131.<\/p>\n<p style=\"background-color: #ffffff;\">Farkl\u0131 bir \u015feye ihtiya\u00e7 vard\u0131. Sadelik ve g\u00fczellikle dolu bir hayat\u0131n hikayesini korumak ve kutlamak i\u00e7in Sevgi dolu An\u0131tlar\u0131n yarat\u0131lmas\u0131na yard\u0131m ettim.<\/p>\n<p style=\"background-color: #ffffff;\">Babam Antonio Gomes i\u00e7in yap\u0131lan Sevgi An\u0131t\u0131, yarat\u0131lan ilk Sevgi An\u0131t\u0131yd\u0131. Olu\u015fturdu\u011fumda, ailem ve arkada\u015flar\u0131mla payla\u015fmaktan gurur duydum. \u015eimdi, babam\u0131n unutulmama arzusunu onurland\u0131rd\u0131\u011f\u0131m\u0131 bilerek, bunu d\u00fcnyayla payla\u015fmaktan gurur duyuyorum.<\/p>\n\t\t\t\t\t\t<\/div>\n\t\t\t\t<\/div>\n\t\t\t\t<div class=\"elementor-element elementor-element-f2d987c elementor-widget__width-initial elementor-widget-mobile__width-inherit elementor-widget elementor-widget-text-editor\" data-id=\"f2d987c\" data-element_type=\"widget\" data-widget_type=\"text-editor.default\">\n\t\t\t\t<div class=\"elementor-widget-container\">\n\t\t\t\t\t\t\t<p><a href=\"https:\/\/www.lovingmemorials.com\/wp-content\/uploads\/2021\/10\/Brian_Dad.jpeg\"><img decoding=\"async\" class=\"alignnone wp-image-1529 size-full\" src=\"https:\/\/www.lovingmemorials.com\/wp-content\/uploads\/2021\/10\/Brian_Dad.jpeg\" alt=\"Image of Brian kneeling beside his dad sitting in a chair\" width=\"768\" height=\"1024\" srcset=\"https:\/\/www.lovingmemorials.com\/wp-content\/uploads\/2021\/10\/Brian_Dad.jpeg 768w, https:\/\/www.lovingmemorials.com\/wp-content\/uploads\/2021\/10\/Brian_Dad-225x300.jpeg 225w, https:\/\/www.lovingmemorials.com\/wp-content\/uploads\/2021\/10\/Brian_Dad-600x800.jpeg 600w, https:\/\/www.lovingmemorials.com\/wp-content\/uploads\/2021\/10\/Brian_Dad-700x933.jpeg 700w\" sizes=\"(max-width: 768px) 100vw, 768px\" \/><\/a><br \/><span style=\"color: #727272;\">Brian ve babas\u0131 Tony Gomes<\/span><\/p>\n\t\t\t\t\t\t<\/div>\n\t\t\t\t<\/div>\n\t\t\t\t<div class=\"elementor-element elementor-element-a313b5c elementor-widget elementor-widget-text-editor\" data-id=\"a313b5c\" data-element_type=\"widget\" data-widget_type=\"text-editor.default\">\n\t\t\t\t<div class=\"elementor-widget-container\">\n\t\t\t\t\t\t\t<h3 id=\"remembrance\">Anma Yoluyla Beklenmedik Bir Yak\u0131nl\u0131k<\/h3>\n<p>Babam\u0131n Sevgi An\u0131t\u0131&#8217;n\u0131 yaratma s\u00fcrecinde ba\u015f\u0131ma gelenlere \u015fa\u015f\u0131rd\u0131m. Resimleri ekleyip hayat hikayesini anlatt\u0131k\u00e7a bizzat ya\u015fad\u0131\u011f\u0131m \u00e7ok \u015fey oldu.<\/p>\n<p>Gurur, \u015f\u00fckran, rahatl\u0131k, \u015fifa ve kutlama ile birlikte g\u00fcl\u00fcmsemeler ve kahkahalar vard\u0131. Ama en \u00e7ok a\u015fk vard\u0131. Bu beni ona \u00e7ok daha yak\u0131nla\u015ft\u0131rd\u0131 ve i\u015fte o zaman Sevgi dolu An\u0131tlar\u0131 daha net anlad\u0131m.<\/p>\n<p>Sevilen birinin unutulmamas\u0131 i\u00e7in ya\u015fayanlar\u0131n onlar\u0131 hat\u0131rlamak oldu\u011funu anlad\u0131m. Anma eylemiyle sevgiyi hisseder ve onlara daha yak\u0131n oluruz. Bu y\u00fczden unutulmamak \u00e7ok \u00f6nemli &#8211; hem sevdiklerimiz hem de bizim i\u00e7in \u00f6nemli.<\/p>\n<p>Sevdikleriniz i\u00e7in bir Sevgi An\u0131t\u0131 yaratmay\u0131 se\u00e7erseniz, Babam\u0131n Sevgi An\u0131t\u0131&#8217;n\u0131 yaratt\u0131\u011f\u0131mda hissetti\u011fim sevgiyi ve yak\u0131nl\u0131\u011f\u0131 hissetmenizi dilerim.<\/p>\n<p>-Brian Gomes<\/p>\n<p>Sevgi dolu An\u0131tlar\u0131n Kurucusu<\/p>\n<h2>Ekibimiz Hakk\u0131nda ve Bunu Neden Yap\u0131yoruz?<\/h2>\n\t\t\t\t\t\t<\/div>\n\t\t\t\t<\/div>\n\t\t\t\t<div class=\"elementor-element elementor-element-159e0c1 elementor-widget-mobile__width-inherit elementor-widget elementor-widget-text-editor\" data-id=\"159e0c1\" data-element_type=\"widget\" data-widget_type=\"text-editor.default\">\n\t\t\t\t<div class=\"elementor-widget-container\">\n\t\t\t\t\t\t\t<p>Loving Memorials, y\u0131llar\u0131n\u0131 d\u00fcnyan\u0131n her yerindeki cenaze evleri i\u00e7in \u00f6l\u00fcm ilan\u0131 \u00e7\u00f6z\u00fcmleri olu\u015fturup geli\u015ftiren bir ekip taraf\u0131ndan olu\u015fturuldu.<\/p>\n<blockquote>\n<p>Yaz\u0131l\u0131m\u0131m\u0131zda 200.000&#8217;den fazla hayat\u0131 hat\u0131rlad\u0131\u011f\u0131m\u0131z i\u00e7in onur duyuyoruz ve daha yeni ba\u015fl\u0131yoruz.<\/p>\n<\/blockquote>\n\t\t\t\t\t\t<\/div>\n\t\t\t\t<\/div>\n\t\t\t\t<div class=\"elementor-element elementor-element-2e13c37 elementor-widget-mobile__width-inherit elementor-widget elementor-widget-text-editor\" data-id=\"2e13c37\" data-element_type=\"widget\" data-widget_type=\"text-editor.default\">\n\t\t\t\t<div class=\"elementor-widget-container\">\n\t\t\t\t\t\t\t<p>Sosyal medyan\u0131n sevdiklerinizi d\u00fczg\u00fcn bir \u015fekilde hat\u0131rlaman\u0131n bir yolunu sa\u011flamad\u0131\u011f\u0131na inan\u0131yoruz ve \u00e7evrimi\u00e7i anma alan\u0131nda farkl\u0131 bir \u015feye ihtiya\u00e7 oldu\u011funu hissettik.<\/p>\n<p>Sevdiklerinizin hayat\u0131n\u0131 sadelik ve zarafetle korumak, payla\u015fmak ve kutlamak i\u00e7in Sevgi An\u0131tlar\u0131 yaratt\u0131k.<\/p>\n\t\t\t\t\t\t<\/div>\n\t\t\t\t<\/div>\n\t\t\t\t\t<\/div>\n\t\t<\/div>\n\t\t\t\t\t<\/div>\n\t\t<\/section>\n\t\t\t\t\t<\/div>\n\t\t<\/div>\n\t\t\t\t\t<\/div>\n\t\t<\/section>\n\t\t\t\t<\/div>\n\t\t","protected":false},"excerpt":{"rendered":"<p>Sevgi An\u0131lar\u0131 Hakk\u0131nda Loving Memorials, sevdikleriniz i\u00e7in kolayca zarif bir \u00e7evrimi\u00e7i an\u0131t olu\u015fturman\u0131za olanak tan\u0131yan bir hizmettir. Bir Sevgi An\u0131t\u0131 sadeli\u011fi i\u00e7inde sofistikedir. D\u00fczenli bir tasar\u0131ma sahiptir ve benzersiz bir g\u00f6rsel deneyim sunar. Bir hayat\u0131 onurland\u0131rmak ve ona hara\u00e7 \u00f6demek s\u00f6z konusu oldu\u011funda, daha az\u0131n\u0131n&#8230;<\/p>\n","protected":false},"author":1,"featured_media":0,"parent":0,"menu_order":0,"comment_status":"closed","ping_status":"closed","template":"","meta":{"footnotes":""},"class_list":["post-14305","page","type-page","status-publish","hentry"],"_links":{"self":[{"href":"https:\/\/www.lovingmemorials.com\/tr\/wp-json\/wp\/v2\/pages\/14305","targetHints":{"allow":["GET"]}}],"collection":[{"href":"https:\/\/www.lovingmemorials.com\/tr\/wp-json\/wp\/v2\/pages"}],"about":[{"href":"https:\/\/www.lovingmemorials.com\/tr\/wp-json\/wp\/v2\/types\/page"}],"author":[{"embeddable":true,"href":"https:\/\/www.lovingmemorials.com\/tr\/wp-json\/wp\/v2\/users\/1"}],"replies":[{"embeddable":true,"href":"https:\/\/www.lovingmemorials.com\/tr\/wp-json\/wp\/v2\/comments?post=14305"}],"version-history":[{"count":1,"href":"https:\/\/www.lovingmemorials.com\/tr\/wp-json\/wp\/v2\/pages\/14305\/revisions"}],"predecessor-version":[{"id":14365,"href":"https:\/\/www.lovingmemorials.com\/tr\/wp-json\/wp\/v2\/pages\/14305\/revisions\/14365"}],"wp:attachment":[{"href":"https:\/\/www.lovingmemorials.com\/tr\/wp-json\/wp\/v2\/media?parent=14305"}],"curies":[{"name":"wp","href":"https:\/\/api.w.org\/{rel}","templated":true}]}}