{"id":14318,"date":"2022-02-16T03:50:33","date_gmt":"2022-02-16T03:50:33","guid":{"rendered":"https:\/\/www.lovingmemorials.com\/sss\/"},"modified":"2022-02-26T00:51:09","modified_gmt":"2022-02-26T00:51:09","slug":"sss","status":"publish","type":"page","link":"https:\/\/www.lovingmemorials.com\/tr\/sss\/","title":{"rendered":"SSS"},"content":{"rendered":"\t\t<div data-elementor-type=\"wp-page\" data-elementor-id=\"14318\" class=\"elementor elementor-14318\" data-elementor-post-type=\"page\">\n\t\t\t\t\t\t<section class=\"elementor-section elementor-top-section elementor-element elementor-element-1e1a11db elementor-section-content-middle elementor-section-boxed elementor-section-height-default elementor-section-height-default parallax_section_no qode_elementor_container_no\" data-id=\"1e1a11db\" data-element_type=\"section\">\n\t\t\t\t\t\t<div class=\"elementor-container elementor-column-gap-no\">\n\t\t\t\t\t<div class=\"elementor-column elementor-col-100 elementor-top-column elementor-element elementor-element-2b02ad84\" data-id=\"2b02ad84\" data-element_type=\"column\">\n\t\t\t<div class=\"elementor-widget-wrap elementor-element-populated\">\n\t\t\t\t\t\t<div class=\"elementor-element elementor-element-b20584c page-header elementor-widget elementor-widget-heading\" data-id=\"b20584c\" data-element_type=\"widget\" data-widget_type=\"heading.default\">\n\t\t\t\t<div class=\"elementor-widget-container\">\n\t\t\t<h1 class=\"elementor-heading-title elementor-size-default\">S\u0131k\u00e7a Sorulan Sorular<\/h1>\t\t<\/div>\n\t\t\t\t<\/div>\n\t\t\t\t<section class=\"elementor-section elementor-inner-section elementor-element elementor-element-34548840 elementor-section-content-middle container-shadow elementor-section-boxed elementor-section-height-default elementor-section-height-default parallax_section_no qode_elementor_container_no\" data-id=\"34548840\" data-element_type=\"section\" data-settings=\"{&quot;background_background&quot;:&quot;classic&quot;}\">\n\t\t\t\t\t\t<div class=\"elementor-container elementor-column-gap-no\">\n\t\t\t\t\t<div class=\"elementor-column elementor-col-100 elementor-inner-column elementor-element elementor-element-c361e2a\" data-id=\"c361e2a\" data-element_type=\"column\">\n\t\t\t<div class=\"elementor-widget-wrap elementor-element-populated\">\n\t\t\t\t\t\t<div class=\"elementor-element elementor-element-5b308156 elementor-widget elementor-widget-text-editor\" data-id=\"5b308156\" data-element_type=\"widget\" data-widget_type=\"text-editor.default\">\n\t\t\t\t<div class=\"elementor-widget-container\">\n\t\t\t\t\t\t\t<h3>Sevgi An\u0131t\u0131 nedir?<\/h3><p><span style=\"font-weight: 400;\">Bir Sevgi An\u0131t\u0131, sevdiklerinizin ya\u015fam\u0131n\u0131 anmak i\u00e7in \u00e7evrimi\u00e7i bir an\u0131tt\u0131r. <\/span><\/p><p><span style=\"font-weight: 400;\">Hizmetimiz, an\u0131lar\u0131n\u0131z\u0131 payla\u015fmak ve sevdiklerinizin hikayesini anlatmak i\u00e7in <a href=\"https:\/\/www.lovingmemorials.com\/tr\/kilavuz\/kullanimi-kolay-memorial-builder-ve-web-sitesi-sablonlari\/\">resimler, videolar, kelimeler ve m\u00fczik eklemenize<\/a> olanak tan\u0131r. An\u0131t\u0131 aileniz ve arkada\u015flar\u0131n\u0131zla payla\u015f\u0131rs\u0131n\u0131z ve onlar da d\u00fc\u015f\u00fcnce, hikaye, foto\u011fraf ve video ekleyerek an\u0131ta katk\u0131da bulunabilirler.<br><\/span><\/p><p>Bir Sevgi An\u0131t\u0131 sadeli\u011fi i\u00e7inde sofistikedir. Kullan\u0131m\u0131 kolayd\u0131r ve zarif, g\u00f6rsel bir deneyim olu\u015fturman\u0131za olanak tan\u0131r.<\/p><h3><strong>Neden<\/strong> bir <strong>Sevgi An\u0131t\u0131 yaratmal\u0131s\u0131n\u0131z?<\/strong><\/h3><p>Sevdi\u011finiz ki\u015fi \u00e7ok de\u011ferliydi ve hayat\u0131 sizi, ailesini, arkada\u015flar\u0131n\u0131 ve tan\u0131\u015ft\u0131\u011f\u0131 insanlar\u0131 derinden etkiledi.<\/p><p>Bir Sevgi An\u0131t\u0131, onlar\u0131 tan\u0131yanlar\u0131n sevgiyi hat\u0131rlamas\u0131n\u0131 ve hissetmesini, g\u00fcl\u00fcmsemesini, g\u00fclmesini, teselli bulmas\u0131n\u0131 ve iyile\u015fmeye ba\u015flamas\u0131n\u0131 sa\u011flar.<\/p><p>Ailenize ve arkada\u015flar\u0131n\u0131za hayatlar\u0131 hakk\u0131nda daha fazla bilgi edinme, an\u0131lar\u0131 payla\u015fma ve sevdiklerinizin unutulmamas\u0131 i\u00e7in hikayeler anlatma f\u0131rsat\u0131 sunar.<\/p><p>Onlar\u0131 tan\u0131yanlarla hayatlar\u0131n\u0131n g\u00fczelliklerini payla\u015f\u0131r ve gelecek nesillerin onlar\u0131 tan\u0131mas\u0131na olanak sa\u011flar.<\/p><p>Bir Sevgi An\u0131t\u0131 yaratarak ve anma eylemiyle, <a href=\"https:\/\/www.lovingmemorials.com\/tr\/hakkinda\/#remembrance\">sevgiyi ve yak\u0131nl\u0131\u011f\u0131<\/a> da deneyimleyebiliriz.<\/p><h3><strong>Bir Sevgi An\u0131t\u0131&#8217;n\u0131 nas\u0131l olu\u015fturabilirim<\/strong> ?<\/h3><p><span style=\"font-weight: 400;\"><a href=\"https:\/\/www.lovingmemorials.com\/m\/antonio-gomes\/112925\/\">\u00d6rne\u011fi<\/a> inceledikten sonra <a href=\"https:\/\/www.lovingmemorials.com\/tr\/ozellikler-planlar\/\">\u00f6zelliklerimizi<\/a> inceleyebilir, bir plan se\u00e7ebilir ve ard\u0131ndan <a href=\"https:\/\/www.lovingmemorials.com\/create-memorial\/\">kay\u0131t<\/a> olabilirsiniz.<\/span><\/p><h3>Kal\u0131c\u0131 <strong>Plan nedir<\/strong> <strong>?<\/strong><\/h3><p>Daimi Plan, Sevgi An\u0131t\u0131n\u0131z\u0131n <em>her zaman<\/em> bizimle birlikte olmas\u0131 i\u00e7in yaln\u0131zca <em>tek<\/em> bir \u00f6deme yapman\u0131z gerekti\u011fi anlam\u0131na gelir.<\/p><p>Herhangi bir ek \u00fccret veya \u00fccret \u00f6demeden an\u0131t\u0131n\u0131z\u0131 her zaman g\u00f6r\u00fcnt\u00fcleyebilir, d\u00fczenleyebilir, payla\u015fabilir ve ziyaret\u00e7ileri ziyaret etmeye davet edebilirsiniz.<\/p><h3><strong>Bir Sevgi An\u0131t\u0131 yaratmak kolay m\u0131<\/strong> ?<\/h3>\t\t\t\t\t\t<\/div>\n\t\t\t\t<\/div>\n\t\t\t\t<div class=\"elementor-element elementor-element-b860668 elementor-widget__width-initial elementor-widget-tablet__width-inherit elementor-widget-mobile__width-inherit elementor-widget elementor-widget-text-editor\" data-id=\"b860668\" data-element_type=\"widget\" data-widget_type=\"text-editor.default\">\n\t\t\t\t<div class=\"elementor-widget-container\">\n\t\t\t\t\t\t\t<p style=\"background-color: #ffffff;\">\u015eablonumuz, herkesin bir an\u0131t olu\u015fturabilmesini kolayla\u015ft\u0131r\u0131r.<\/p><p style=\"background-color: #ffffff;\">\u00d6rne\u011fin, bir an\u0131 eklemek i\u00e7in bir resim ve kelimelerinizi ekleyin ve ard\u0131ndan &#8216;Kaydet&#8217;i t\u0131klay\u0131n.<\/p>\t\t\t\t\t\t<\/div>\n\t\t\t\t<\/div>\n\t\t\t\t<div class=\"elementor-element elementor-element-f41e78d elementor-widget__width-initial elementor-widget-tablet__width-inherit elementor-widget-mobile__width-inherit elementor-widget elementor-widget-image\" data-id=\"f41e78d\" data-element_type=\"widget\" data-widget_type=\"image.default\">\n\t\t\t\t<div class=\"elementor-widget-container\">\n\t\t\t\t\t\t\t\t\t\t<figure class=\"wp-caption\">\n\t\t\t\t\t\t\t\t\t\t\t<a href=\"https:\/\/www.lovingmemorials.com\/wp-content\/uploads\/2021\/11\/dad-mom.png\" data-elementor-open-lightbox=\"yes\" data-elementor-lightbox-title=\"baba-anne\" data-e-action-hash=\"#elementor-action%3Aaction%3Dlightbox%26settings%3DeyJpZCI6ODc5MiwidXJsIjoiaHR0cHM6XC9cL3d3dy5sb3ZpbmdtZW1vcmlhbHMuY29tXC93cC1jb250ZW50XC91cGxvYWRzXC8yMDIxXC8xMVwvZGFkLW1vbS5wbmcifQ%3D%3D\">\n\t\t\t\t\t\t\t<img fetchpriority=\"high\" decoding=\"async\" width=\"991\" height=\"762\" src=\"https:\/\/www.lovingmemorials.com\/wp-content\/uploads\/2021\/11\/dad-mom.png\" class=\"attachment-full size-full wp-image-8792\" alt=\"\" srcset=\"https:\/\/www.lovingmemorials.com\/wp-content\/uploads\/2021\/11\/dad-mom.png 991w, https:\/\/www.lovingmemorials.com\/wp-content\/uploads\/2021\/11\/dad-mom-300x231.png 300w, https:\/\/www.lovingmemorials.com\/wp-content\/uploads\/2021\/11\/dad-mom-768x591.png 768w, https:\/\/www.lovingmemorials.com\/wp-content\/uploads\/2021\/11\/dad-mom-700x538.png 700w\" sizes=\"(max-width: 991px) 100vw, 991px\" \/>\t\t\t\t\t\t\t\t<\/a>\n\t\t\t\t\t\t\t\t\t\t\t<figcaption class=\"widget-image-caption wp-caption-text\"><\/figcaption>\n\t\t\t\t\t\t\t\t\t\t<\/figure>\n\t\t\t\t\t\t\t<\/div>\n\t\t\t\t<\/div>\n\t\t\t\t<div class=\"elementor-element elementor-element-9a30300 elementor-widget elementor-widget-text-editor\" data-id=\"9a30300\" data-element_type=\"widget\" data-widget_type=\"text-editor.default\">\n\t\t\t\t<div class=\"elementor-widget-container\">\n\t\t\t\t\t\t\t<h3 style=\"background-color: #ffffff;\"><strong>An\u0131t<\/strong> web sitem <strong>nas\u0131l g\u00f6r\u00fcnecek?<\/strong><\/h3><p>\u015eablon g\u00f6revi g\u00f6recek <a href=\"https:\/\/www.lovingmemorials.com\/tr\/kilavuz\/kullanimi-kolay-memorial-builder-ve-web-sitesi-sablonlari\/#templates\">200&#8217;den fazla arka plan resmimizden<\/a> birini se\u00e7in. Ard\u0131ndan, sevdiklerinize benzersiz bir \u00f6vg\u00fc olu\u015fturmak i\u00e7in her sayfay\u0131 foto\u011fraflar\u0131n\u0131z, duygular\u0131n\u0131z ve videolar\u0131n\u0131zla \u00f6zelle\u015ftirin.<\/p><p>A\u015fa\u011f\u0131da sadece birka\u00e7 arka plan g\u00f6r\u00fcnt\u00fcs\u00fc \u00f6rne\u011fi verilmi\u015ftir. Arad\u0131\u011f\u0131n\u0131z g\u00f6rsel t\u00fcr\u00fc bizde yoksa, l\u00fctfen bizimle ileti\u015fime ge\u00e7in, sizi a\u011f\u0131rlamak i\u00e7in elimizden gelenin en iyisini yapaca\u011f\u0131z.<\/p>\t\t\t\t\t\t<\/div>\n\t\t\t\t<\/div>\n\t\t\t\t<div class=\"elementor-element elementor-element-236c673 elementor-widget elementor-widget-bridge_advanced_image_gallery\" data-id=\"236c673\" data-element_type=\"widget\" data-widget_type=\"bridge_advanced_image_gallery.default\">\n\t\t\t\t<div class=\"elementor-widget-container\">\n\t\t\t<div class=\"qode-advanced-image-gallery  qode-aig-grid-type qode-small-space qode-has-shadow qode-image-behavior-lightbox \">\n\t<div class=\"qode-aig-inner qode-outer-space qode-aig-grid qode-aig-three-columns\">\n\t\t\t\t\t<div class=\"qode-aig-image qode-item-space\">\n\t\t\t\t<div class=\"qode-aig-image-inner\">\n\t\t\t\t\t\t\t\t\t\t\t<a itemprop=\"image\" class=\"qode-aig-lightbox\" href=\"https:\/\/www.lovingmemorials.com\/wp-content\/uploads\/2021\/12\/ocean-sunset-scaled-e1639276389987.jpg\" data-rel=\"prettyPhoto[image_gallery_pretty_photo-228]\" title=\"G\u00f6ky\u00fcz\u00fc,Arka Plan,And,Su,Yans\u0131ma.,Element,Of,Tasar\u0131m.\">\n\t\t\t\t\t\t\t\t\t\t\t<img decoding=\"async\" width=\"1024\" height=\"576\" src=\"https:\/\/www.lovingmemorials.com\/wp-content\/uploads\/2021\/12\/ocean-sunset-scaled-e1639276389987.jpg\" class=\"attachment-full size-full\" alt=\"\" srcset=\"https:\/\/www.lovingmemorials.com\/wp-content\/uploads\/2021\/12\/ocean-sunset-scaled-e1639276389987.jpg 1024w, https:\/\/www.lovingmemorials.com\/wp-content\/uploads\/2021\/12\/ocean-sunset-scaled-e1639276389987-300x169.jpg 300w, https:\/\/www.lovingmemorials.com\/wp-content\/uploads\/2021\/12\/ocean-sunset-scaled-e1639276389987-768x432.jpg 768w, https:\/\/www.lovingmemorials.com\/wp-content\/uploads\/2021\/12\/ocean-sunset-scaled-e1639276389987-700x394.jpg 700w, https:\/\/www.lovingmemorials.com\/wp-content\/uploads\/2021\/12\/ocean-sunset-scaled-e1639276389987-539x303.jpg 539w\" sizes=\"(max-width: 1024px) 100vw, 1024px\" \/>\t\t\t\t\t\t<span class=\"aig-gallery-hover\">\n\t\t\t\t\t\t\t\t\t\t\t\t\t\t\t<span class=\"icon-arrows-plus\"><\/span> \n\t\t\t\t\t\t\t\t\t\t\t\t\t<\/span>\n\t\t\t\t\t\t\t\t\t\t\t<\/a>\n\t\t\t\t\t\t\t\t\t<\/div>\n\t\t\t<\/div>\n\t\t\t\t\t<div class=\"qode-aig-image qode-item-space\">\n\t\t\t\t<div class=\"qode-aig-image-inner\">\n\t\t\t\t\t\t\t\t\t\t\t<a itemprop=\"image\" class=\"qode-aig-lightbox\" href=\"https:\/\/www.lovingmemorials.com\/wp-content\/uploads\/2021\/12\/sunny-trees.jpg-scaled-e1639414524577.jpg\" data-rel=\"prettyPhoto[image_gallery_pretty_photo-228]\" title=\"ye\u015fil bah\u00e7e\">\n\t\t\t\t\t\t\t\t\t\t\t<img decoding=\"async\" width=\"1025\" height=\"574\" src=\"https:\/\/www.lovingmemorials.com\/wp-content\/uploads\/2021\/12\/sunny-trees.jpg-scaled-e1639414524577.jpg\" class=\"attachment-full size-full\" alt=\"\" srcset=\"https:\/\/www.lovingmemorials.com\/wp-content\/uploads\/2021\/12\/sunny-trees.jpg-scaled-e1639414524577.jpg 1025w, https:\/\/www.lovingmemorials.com\/wp-content\/uploads\/2021\/12\/sunny-trees.jpg-scaled-e1639414524577-300x168.jpg 300w, https:\/\/www.lovingmemorials.com\/wp-content\/uploads\/2021\/12\/sunny-trees.jpg-scaled-e1639414524577-768x430.jpg 768w, https:\/\/www.lovingmemorials.com\/wp-content\/uploads\/2021\/12\/sunny-trees.jpg-scaled-e1639414524577-700x392.jpg 700w, https:\/\/www.lovingmemorials.com\/wp-content\/uploads\/2021\/12\/sunny-trees.jpg-scaled-e1639414524577-539x303.jpg 539w\" sizes=\"(max-width: 1025px) 100vw, 1025px\" \/>\t\t\t\t\t\t<span class=\"aig-gallery-hover\">\n\t\t\t\t\t\t\t\t\t\t\t\t\t\t\t<span class=\"icon-arrows-plus\"><\/span> \n\t\t\t\t\t\t\t\t\t\t\t\t\t<\/span>\n\t\t\t\t\t\t\t\t\t\t\t<\/a>\n\t\t\t\t\t\t\t\t\t<\/div>\n\t\t\t<\/div>\n\t\t\t\t\t<div class=\"qode-aig-image qode-item-space\">\n\t\t\t\t<div class=\"qode-aig-image-inner\">\n\t\t\t\t\t\t\t\t\t\t\t<a itemprop=\"image\" class=\"qode-aig-lightbox\" href=\"https:\/\/www.lovingmemorials.com\/wp-content\/uploads\/2021\/12\/mountain-wildflowers.jpg-scaled-e1639423263610.jpg\" data-rel=\"prettyPhoto[image_gallery_pretty_photo-228]\" title=\"K\u0131r \u00e7i\u00e7ekleri, Rainier Da\u011f\u0131, Washington caddesi\">\n\t\t\t\t\t\t\t\t\t\t\t<img loading=\"lazy\" decoding=\"async\" width=\"2560\" height=\"1441\" src=\"https:\/\/www.lovingmemorials.com\/wp-content\/uploads\/2021\/12\/mountain-wildflowers.jpg-scaled-e1639423263610.jpg\" class=\"attachment-full size-full\" alt=\"\" \/>\t\t\t\t\t\t<span class=\"aig-gallery-hover\">\n\t\t\t\t\t\t\t\t\t\t\t\t\t\t\t<span class=\"icon-arrows-plus\"><\/span> \n\t\t\t\t\t\t\t\t\t\t\t\t\t<\/span>\n\t\t\t\t\t\t\t\t\t\t\t<\/a>\n\t\t\t\t\t\t\t\t\t<\/div>\n\t\t\t<\/div>\n\t\t\t\t\t<div class=\"qode-aig-image qode-item-space\">\n\t\t\t\t<div class=\"qode-aig-image-inner\">\n\t\t\t\t\t\t\t\t\t\t\t<a itemprop=\"image\" class=\"qode-aig-lightbox\" href=\"https:\/\/www.lovingmemorials.com\/wp-content\/uploads\/2021\/12\/blue-sky.jpg-scaled-e1640378236798.jpg\" data-rel=\"prettyPhoto[image_gallery_pretty_photo-228]\" title=\"Mavi g\u00f6ky\u00fcz\u00fc ve beyaz bulutlar arka plan\">\n\t\t\t\t\t\t\t\t\t\t\t<img loading=\"lazy\" decoding=\"async\" width=\"2560\" height=\"1707\" src=\"https:\/\/www.lovingmemorials.com\/wp-content\/uploads\/2021\/12\/blue-sky.jpg-scaled-e1640378236798.jpg\" class=\"attachment-full size-full\" alt=\"\" \/>\t\t\t\t\t\t<span class=\"aig-gallery-hover\">\n\t\t\t\t\t\t\t\t\t\t\t\t\t\t\t<span class=\"icon-arrows-plus\"><\/span> \n\t\t\t\t\t\t\t\t\t\t\t\t\t<\/span>\n\t\t\t\t\t\t\t\t\t\t\t<\/a>\n\t\t\t\t\t\t\t\t\t<\/div>\n\t\t\t<\/div>\n\t\t\t\t\t<div class=\"qode-aig-image qode-item-space\">\n\t\t\t\t<div class=\"qode-aig-image-inner\">\n\t\t\t\t\t\t\t\t\t\t\t<a itemprop=\"image\" class=\"qode-aig-lightbox\" href=\"https:\/\/www.lovingmemorials.com\/wp-content\/uploads\/2021\/12\/cross-on-mount.jpg-scaled-e1639415097815.jpg\" data-rel=\"prettyPhoto[image_gallery_pretty_photo-228]\" title=\"ge\u00e7mek\">\n\t\t\t\t\t\t\t\t\t\t\t<img loading=\"lazy\" decoding=\"async\" width=\"1023\" height=\"576\" src=\"https:\/\/www.lovingmemorials.com\/wp-content\/uploads\/2021\/12\/cross-on-mount.jpg-scaled-e1639415097815.jpg\" class=\"attachment-full size-full\" alt=\"\" srcset=\"https:\/\/www.lovingmemorials.com\/wp-content\/uploads\/2021\/12\/cross-on-mount.jpg-scaled-e1639415097815.jpg 1023w, https:\/\/www.lovingmemorials.com\/wp-content\/uploads\/2021\/12\/cross-on-mount.jpg-scaled-e1639415097815-300x169.jpg 300w, https:\/\/www.lovingmemorials.com\/wp-content\/uploads\/2021\/12\/cross-on-mount.jpg-scaled-e1639415097815-768x432.jpg 768w, https:\/\/www.lovingmemorials.com\/wp-content\/uploads\/2021\/12\/cross-on-mount.jpg-scaled-e1639415097815-700x394.jpg 700w, https:\/\/www.lovingmemorials.com\/wp-content\/uploads\/2021\/12\/cross-on-mount.jpg-scaled-e1639415097815-539x303.jpg 539w\" sizes=\"(max-width: 1023px) 100vw, 1023px\" \/>\t\t\t\t\t\t<span class=\"aig-gallery-hover\">\n\t\t\t\t\t\t\t\t\t\t\t\t\t\t\t<span class=\"icon-arrows-plus\"><\/span> \n\t\t\t\t\t\t\t\t\t\t\t\t\t<\/span>\n\t\t\t\t\t\t\t\t\t\t\t<\/a>\n\t\t\t\t\t\t\t\t\t<\/div>\n\t\t\t<\/div>\n\t\t\t\t\t<div class=\"qode-aig-image qode-item-space\">\n\t\t\t\t<div class=\"qode-aig-image-inner\">\n\t\t\t\t\t\t\t\t\t\t\t<a itemprop=\"image\" class=\"qode-aig-lightbox\" href=\"https:\/\/www.lovingmemorials.com\/wp-content\/uploads\/2021\/12\/saluting-soldier.jpg-scaled-e1639276862202.jpg\" data-rel=\"prettyPhoto[image_gallery_pretty_photo-228]\" title=\"Double,Exposure,Of,Saluting,Soldier,On,Usa,Grunge,Flag.,Vintage,\">\n\t\t\t\t\t\t\t\t\t\t\t<img loading=\"lazy\" decoding=\"async\" width=\"1024\" height=\"576\" src=\"https:\/\/www.lovingmemorials.com\/wp-content\/uploads\/2021\/12\/saluting-soldier.jpg-scaled-e1639276862202.jpg\" class=\"attachment-full size-full\" alt=\"\" srcset=\"https:\/\/www.lovingmemorials.com\/wp-content\/uploads\/2021\/12\/saluting-soldier.jpg-scaled-e1639276862202.jpg 1024w, https:\/\/www.lovingmemorials.com\/wp-content\/uploads\/2021\/12\/saluting-soldier.jpg-scaled-e1639276862202-300x169.jpg 300w, https:\/\/www.lovingmemorials.com\/wp-content\/uploads\/2021\/12\/saluting-soldier.jpg-scaled-e1639276862202-768x432.jpg 768w, https:\/\/www.lovingmemorials.com\/wp-content\/uploads\/2021\/12\/saluting-soldier.jpg-scaled-e1639276862202-700x394.jpg 700w, https:\/\/www.lovingmemorials.com\/wp-content\/uploads\/2021\/12\/saluting-soldier.jpg-scaled-e1639276862202-539x303.jpg 539w\" sizes=\"(max-width: 1024px) 100vw, 1024px\" \/>\t\t\t\t\t\t<span class=\"aig-gallery-hover\">\n\t\t\t\t\t\t\t\t\t\t\t\t\t\t\t<span class=\"icon-arrows-plus\"><\/span> \n\t\t\t\t\t\t\t\t\t\t\t\t\t<\/span>\n\t\t\t\t\t\t\t\t\t\t\t<\/a>\n\t\t\t\t\t\t\t\t\t<\/div>\n\t\t\t<\/div>\n\t\t\t\t\t<div class=\"qode-aig-image qode-item-space\">\n\t\t\t\t<div class=\"qode-aig-image-inner\">\n\t\t\t\t\t\t\t\t\t\t\t<a itemprop=\"image\" class=\"qode-aig-lightbox\" href=\"https:\/\/www.lovingmemorials.com\/wp-content\/uploads\/2021\/12\/flowerboard-purple.jpg-scaled-e1640296960142.jpg\" data-rel=\"prettyPhoto[image_gallery_pretty_photo-228]\" title=\"Beautiful,Spring,Flowers,On,Paper,Background\">\n\t\t\t\t\t\t\t\t\t\t\t<img loading=\"lazy\" decoding=\"async\" width=\"1025\" height=\"575\" src=\"https:\/\/www.lovingmemorials.com\/wp-content\/uploads\/2021\/12\/flowerboard-purple.jpg-scaled-e1640296960142.jpg\" class=\"attachment-full size-full\" alt=\"\" \/>\t\t\t\t\t\t<span class=\"aig-gallery-hover\">\n\t\t\t\t\t\t\t\t\t\t\t\t\t\t\t<span class=\"icon-arrows-plus\"><\/span> \n\t\t\t\t\t\t\t\t\t\t\t\t\t<\/span>\n\t\t\t\t\t\t\t\t\t\t\t<\/a>\n\t\t\t\t\t\t\t\t\t<\/div>\n\t\t\t<\/div>\n\t\t\t\t\t<div class=\"qode-aig-image qode-item-space\">\n\t\t\t\t<div class=\"qode-aig-image-inner\">\n\t\t\t\t\t\t\t\t\t\t\t<a itemprop=\"image\" class=\"qode-aig-lightbox\" href=\"https:\/\/www.lovingmemorials.com\/wp-content\/uploads\/2021\/12\/balcony-ocean-view-scaled-e1639414909778.jpg\" data-rel=\"prettyPhoto[image_gallery_pretty_photo-228]\" title=\"balkon-okyanus manzaral\u0131\">\n\t\t\t\t\t\t\t\t\t\t\t<img loading=\"lazy\" decoding=\"async\" width=\"1024\" height=\"576\" src=\"https:\/\/www.lovingmemorials.com\/wp-content\/uploads\/2021\/12\/balcony-ocean-view-scaled-e1639414909778.jpg\" class=\"attachment-full size-full\" alt=\"\" srcset=\"https:\/\/www.lovingmemorials.com\/wp-content\/uploads\/2021\/12\/balcony-ocean-view-scaled-e1639414909778.jpg 1024w, https:\/\/www.lovingmemorials.com\/wp-content\/uploads\/2021\/12\/balcony-ocean-view-scaled-e1639414909778-300x169.jpg 300w, https:\/\/www.lovingmemorials.com\/wp-content\/uploads\/2021\/12\/balcony-ocean-view-scaled-e1639414909778-768x432.jpg 768w, https:\/\/www.lovingmemorials.com\/wp-content\/uploads\/2021\/12\/balcony-ocean-view-scaled-e1639414909778-700x394.jpg 700w, https:\/\/www.lovingmemorials.com\/wp-content\/uploads\/2021\/12\/balcony-ocean-view-scaled-e1639414909778-539x303.jpg 539w\" sizes=\"(max-width: 1024px) 100vw, 1024px\" \/>\t\t\t\t\t\t<span class=\"aig-gallery-hover\">\n\t\t\t\t\t\t\t\t\t\t\t\t\t\t\t<span class=\"icon-arrows-plus\"><\/span> \n\t\t\t\t\t\t\t\t\t\t\t\t\t<\/span>\n\t\t\t\t\t\t\t\t\t\t\t<\/a>\n\t\t\t\t\t\t\t\t\t<\/div>\n\t\t\t<\/div>\n\t\t\t\t\t<div class=\"qode-aig-image qode-item-space\">\n\t\t\t\t<div class=\"qode-aig-image-inner\">\n\t\t\t\t\t\t\t\t\t\t\t<a itemprop=\"image\" class=\"qode-aig-lightbox\" href=\"https:\/\/www.lovingmemorials.com\/wp-content\/uploads\/2021\/12\/luxury-pink-marble.jpg-scaled-e1639415200212.jpg\" data-rel=\"prettyPhoto[image_gallery_pretty_photo-228]\" title=\"L\u00fcks, Pembe, Mermer, Doku, Arka Plan, Tasar\u0131m, \u0130\u00e7in, Afi\u015f, Davetiye, Duvar Ka\u011f\u0131d\u0131,\">\n\t\t\t\t\t\t\t\t\t\t\t<img loading=\"lazy\" decoding=\"async\" width=\"1024\" height=\"576\" src=\"https:\/\/www.lovingmemorials.com\/wp-content\/uploads\/2021\/12\/luxury-pink-marble.jpg-scaled-e1639415200212.jpg\" class=\"attachment-full size-full\" alt=\"\" srcset=\"https:\/\/www.lovingmemorials.com\/wp-content\/uploads\/2021\/12\/luxury-pink-marble.jpg-scaled-e1639415200212.jpg 1024w, https:\/\/www.lovingmemorials.com\/wp-content\/uploads\/2021\/12\/luxury-pink-marble.jpg-scaled-e1639415200212-300x169.jpg 300w, https:\/\/www.lovingmemorials.com\/wp-content\/uploads\/2021\/12\/luxury-pink-marble.jpg-scaled-e1639415200212-768x432.jpg 768w, https:\/\/www.lovingmemorials.com\/wp-content\/uploads\/2021\/12\/luxury-pink-marble.jpg-scaled-e1639415200212-700x394.jpg 700w, https:\/\/www.lovingmemorials.com\/wp-content\/uploads\/2021\/12\/luxury-pink-marble.jpg-scaled-e1639415200212-539x303.jpg 539w\" sizes=\"(max-width: 1024px) 100vw, 1024px\" \/>\t\t\t\t\t\t<span class=\"aig-gallery-hover\">\n\t\t\t\t\t\t\t\t\t\t\t\t\t\t\t<span class=\"icon-arrows-plus\"><\/span> \n\t\t\t\t\t\t\t\t\t\t\t\t\t<\/span>\n\t\t\t\t\t\t\t\t\t\t\t<\/a>\n\t\t\t\t\t\t\t\t\t<\/div>\n\t\t\t<\/div>\n\t\t\t<\/div>\n<\/div>\t\t<\/div>\n\t\t\t\t<\/div>\n\t\t\t\t<div class=\"elementor-element elementor-element-4aaab5f elementor-widget elementor-widget-text-editor\" data-id=\"4aaab5f\" data-element_type=\"widget\" data-widget_type=\"text-editor.default\">\n\t\t\t\t<div class=\"elementor-widget-container\">\n\t\t\t\t\t\t\t<h3><strong>Ailem ve arkada\u015flar\u0131m<\/strong> <strong>Sevgi dolu Anma Yeme\u011fine katk\u0131da bulunabilir mi?<\/strong><\/h3><p>Evet. An\u0131ta foto\u011fraf ve video y\u00fckleyebilirler. Ayr\u0131ca ziyaret\u00e7i defterine d\u00fc\u015f\u00fcnceler, an\u0131lar ve hikayeler ekleyebilirler. Hangi i\u00e7eri\u011fin g\u00f6r\u00fcnece\u011fini siz kontrol edersiniz (ve d\u00fczenleyebilirsiniz).<\/p><h3><strong>Bir Loving Memorial web sitesi \u00f6rne\u011fini g\u00f6rebilir miyim<\/strong> <strong>?<\/strong><\/h3><p><a href=\"https:\/\/www.lovingmemorials.com\/m\/antonio-gomes\/112925\/\">Antonio Gomes i\u00e7in<\/a> Sevgi An\u0131t\u0131, Sevgi An\u0131t\u0131 web sitesine bir \u00f6rnektir. <\/p><h3><strong>Hangi dillerde<\/strong> bir Sevgi <strong>An\u0131t\u0131 web sitesi olu\u015fturabilirim?<\/strong><\/h3><p>A\u015fa\u011f\u0131daki dillerde bir Sevgi An\u0131t\u0131 olu\u015fturabilir, d\u00fczenleyebilir ve g\u00f6r\u00fcnt\u00fcleyebilirsiniz:<\/p><p><a href=\"https:\/\/www.lovingmemorials.com\/tr\/\">\u0130ngilizce<\/a> , <a href=\"https:\/\/www.lovingmemorials.com\/fi\/\">Fince<\/a> , <a href=\"https:\/\/www.lovingmemorials.com\/fr\/\">Frans\u0131zca<\/a> , <a href=\"https:\/\/www.lovingmemorials.com\/de\/\">Almanca<\/a> , <a href=\"https:\/\/www.lovingmemorials.com\/id\/\">Endonezyaca<\/a> , <a href=\"https:\/\/www.lovingmemorials.com\/it\/\">\u0130talyanca<\/a> , <a href=\"https:\/\/www.lovingmemorials.com\/ms\/\">Malayca<\/a> , <a href=\"https:\/\/www.lovingmemorials.com\/pl\/\">Leh\u00e7e<\/a> , <a href=\"https:\/\/www.lovingmemorials.com\/pt-br\/\">Portekizce (Brezilya)<\/a> , <a href=\"https:\/\/www.lovingmemorials.com\/pt-pt\/\">Portekizce (Portekiz)<\/a> , <a href=\"https:\/\/www.lovingmemorials.com\/es\/\">\u0130spanyolca<\/a> , <a href=\"https:\/\/www.lovingmemorials.com\/sv\/\">\u0130sve\u00e7\u00e7e<\/a> , <a href=\"https:\/\/www.lovingmemorials.com\/tr\/\">T\u00fcrk\u00e7e<\/a> , <a href=\"https:\/\/www.lovingmemorials.com\/vi\/\">Vietnamca<\/a> .<\/p><h3><strong>Hala sorular\u0131m var<\/strong> <strong>size nas\u0131l ula\u015fabilirim?<\/strong><\/h3><p>Bize ula\u015fman\u0131n en iyi yolu, &#8216; <a href=\"https:\/\/www.lovingmemorials.com\/tr\/iletisim\/\">Bize Ula\u015f\u0131n<\/a> &#8216; yoluyla veya daha \u00f6nce bir Sevgi An\u0131t\u0131 olu\u015fturduysan\u0131z, hesab\u0131n\u0131zdaki &#8216;Yard\u0131m&#8217; formu arac\u0131l\u0131\u011f\u0131yla bize bir mesaj g\u00f6ndermektir.<\/p><p>H\u0131zl\u0131 yan\u0131t s\u00fcreleriyle gurur duyuyoruz. T\u00fcm sorular\u0131 m\u00fcmk\u00fcn olan en k\u0131sa s\u00fcrede, genellikle bir saatten k\u0131sa s\u00fcrede yan\u0131tl\u0131yoruz.<\/p><p>\u00c7o\u011fu sorun en iyi \u015fekilde e-posta yoluyla a\u00e7\u0131klan\u0131r. Tercih ederseniz biz sizi arayal\u0131m.<\/p>\t\t\t\t\t\t<\/div>\n\t\t\t\t<\/div>\n\t\t\t\t\t<\/div>\n\t\t<\/div>\n\t\t\t\t\t<\/div>\n\t\t<\/section>\n\t\t\t\t\t<\/div>\n\t\t<\/div>\n\t\t\t\t\t<\/div>\n\t\t<\/section>\n\t\t\t\t<\/div>\n\t\t","protected":false},"excerpt":{"rendered":"<p>S\u0131k\u00e7a Sorulan Sorular Sevgi An\u0131t\u0131 nedir? Bir Sevgi An\u0131t\u0131, sevdiklerinizin ya\u015fam\u0131n\u0131 anmak i\u00e7in \u00e7evrimi\u00e7i bir an\u0131tt\u0131r. Hizmetimiz, an\u0131lar\u0131n\u0131z\u0131 payla\u015fmak ve sevdiklerinizin hikayesini anlatmak i\u00e7in resimler, videolar, kelimeler ve m\u00fczik eklemenize olanak tan\u0131r. An\u0131t\u0131 aileniz ve arkada\u015flar\u0131n\u0131zla payla\u015f\u0131rs\u0131n\u0131z ve onlar da d\u00fc\u015f\u00fcnce, hikaye, foto\u011fraf ve video&#8230;<\/p>\n","protected":false},"author":1,"featured_media":0,"parent":0,"menu_order":0,"comment_status":"closed","ping_status":"closed","template":"","meta":{"footnotes":""},"class_list":["post-14318","page","type-page","status-publish","hentry"],"_links":{"self":[{"href":"https:\/\/www.lovingmemorials.com\/tr\/wp-json\/wp\/v2\/pages\/14318","targetHints":{"allow":["GET"]}}],"collection":[{"href":"https:\/\/www.lovingmemorials.com\/tr\/wp-json\/wp\/v2\/pages"}],"about":[{"href":"https:\/\/www.lovingmemorials.com\/tr\/wp-json\/wp\/v2\/types\/page"}],"author":[{"embeddable":true,"href":"https:\/\/www.lovingmemorials.com\/tr\/wp-json\/wp\/v2\/users\/1"}],"replies":[{"embeddable":true,"href":"https:\/\/www.lovingmemorials.com\/tr\/wp-json\/wp\/v2\/comments?post=14318"}],"version-history":[{"count":10,"href":"https:\/\/www.lovingmemorials.com\/tr\/wp-json\/wp\/v2\/pages\/14318\/revisions"}],"predecessor-version":[{"id":18484,"href":"https:\/\/www.lovingmemorials.com\/tr\/wp-json\/wp\/v2\/pages\/14318\/revisions\/18484"}],"wp:attachment":[{"href":"https:\/\/www.lovingmemorials.com\/tr\/wp-json\/wp\/v2\/media?parent=14318"}],"curies":[{"name":"wp","href":"https:\/\/api.w.org\/{rel}","templated":true}]}}