{"id":15389,"date":"2022-02-16T17:40:41","date_gmt":"2022-02-16T17:40:41","guid":{"rendered":"https:\/\/www.lovingmemorials.com\/cevrimici-anitlar-rehberi\/"},"modified":"2022-02-26T02:48:34","modified_gmt":"2022-02-26T02:48:34","slug":"kilavuz","status":"publish","type":"page","link":"https:\/\/www.lovingmemorials.com\/tr\/kilavuz\/","title":{"rendered":"K\u0131lavuz"},"content":{"rendered":"\t\t<div data-elementor-type=\"wp-page\" data-elementor-id=\"15389\" class=\"elementor elementor-15389\" data-elementor-post-type=\"page\">\n\t\t\t\t\t\t<section class=\"elementor-section elementor-top-section elementor-element elementor-element-0182c20 elementor-section-content-middle page-header elementor-section-boxed elementor-section-height-default elementor-section-height-default parallax_section_no qode_elementor_container_no\" data-id=\"0182c20\" data-element_type=\"section\">\n\t\t\t\t\t\t<div class=\"elementor-container elementor-column-gap-no\">\n\t\t\t\t\t<div class=\"elementor-column elementor-col-100 elementor-top-column elementor-element elementor-element-f85ac67\" data-id=\"f85ac67\" data-element_type=\"column\">\n\t\t\t<div class=\"elementor-widget-wrap elementor-element-populated\">\n\t\t\t\t\t\t<div class=\"elementor-element elementor-element-fff4700 elementor-widget elementor-widget-heading\" data-id=\"fff4700\" data-element_type=\"widget\" data-widget_type=\"heading.default\">\n\t\t\t\t<div class=\"elementor-widget-container\">\n\t\t\t<h1 class=\"elementor-heading-title elementor-size-default\">\u00c7evrimi\u00e7i An\u0131t Web Sitelerine Y\u00f6nelik Bir K\u0131lavuz<\/h1>\t\t<\/div>\n\t\t\t\t<\/div>\n\t\t\t\t<section class=\"elementor-section elementor-inner-section elementor-element elementor-element-5c8432b elementor-section-content-middle container-shadow elementor-section-boxed elementor-section-height-default elementor-section-height-default parallax_section_no qode_elementor_container_no\" data-id=\"5c8432b\" data-element_type=\"section\" data-settings=\"{&quot;background_background&quot;:&quot;classic&quot;}\">\n\t\t\t\t\t\t<div class=\"elementor-container elementor-column-gap-no\">\n\t\t\t\t\t<div class=\"elementor-column elementor-col-100 elementor-inner-column elementor-element elementor-element-6155df8\" data-id=\"6155df8\" data-element_type=\"column\">\n\t\t\t<div class=\"elementor-widget-wrap elementor-element-populated\">\n\t\t\t\t\t\t<div class=\"elementor-element elementor-element-a9e2b32 elementor-widget elementor-widget-text-editor\" data-id=\"a9e2b32\" data-element_type=\"widget\" data-widget_type=\"text-editor.default\">\n\t\t\t\t<div class=\"elementor-widget-container\">\n\t\t\t\t\t\t\t<p>Bu \u00e7evrimi\u00e7i an\u0131tlar k\u0131lavuzu, sizin i\u00e7in en iyi olan an\u0131t web sitesi hizmetini se\u00e7menize yard\u0131mc\u0131 olur. \u00c7evrimi\u00e7i bir an\u0131t olu\u015fturma ve s\u00fcrd\u00fcrmeyle ilgili temel \u00f6zellikleri, \u00f6nemli hususlar\u0131 ve sorular\u0131n\u0131z\u0131 inceliyoruz.<\/p><h3>En \u0130yi \u00c7evrimi\u00e7i An\u0131t Web Sitesi Hizmeti Nas\u0131l Se\u00e7ilir<\/h3><p>Bir <a href=\"https:\/\/www.lovingmemorials.com\/tr\/\">an\u0131t web sitesi \u015firketi<\/a> se\u00e7erken baz\u0131 \u00f6nemli hususlar:<\/p><ul><li><a href=\"https:\/\/www.lovingmemorials.com\/tr\/kilavuz\/olusturucu-sablon\/\">Kullan\u0131m\u0131 kolay<\/a><\/li><li aria-level=\"1\"><a href=\"https:\/\/www.lovingmemorials.com\/tr\/kilavuz\/olusturucu-sablon\/#templates\">\u015eablon olarak \u00e7ok \u00e7e\u015fitli arka plan resimleri<\/a><\/li><li aria-level=\"1\"><a href=\"https:\/\/www.lovingmemorials.com\/tr\/kilavuz\/hikaye-anlatimi-slayt-gosterisi\/\">hikaye anlat\u0131m\u0131<\/a><\/li><li aria-level=\"1\"><a href=\"https:\/\/www.lovingmemorials.com\/tr\/kilavuz\/odak-sevilen-bir\/\">Sevdi\u011fine odaklan<\/a><\/li><li aria-level=\"1\">Maliyet, \u00fccretsiz ve \u00fccretli<\/li><\/ul><p><!--<br \/>Other important considerations:<\/p>\n<ul>\n<li aria-level=\"1\">cost, free versus paid<\/li>\n<li aria-level=\"1\">how long your memorial will stay up?<\/li>\n<li aria-level=\"1\">customer service and support<\/li>\n<\/ul>\n<p>Every memorial website should have:<\/p>\n<ul>\n<li aria-level=\"1\">privacy control<\/li>\n<li aria-level=\"1\">upload features<\/li>\n<li aria-level=\"1\">backups<\/li>\n<\/ul>\n<p>--><br>\u00c7evrimi\u00e7i bir anma web sitesi hizmeti, sevdiklerinize tam olarak odaklanmal\u0131d\u0131r. Minimum \u015firket markas\u0131na sahip olmal\u0131 ve ba\u015fka biri i\u00e7in bir an\u0131t olu\u015fturmak i\u00e7in reklamlar veya ba\u011flant\u0131lar i\u00e7ermemelidir.<\/p><p>Sade, \u015f\u0131k ve kullan\u0131m\u0131 kolay olmal\u0131d\u0131r. Fiyat\u0131na g\u00f6re de\u011fer sunmal\u0131 ve sevdi\u011finizin hat\u0131ras\u0131n\u0131 istedi\u011finiz kadar canl\u0131 tutmal\u0131.<\/p><p>Loving Memorials&#8217;da t\u00fcm bunlar\u0131 sunan bir \u00e7evrimi\u00e7i anma t\u00f6reni olu\u015fturduk. <a href=\"https:\/\/www.lovingmemorials.com\/m\/antonio-gomes\/112925\/\">Sevgi An\u0131t\u0131 \u00f6rne\u011fimize<\/a> bak\u0131n, daha fazla bilgi edinin veya bug\u00fcn <a href=\"https:\/\/www.lovingmemorials.com\/create-memorial\/\">bir Sevgi An\u0131t\u0131 olu\u015fturun<\/a> , b\u00f6ylece arkada\u015flar\u0131n\u0131z\u0131n ve ailenizin an\u0131lar\u0131 ya\u015fay\u0131p sevdiklerinizin hayat\u0131n\u0131 kutlayabilirler.<\/p><h3>\u00c7evrimi\u00e7i An\u0131t Web Sitesini Anlama ve Olu\u015fturma<\/h3><ul><li aria-level=\"1\"><a href=\"https:\/\/www.lovingmemorials.com\/tr\/kilavuz\/ne-cevrimici-aniti\/\">\u00c7evrimi\u00e7i anma sitesi veya sayfas\u0131 nedir?<\/a><\/li><li aria-level=\"1\"><a href=\"https:\/\/www.lovingmemorials.com\/tr\/kilavuz\/olum-ilani-anit-arasindaki-fark\/\">\u00c7evrimi\u00e7i bir an\u0131t ile \u00e7evrimi\u00e7i bir \u00f6l\u00fcm ilan\u0131 aras\u0131ndaki fark nedir?<\/a><\/li><\/ul><p>Bu k\u0131lavuzdaki noktalar\u0131 g\u00f6stermek i\u00e7in Sevgiyle Anma <a href=\"https:\/\/www.lovingmemorials.com\/m\/antonio-gomes\/112925\/\">\u00f6rne\u011fini<\/a> kullanaca\u011f\u0131z. Sevdi\u011finizi anmak i\u00e7in en iyi karar\u0131 vermeniz i\u00e7in ihtiya\u00e7 duydu\u011funuz bilgileri size vermek i\u00e7in \u00f6nemli oldu\u011funu d\u00fc\u015f\u00fcnd\u00fc\u011f\u00fcm\u00fcz y\u00f6nleri iletece\u011fiz.<\/p>\t\t\t\t\t\t<\/div>\n\t\t\t\t<\/div>\n\t\t\t\t\t<\/div>\n\t\t<\/div>\n\t\t\t\t\t<\/div>\n\t\t<\/section>\n\t\t\t\t\t<\/div>\n\t\t<\/div>\n\t\t\t\t\t<\/div>\n\t\t<\/section>\n\t\t\t\t<\/div>\n\t\t","protected":false},"excerpt":{"rendered":"<p>\u00c7evrimi\u00e7i An\u0131t Web Sitelerine Y\u00f6nelik Bir K\u0131lavuz Bu \u00e7evrimi\u00e7i an\u0131tlar k\u0131lavuzu, sizin i\u00e7in en iyi olan an\u0131t web sitesi hizmetini se\u00e7menize yard\u0131mc\u0131 olur. \u00c7evrimi\u00e7i bir an\u0131t olu\u015fturma ve s\u00fcrd\u00fcrmeyle ilgili temel \u00f6zellikleri, \u00f6nemli hususlar\u0131 ve sorular\u0131n\u0131z\u0131 inceliyoruz. En \u0130yi \u00c7evrimi\u00e7i An\u0131t Web Sitesi Hizmeti Nas\u0131l&#8230;<\/p>\n","protected":false},"author":6,"featured_media":0,"parent":0,"menu_order":0,"comment_status":"closed","ping_status":"closed","template":"","meta":{"footnotes":""},"class_list":["post-15389","page","type-page","status-publish","hentry"],"_links":{"self":[{"href":"https:\/\/www.lovingmemorials.com\/tr\/wp-json\/wp\/v2\/pages\/15389","targetHints":{"allow":["GET"]}}],"collection":[{"href":"https:\/\/www.lovingmemorials.com\/tr\/wp-json\/wp\/v2\/pages"}],"about":[{"href":"https:\/\/www.lovingmemorials.com\/tr\/wp-json\/wp\/v2\/types\/page"}],"author":[{"embeddable":true,"href":"https:\/\/www.lovingmemorials.com\/tr\/wp-json\/wp\/v2\/users\/6"}],"replies":[{"embeddable":true,"href":"https:\/\/www.lovingmemorials.com\/tr\/wp-json\/wp\/v2\/comments?post=15389"}],"version-history":[{"count":7,"href":"https:\/\/www.lovingmemorials.com\/tr\/wp-json\/wp\/v2\/pages\/15389\/revisions"}],"predecessor-version":[{"id":18489,"href":"https:\/\/www.lovingmemorials.com\/tr\/wp-json\/wp\/v2\/pages\/15389\/revisions\/18489"}],"wp:attachment":[{"href":"https:\/\/www.lovingmemorials.com\/tr\/wp-json\/wp\/v2\/media?parent=15389"}],"curies":[{"name":"wp","href":"https:\/\/api.w.org\/{rel}","templated":true}]}}