{"id":15665,"date":"2022-02-16T18:38:44","date_gmt":"2022-02-16T18:38:44","guid":{"rendered":"https:\/\/www.lovingmemorials.com\/cevrimici-anitlar-rehberi\/sevdiginiz-kisiye-odaklanan-cevrimici-bir-anma\/"},"modified":"2022-02-26T02:57:25","modified_gmt":"2022-02-26T02:57:25","slug":"odak-sevilen-bir","status":"publish","type":"page","link":"https:\/\/www.lovingmemorials.com\/tr\/kilavuz\/odak-sevilen-bir\/","title":{"rendered":"Sevilen Ki\u015fiye Odaklanmak"},"content":{"rendered":"\t\t<div data-elementor-type=\"wp-page\" data-elementor-id=\"15665\" class=\"elementor elementor-15665\" data-elementor-post-type=\"page\">\n\t\t\t\t\t\t<section class=\"elementor-section elementor-top-section elementor-element elementor-element-0182c20 elementor-section-content-middle elementor-section-boxed elementor-section-height-default elementor-section-height-default parallax_section_no qode_elementor_container_no\" data-id=\"0182c20\" data-element_type=\"section\">\n\t\t\t\t\t\t<div class=\"elementor-container elementor-column-gap-no\">\n\t\t\t\t\t<div class=\"elementor-column elementor-col-100 elementor-top-column elementor-element elementor-element-f85ac67\" data-id=\"f85ac67\" data-element_type=\"column\">\n\t\t\t<div class=\"elementor-widget-wrap elementor-element-populated\">\n\t\t\t\t\t\t<div class=\"elementor-element elementor-element-a3ba493 guide-breardcrumb elementor-widget elementor-widget-text-editor\" data-id=\"a3ba493\" data-element_type=\"widget\" data-widget_type=\"text-editor.default\">\n\t\t\t\t<div class=\"elementor-widget-container\">\n\t\t\t\t\t\t\t<p><a href=\"https:\/\/www.lovingmemorials.com\/tr\/\">Ev<\/a>&gt;&gt; <a href=\"https:\/\/www.lovingmemorials.com\/tr\/kilavuz\/\">Memorial Web Siteleri Rehberi<\/a> &gt;&gt;<\/p>\t\t\t\t\t\t<\/div>\n\t\t\t\t<\/div>\n\t\t\t\t<div class=\"elementor-element elementor-element-fff4700 page-header elementor-widget elementor-widget-heading\" data-id=\"fff4700\" data-element_type=\"widget\" data-widget_type=\"heading.default\">\n\t\t\t\t<div class=\"elementor-widget-container\">\n\t\t\t<h1 class=\"elementor-heading-title elementor-size-default\">Sevdiklerinize Odaklanan Bir An\u0131t<\/h1>\t\t<\/div>\n\t\t\t\t<\/div>\n\t\t\t\t<section class=\"elementor-section elementor-inner-section elementor-element elementor-element-5c8432b elementor-section-content-middle container-shadow elementor-section-boxed elementor-section-height-default elementor-section-height-default parallax_section_no qode_elementor_container_no\" data-id=\"5c8432b\" data-element_type=\"section\" data-settings=\"{&quot;background_background&quot;:&quot;classic&quot;}\">\n\t\t\t\t\t\t<div class=\"elementor-container elementor-column-gap-no\">\n\t\t\t\t\t<div class=\"elementor-column elementor-col-100 elementor-inner-column elementor-element elementor-element-6155df8\" data-id=\"6155df8\" data-element_type=\"column\">\n\t\t\t<div class=\"elementor-widget-wrap elementor-element-populated\">\n\t\t\t\t\t\t<div class=\"elementor-element elementor-element-a9e2b32 elementor-widget elementor-widget-text-editor\" data-id=\"a9e2b32\" data-element_type=\"widget\" data-widget_type=\"text-editor.default\">\n\t\t\t\t<div class=\"elementor-widget-container\">\n\t\t\t\t\t\t\t<p><span style=\"font-weight: 400;\">\u00c7evrimi\u00e7i anma t\u00f6reninin kahraman\u0131, sevdi\u011finiz ki\u015fidir ve anma t\u00f6reninin tamamen onlara odaklanmas\u0131 gerekir. Bir an\u0131t, reklamlar\u0131 ve \u00e7ok belirgin \u015firket markalar\u0131 oldu\u011funda bu oda\u011f\u0131n\u0131 kaybetmeye ba\u015flar.<\/span><\/p><h3><b>Ba\u015fkas\u0131 \u0130\u00e7in An\u0131t Olu\u015fturmak \u0130\u00e7in Reklamlar ve Ba\u011flant\u0131lar<\/b><\/h3><p><span style=\"font-weight: 400;\">Reklamlar, sevdiklerinizin hikayesine g\u00f6rsel olarak dikkati da\u011f\u0131t\u0131r. Da\u011f\u0131n\u0131kl\u0131k ve \u201cg\u00fcr\u00fclt\u00fc\u201d yarat\u0131rlar ve bu da sevdi\u011finizle ilgili \u00f6nemli \u015feyler aras\u0131nda ba\u011flant\u0131 kurman\u0131za engel olur. Bir an\u0131ttaki reklamlar, banner reklamlar, metin reklamlar veya ba\u015fka biri i\u00e7in bir an\u0131t olu\u015fturmak i\u00e7in ba\u011flant\u0131lar \u015feklinde olabilir. <\/span><\/p><h3><b>\u00c7ok \u00d6ne \u00c7\u0131kan \u015eirket Markas\u0131<\/b><\/h3><p>An\u0131t\u0131n\u0131z\u0131 sa\u011flayan an\u0131t web sitesi hizmeti, \u015firket logosunu \u00e7ok belirgin bir \u015fekilde g\u00f6r\u00fcnt\u00fcleyebilir. \u015eirketin sosyal medya hesaplar\u0131 gibi \u015firket ba\u011flant\u0131lar\u0131 da sevdiklerinizin anma t\u00f6reninde g\u00f6r\u00fcnebilir.<\/p><p>Bir \u015firket logosu ve di\u011fer \u015firket ba\u011flant\u0131lar\u0131 an\u0131ta hi\u00e7bir \u015fey eklemez ve sevdiklerinizin hikayesine g\u00f6rsel olarak dikkati da\u011f\u0131t\u0131rken g\u00f6rsel \u00e7ekicili\u011fini de uzakla\u015ft\u0131rabilir.<\/p><h3><b>Sevgi dolu Bir An\u0131t Sevdi\u011finiz Ki\u015fiye Odaklan\u0131r<\/b><\/h3><p>Tamamen sevdiklerinize odaklanan bir an\u0131t, huzurlu ve dingin hissettirir.<\/p><p>A\u015fa\u011f\u0131da Sevgi An\u0131t\u0131 <a href=\"https:\/\/www.lovingmemorials.com\/m\/antonio-gomes\/112925\/\">\u00f6rne\u011fimizin<\/a> bir ekran g\u00f6r\u00fcnt\u00fcs\u00fc bulunmaktad\u0131r. Bir Sevgi An\u0131t\u0131&#8217;nda, ba\u015fkas\u0131 i\u00e7in bir an\u0131t olu\u015fturmak i\u00e7in ba\u011flant\u0131lar veya herhangi bir reklam g\u00f6rmezsiniz ve logomuz neredeyse hi\u00e7 fark edilmez.<\/p><p><a href=\"https:\/\/www.lovingmemorials.com\/m\/antonio-gomes\/112925\/\" target=\"_blank\" rel=\"noopener\"><img fetchpriority=\"high\" decoding=\"async\" class=\"alignnone wp-image-9556 size-full\" src=\"https:\/\/www.lovingmemorials.com\/wp-content\/uploads\/2022\/01\/Loving-Memorials-Antonio-Gomes-Loving-Memorial-e1642443938302.png\" alt=\"Sevgi dolu an\u0131tlar\u0131n g\u00f6r\u00fcnt\u00fc ana sayfas\u0131\" width=\"1024\" height=\"693\"><\/a><\/p>\t\t\t\t\t\t<\/div>\n\t\t\t\t<\/div>\n\t\t\t\t<div class=\"elementor-element elementor-element-a2aaf84 elementor-widget__width-initial elementor-widget-mobile__width-inherit elementor-widget elementor-widget-image\" data-id=\"a2aaf84\" data-element_type=\"widget\" data-widget_type=\"image.default\">\n\t\t\t\t<div class=\"elementor-widget-container\">\n\t\t\t\t\t\t\t\t\t\t\t\t\t\t<a href=\"https:\/\/www.lovingmemorials.com\/wp-content\/uploads\/2022\/01\/Loving-Memorials-Antonio-Gomes-Loving-Memorial-Heart-e1642445682611.png\" data-elementor-open-lightbox=\"yes\" data-elementor-lightbox-title=\"Sevgiyle An\u0131tlar Antonio Gomes Sevgiyle An\u0131t Kalp\" data-e-action-hash=\"#elementor-action%3Aaction%3Dlightbox%26settings%3DeyJpZCI6OTU5MiwidXJsIjoiaHR0cHM6XC9cL3d3dy5sb3ZpbmdtZW1vcmlhbHMuY29tXC93cC1jb250ZW50XC91cGxvYWRzXC8yMDIyXC8wMVwvTG92aW5nLU1lbW9yaWFscy1BbnRvbmlvLUdvbWVzLUxvdmluZy1NZW1vcmlhbC1IZWFydC1lMTY0MjQ0NTY4MjYxMS5wbmcifQ%3D%3D\">\n\t\t\t\t\t\t\t<img decoding=\"async\" width=\"600\" height=\"620\" src=\"https:\/\/www.lovingmemorials.com\/wp-content\/uploads\/2022\/01\/Loving-Memorials-Antonio-Gomes-Loving-Memorial-Heart-e1642445682611.png\" class=\"attachment-full size-full wp-image-9592\" alt=\"Sevgi dolu an\u0131tlar\u0131n Half Image ana sayfas\u0131\" \/>\t\t\t\t\t\t\t\t<\/a>\n\t\t\t\t\t\t\t\t\t\t\t\t\t<\/div>\n\t\t\t\t<\/div>\n\t\t\t\t<div class=\"elementor-element elementor-element-93e206d elementor-widget__width-initial elementor-widget-mobile__width-inherit elementor-widget elementor-widget-text-editor\" data-id=\"93e206d\" data-element_type=\"widget\" data-widget_type=\"text-editor.default\">\n\t\t\t\t<div class=\"elementor-widget-container\">\n\t\t\t\t\t\t\t<p>Normalde bir logonun g\u00f6r\u00fcnece\u011fi bir Sevgi An\u0131t\u0131&#8217;nda, logomuzun sadece kalp k\u0131sm\u0131n\u0131 yaz\u0131 olmadan g\u00f6steriyoruz. Kalp, bir logo olarak tan\u0131mlanmaks\u0131z\u0131n anma s\u0131cakl\u0131\u011f\u0131n\u0131 verir.<\/p><p>Loving Memorials&#8217;da markam\u0131z hikayenin kahraman\u0131 de\u011fil, sevdi\u011finiz ki\u015fi hikayenin kahraman\u0131d\u0131r.<\/p>\t\t\t\t\t\t<\/div>\n\t\t\t\t<\/div>\n\t\t\t\t\t<\/div>\n\t\t<\/div>\n\t\t\t\t\t<\/div>\n\t\t<\/section>\n\t\t\t\t\t<\/div>\n\t\t<\/div>\n\t\t\t\t\t<\/div>\n\t\t<\/section>\n\t\t\t\t<\/div>\n\t\t","protected":false},"excerpt":{"rendered":"<p>Ev&gt;&gt; Memorial Web Siteleri Rehberi &gt;&gt; Sevdiklerinize Odaklanan Bir An\u0131t \u00c7evrimi\u00e7i anma t\u00f6reninin kahraman\u0131, sevdi\u011finiz ki\u015fidir ve anma t\u00f6reninin tamamen onlara odaklanmas\u0131 gerekir. Bir an\u0131t, reklamlar\u0131 ve \u00e7ok belirgin \u015firket markalar\u0131 oldu\u011funda bu oda\u011f\u0131n\u0131 kaybetmeye ba\u015flar. Ba\u015fkas\u0131 \u0130\u00e7in An\u0131t Olu\u015fturmak \u0130\u00e7in Reklamlar ve Ba\u011flant\u0131lar Reklamlar,&#8230;<\/p>\n","protected":false},"author":6,"featured_media":0,"parent":15389,"menu_order":0,"comment_status":"closed","ping_status":"closed","template":"","meta":{"footnotes":""},"class_list":["post-15665","page","type-page","status-publish","hentry"],"_links":{"self":[{"href":"https:\/\/www.lovingmemorials.com\/tr\/wp-json\/wp\/v2\/pages\/15665","targetHints":{"allow":["GET"]}}],"collection":[{"href":"https:\/\/www.lovingmemorials.com\/tr\/wp-json\/wp\/v2\/pages"}],"about":[{"href":"https:\/\/www.lovingmemorials.com\/tr\/wp-json\/wp\/v2\/types\/page"}],"author":[{"embeddable":true,"href":"https:\/\/www.lovingmemorials.com\/tr\/wp-json\/wp\/v2\/users\/6"}],"replies":[{"embeddable":true,"href":"https:\/\/www.lovingmemorials.com\/tr\/wp-json\/wp\/v2\/comments?post=15665"}],"version-history":[{"count":4,"href":"https:\/\/www.lovingmemorials.com\/tr\/wp-json\/wp\/v2\/pages\/15665\/revisions"}],"predecessor-version":[{"id":17900,"href":"https:\/\/www.lovingmemorials.com\/tr\/wp-json\/wp\/v2\/pages\/15665\/revisions\/17900"}],"up":[{"embeddable":true,"href":"https:\/\/www.lovingmemorials.com\/tr\/wp-json\/wp\/v2\/pages\/15389"}],"wp:attachment":[{"href":"https:\/\/www.lovingmemorials.com\/tr\/wp-json\/wp\/v2\/media?parent=15665"}],"curies":[{"name":"wp","href":"https:\/\/api.w.org\/{rel}","templated":true}]}}