{"id":15840,"date":"2022-02-16T20:30:00","date_gmt":"2022-02-16T20:30:00","guid":{"rendered":"https:\/\/www.lovingmemorials.com\/cevrimici-anitlar-rehberi\/cevrimici-anit-nedir\/"},"modified":"2022-02-26T03:01:07","modified_gmt":"2022-02-26T03:01:07","slug":"ne-cevrimici-aniti","status":"publish","type":"page","link":"https:\/\/www.lovingmemorials.com\/tr\/kilavuz\/ne-cevrimici-aniti\/","title":{"rendered":"\u00c7evrimi\u00e7i An\u0131t Nedir?"},"content":{"rendered":"\t\t<div data-elementor-type=\"wp-page\" data-elementor-id=\"15840\" class=\"elementor elementor-15840\" data-elementor-post-type=\"page\">\n\t\t\t\t\t\t<section class=\"elementor-section elementor-top-section elementor-element elementor-element-0182c20 elementor-section-content-middle elementor-section-boxed elementor-section-height-default elementor-section-height-default parallax_section_no qode_elementor_container_no\" data-id=\"0182c20\" data-element_type=\"section\">\n\t\t\t\t\t\t<div class=\"elementor-container elementor-column-gap-no\">\n\t\t\t\t\t<div class=\"elementor-column elementor-col-100 elementor-top-column elementor-element elementor-element-f85ac67\" data-id=\"f85ac67\" data-element_type=\"column\">\n\t\t\t<div class=\"elementor-widget-wrap elementor-element-populated\">\n\t\t\t\t\t\t<div class=\"elementor-element elementor-element-a3ba493 guide-breardcrumb elementor-widget elementor-widget-text-editor\" data-id=\"a3ba493\" data-element_type=\"widget\" data-widget_type=\"text-editor.default\">\n\t\t\t\t<div class=\"elementor-widget-container\">\n\t\t\t\t\t\t\t<p><a href=\"https:\/\/www.lovingmemorials.com\/tr\/\">Ev<\/a>&gt;&gt; <a href=\"https:\/\/www.lovingmemorials.com\/tr\/kilavuz\/\">Memorial Web Siteleri Rehberi<\/a> &gt;&gt;<\/p>\t\t\t\t\t\t<\/div>\n\t\t\t\t<\/div>\n\t\t\t\t<div class=\"elementor-element elementor-element-fff4700 page-header elementor-widget elementor-widget-heading\" data-id=\"fff4700\" data-element_type=\"widget\" data-widget_type=\"heading.default\">\n\t\t\t\t<div class=\"elementor-widget-container\">\n\t\t\t<h1 class=\"elementor-heading-title elementor-size-default\">\u00c7evrimi\u00e7i An\u0131t nedir?\n<\/h1>\t\t<\/div>\n\t\t\t\t<\/div>\n\t\t\t\t<section class=\"elementor-section elementor-inner-section elementor-element elementor-element-5c8432b elementor-section-content-middle container-shadow elementor-section-boxed elementor-section-height-default elementor-section-height-default parallax_section_no qode_elementor_container_no\" data-id=\"5c8432b\" data-element_type=\"section\" data-settings=\"{&quot;background_background&quot;:&quot;classic&quot;}\">\n\t\t\t\t\t\t<div class=\"elementor-container elementor-column-gap-no\">\n\t\t\t\t\t<div class=\"elementor-column elementor-col-100 elementor-inner-column elementor-element elementor-element-6155df8\" data-id=\"6155df8\" data-element_type=\"column\">\n\t\t\t<div class=\"elementor-widget-wrap elementor-element-populated\">\n\t\t\t\t\t\t<div class=\"elementor-element elementor-element-cf3f708 elementor-widget elementor-widget-text-editor\" data-id=\"cf3f708\" data-element_type=\"widget\" data-widget_type=\"text-editor.default\">\n\t\t\t\t<div class=\"elementor-widget-container\">\n\t\t\t\t\t\t\t<p>\u00c7evrimi\u00e7i bir an\u0131t, ya\u015fayanlar\u0131n unutulmamalar\u0131 i\u00e7in \u00f6len bir ki\u015finin veya evcil hayvan\u0131n hayat\u0131n\u0131 hat\u0131rlad\u0131\u011f\u0131 ve kutlad\u0131\u011f\u0131 \u00e7evrimi\u00e7i bir yerdir.<\/p><p>\u00c7evrimi\u00e7i bir yer, \u00f6zel bir anma web sitesi, tek bir sayfa veya <a href=\"https:\/\/www.facebook.com\/help\/275013292838654\">an\u0131tla\u015ft\u0131r\u0131lm\u0131\u015f bir Facebook hesab\u0131 gibi<\/a> sosyal medya sayfalar\u0131 olabilece\u011fi anlam\u0131na gelir. An\u0131t web siteleri bazen sanal an\u0131tlar veya dijital an\u0131tlar olarak an\u0131l\u0131r.<\/p><p>Bir anma web sitesinin amac\u0131, \u00f6len ki\u015fiyi tan\u0131yanlar\u0131n hayatlar\u0131n\u0131 hat\u0131rlamalar\u0131na, yas tutmalar\u0131na, iyile\u015ftirmelerine, payla\u015fmalar\u0131na ve kutlamalar\u0131na izin vermektir.<\/p><p>Bir anma web sitesinin toplumsal y\u00f6n\u00fc, ba\u011flant\u0131n\u0131n kilit bir unsur olmas\u0131 nedeniyle \u00e7ok \u00f6nemlidir. \u00c7evrimi\u00e7i bir an\u0131t, ziyaret\u00e7ilerin bir ziyaret\u00e7i defteri imzalamas\u0131na ve bir mum yakmas\u0131na veya \u00e7i\u00e7ek eklemesine izin vermelidir. Aile ve arkada\u015flar da anma t\u00f6renine katk\u0131da bulunmak i\u00e7in resim ve video ekleyebilir.<\/p><p>An\u0131t web sitesi, \u00f6lenlerin sevdikleri taraf\u0131ndan korunur. An\u0131t\u0131 koruyan sevdikleriniz genellikle yak\u0131n ailedir, ancak geni\u015f aile, arkada\u015flar, i\u015f arkada\u015flar\u0131 ve meslekta\u015flar olabilir.<\/p><p>An\u0131t \u00e7evrimi\u00e7i oldu\u011fu i\u00e7in, bu kolayca ortak olma ve her yerden ziyaret edilme avantaj\u0131na sahiptir. Bir an\u0131t\u0131n \u00e7evrimi\u00e7i y\u00f6n\u00fc, an\u0131t\u0131n gelecek nesiller i\u00e7in aktif ve g\u00f6r\u00fcn\u00fcr olmas\u0131n\u0131 da sa\u011flar.<\/p>\t\t\t\t\t\t<\/div>\n\t\t\t\t<\/div>\n\t\t\t\t\t<\/div>\n\t\t<\/div>\n\t\t\t\t\t<\/div>\n\t\t<\/section>\n\t\t\t\t\t<\/div>\n\t\t<\/div>\n\t\t\t\t\t<\/div>\n\t\t<\/section>\n\t\t\t\t<\/div>\n\t\t","protected":false},"excerpt":{"rendered":"<p>Ev&gt;&gt; Memorial Web Siteleri Rehberi &gt;&gt; \u00c7evrimi\u00e7i An\u0131t nedir? \u00c7evrimi\u00e7i bir an\u0131t, ya\u015fayanlar\u0131n unutulmamalar\u0131 i\u00e7in \u00f6len bir ki\u015finin veya evcil hayvan\u0131n hayat\u0131n\u0131 hat\u0131rlad\u0131\u011f\u0131 ve kutlad\u0131\u011f\u0131 \u00e7evrimi\u00e7i bir yerdir. \u00c7evrimi\u00e7i bir yer, \u00f6zel bir anma web sitesi, tek bir sayfa veya an\u0131tla\u015ft\u0131r\u0131lm\u0131\u015f bir Facebook hesab\u0131 gibi&#8230;<\/p>\n","protected":false},"author":6,"featured_media":0,"parent":15389,"menu_order":0,"comment_status":"closed","ping_status":"closed","template":"","meta":{"footnotes":""},"class_list":["post-15840","page","type-page","status-publish","hentry"],"_links":{"self":[{"href":"https:\/\/www.lovingmemorials.com\/tr\/wp-json\/wp\/v2\/pages\/15840","targetHints":{"allow":["GET"]}}],"collection":[{"href":"https:\/\/www.lovingmemorials.com\/tr\/wp-json\/wp\/v2\/pages"}],"about":[{"href":"https:\/\/www.lovingmemorials.com\/tr\/wp-json\/wp\/v2\/types\/page"}],"author":[{"embeddable":true,"href":"https:\/\/www.lovingmemorials.com\/tr\/wp-json\/wp\/v2\/users\/6"}],"replies":[{"embeddable":true,"href":"https:\/\/www.lovingmemorials.com\/tr\/wp-json\/wp\/v2\/comments?post=15840"}],"version-history":[{"count":4,"href":"https:\/\/www.lovingmemorials.com\/tr\/wp-json\/wp\/v2\/pages\/15840\/revisions"}],"predecessor-version":[{"id":18265,"href":"https:\/\/www.lovingmemorials.com\/tr\/wp-json\/wp\/v2\/pages\/15840\/revisions\/18265"}],"up":[{"embeddable":true,"href":"https:\/\/www.lovingmemorials.com\/tr\/wp-json\/wp\/v2\/pages\/15389"}],"wp:attachment":[{"href":"https:\/\/www.lovingmemorials.com\/tr\/wp-json\/wp\/v2\/media?parent=15840"}],"curies":[{"name":"wp","href":"https:\/\/api.w.org\/{rel}","templated":true}]}}