{"id":15888,"date":"2022-02-16T20:30:39","date_gmt":"2022-02-16T20:30:39","guid":{"rendered":"https:\/\/www.lovingmemorials.com\/cevrimici-anitlar-rehberi\/cevrimici-olum-ilani-ve-cevrimici-anma-ilani-arasindaki-fark\/"},"modified":"2022-02-26T03:03:27","modified_gmt":"2022-02-26T03:03:27","slug":"olum-ilani-anit-arasindaki-fark","status":"publish","type":"page","link":"https:\/\/www.lovingmemorials.com\/tr\/kilavuz\/olum-ilani-anit-arasindaki-fark\/","title":{"rendered":"\u00c7evrimi\u00e7i \u00d6l\u00fcm \u0130lan\u0131 ve \u00c7evrimi\u00e7i Anma \u0130lan\u0131 Aras\u0131ndaki Fark"},"content":{"rendered":"\t\t<div data-elementor-type=\"wp-page\" data-elementor-id=\"15888\" class=\"elementor elementor-15888\" data-elementor-post-type=\"page\">\n\t\t\t\t\t\t<section class=\"elementor-section elementor-top-section elementor-element elementor-element-0182c20 elementor-section-content-middle elementor-section-boxed elementor-section-height-default elementor-section-height-default parallax_section_no qode_elementor_container_no\" data-id=\"0182c20\" data-element_type=\"section\">\n\t\t\t\t\t\t<div class=\"elementor-container elementor-column-gap-no\">\n\t\t\t\t\t<div class=\"elementor-column elementor-col-100 elementor-top-column elementor-element elementor-element-f85ac67\" data-id=\"f85ac67\" data-element_type=\"column\">\n\t\t\t<div class=\"elementor-widget-wrap elementor-element-populated\">\n\t\t\t\t\t\t<div class=\"elementor-element elementor-element-a3ba493 guide-breardcrumb elementor-widget elementor-widget-text-editor\" data-id=\"a3ba493\" data-element_type=\"widget\" data-widget_type=\"text-editor.default\">\n\t\t\t\t<div class=\"elementor-widget-container\">\n\t\t\t\t\t\t\t<p><a href=\"https:\/\/www.lovingmemorials.com\/tr\/\">Ev<\/a>&gt;&gt; <a href=\"https:\/\/www.lovingmemorials.com\/tr\/kilavuz\/\">Memorial Web Siteleri Rehberi<\/a> &gt;&gt;<\/p>\t\t\t\t\t\t<\/div>\n\t\t\t\t<\/div>\n\t\t\t\t<div class=\"elementor-element elementor-element-fff4700 page-header elementor-widget elementor-widget-heading\" data-id=\"fff4700\" data-element_type=\"widget\" data-widget_type=\"heading.default\">\n\t\t\t\t<div class=\"elementor-widget-container\">\n\t\t\t<h1 class=\"elementor-heading-title elementor-size-default\">\u00c7evrimi\u00e7i \u00d6l\u00fcm \u0130lan\u0131 ile Anma Yaz\u0131s\u0131 Aras\u0131ndaki Fark\n<\/h1>\t\t<\/div>\n\t\t\t\t<\/div>\n\t\t\t\t<section class=\"elementor-section elementor-inner-section elementor-element elementor-element-5c8432b elementor-section-content-middle container-shadow elementor-section-boxed elementor-section-height-default elementor-section-height-default parallax_section_no qode_elementor_container_no\" data-id=\"5c8432b\" data-element_type=\"section\" data-settings=\"{&quot;background_background&quot;:&quot;classic&quot;}\">\n\t\t\t\t\t\t<div class=\"elementor-container elementor-column-gap-no\">\n\t\t\t\t\t<div class=\"elementor-column elementor-col-100 elementor-inner-column elementor-element elementor-element-6155df8\" data-id=\"6155df8\" data-element_type=\"column\">\n\t\t\t<div class=\"elementor-widget-wrap elementor-element-populated\">\n\t\t\t\t\t\t<div class=\"elementor-element elementor-element-cf3f708 elementor-widget elementor-widget-text-editor\" data-id=\"cf3f708\" data-element_type=\"widget\" data-widget_type=\"text-editor.default\">\n\t\t\t\t<div class=\"elementor-widget-container\">\n\t\t\t\t\t\t\t<p>Bir \u00f6l\u00fcm ilan\u0131 <span style=\"font-weight: 400;\">bir ki\u015finin \u00f6l\u00fcm\u00fcn\u00fc duyurur, \u00e7evrimi\u00e7i bir anma hayat\u0131 anar.<\/span><\/p><h3>\u00c7evrimi\u00e7i \u00d6l\u00fcm \u0130lanlar\u0131<\/h3><p>\u00c7evrimi\u00e7i bir \u00f6l\u00fcm ilan\u0131 genellikle bir cenaze evinin web sitesinde veya bir gazetede yay\u0131nlan\u0131r. \u00d6len ki\u015finin \u00f6l\u00fcm\u00fcn\u00fcn duyurulmas\u0131na yard\u0131mc\u0131 olur ve ziyaretler, kilise hizmetleri ve defin detaylar\u0131 gibi yap\u0131lan hizmetlerin ayr\u0131nt\u0131lar\u0131n\u0131 sa\u011flar.<\/p><p>\u00c7evrimi\u00e7i bir \u00f6l\u00fcm ilan\u0131, merhumun hayat\u0131na genel bir bak\u0131\u015f ve aile ve geni\u015f akrabalar\u0131n bir listesine sahiptir. \u00d6l\u00fcm sebebini, resimleri, videolar\u0131 ve d\u00fczenlenen hizmetlerin canl\u0131 ak\u0131\u015flar\u0131n\u0131 i\u00e7erebilir.<\/p><p>Genellikle insanlar bir ziyaret\u00e7i defterine taziye veya mesaj b\u0131rakabilir ve ayr\u0131ca hizmetlere \u00e7i\u00e7ek g\u00f6ndermenin bir yolunu da b\u0131rakabilir.<\/p><p>\u00c7evrimi\u00e7i \u00f6l\u00fcm ilanlar\u0131 her zaman herkese a\u00e7\u0131kt\u0131r ve bir cenaze evinin web sitesinde veya bir gazetede g\u00f6r\u00fcnt\u00fclenebilir.<\/p><p>\u00c7evrimi\u00e7i bir \u00f6l\u00fcm ilan\u0131n\u0131n kalma s\u00fcresi, cenaze evine veya gazeteye ba\u011fl\u0131d\u0131r.<\/p><h3>\u00c7evrimi\u00e7i An\u0131tlar<\/h3><p>\u00c7evrimi\u00e7i bir anma web sitesi veya sayfas\u0131, merhumun hayat\u0131n\u0131 hat\u0131rlamaya, kutlamaya ve onurland\u0131rmaya y\u00f6neliktir.<\/p><p>Resimler, videolar ve an\u0131lar i\u00e7erir. <\/p><p>\u00d6len ki\u015finin ailesi, hobileri, ilgi alanlar\u0131 ve ait olduklar\u0131 derneklerle ilgili ayr\u0131nt\u0131lar\u0131 ve do\u011fum ayr\u0131nt\u0131lar\u0131n\u0131 i\u00e7erebilir.<\/p><p>An\u0131t\u0131 olu\u015fturan aile veya arkada\u015f, onu ba\u015fkalar\u0131yla payla\u015facak ve eklemelerine izin verecek. \u00c7evrimi\u00e7i an\u0131tlar genellikle ziyaret\u00e7ilerin d\u00fc\u015f\u00fcncelerini, an\u0131lar\u0131n\u0131, foto\u011fraflar\u0131n\u0131 ve videolar\u0131n\u0131 payla\u015fabilecekleri bir ziyaret\u00e7i defteri i\u00e7erir.<\/p><p>\u00c7evrimi\u00e7i bir anma web sitesi genellikle, \u00f6zel olmas\u0131n\u0131 m\u0131 yoksa herkesin g\u00f6rmesine izin vermesini mi istedi\u011finize karar vermenizi sa\u011flar.<\/p><p>\u00c7evrimi\u00e7i bir anma t\u00f6renine sahip olman\u0131n en iyi nedeni, vefat eden ki\u015finin her zaman hat\u0131rlanmas\u0131n\u0131 sa\u011flamakt\u0131r.<\/p>\t\t\t\t\t\t<\/div>\n\t\t\t\t<\/div>\n\t\t\t\t\t<\/div>\n\t\t<\/div>\n\t\t\t\t\t<\/div>\n\t\t<\/section>\n\t\t\t\t\t<\/div>\n\t\t<\/div>\n\t\t\t\t\t<\/div>\n\t\t<\/section>\n\t\t\t\t<\/div>\n\t\t","protected":false},"excerpt":{"rendered":"<p>Ev&gt;&gt; Memorial Web Siteleri Rehberi &gt;&gt; \u00c7evrimi\u00e7i \u00d6l\u00fcm \u0130lan\u0131 ile Anma Yaz\u0131s\u0131 Aras\u0131ndaki Fark Bir \u00f6l\u00fcm ilan\u0131 bir ki\u015finin \u00f6l\u00fcm\u00fcn\u00fc duyurur, \u00e7evrimi\u00e7i bir anma hayat\u0131 anar. \u00c7evrimi\u00e7i \u00d6l\u00fcm \u0130lanlar\u0131 \u00c7evrimi\u00e7i bir \u00f6l\u00fcm ilan\u0131 genellikle bir cenaze evinin web sitesinde veya bir gazetede yay\u0131nlan\u0131r. \u00d6len ki\u015finin&#8230;<\/p>\n","protected":false},"author":6,"featured_media":0,"parent":15389,"menu_order":0,"comment_status":"closed","ping_status":"closed","template":"","meta":{"footnotes":""},"class_list":["post-15888","page","type-page","status-publish","hentry"],"_links":{"self":[{"href":"https:\/\/www.lovingmemorials.com\/tr\/wp-json\/wp\/v2\/pages\/15888","targetHints":{"allow":["GET"]}}],"collection":[{"href":"https:\/\/www.lovingmemorials.com\/tr\/wp-json\/wp\/v2\/pages"}],"about":[{"href":"https:\/\/www.lovingmemorials.com\/tr\/wp-json\/wp\/v2\/types\/page"}],"author":[{"embeddable":true,"href":"https:\/\/www.lovingmemorials.com\/tr\/wp-json\/wp\/v2\/users\/6"}],"replies":[{"embeddable":true,"href":"https:\/\/www.lovingmemorials.com\/tr\/wp-json\/wp\/v2\/comments?post=15888"}],"version-history":[{"count":2,"href":"https:\/\/www.lovingmemorials.com\/tr\/wp-json\/wp\/v2\/pages\/15888\/revisions"}],"predecessor-version":[{"id":17953,"href":"https:\/\/www.lovingmemorials.com\/tr\/wp-json\/wp\/v2\/pages\/15888\/revisions\/17953"}],"up":[{"embeddable":true,"href":"https:\/\/www.lovingmemorials.com\/tr\/wp-json\/wp\/v2\/pages\/15389"}],"wp:attachment":[{"href":"https:\/\/www.lovingmemorials.com\/tr\/wp-json\/wp\/v2\/media?parent=15888"}],"curies":[{"name":"wp","href":"https:\/\/api.w.org\/{rel}","templated":true}]}}