{"id":15941,"date":"2022-02-16T20:46:56","date_gmt":"2022-02-16T20:46:56","guid":{"rendered":"https:\/\/www.lovingmemorials.com\/gizlilik-politikasi\/"},"modified":"2022-04-28T16:59:47","modified_gmt":"2022-04-28T16:59:47","slug":"mahremiyet","status":"publish","type":"page","link":"https:\/\/www.lovingmemorials.com\/tr\/mahremiyet\/","title":{"rendered":"Gizlilik Politikas\u0131"},"content":{"rendered":"\t\t<div data-elementor-type=\"wp-page\" data-elementor-id=\"15941\" class=\"elementor elementor-15941\" data-elementor-post-type=\"page\">\n\t\t\t\t\t\t<section class=\"elementor-section elementor-top-section elementor-element elementor-element-0182c20 elementor-section-content-middle page-header elementor-section-boxed elementor-section-height-default elementor-section-height-default parallax_section_no qode_elementor_container_no\" data-id=\"0182c20\" data-element_type=\"section\">\n\t\t\t\t\t\t<div class=\"elementor-container elementor-column-gap-no\">\n\t\t\t\t\t<div class=\"elementor-column elementor-col-100 elementor-top-column elementor-element elementor-element-f85ac67\" data-id=\"f85ac67\" data-element_type=\"column\">\n\t\t\t<div class=\"elementor-widget-wrap elementor-element-populated\">\n\t\t\t\t\t\t<div class=\"elementor-element elementor-element-fff4700 elementor-widget elementor-widget-heading\" data-id=\"fff4700\" data-element_type=\"widget\" data-widget_type=\"heading.default\">\n\t\t\t\t<div class=\"elementor-widget-container\">\n\t\t\t<h1 class=\"elementor-heading-title elementor-size-default\">Gizlilik Politikas\u0131<\/h1>\t\t<\/div>\n\t\t\t\t<\/div>\n\t\t\t\t<section class=\"elementor-section elementor-inner-section elementor-element elementor-element-5c8432b elementor-section-content-middle container-shadow elementor-section-boxed elementor-section-height-default elementor-section-height-default parallax_section_no qode_elementor_container_no\" data-id=\"5c8432b\" data-element_type=\"section\" data-settings=\"{&quot;background_background&quot;:&quot;classic&quot;}\">\n\t\t\t\t\t\t<div class=\"elementor-container elementor-column-gap-no\">\n\t\t\t\t\t<div class=\"elementor-column elementor-col-100 elementor-inner-column elementor-element elementor-element-6155df8\" data-id=\"6155df8\" data-element_type=\"column\">\n\t\t\t<div class=\"elementor-widget-wrap elementor-element-populated\">\n\t\t\t\t\t\t<div class=\"elementor-element elementor-element-a9e2b32 elementor-widget elementor-widget-text-editor\" data-id=\"a9e2b32\" data-element_type=\"widget\" data-widget_type=\"text-editor.default\">\n\t\t\t\t<div class=\"elementor-widget-container\">\n\t\t\t\t\t\t\t<p>Bu Gizlilik Politikas\u0131 \u015funlar\u0131 a\u00e7\u0131klar:<\/p><ul><li>hangi bilgileri topluyoruz<\/li><li>neden topluyoruz<\/li><li>onu nas\u0131l kullan\u0131r\u0131z<\/li><li>sahip oldu\u011fun se\u00e7enekler<\/li><\/ul><h3>Bilgi koleksiyonu<\/h3><ul><li>Bize Sa\u011flad\u0131\u011f\u0131n\u0131z Bilgiler<ul><li>Sevgi An\u0131t\u0131 hizmetini kullanarak, bize Ki\u015fisel Bilgilerinizi ve Sevdi\u011finiz Ki\u015finin Bilgilerini sa\u011flaman\u0131z gerekecektir (&#8216;Sevdi\u011finiz Ki\u015fi&#8217;, kendisi i\u00e7in bir Sevgi An\u0131t\u0131 olu\u015fturdu\u011funuz ki\u015fi veya evcil hayvand\u0131r)<\/li><\/ul><\/li><\/ul><ul><li style=\"list-style-type: none;\"><ul><li>Ki\u015fisel bilgilerin<ul><li>ad\u0131n\u0131z, e-posta adresiniz, \u00f6deme bilgileriniz, Sevgi An\u0131t\u0131&#8217;n\u0131n olu\u015fturuldu\u011fu merhum ile ili\u015fkiniz, Sevgi An\u0131t\u0131&#8217;n\u0131n kullan\u0131ld\u0131\u011f\u0131 dil<\/li><\/ul><\/li><\/ul><\/li><\/ul><ul><li style=\"list-style-type: none;\"><ul><li>Sevdiklerinizin Bilgileri<ul><li>&#8216;Sevdi\u011finiz Ki\u015fi&#8217; i\u00e7in bir Sevgi An\u0131t\u0131 yaratt\u0131\u011f\u0131n\u0131z ki\u015fi veya evcil hayvan\u0131n\u0131zd\u0131r.<\/li><li>Sevdiklerinizin bilgileri do\u011fum ve \u00f6l\u00fcm bilgilerini, ya\u015fad\u0131klar\u0131 yerleri, di\u011fer insanlarla aile ili\u015fkilerini, tan\u0131d\u0131klar\u0131n\u0131, hayat hikayelerini, resimlerini, videolar\u0131n\u0131, m\u00fcziklerini, an\u0131lar\u0131n\u0131, hikayelerini, ziyaret\u00e7i defteri giri\u015flerini i\u00e7erebilir.<\/li><\/ul><\/li><\/ul><\/li><\/ul><ul><li>Ziyaret\u00e7ilerden Gelen Bilgiler<ul><li>Ziyaret\u00e7iler ayr\u0131ca Sevdiklerinizin An\u0131s\u0131na resimler, videolar, hikayeler, an\u0131lar ve ziyaret\u00e7i defteri giri\u015fleri gibi bilgiler sa\u011flayabilir.<\/li><\/ul><\/li><li>Ortaklardan Gelen Bilgiler<ul><li>Sizin veya Sevdi\u011finiz Ki\u015fiyi tan\u0131yan birinin ili\u015fki kurdu\u011fu di\u011fer \u015firketlerden bilgi topluyoruz.<\/li><li>\u00d6rne\u011fin, bir cenaze evi, Sevdi\u011finiz Ki\u015fi i\u00e7in bir \u00f6l\u00fcm ilan\u0131 sa\u011flam\u0131\u015f olabilir ve bu \u00f6l\u00fcm ilan\u0131, Sevgi An\u0131t\u0131&#8217;nda kullan\u0131lan bilgilerin temelini olu\u015fturmu\u015ftur.<\/li><li>Ortaklar\u0131m\u0131zdan gelen bu bilgiler, &#8216;Sevdi\u011finiz Ki\u015finin Bilgileri&#8217;ndeki t\u00fcm bilgileri i\u00e7erebilir.<\/li><li>Ortakl\u0131klar\u0131m\u0131z cenaze evleri, cenaze end\u00fcstrisindeki yaz\u0131l\u0131m sa\u011flay\u0131c\u0131lar\u0131 veya ba\u011f\u0131ms\u0131z web sitelerini i\u00e7erebilir.<\/li><\/ul><\/li><li>Otomatik Olarak Toplad\u0131\u011f\u0131m\u0131z Bilgiler<ul><li>Loving Memorial hizmetini kullanarak sizin hakk\u0131n\u0131zda a\u015fa\u011f\u0131dakiler gibi bilgileri otomatik olarak topluyoruz:<ul><li>Sevgi An\u0131t\u0131 web sitesindeki ve Sevdikleriniz i\u00e7in Sevgi An\u0131t\u0131&#8217;ndaki etkinli\u011finiz<\/li><li>sayfa g\u00f6r\u00fcn\u00fcmleri ve web sunucusu g\u00fcnl\u00fcklerinden ve web sitesi analiz ara\u00e7lar\u0131ndan al\u0131nan di\u011fer standart bilgiler dahil olmak \u00fczere web sitemiz ve \u00f6zellikleriyle etkile\u015fiminiz<\/li><li>cihaz tan\u0131mlay\u0131c\u0131lar\u0131 ve kulland\u0131\u011f\u0131n\u0131z ki\u015fisel bilgisayar veya mobil cihaz\u0131n t\u00fcr\u00fc<\/li><li>internet taray\u0131c\u0131s\u0131n\u0131n t\u00fcr\u00fc<\/li><li>a\u011f bilgileriniz ve IP adresiniz<\/li><li>internet servis sa\u011flay\u0131c\u0131n\u0131z<\/li><li>etkile\u015fimde bulundu\u011funuz reklamlar ve arama sorgular\u0131 dahil olmak \u00fczere sizi bize y\u00f6nlendiren web sitesi<\/li><li>destek tarihi, saati ve nedeni gibi m\u00fc\u015fteri hizmetlerimizle etkile\u015fiminiz ve e-posta, metin ve sesli g\u00fcnl\u00fckler arac\u0131l\u0131\u011f\u0131yla ileti\u015fimlerin d\u00f6k\u00fcmleri<\/li><li>\u00e7erezler ve reklam verilerini i\u00e7eren di\u011fer teknolojiler arac\u0131l\u0131\u011f\u0131yla toplanan bilgiler<\/li><\/ul><\/li><\/ul><\/li><\/ul><h3>Neden Bilgi Topluyoruz<\/h3><p>A\u015fa\u011f\u0131dakiler gibi \u00e7e\u015fitli nedenlerle bilgi topluyoruz:<\/p><ul><li>hizmetimizi sa\u011flamak, analiz etmek ve iyile\u015ftirmek<\/li><li>kayd\u0131n\u0131z\u0131 i\u015fleme alabilmek ve sizden \u00f6deme alabilmek i\u00e7in<\/li><li>sahip olabilece\u011finiz teknik sorunlarda size yard\u0131mc\u0131 olabilmek i\u00e7in<\/li><li>hizmetlerimizi g\u00fcvenli, doland\u0131r\u0131c\u0131l\u0131ktan uzak ve \u00e7al\u0131\u015f\u0131r durumda tutmak i\u00e7in<\/li><li>\u015eartlar ve Ko\u015fullar\u0131m\u0131z\u0131n takip edildi\u011finden emin olmak i\u00e7in<\/li><li>hizmetimizi size sunabilmek i\u00e7in ortaklarla \u00e7al\u0131\u015fmak<\/li><li>yasa d\u0131\u015f\u0131 faaliyetleri \u00f6nlemek ve tespit etmek<\/li><li>yeni \u00f6zellikler, teklifler ve promosyonlar hakk\u0131nda sizi bilgilendirmek de dahil olmak \u00fczere hizmetimiz hakk\u0131nda sizinle ileti\u015fim kurmak i\u00e7in<\/li><\/ul><h3>Bilgilerin A\u00e7\u0131klanmas\u0131<\/h3><p>Bilgilerinizi belirli ama\u00e7larla ve \u00fc\u00e7\u00fcnc\u00fc taraflara a\u015fa\u011f\u0131daki \u015fekilde if\u015fa edebiliriz:<\/p><ul><li>Servis sa\u011flay\u0131c\u0131lar\u0131<ul><li>size hizmet sunmam\u0131za yard\u0131mc\u0131 olmas\u0131 i\u00e7in di\u011fer \u015firketleri, acenteleri ve y\u00fcklenicileri kullan\u0131r\u0131z<\/li><li>BT hizmetleri, \u00f6deme ve faturaland\u0131rma, m\u00fc\u015fteri hizmetleri, ileti\u015fim, pazarlama, reklam, g\u00fcvenlik, anketler i\u00e7in Hizmet Sa\u011flay\u0131c\u0131lar\u0131 kullanabiliriz.<\/li><li>Hizmet Sa\u011flay\u0131c\u0131lar, ki\u015fisel bilgilerinize veya Sevdiklerinizin ki\u015fisel bilgilerine eri\u015febilir.<\/li><li>Hizmet Sa\u011flay\u0131c\u0131lar, hizmetlerini bize sa\u011flamakla ba\u011flant\u0131l\u0131 olmad\u0131k\u00e7a bu bilgileri kullanamaz veya if\u015fa edemez.<\/li><\/ul><\/li><li>Ortaklar<ul><li>Size hizmet verebilmek ve\/veya Ortaklarla olan i\u015f anla\u015fmalar\u0131m\u0131z\u0131 yerine getirmek i\u00e7in belirli ki\u015fisel bilgileri veya Sevdi\u011finiz Ki\u015finin ki\u015fisel bilgilerini Ortaklar\u0131m\u0131zla payla\u015fabiliriz.<\/li><\/ul><\/li><li>Kanunlara Uyum<ul><li>ge\u00e7erli bir yasa, d\u00fczenleme, yasal s\u00fcre\u00e7, h\u00fck\u00fcmet talebi, kanun yapt\u0131r\u0131m\u0131 talebini kar\u015f\u0131lamak ve bunlara uymak i\u00e7in ki\u015fisel bilgilerinizi veya Sevdi\u011finiz Ki\u015finin ki\u015fisel bilgilerini if\u015fa edebiliriz.<\/li><\/ul><\/li><li>S\u00f6zle\u015fmelerin Y\u00fcr\u00fcrl\u00fc\u011f\u00fc ve G\u00fcvenlik<ul><li>Ki\u015fisel bilgilerinizi veya Sevdiklerinizin ki\u015fisel bilgilerini, H\u00fck\u00fcm ve Ko\u015fullar\u0131m\u0131z\u0131 uygulamak, yasa d\u0131\u015f\u0131 faaliyetleri tespit etmek veya \u00f6nlemek, g\u00fcvenlik veya teknik sorunlar i\u00e7in ve yasalar\u0131n gerektirdi\u011fi veya izin verdi\u011fi \u015fekilde haklara, m\u00fclklere veya g\u00fcvenli\u011fe y\u00f6nelik herhangi bir zarara kar\u015f\u0131 korumak i\u00e7in if\u015fa edebiliriz.<\/li><\/ul><\/li><li>Ticari Transferler<ul><li>\u015eirketimizin herhangi bir birle\u015fmesinde veya sat\u0131\u015f\u0131nda veya varl\u0131klar\u0131m\u0131z\u0131n devrinde ihtiya\u00e7 duyuldu\u011funda<\/li><li>Ki\u015fisel Bilgileriniz veya Sevdi\u011finiz Ki\u015fi bilgileri farkl\u0131 bir gizlilik politikas\u0131na tabi olmadan \u00f6nce size bildirimde bulunaca\u011f\u0131z.<\/li><\/ul><\/li><\/ul><h3>Gizlilik Kontrolleriniz<\/h3><ul><li>Sevdiklerinizin Bilgileri ve Gizlilik T\u00fcr\u00fc<ul><li>Sevdi\u011finiz Ki\u015fi hakk\u0131nda hangi bilgileri payla\u015faca\u011f\u0131n\u0131z ve bunlar\u0131n nas\u0131l payla\u015f\u0131laca\u011f\u0131 sizin se\u00e7iminizdir ve bu hususu g\u00f6z \u00f6n\u00fcnde bulundurmal\u0131s\u0131n\u0131z.<\/li><li>Sevdiklerinizin payla\u015fmay\u0131 se\u00e7ti\u011finiz bilgilerinin nas\u0131l payla\u015f\u0131laca\u011f\u0131na, Sevgi An\u0131t\u0131&#8217;n\u0131n tamam\u0131na veya Sevgi An\u0131t\u0131&#8217;n\u0131n bir k\u0131sm\u0131na bir Gizlilik T\u00fcr\u00fc atayarak karar verebilirsiniz.<\/li><li>Genel Gizlilik T\u00fcr\u00fc<ul><li>Sevgi An\u0131t\u0131n\u0131z\u0131 veya Sevgi An\u0131t\u0131n\u0131z\u0131n bir b\u00f6l\u00fcm\u00fcn\u00fc Herkese A\u00e7\u0131k olarak ayarlamay\u0131 se\u00e7ebilirsiniz.<\/li><li>Sevgi An\u0131t\u0131n\u0131z i\u00e7in Genel gizlilik t\u00fcr\u00fcn\u00fc se\u00e7erseniz, bu, Sevdiklerinizin bilgilerini web sitemizde herkesin g\u00f6rmesi i\u00e7in, bizde hesab\u0131 olmasa bile g\u00f6r\u00fcnt\u00fcleyece\u011fimiz anlam\u0131na gelir.<\/li><li>Herkese A\u00e7\u0131k olarak belirlenmi\u015f bir Sevgi An\u0131t\u0131 herkes taraf\u0131ndan g\u00f6r\u00fclebilir, eri\u015filebilir, yeniden payla\u015f\u0131labilir veya indirilebilir ve arama motorlar\u0131, sosyal medya, di\u011fer web siteleri, API&#8217;ler ve \u00e7evrimd\u0131\u015f\u0131 medya taraf\u0131ndan kullan\u0131labilir hale gelebilir.<\/li><li>Web sitemizde Herkese A\u00e7\u0131k bir Sevgi An\u0131t\u0131 payla\u015fmaya ek olarak, Sosyal medyada, di\u011fer web sitelerinde ve \u00e7evrimd\u0131\u015f\u0131 medyada te\u015fhir ve bahsetme dahil olmak \u00fczere pazarlama ve tan\u0131t\u0131m \u00e7al\u0131\u015fmalar\u0131m\u0131zda Sevgi An\u0131t\u0131&#8217;na at\u0131fta bulunabilir ve onu kullanabiliriz. Bir Halka A\u00e7\u0131k Sevgi An\u0131t\u0131 daha sonra art\u0131k Herkese A\u00e7\u0131k olmayacak \u015fekilde belirlenirse, yani onu Liste D\u0131\u015f\u0131 veya \u00d6zel yapmay\u0131 se\u00e7erseniz, onu kullanmay\u0131 b\u0131rakmam\u0131z\u0131 talep edebilirsiniz. Talebiniz taraf\u0131m\u0131zca al\u0131nd\u0131ktan ve onayland\u0131ktan sonra, gelecekte bunu herkese a\u00e7\u0131k olarak kullanmay\u0131 b\u0131rakaca\u011f\u0131z. Ancak, bir zamanlar Kamuya A\u00e7\u0131k olarak belirlenmi\u015f ve daha \u00f6nce at\u0131fta bulundu\u011fumuz bir Sevgi An\u0131t\u0131 i\u00e7in ge\u00e7mi\u015f referanslar\u0131 kald\u0131rmaktan sorumlu olmayaca\u011f\u0131z.<\/li><\/ul><\/li><li>Listelenmemi\u015f Gizlilik T\u00fcr\u00fc<ul><li>Gizlilik T\u00fcr\u00fc Listelenmemi\u015f olan bir Sevgi An\u0131t\u0131 veya bir Sevgi An\u0131t\u0131 par\u00e7as\u0131 i\u00e7in, yaln\u0131zca Sevgi An\u0131t\u0131&#8217;na ba\u011flant\u0131s\u0131 olan herkes eri\u015febilir ve bu ba\u011flant\u0131 bizim taraf\u0131m\u0131zdan herkese a\u00e7\u0131k olarak yay\u0131nlanmayacakt\u0131r.<\/li><li>Listelenmemi\u015f Sevgi An\u0131t\u0131 i\u00e7in bir ba\u011flant\u0131ya eri\u015fiminiz olacak ve bu ba\u011flant\u0131y\u0131 kiminle payla\u015ft\u0131\u011f\u0131n\u0131z\u0131 g\u00f6z \u00f6n\u00fcnde bulundurmal\u0131s\u0131n\u0131z, \u00e7\u00fcnk\u00fc bu ba\u011flant\u0131ya sahip olan herkes bu ba\u011flant\u0131y\u0131 Sevgi An\u0131t\u0131 i\u00e7in daha fazla payla\u015fabilir.<\/li><\/ul><\/li><\/ul><\/li><li>\u201cBeni Hat\u0131rla\u201d \u0130\u015flevi<ul><li>Web sitemizi her ziyaret etti\u011finizde e-posta adresinizi ve \u015fifrenizi yeniden girmenize gerek kalmadan hesab\u0131n\u0131za do\u011frudan eri\u015fmenizi sa\u011flayan \u201cBeni Hat\u0131rla\u201d i\u015flevini kullanmay\u0131 veya kullanmamay\u0131 se\u00e7ebilirsiniz.<\/li><\/ul><\/li><\/ul><h3> <span style=\"font-size: 1.424rem; letter-spacing: 1px;\">Kurabiye<\/span><\/h3><ul><li>\u00c7erez, ziyaret etti\u011finiz bir web sitesinin taray\u0131c\u0131n\u0131za yazd\u0131\u011f\u0131 k\u00fc\u00e7\u00fck bir metin par\u00e7as\u0131d\u0131r.<\/li><li>Tan\u0131mlama bilgileri, performans, i\u015flevsellik, g\u00fcvenlik, analiz ve reklam ama\u00e7lar\u0131yla ziyaretinizle ilgili bilgileri hat\u0131rlamak i\u00e7in kullan\u0131l\u0131r.<\/li><li>Baz\u0131 \u00e7erezler, \u00f6deme yapma ve temel site i\u015flevlerini yerine getirme gibi hizmetimizin b\u00f6l\u00fcmleri i\u00e7in gereklidir.<\/li><li>\u00c7erezleri tercihlerinizi hat\u0131rlamak ve bilgileri yeniden yazmaktan ka\u00e7\u0131nman\u0131za yard\u0131mc\u0131 olmak i\u00e7in de kullanabiliriz, \u00f6rne\u011fin &#8216;Beni Hat\u0131rla&#8217; otomatik olarak oturum a\u00e7man\u0131za izin verir.<\/li><li>Taray\u0131c\u0131n\u0131z, \u00e7erez verilerini temizleme ve \u00e7erezleri site baz\u0131nda y\u00f6netme dahil olmak \u00fczere \u00e7erezlerinizi y\u00f6netmenize izin verecektir.<\/li><li>\u00c7erezleri y\u00f6netmek i\u00e7in taray\u0131c\u0131n\u0131z\u0131n destek b\u00f6l\u00fcm\u00fcne bak\u0131n<\/li><\/ul><h3>Bize Ula\u015f\u0131n<\/h3><ul><li>Bu Gizlilik Politikas\u0131 veya Ki\u015fisel Bilgilerinizin veya Sevdiklerinizin Bilgilerinin kullan\u0131m\u0131 hakk\u0131nda sorular\u0131n\u0131z varsa, bizimle ileti\u015fime ge\u00e7ebilirsiniz.<\/li><\/ul><h3>Bu Gizlilik Politikas\u0131ndaki De\u011fi\u015fiklikler<\/h3><ul><li>Bu Gizlilik Politikas\u0131n\u0131 zaman zaman de\u011fi\u015ftirece\u011fiz<\/li><li>Son de\u011fi\u015fikliklerin yay\u0131nland\u0131\u011f\u0131 tarihi belirtece\u011fiz<\/li><li>G\u00fcncellemeler y\u00fcr\u00fcrl\u00fc\u011fe girdikten sonra hizmetimizi kullanmaya devam etmeniz, Gizlilik Politikam\u0131z\u0131 kabul etti\u011finiz veya kabul etti\u011finiz anlam\u0131na gelir.<\/li><li>Bu de\u011fi\u015fiklikleri kabul etmez veya kabul etmezseniz, Sevgiyle Anma hizmetini iptal edebilirsiniz.<\/li><\/ul><p>Son g\u00fcncelleme 22 Aral\u0131k 2021<\/p>\t\t\t\t\t\t<\/div>\n\t\t\t\t<\/div>\n\t\t\t\t\t<\/div>\n\t\t<\/div>\n\t\t\t\t\t<\/div>\n\t\t<\/section>\n\t\t\t\t\t<\/div>\n\t\t<\/div>\n\t\t\t\t\t<\/div>\n\t\t<\/section>\n\t\t\t\t<\/div>\n\t\t","protected":false},"excerpt":{"rendered":"<p>Gizlilik Politikas\u0131 Bu Gizlilik Politikas\u0131 \u015funlar\u0131 a\u00e7\u0131klar: hangi bilgileri topluyoruz neden topluyoruz onu nas\u0131l kullan\u0131r\u0131z sahip oldu\u011fun se\u00e7enekler Bilgi koleksiyonu Bize Sa\u011flad\u0131\u011f\u0131n\u0131z Bilgiler Sevgi An\u0131t\u0131 hizmetini kullanarak, bize Ki\u015fisel Bilgilerinizi ve Sevdi\u011finiz Ki\u015finin Bilgilerini sa\u011flaman\u0131z gerekecektir (&#8216;Sevdi\u011finiz Ki\u015fi&#8217;, kendisi i\u00e7in bir Sevgi An\u0131t\u0131 olu\u015fturdu\u011funuz ki\u015fi&#8230;<\/p>\n","protected":false},"author":6,"featured_media":0,"parent":0,"menu_order":0,"comment_status":"closed","ping_status":"closed","template":"","meta":{"footnotes":""},"class_list":["post-15941","page","type-page","status-publish","hentry"],"_links":{"self":[{"href":"https:\/\/www.lovingmemorials.com\/tr\/wp-json\/wp\/v2\/pages\/15941","targetHints":{"allow":["GET"]}}],"collection":[{"href":"https:\/\/www.lovingmemorials.com\/tr\/wp-json\/wp\/v2\/pages"}],"about":[{"href":"https:\/\/www.lovingmemorials.com\/tr\/wp-json\/wp\/v2\/types\/page"}],"author":[{"embeddable":true,"href":"https:\/\/www.lovingmemorials.com\/tr\/wp-json\/wp\/v2\/users\/6"}],"replies":[{"embeddable":true,"href":"https:\/\/www.lovingmemorials.com\/tr\/wp-json\/wp\/v2\/comments?post=15941"}],"version-history":[{"count":3,"href":"https:\/\/www.lovingmemorials.com\/tr\/wp-json\/wp\/v2\/pages\/15941\/revisions"}],"predecessor-version":[{"id":18731,"href":"https:\/\/www.lovingmemorials.com\/tr\/wp-json\/wp\/v2\/pages\/15941\/revisions\/18731"}],"wp:attachment":[{"href":"https:\/\/www.lovingmemorials.com\/tr\/wp-json\/wp\/v2\/media?parent=15941"}],"curies":[{"name":"wp","href":"https:\/\/api.w.org\/{rel}","templated":true}]}}