{"id":15393,"date":"2022-02-16T17:40:45","date_gmt":"2022-02-16T17:40:45","guid":{"rendered":"https:\/\/www.lovingmemorials.com\/huong-dan-den-dai-tuong-niem-truc-tuyen\/"},"modified":"2022-02-26T02:49:33","modified_gmt":"2022-02-26T02:49:33","slug":"huong-dan","status":"publish","type":"page","link":"https:\/\/www.lovingmemorials.com\/vi\/huong-dan\/","title":{"rendered":"H\u01b0\u1edbng d\u1eabn"},"content":{"rendered":"\t\t<div data-elementor-type=\"wp-page\" data-elementor-id=\"15393\" class=\"elementor elementor-15393\" data-elementor-post-type=\"page\">\n\t\t\t\t\t\t<section class=\"elementor-section elementor-top-section elementor-element elementor-element-0182c20 elementor-section-content-middle page-header elementor-section-boxed elementor-section-height-default elementor-section-height-default parallax_section_no qode_elementor_container_no\" data-id=\"0182c20\" data-element_type=\"section\">\n\t\t\t\t\t\t<div class=\"elementor-container elementor-column-gap-no\">\n\t\t\t\t\t<div class=\"elementor-column elementor-col-100 elementor-top-column elementor-element elementor-element-f85ac67\" data-id=\"f85ac67\" data-element_type=\"column\">\n\t\t\t<div class=\"elementor-widget-wrap elementor-element-populated\">\n\t\t\t\t\t\t<div class=\"elementor-element elementor-element-fff4700 elementor-widget elementor-widget-heading\" data-id=\"fff4700\" data-element_type=\"widget\" data-widget_type=\"heading.default\">\n\t\t\t\t<div class=\"elementor-widget-container\">\n\t\t\t<h1 class=\"elementor-heading-title elementor-size-default\">H\u01b0\u1edbng d\u1eabn v\u1ec1 trang web t\u01b0\u1edfng ni\u1ec7m tr\u1ef1c tuy\u1ebfn<\/h1>\t\t<\/div>\n\t\t\t\t<\/div>\n\t\t\t\t<section class=\"elementor-section elementor-inner-section elementor-element elementor-element-5c8432b elementor-section-content-middle container-shadow elementor-section-boxed elementor-section-height-default elementor-section-height-default parallax_section_no qode_elementor_container_no\" data-id=\"5c8432b\" data-element_type=\"section\" data-settings=\"{&quot;background_background&quot;:&quot;classic&quot;}\">\n\t\t\t\t\t\t<div class=\"elementor-container elementor-column-gap-no\">\n\t\t\t\t\t<div class=\"elementor-column elementor-col-100 elementor-inner-column elementor-element elementor-element-6155df8\" data-id=\"6155df8\" data-element_type=\"column\">\n\t\t\t<div class=\"elementor-widget-wrap elementor-element-populated\">\n\t\t\t\t\t\t<div class=\"elementor-element elementor-element-a9e2b32 elementor-widget elementor-widget-text-editor\" data-id=\"a9e2b32\" data-element_type=\"widget\" data-widget_type=\"text-editor.default\">\n\t\t\t\t<div class=\"elementor-widget-container\">\n\t\t\t\t\t\t\t<p>H\u01b0\u1edbng d\u1eabn v\u1ec1 l\u1ec5 t\u01b0\u1edfng ni\u1ec7m tr\u1ef1c tuy\u1ebfn n\u00e0y gi\u00fap b\u1ea1n ch\u1ecdn d\u1ecbch v\u1ee5 trang web t\u01b0\u1edfng ni\u1ec7m ph\u00f9 h\u1ee3p nh\u1ea5t v\u1edbi b\u1ea1n. Ch\u00fang t\u00f4i xem x\u00e9t c\u00e1c t\u00ednh n\u0103ng ch\u00ednh, nh\u1eefng c\u00e2n nh\u1eafc quan tr\u1ecdng v\u00e0 nh\u1eefng c\u00e2u h\u1ecfi b\u1ea1n c\u00f3 th\u1ec3 c\u00f3 v\u1ec1 vi\u1ec7c t\u1ea1o v\u00e0 duy tr\u00ec \u0111\u00e0i t\u01b0\u1edfng ni\u1ec7m tr\u1ef1c tuy\u1ebfn.<\/p><h3>C\u00e1ch Ch\u1ecdn D\u1ecbch v\u1ee5 Trang web T\u01b0\u1edfng ni\u1ec7m Tr\u1ef1c tuy\u1ebfn T\u1ed1t nh\u1ea5t<\/h3><p>M\u1ed9t s\u1ed1 c\u00e2n nh\u1eafc quan tr\u1ecdng trong vi\u1ec7c l\u1ef1a ch\u1ecdn m\u1ed9t <a href=\"https:\/\/www.lovingmemorials.com\/vi\/\">c\u00f4ng ty trang web t\u01b0\u1edfng ni\u1ec7m<\/a> :<\/p><ul><li><a href=\"https:\/\/www.lovingmemorials.com\/vi\/huong-dan\/nguoi-xay-dung-mau\/\">D\u1ec5 s\u1eed d\u1ee5ng<\/a><\/li><li aria-level=\"1\"><a href=\"https:\/\/www.lovingmemorials.com\/vi\/huong-dan\/nguoi-xay-dung-mau\/#templates\">Nhi\u1ec1u h\u00ecnh n\u1ec1n l\u00e0m m\u1eabu<\/a><\/li><li aria-level=\"1\"><a href=\"https:\/\/www.lovingmemorials.com\/vi\/huong-dan\/ke-chuyen-trinh-chieu\/\">K\u1ec3 chuy\u1ec7n<\/a><\/li><li aria-level=\"1\"><a href=\"https:\/\/www.lovingmemorials.com\/vi\/huong-dan\/tieu-diem-nguoi-than-yeu\/\">T\u1eadp trung v\u00e0o ng\u01b0\u1eddi th\u00e2n y\u00eau c\u1ee7a b\u1ea1n<\/a><\/li><li aria-level=\"1\">Chi ph\u00ed, mi\u1ec5n ph\u00ed so v\u1edbi tr\u1ea3 ti\u1ec1n<\/li><\/ul><p><!--<br \/>Other important considerations:<\/p>\n<ul>\n<li aria-level=\"1\">cost, free versus paid<\/li>\n<li aria-level=\"1\">how long your memorial will stay up?<\/li>\n<li aria-level=\"1\">customer service and support<\/li>\n<\/ul>\n<p>Every memorial website should have:<\/p>\n<ul>\n<li aria-level=\"1\">privacy control<\/li>\n<li aria-level=\"1\">upload features<\/li>\n<li aria-level=\"1\">backups<\/li>\n<\/ul>\n<p>--><br>M\u1ed9t d\u1ecbch v\u1ee5 trang web t\u01b0\u1edfng ni\u1ec7m tr\u1ef1c tuy\u1ebfn n\u00ean t\u1eadp trung ho\u00e0n to\u00e0n v\u00e0o ng\u01b0\u1eddi th\u00e2n y\u00eau c\u1ee7a b\u1ea1n. N\u00f3 ph\u1ea3i c\u00f3 th\u01b0\u01a1ng hi\u1ec7u c\u00f4ng ty t\u1ed1i thi\u1ec3u v\u00e0 n\u00f3 kh\u00f4ng \u0111\u01b0\u1ee3c c\u00f3 qu\u1ea3ng c\u00e1o ho\u1eb7c li\u00ean k\u1ebft \u0111\u1ec3 t\u1ea1o ra m\u1ed9t \u0111\u00e0i t\u01b0\u1edfng ni\u1ec7m cho ng\u01b0\u1eddi kh\u00e1c.<\/p><p>N\u00f3 ph\u1ea3i \u0111\u01a1n gi\u1ea3n, trang nh\u00e3 v\u00e0 d\u1ec5 s\u1eed d\u1ee5ng. N\u00f3 ph\u1ea3i mang l\u1ea1i gi\u00e1 tr\u1ecb cho m\u1ee9c gi\u00e1 c\u1ee7a n\u00f3 v\u00e0 gi\u1eef cho k\u00fd \u1ee9c v\u1ec1 ng\u01b0\u1eddi th\u00e2n y\u00eau c\u1ee7a b\u1ea1n t\u1ed3n t\u1ea1i l\u00e2u nh\u01b0 b\u1ea1n mu\u1ed1n.<\/p><p>T\u1ea1i \u0110\u00e0i t\u01b0\u1edfng ni\u1ec7m Y\u00eau th\u01b0\u01a1ng, ch\u00fang t\u00f4i \u0111\u00e3 t\u1ea1o ra m\u1ed9t d\u1ecbch v\u1ee5 t\u01b0\u1edfng ni\u1ec7m tr\u1ef1c tuy\u1ebfn cung c\u1ea5p t\u1ea5t c\u1ea3 nh\u1eefng \u0111i\u1ec1u n\u00e0y. H\u00e3y xem <a href=\"https:\/\/www.lovingmemorials.com\/m\/antonio-gomes\/112925\/\">v\u00ed d\u1ee5 v\u1ec1 \u0110\u00e0i t\u01b0\u1edfng ni\u1ec7m y\u00eau th\u01b0\u01a1ng<\/a> c\u1ee7a ch\u00fang t\u00f4i, t\u00ecm hi\u1ec3u th\u00eam ho\u1eb7c <a href=\"https:\/\/www.lovingmemorials.com\/create-memorial\/\">t\u1ea1o \u0110\u00e0i t\u01b0\u1edfng ni\u1ec7m y\u00eau th\u01b0\u01a1ng<\/a> ngay h\u00f4m nay \u0111\u1ec3 b\u1ea1n b\u00e8 v\u00e0 gia \u0111\u00ecnh c\u00f3 th\u1ec3 tr\u00e2n tr\u1ecdng nh\u1eefng k\u1ef7 ni\u1ec7m v\u00e0 k\u1ef7 ni\u1ec7m cu\u1ed9c \u0111\u1eddi c\u1ee7a ng\u01b0\u1eddi b\u1ea1n y\u00eau.<\/p><h3>T\u00ecm hi\u1ec3u v\u00e0 T\u1ea1o m\u1ed9t Trang web T\u01b0\u1edfng ni\u1ec7m Tr\u1ef1c tuy\u1ebfn<\/h3><ul><li aria-level=\"1\"><a href=\"https:\/\/www.lovingmemorials.com\/vi\/huong-dan\/gi-la-truc-tuyen-tuong-niem\/\">Trang web ho\u1eb7c trang t\u01b0\u1edfng ni\u1ec7m tr\u1ef1c tuy\u1ebfn l\u00e0 g\u00ec?<\/a><\/li><li aria-level=\"1\"><a href=\"https:\/\/www.lovingmemorials.com\/vi\/huong-dan\/su-khac-biet-giua-cao-pho-tuong-niem\/\">S\u1ef1 kh\u00e1c bi\u1ec7t gi\u1eefa m\u1ed9t \u0111\u00e0i t\u01b0\u1edfng ni\u1ec7m tr\u1ef1c tuy\u1ebfn v\u00e0 m\u1ed9t c\u00e1o ph\u00f3 tr\u1ef1c tuy\u1ebfn l\u00e0 g\u00ec?<\/a><\/li><\/ul><p>Ch\u00fang t\u00f4i s\u1ebd s\u1eed d\u1ee5ng <a href=\"https:\/\/www.lovingmemorials.com\/m\/antonio-gomes\/112925\/\">v\u00ed d\u1ee5 v\u1ec1<\/a> T\u01b0\u1edfng ni\u1ec7m Y\u00eau th\u01b0\u01a1ng \u0111\u1ec3 minh h\u1ecda c\u00e1c \u0111i\u1ec3m trong h\u01b0\u1edbng d\u1eabn n\u00e0y. Ch\u00fang t\u00f4i s\u1ebd trao \u0111\u1ed5i nh\u1eefng kh\u00eda c\u1ea1nh m\u00e0 ch\u00fang t\u00f4i c\u1ea3m th\u1ea5y l\u00e0 quan tr\u1ecdng \u0111\u1ec3 cung c\u1ea5p cho b\u1ea1n th\u00f4ng tin c\u1ea7n thi\u1ebft \u0111\u1ec3 \u0111\u01b0a ra quy\u1ebft \u0111\u1ecbnh t\u1ed1t nh\u1ea5t cho vi\u1ec7c t\u01b0\u1edfng ni\u1ec7m ng\u01b0\u1eddi y\u00eau c\u1ee7a b\u1ea1n.<\/p>\t\t\t\t\t\t<\/div>\n\t\t\t\t<\/div>\n\t\t\t\t\t<\/div>\n\t\t<\/div>\n\t\t\t\t\t<\/div>\n\t\t<\/section>\n\t\t\t\t\t<\/div>\n\t\t<\/div>\n\t\t\t\t\t<\/div>\n\t\t<\/section>\n\t\t\t\t<\/div>\n\t\t","protected":false},"excerpt":{"rendered":"<p>H\u01b0\u1edbng d\u1eabn v\u1ec1 trang web t\u01b0\u1edfng ni\u1ec7m tr\u1ef1c tuy\u1ebfn H\u01b0\u1edbng d\u1eabn v\u1ec1 l\u1ec5 t\u01b0\u1edfng ni\u1ec7m tr\u1ef1c tuy\u1ebfn n\u00e0y gi\u00fap b\u1ea1n ch\u1ecdn d\u1ecbch v\u1ee5 trang web t\u01b0\u1edfng ni\u1ec7m ph\u00f9 h\u1ee3p nh\u1ea5t v\u1edbi b\u1ea1n. Ch\u00fang t\u00f4i xem x\u00e9t c\u00e1c t\u00ednh n\u0103ng ch\u00ednh, nh\u1eefng c\u00e2n nh\u1eafc quan tr\u1ecdng&#8230;<\/p>\n","protected":false},"author":6,"featured_media":0,"parent":0,"menu_order":0,"comment_status":"closed","ping_status":"closed","template":"","meta":{"footnotes":""},"class_list":["post-15393","page","type-page","status-publish","hentry"],"_links":{"self":[{"href":"https:\/\/www.lovingmemorials.com\/vi\/wp-json\/wp\/v2\/pages\/15393","targetHints":{"allow":["GET"]}}],"collection":[{"href":"https:\/\/www.lovingmemorials.com\/vi\/wp-json\/wp\/v2\/pages"}],"about":[{"href":"https:\/\/www.lovingmemorials.com\/vi\/wp-json\/wp\/v2\/types\/page"}],"author":[{"embeddable":true,"href":"https:\/\/www.lovingmemorials.com\/vi\/wp-json\/wp\/v2\/users\/6"}],"replies":[{"embeddable":true,"href":"https:\/\/www.lovingmemorials.com\/vi\/wp-json\/wp\/v2\/comments?post=15393"}],"version-history":[{"count":6,"href":"https:\/\/www.lovingmemorials.com\/vi\/wp-json\/wp\/v2\/pages\/15393\/revisions"}],"predecessor-version":[{"id":17983,"href":"https:\/\/www.lovingmemorials.com\/vi\/wp-json\/wp\/v2\/pages\/15393\/revisions\/17983"}],"wp:attachment":[{"href":"https:\/\/www.lovingmemorials.com\/vi\/wp-json\/wp\/v2\/media?parent=15393"}],"curies":[{"name":"wp","href":"https:\/\/api.w.org\/{rel}","templated":true}]}}