{"id":15438,"date":"2022-02-16T17:44:26","date_gmt":"2022-02-16T17:44:26","guid":{"rendered":"https:\/\/www.lovingmemorials.com\/huong-dan-den-dai-tuong-niem-truc-tuyen\/ke-chuyen-trong-trinh-chieu-tuong-niem\/"},"modified":"2022-02-26T02:50:11","modified_gmt":"2022-02-26T02:50:11","slug":"ke-chuyen-trinh-chieu","status":"publish","type":"page","link":"https:\/\/www.lovingmemorials.com\/vi\/huong-dan\/ke-chuyen-trinh-chieu\/","title":{"rendered":"Tr\u00ecnh chi\u1ebfu k\u1ec3 chuy\u1ec7n"},"content":{"rendered":"\t\t<div data-elementor-type=\"wp-page\" data-elementor-id=\"15438\" class=\"elementor elementor-15438\" data-elementor-post-type=\"page\">\n\t\t\t\t\t\t<section class=\"elementor-section elementor-top-section elementor-element elementor-element-0182c20 elementor-section-content-middle elementor-section-boxed elementor-section-height-default elementor-section-height-default parallax_section_no qode_elementor_container_no\" data-id=\"0182c20\" data-element_type=\"section\">\n\t\t\t\t\t\t<div class=\"elementor-container elementor-column-gap-no\">\n\t\t\t\t\t<div class=\"elementor-column elementor-col-100 elementor-top-column elementor-element elementor-element-f85ac67\" data-id=\"f85ac67\" data-element_type=\"column\">\n\t\t\t<div class=\"elementor-widget-wrap elementor-element-populated\">\n\t\t\t\t\t\t<div class=\"elementor-element elementor-element-a3ba493 guide-breardcrumb elementor-widget elementor-widget-text-editor\" data-id=\"a3ba493\" data-element_type=\"widget\" data-widget_type=\"text-editor.default\">\n\t\t\t\t<div class=\"elementor-widget-container\">\n\t\t\t\t\t\t\t<p><a href=\"https:\/\/www.lovingmemorials.com\/vi\/\">Trang ch\u1ee7<\/a>&gt;&gt; <a href=\"https:\/\/www.lovingmemorials.com\/vi\/huong-dan\/\">H\u01b0\u1edbng d\u1eabn \u0111\u1ebfn c\u00e1c trang web t\u01b0\u1edfng ni\u1ec7m<\/a> &gt;&gt;<\/p>\t\t\t\t\t\t<\/div>\n\t\t\t\t<\/div>\n\t\t\t\t<div class=\"elementor-element elementor-element-fff4700 page-header elementor-widget elementor-widget-heading\" data-id=\"fff4700\" data-element_type=\"widget\" data-widget_type=\"heading.default\">\n\t\t\t\t<div class=\"elementor-widget-container\">\n\t\t\t<h1 class=\"elementor-heading-title elementor-size-default\">K\u1ec3 chuy\u1ec7n trong Tr\u00ecnh chi\u1ebfu T\u01b0\u1edfng ni\u1ec7m<\/h1>\t\t<\/div>\n\t\t\t\t<\/div>\n\t\t\t\t<section class=\"elementor-section elementor-inner-section elementor-element elementor-element-5c8432b elementor-section-content-middle container-shadow elementor-section-boxed elementor-section-height-default elementor-section-height-default parallax_section_no qode_elementor_container_no\" data-id=\"5c8432b\" data-element_type=\"section\" data-settings=\"{&quot;background_background&quot;:&quot;classic&quot;}\">\n\t\t\t\t\t\t<div class=\"elementor-container elementor-column-gap-no\">\n\t\t\t\t\t<div class=\"elementor-column elementor-col-100 elementor-inner-column elementor-element elementor-element-6155df8\" data-id=\"6155df8\" data-element_type=\"column\">\n\t\t\t<div class=\"elementor-widget-wrap elementor-element-populated\">\n\t\t\t\t\t\t<div class=\"elementor-element elementor-element-cf3f708 elementor-widget elementor-widget-text-editor\" data-id=\"cf3f708\" data-element_type=\"widget\" data-widget_type=\"text-editor.default\">\n\t\t\t\t<div class=\"elementor-widget-container\">\n\t\t\t\t\t\t\t<p>\u0110\u1ed1i v\u1edbi m\u1ed9t trang web t\u01b0\u1edfng ni\u1ec7m \u0111\u1ec3 ghi l\u1ea1i s\u1ef1 qu\u00fd gi\u00e1 c\u1ee7a m\u1ed9t ng\u01b0\u1eddi th\u00e2n y\u00eau, c\u00e2u chuy\u1ec7n c\u1ee7a h\u1ecd ph\u1ea3i \u0111\u01b0\u1ee3c l\u00e0m s\u1ed1ng \u0111\u1ed9ng th\u00f4ng qua h\u00ecnh \u1ea3nh, video v\u00e0 l\u1eddi n\u00f3i. \u0110\u01b0\u1ee3c k\u1ec3 qua h\u00ecnh \u1ea3nh v\u00e0 video, nh\u01b0ng nh\u1eefng d\u00f2ng ch\u1eef \u0111\u1eb1ng sau nh\u1eefng k\u1ef7 ni\u1ec7m \u0111\u00f3 l\u1ea1i mang c\u00e2u chuy\u1ec7n v\u1ec1 ng\u01b0\u1eddi th\u00e2n c\u1ee7a b\u1ea1n tr\u1edf n\u00ean s\u1ed1ng \u0111\u1ed9ng \u0111\u1ec3 ng\u01b0\u1eddi kh\u00e1c hi\u1ec3u v\u00e0 tr\u00e2n tr\u1ecdng h\u01a1n.<\/p><h3>Trang &#8216;Cu\u1ed9c s\u1ed1ng&#8217;: Tr\u00ecnh chi\u1ebfu v\u1ec1 K\u00fd \u1ee9c<\/h3><p>M\u1ed7i \u0110\u00e0i t\u01b0\u1edfng ni\u1ec7m Y\u00eau th\u01b0\u01a1ng \u0111i k\u00e8m v\u1edbi m\u1ed9t trang &#8216;Cu\u1ed9c \u0111\u1eddi&#8217; \u2014 h\u00e3y xem m\u1ed9t v\u00ed d\u1ee5 v\u1ec1 m\u1ed9t <a href=\"https:\/\/www.lovingmemorials.com\/m\/antonio-gomes\/112925\/\">trang cu\u1ed9c \u0111\u1eddi<\/a> .<\/p><p>Trang \u0110\u1eddi s\u1ed1ng l\u00e0 m\u1ed9t slideshow tr\u00ecnh b\u00e0y nh\u1eefng k\u1ef7 ni\u1ec7m quan tr\u1ecdng \u0111\u1ea1i di\u1ec7n cho cu\u1ed9c \u0111\u1eddi c\u1ee7a ng\u01b0\u1eddi th\u00e2n y\u00eau c\u1ee7a b\u1ea1n. M\u1ed7i slide l\u00e0 m\u1ed9t k\u1ef7 ni\u1ec7m. Nh\u1eefng k\u1ef7 ni\u1ec7m c\u00f3 th\u1ec3 \u0111\u01b0\u1ee3c tr\u00ecnh b\u00e0y theo tr\u00ecnh t\u1ef1 th\u1eddi gian, ho\u1eb7c b\u1ea5t k\u1ef3 th\u1ee9 t\u1ef1 n\u00e0o b\u1ea1n th\u00edch.<\/p><p>Nh\u1ea1c v\u00e0 b\u00e0i h\u00e1t c\u00f3 th\u1ec3 \u0111\u01b0\u1ee3c th\u00eam v\u00e0o tr\u00ecnh chi\u1ebfu.<\/p><h3>K\u1ec9 ni\u1ec7m l\u00e0m n\u00ean cu\u1ed9c s\u1ed1ng<\/h3><p>Trang Life bao g\u1ed3m c\u00e1c h\u00ecnh \u1ea3nh v\u00e0 video \u0111\u00e1ng nh\u1edb m\u00e0 kh\u00e1ch c\u00f3 th\u1ec3 xem qua. C\u00e1c ti\u00eau \u0111\u1ec1 v\u00e0 ch\u00fa th\u00edch \u0111\u01b0\u1ee3c th\u00eam v\u00e0o \u0111\u1ec3 k\u1ec3 c\u00e2u chuy\u1ec7n \u0111\u1eb1ng sau k\u00fd \u1ee9c.<\/p><p>\u0110\u00e2y l\u00e0 m\u1ed9t v\u00ed d\u1ee5 v\u1ec1 m\u1ed9t k\u1ef7 ni\u1ec7m \u0111\u01b0\u1ee3c th\u00eam v\u00e0o ph\u1ea7n qu\u1ea3n tr\u1ecb vi\u00ean Th\u01b0\u01a1ng hi\u1ec7u T\u01b0\u1edfng ni\u1ec7m. <\/p><p><a href=\"https:\/\/www.lovingmemorials.com\/wp-content\/uploads\/2021\/12\/calm-e1640975705186.png\"><img decoding=\"async\" class=\"alignright wp-image-7688 size-full\" src=\"https:\/\/www.lovingmemorials.com\/wp-content\/uploads\/2021\/12\/calm-e1640975705186.png\" alt=\"\" width=\"100%\" height=\"674\"><\/a><\/p><p>Nh\u1ea5p v\u00e0o &#8216;L\u01b0u&#8217; s\u1ebd t\u1ef1 \u0111\u1ed9ng xu\u1ea5t b\u1ea3n b\u1ed9 nh\u1edb v\u00e0o ph\u1ea7n cu\u1ed9c s\u1ed1ng v\u00e0 c\u1eadp nh\u1eadt tr\u00ecnh chi\u1ebfu.<\/p><p><a href=\"https:\/\/www.lovingmemorials.com\/wp-content\/uploads\/2022\/01\/Loving-Memorials-Antonio-Gomes-Loving-Memorial-Calm-e1642451952228.png\"><img fetchpriority=\"high\" decoding=\"async\" class=\"alignnone wp-image-9723 size-full\" src=\"https:\/\/www.lovingmemorials.com\/wp-content\/uploads\/2022\/01\/Loving-Memorials-Antonio-Gomes-Loving-Memorial-Calm-e1642451952228.png\" alt=\"\" width=\"1024\" height=\"693\"><\/a><\/p><h3>K\u00ed \u1ee9c K\u1ec3 m\u1ed9t c\u00e2u chuy\u1ec7n<\/h3><p>Ti\u00eau \u0111\u1ec1 v\u00e0 ch\u00fa th\u00edch m\u00e0 b\u1ea1n th\u00eam v\u00e0o \u1ea3nh c\u1ee7a m\u00ecnh l\u00e0 t\u00f9y ch\u1ecdn v\u00e0 ch\u00fang c\u00f3 th\u1ec3 d\u00e0i t\u00f9y th\u00edch. B\u1ea1n ch\u1ec9 c\u00f3 th\u1ec3 th\u00eam ti\u00eau \u0111\u1ec1 ho\u1eb7c ch\u00fa th\u00edch.<\/p><p>Ti\u00eau \u0111\u1ec1 v\u00e0 ch\u00fa th\u00edch b\u1ea1n th\u00eam c\u0169ng c\u00f3 th\u1ec3 k\u1ec3 m\u1ed9t c\u00e2u chuy\u1ec7n.<\/p><p><a href=\"https:\/\/www.lovingmemorials.com\/wp-content\/uploads\/2022\/01\/Loving-Memorials-Antonio-Gomes-Loving-Memorial-Story-e1642450695713.png\"><img decoding=\"async\" class=\"alignnone wp-image-9688 size-full\" src=\"https:\/\/www.lovingmemorials.com\/wp-content\/uploads\/2022\/01\/Loving-Memorials-Antonio-Gomes-Loving-Memorial-Story-e1642450695713.png\" alt=\"\" width=\"1024\" height=\"693\"><\/a><\/p><p>Nh\u1eefng k\u1ef7 ni\u1ec7m v\u00e0 c\u00e2u chuy\u1ec7n b\u1ea1n chia s\u1ebb v\u1ec1 ng\u01b0\u1eddi b\u1ea1n y\u00eau s\u1ebd tr\u1edf th\u00e0nh c\u00e2u chuy\u1ec7n cu\u1ed9c \u0111\u1eddi c\u1ee7a h\u1ecd.<\/p><h3>Tr\u00ecnh chi\u1ebfu t\u01b0\u1edfng ni\u1ec7m tr\u1ef1c tuy\u1ebfn so v\u1edbi tr\u00ecnh t\u1ea1o tr\u00ecnh chi\u1ebfu<\/h3><p>Tr\u00ecnh t\u1ea1o tr\u00ecnh chi\u1ebfu, ch\u1eb3ng h\u1ea1n nh\u01b0 ph\u1ea7n m\u1ec1m m\u00e1y t\u00ednh \u0111\u1ec3 b\u00e0n ho\u1eb7c \u1ee9ng d\u1ee5ng mi\u1ec5n ph\u00ed, l\u00e0 ph\u1ea7n m\u1ec1m cho ph\u00e9p b\u1ea1n t\u1ea1o t\u1ec7p ho\u1eb7c t\u00e0i li\u1ec7u tr\u00ecnh chi\u1ebfu m\u00e0 b\u1ea1n c\u00f3 th\u1ec3 g\u1eedi cho b\u1ea1n b\u00e8 v\u00e0 gia \u0111\u00ecnh. Tr\u00ecnh chi\u1ebfu tr\u1ef1c tuy\u1ebfn, ch\u1eb3ng h\u1ea1n nh\u01b0 tr\u00ecnh chi\u1ebfu trong ph\u1ea7n \u0110\u1eddi s\u1ed1ng c\u1ee7a T\u01b0\u1edfng ni\u1ec7m Y\u00eau th\u01b0\u01a1ng, c\u00f3 m\u1ed9t s\u1ed1 \u01b0u \u0111i\u1ec3m h\u01a1n tr\u00ecnh chi\u1ebfu ch\u1ee9a t\u1ec7p ho\u1eb7c t\u00e0i li\u1ec7u.<\/p><p>Tr\u00ecnh chi\u1ebfu tr\u1ef1c tuy\u1ebfn gi\u00fap gia \u0111\u00ecnh v\u00e0 b\u1ea1n b\u00e8 g\u1eedi \u1ea3nh v\u00e0 video d\u1ec5 d\u00e0ng h\u01a1n. H\u1ecd c\u00f3 th\u1ec3 g\u1eedi ph\u01b0\u01a1ng ti\u1ec7n n\u00e0y tr\u1ef1c tuy\u1ebfn, tr\u1ef1c ti\u1ebfp \u0111\u1ebfn \u0111\u00e0i t\u01b0\u1edfng ni\u1ec7m, thay v\u00ec chia s\u1ebb n\u00f3 v\u1edbi b\u1ea1n qua email, v\u0103n b\u1ea3n, m\u1ea1ng x\u00e3 h\u1ed9i ho\u1eb7c c\u00e1c d\u1ecbch v\u1ee5 chia s\u1ebb t\u1ec7p.<\/p><p>Tr\u00ecnh chi\u1ebfu tr\u1ef1c tuy\u1ebfn c\u00f3 th\u1ec3 \u0111\u01b0\u1ee3c ch\u1ec9nh s\u1eeda l\u1ea1i m\u00e0 kh\u00f4ng c\u1ea7n ph\u1ea3i g\u1eedi l\u1ea1i m\u1ed7i l\u1ea7n. Kh\u00e1ch truy c\u1eadp c\u00f3 th\u1ec3 ti\u1ebfp t\u1ee5c \u0111\u00f3ng g\u00f3p cho tr\u00ecnh chi\u1ebfu tr\u1ef1c tuy\u1ebfn \u0111\u1ec3 n\u00f3 ph\u00e1t tri\u1ec3n theo th\u1eddi gian.<\/p><p>Li\u00ean k\u1ebft \u0111\u1ebfn \u0111\u00e0i t\u01b0\u1edfng ni\u1ec7m tr\u1ef1c tuy\u1ebfn d\u1ec5 d\u00e0ng h\u01a1n cho b\u1ea1n v\u00e0 nh\u1eefng ng\u01b0\u1eddi kh\u00e1c chia s\u1ebb. \u0110i\u1ec1u n\u00e0y cho ph\u00e9p b\u1ea1n tr\u00e1nh ph\u1ea3i t\u00ecm v\u00e0 g\u1eedi t\u1ec7p m\u1ed7i khi chia s\u1ebb \u0111\u00e0i t\u01b0\u1edfng ni\u1ec7m.<\/p><p>Tr\u00ecnh chi\u1ebfu tr\u1ef1c tuy\u1ebfn, ch\u1eb3ng h\u1ea1n nh\u01b0 \u0110\u00e0i t\u01b0\u1edfng ni\u1ec7m Y\u00eau th\u01b0\u01a1ng, \u0111\u01b0\u1ee3c gi\u1eef an to\u00e0n v\u1edbi c\u00e1c b\u1ea3n sao l\u01b0u thay v\u00ec \u0111\u01b0\u1ee3c l\u01b0u gi\u1eef tr\u00ean m\u1ed9t thi\u1ebft b\u1ecb c\u00f3 th\u1ec3 b\u1ecb h\u1ecfng ho\u1eb7c b\u1ecb m\u1ea5t.<\/p>\t\t\t\t\t\t<\/div>\n\t\t\t\t<\/div>\n\t\t\t\t\t<\/div>\n\t\t<\/div>\n\t\t\t\t\t<\/div>\n\t\t<\/section>\n\t\t\t\t\t<\/div>\n\t\t<\/div>\n\t\t\t\t\t<\/div>\n\t\t<\/section>\n\t\t\t\t<\/div>\n\t\t","protected":false},"excerpt":{"rendered":"<p>Trang ch\u1ee7&gt;&gt; H\u01b0\u1edbng d\u1eabn \u0111\u1ebfn c\u00e1c trang web t\u01b0\u1edfng ni\u1ec7m &gt;&gt; K\u1ec3 chuy\u1ec7n trong Tr\u00ecnh chi\u1ebfu T\u01b0\u1edfng ni\u1ec7m \u0110\u1ed1i v\u1edbi m\u1ed9t trang web t\u01b0\u1edfng ni\u1ec7m \u0111\u1ec3 ghi l\u1ea1i s\u1ef1 qu\u00fd gi\u00e1 c\u1ee7a m\u1ed9t ng\u01b0\u1eddi th\u00e2n y\u00eau, c\u00e2u chuy\u1ec7n c\u1ee7a h\u1ecd ph\u1ea3i \u0111\u01b0\u1ee3c l\u00e0m s\u1ed1ng \u0111\u1ed9ng&#8230;<\/p>\n","protected":false},"author":6,"featured_media":0,"parent":15393,"menu_order":0,"comment_status":"closed","ping_status":"closed","template":"","meta":{"footnotes":""},"class_list":["post-15438","page","type-page","status-publish","hentry"],"_links":{"self":[{"href":"https:\/\/www.lovingmemorials.com\/vi\/wp-json\/wp\/v2\/pages\/15438","targetHints":{"allow":["GET"]}}],"collection":[{"href":"https:\/\/www.lovingmemorials.com\/vi\/wp-json\/wp\/v2\/pages"}],"about":[{"href":"https:\/\/www.lovingmemorials.com\/vi\/wp-json\/wp\/v2\/types\/page"}],"author":[{"embeddable":true,"href":"https:\/\/www.lovingmemorials.com\/vi\/wp-json\/wp\/v2\/users\/6"}],"replies":[{"embeddable":true,"href":"https:\/\/www.lovingmemorials.com\/vi\/wp-json\/wp\/v2\/comments?post=15438"}],"version-history":[{"count":3,"href":"https:\/\/www.lovingmemorials.com\/vi\/wp-json\/wp\/v2\/pages\/15438\/revisions"}],"predecessor-version":[{"id":17332,"href":"https:\/\/www.lovingmemorials.com\/vi\/wp-json\/wp\/v2\/pages\/15438\/revisions\/17332"}],"up":[{"embeddable":true,"href":"https:\/\/www.lovingmemorials.com\/vi\/wp-json\/wp\/v2\/pages\/15393"}],"wp:attachment":[{"href":"https:\/\/www.lovingmemorials.com\/vi\/wp-json\/wp\/v2\/media?parent=15438"}],"curies":[{"name":"wp","href":"https:\/\/api.w.org\/{rel}","templated":true}]}}