{"id":15686,"date":"2022-02-16T18:43:29","date_gmt":"2022-02-16T18:43:29","guid":{"rendered":"https:\/\/www.lovingmemorials.com\/huong-dan-den-dai-tuong-niem-truc-tuyen\/mot-buoi-tuong-niem-truc-tuyen-tap-trung-vao-nguoi-ban-yeu-thuong\/"},"modified":"2022-02-26T02:57:26","modified_gmt":"2022-02-26T02:57:26","slug":"tieu-diem-nguoi-than-yeu","status":"publish","type":"page","link":"https:\/\/www.lovingmemorials.com\/vi\/huong-dan\/tieu-diem-nguoi-than-yeu\/","title":{"rendered":"T\u1eadp trung v\u00e0o ng\u01b0\u1eddi th\u00e2n y\u00eau"},"content":{"rendered":"\t\t<div data-elementor-type=\"wp-page\" data-elementor-id=\"15686\" class=\"elementor elementor-15686\" data-elementor-post-type=\"page\">\n\t\t\t\t\t\t<section class=\"elementor-section elementor-top-section elementor-element elementor-element-0182c20 elementor-section-content-middle elementor-section-boxed elementor-section-height-default elementor-section-height-default parallax_section_no qode_elementor_container_no\" data-id=\"0182c20\" data-element_type=\"section\">\n\t\t\t\t\t\t<div class=\"elementor-container elementor-column-gap-no\">\n\t\t\t\t\t<div class=\"elementor-column elementor-col-100 elementor-top-column elementor-element elementor-element-f85ac67\" data-id=\"f85ac67\" data-element_type=\"column\">\n\t\t\t<div class=\"elementor-widget-wrap elementor-element-populated\">\n\t\t\t\t\t\t<div class=\"elementor-element elementor-element-a3ba493 guide-breardcrumb elementor-widget elementor-widget-text-editor\" data-id=\"a3ba493\" data-element_type=\"widget\" data-widget_type=\"text-editor.default\">\n\t\t\t\t<div class=\"elementor-widget-container\">\n\t\t\t\t\t\t\t<p><a href=\"https:\/\/www.lovingmemorials.com\/vi\/\">Trang ch\u1ee7<\/a>&gt;&gt; <a href=\"https:\/\/www.lovingmemorials.com\/vi\/huong-dan\/\">H\u01b0\u1edbng d\u1eabn \u0111\u1ebfn c\u00e1c trang web t\u01b0\u1edfng ni\u1ec7m<\/a> &gt;&gt;<\/p>\t\t\t\t\t\t<\/div>\n\t\t\t\t<\/div>\n\t\t\t\t<div class=\"elementor-element elementor-element-fff4700 page-header elementor-widget elementor-widget-heading\" data-id=\"fff4700\" data-element_type=\"widget\" data-widget_type=\"heading.default\">\n\t\t\t\t<div class=\"elementor-widget-container\">\n\t\t\t<h1 class=\"elementor-heading-title elementor-size-default\">T\u01b0\u1edfng ni\u1ec7m t\u1eadp trung v\u00e0o ng\u01b0\u1eddi b\u1ea1n y\u00eau th\u01b0\u01a1ng<\/h1>\t\t<\/div>\n\t\t\t\t<\/div>\n\t\t\t\t<section class=\"elementor-section elementor-inner-section elementor-element elementor-element-5c8432b elementor-section-content-middle container-shadow elementor-section-boxed elementor-section-height-default elementor-section-height-default parallax_section_no qode_elementor_container_no\" data-id=\"5c8432b\" data-element_type=\"section\" data-settings=\"{&quot;background_background&quot;:&quot;classic&quot;}\">\n\t\t\t\t\t\t<div class=\"elementor-container elementor-column-gap-no\">\n\t\t\t\t\t<div class=\"elementor-column elementor-col-100 elementor-inner-column elementor-element elementor-element-6155df8\" data-id=\"6155df8\" data-element_type=\"column\">\n\t\t\t<div class=\"elementor-widget-wrap elementor-element-populated\">\n\t\t\t\t\t\t<div class=\"elementor-element elementor-element-a9e2b32 elementor-widget elementor-widget-text-editor\" data-id=\"a9e2b32\" data-element_type=\"widget\" data-widget_type=\"text-editor.default\">\n\t\t\t\t<div class=\"elementor-widget-container\">\n\t\t\t\t\t\t\t<p><span style=\"font-weight: 400;\">Anh h\u00f9ng c\u1ee7a \u0111\u00e0i t\u01b0\u1edfng ni\u1ec7m tr\u1ef1c tuy\u1ebfn l\u00e0 ng\u01b0\u1eddi th\u00e2n y\u00eau c\u1ee7a b\u1ea1n v\u00e0 \u0111\u00e0i t\u01b0\u1edfng ni\u1ec7m c\u1ea7n ph\u1ea3i ho\u00e0n to\u00e0n t\u1eadp trung v\u00e0o h\u1ecd. M\u1ed9t \u0111\u00e0i t\u01b0\u1edfng ni\u1ec7m b\u1eaft \u0111\u1ea7u m\u1ea5t tr\u1ecdng t\u00e2m khi n\u00f3 c\u00f3 qu\u1ea3ng c\u00e1o v\u00e0 th\u01b0\u01a1ng hi\u1ec7u c\u00f4ng ty qu\u00e1 n\u1ed5i b\u1eadt.<\/span><\/p><h3><b>Qu\u1ea3ng c\u00e1o v\u00e0 li\u00ean k\u1ebft \u0111\u1ec3 t\u1ea1o \u0111\u00e0i t\u01b0\u1edfng ni\u1ec7m cho ng\u01b0\u1eddi kh\u00e1c<\/b><\/h3><p><span style=\"font-weight: 400;\">Qu\u1ea3ng c\u00e1o l\u00e0m ph\u00e2n t\u00e1n th\u1ecb gi\u00e1c c\u00e2u chuy\u1ec7n v\u1ec1 ng\u01b0\u1eddi th\u00e2n c\u1ee7a b\u1ea1n. Ch\u00fang t\u1ea1o ra s\u1ef1 l\u1ed9n x\u1ed9n v\u00e0 \u201c\u1ed3n \u00e0o\u201d v\u00e0 c\u1ea3n tr\u1edf nh\u1eefng \u0111i\u1ec1u quan tr\u1ecdng m\u00e0 b\u1ea1n li\u00ean quan \u0111\u1ebfn ng\u01b0\u1eddi y\u00eau c\u1ee7a m\u00ecnh. Qu\u1ea3ng c\u00e1o tr\u00ean \u0111\u00e0i t\u01b0\u1edfng ni\u1ec7m c\u00f3 th\u1ec3 \u1edf d\u1ea1ng qu\u1ea3ng c\u00e1o bi\u1ec3u ng\u1eef, qu\u1ea3ng c\u00e1o v\u0103n b\u1ea3n ho\u1eb7c li\u00ean k\u1ebft \u0111\u1ec3 t\u1ea1o \u0111\u00e0i t\u01b0\u1edfng ni\u1ec7m cho ng\u01b0\u1eddi kh\u00e1c. <\/span><\/p><h3><b>Th\u01b0\u01a1ng hi\u1ec7u C\u00f4ng ty Qu\u00e1 N\u1ed5i b\u1eadt<\/b><\/h3><p>D\u1ecbch v\u1ee5 trang web t\u01b0\u1edfng ni\u1ec7m cung c\u1ea5p \u0111\u00e0i t\u01b0\u1edfng ni\u1ec7m c\u1ee7a b\u1ea1n c\u00f3 th\u1ec3 c\u00f3 logo c\u00f4ng ty c\u1ee7a h\u1ecd hi\u1ec3n th\u1ecb qu\u00e1 n\u1ed5i b\u1eadt. Li\u00ean k\u1ebft c\u00f4ng ty, ch\u1eb3ng h\u1ea1n nh\u01b0 t\u00e0i kho\u1ea3n m\u1ea1ng x\u00e3 h\u1ed9i c\u1ee7a c\u00f4ng ty, c\u0169ng c\u00f3 th\u1ec3 xu\u1ea5t hi\u1ec7n tr\u00ean \u0111\u00e0i t\u01b0\u1edfng ni\u1ec7m c\u1ee7a ng\u01b0\u1eddi th\u00e2n y\u00eau c\u1ee7a b\u1ea1n.<\/p><p>Logo c\u00f4ng ty v\u00e0 c\u00e1c li\u00ean k\u1ebft c\u00f4ng ty kh\u00e1c kh\u00f4ng th\u00eam b\u1ea5t c\u1ee9 th\u1ee9 g\u00ec v\u00e0o \u0111\u00e0i t\u01b0\u1edfng ni\u1ec7m v\u00e0 ch\u00fang c\u00f3 th\u1ec3 g\u00e2y ph\u00e2n t\u00e2m th\u1ecb gi\u00e1c cho c\u00e2u chuy\u1ec7n v\u1ec1 ng\u01b0\u1eddi th\u00e2n c\u1ee7a b\u1ea1n, \u0111\u1ed3ng th\u1eddi l\u00e0m m\u1ea5t \u0111i s\u1ef1 h\u1ea5p d\u1eabn v\u1ec1 m\u1eb7t h\u00ecnh \u1ea3nh c\u1ee7a n\u00f3.<\/p><h3><b>T\u01b0\u1edfng ni\u1ec7m y\u00eau th\u01b0\u01a1ng t\u1eadp trung v\u00e0o ng\u01b0\u1eddi b\u1ea1n y\u00eau th\u01b0\u01a1ng<\/b><\/h3><p>M\u1ed9t \u0111\u00e0i t\u01b0\u1edfng ni\u1ec7m ho\u00e0n to\u00e0n t\u1eadp trung v\u00e0o ng\u01b0\u1eddi th\u00e2n y\u00eau c\u1ee7a b\u1ea1n s\u1ebd c\u1ea3m th\u1ea5y b\u00ecnh y\u00ean v\u00e0 thanh th\u1ea3n.<\/p><p>D\u01b0\u1edbi \u0111\u00e2y l\u00e0 \u1ea3nh ch\u1ee5p m\u00e0n h\u00ecnh c\u1ee7a <a href=\"https:\/\/www.lovingmemorials.com\/m\/antonio-gomes\/112925\/\">v\u00ed d\u1ee5 v\u1ec1<\/a> T\u01b0\u1edfng ni\u1ec7m Y\u00eau th\u01b0\u01a1ng c\u1ee7a ch\u00fang t\u00f4i. Tr\u00ean \u0110\u00e0i t\u01b0\u1edfng ni\u1ec7m Y\u00eau th\u01b0\u01a1ng, b\u1ea1n s\u1ebd kh\u00f4ng th\u1ea5y c\u00e1c li\u00ean k\u1ebft \u0111\u1ec3 t\u1ea1o \u0111\u00e0i t\u01b0\u1edfng ni\u1ec7m cho ng\u01b0\u1eddi kh\u00e1c, ho\u1eb7c b\u1ea5t k\u1ef3 qu\u1ea3ng c\u00e1o n\u00e0o v\u00e0 bi\u1ec3u tr\u01b0ng c\u1ee7a ch\u00fang t\u00f4i h\u1ea7u nh\u01b0 kh\u00f4ng g\u00e2y ch\u00fa \u00fd.<\/p><p><a href=\"https:\/\/www.lovingmemorials.com\/m\/antonio-gomes\/112925\/\" target=\"_blank\" rel=\"noopener\"><img fetchpriority=\"high\" decoding=\"async\" class=\"alignnone wp-image-9558 size-full\" src=\"https:\/\/www.lovingmemorials.com\/wp-content\/uploads\/2022\/01\/Loving-Memorials-Antonio-Gomes-Loving-Memorial-e1642443938302.png\" alt=\"H\u00ecnh \u1ea3nh trang ch\u1ee7 c\u1ee7a \u0111\u00e0i t\u01b0\u1edfng ni\u1ec7m y\u00eau th\u01b0\u01a1ng\" width=\"1024\" height=\"693\"><\/a><\/p>\t\t\t\t\t\t<\/div>\n\t\t\t\t<\/div>\n\t\t\t\t<div class=\"elementor-element elementor-element-a2aaf84 elementor-widget__width-initial elementor-widget-mobile__width-inherit elementor-widget elementor-widget-image\" data-id=\"a2aaf84\" data-element_type=\"widget\" data-widget_type=\"image.default\">\n\t\t\t\t<div class=\"elementor-widget-container\">\n\t\t\t\t\t\t\t\t\t\t\t\t\t\t<a href=\"https:\/\/www.lovingmemorials.com\/wp-content\/uploads\/2022\/01\/Loving-Memorials-Antonio-Gomes-Loving-Memorial-Heart-e1642445682611.png\" data-elementor-open-lightbox=\"yes\" data-elementor-lightbox-title=\"\u0110\u00e0i t\u01b0\u1edfng ni\u1ec7m y\u00eau th\u01b0\u01a1ng Antonio Gomes Tr\u00e1i tim t\u01b0\u1edfng ni\u1ec7m y\u00eau th\u01b0\u01a1ng\" data-e-action-hash=\"#elementor-action%3Aaction%3Dlightbox%26settings%3DeyJpZCI6OTU5NCwidXJsIjoiaHR0cHM6XC9cL3d3dy5sb3ZpbmdtZW1vcmlhbHMuY29tXC93cC1jb250ZW50XC91cGxvYWRzXC8yMDIyXC8wMVwvTG92aW5nLU1lbW9yaWFscy1BbnRvbmlvLUdvbWVzLUxvdmluZy1NZW1vcmlhbC1IZWFydC1lMTY0MjQ0NTY4MjYxMS5wbmcifQ%3D%3D\">\n\t\t\t\t\t\t\t<img decoding=\"async\" width=\"600\" height=\"620\" src=\"https:\/\/www.lovingmemorials.com\/wp-content\/uploads\/2022\/01\/Loving-Memorials-Antonio-Gomes-Loving-Memorial-Heart-e1642445682611.png\" class=\"attachment-full size-full wp-image-9594\" alt=\"Trang ch\u1ee7 t\u01b0\u1edfng ni\u1ec7m y\u00eau th\u01b0\u01a1ng Half Image\" \/>\t\t\t\t\t\t\t\t<\/a>\n\t\t\t\t\t\t\t\t\t\t\t\t\t<\/div>\n\t\t\t\t<\/div>\n\t\t\t\t<div class=\"elementor-element elementor-element-93e206d elementor-widget__width-initial elementor-widget-mobile__width-inherit elementor-widget elementor-widget-text-editor\" data-id=\"93e206d\" data-element_type=\"widget\" data-widget_type=\"text-editor.default\">\n\t\t\t\t<div class=\"elementor-widget-container\">\n\t\t\t\t\t\t\t<p>Tr\u00ean \u0110\u00e0i t\u01b0\u1edfng ni\u1ec7m Y\u00eau th\u01b0\u01a1ng, n\u01a1i m\u1ed9t bi\u1ec3u tr\u01b0ng th\u01b0\u1eddng xu\u1ea5t hi\u1ec7n, ch\u00fang t\u00f4i ch\u1ec9 hi\u1ec3n th\u1ecb ph\u1ea7n tr\u00e1i tim c\u1ee7a bi\u1ec3u tr\u01b0ng m\u00e0 kh\u00f4ng c\u00f3 ch\u1eef. Tr\u00e1i tim mang \u0111\u1ebfn cho k\u1ef7 v\u1eadt s\u1ef1 \u1ea5m \u00e1p m\u00e0 kh\u00f4ng c\u1ea7n x\u00e1c \u0111\u1ecbnh nh\u01b0 m\u1ed9t bi\u1ec3u t\u01b0\u1ee3ng.<\/p><p>T\u1ea1i K\u00fd \u1ee8c Y\u00eau Th\u01b0\u01a1ng, th\u01b0\u01a1ng hi\u1ec7u c\u1ee7a ch\u00fang t\u00f4i kh\u00f4ng ph\u1ea3i l\u00e0 anh h\u00f9ng c\u1ee7a c\u00e2u chuy\u1ec7n, ng\u01b0\u1eddi th\u00e2n c\u1ee7a b\u1ea1n m\u1edbi l\u00e0 anh h\u00f9ng c\u1ee7a c\u00e2u chuy\u1ec7n.<\/p>\t\t\t\t\t\t<\/div>\n\t\t\t\t<\/div>\n\t\t\t\t\t<\/div>\n\t\t<\/div>\n\t\t\t\t\t<\/div>\n\t\t<\/section>\n\t\t\t\t\t<\/div>\n\t\t<\/div>\n\t\t\t\t\t<\/div>\n\t\t<\/section>\n\t\t\t\t<\/div>\n\t\t","protected":false},"excerpt":{"rendered":"<p>Trang ch\u1ee7&gt;&gt; H\u01b0\u1edbng d\u1eabn \u0111\u1ebfn c\u00e1c trang web t\u01b0\u1edfng ni\u1ec7m &gt;&gt; T\u01b0\u1edfng ni\u1ec7m t\u1eadp trung v\u00e0o ng\u01b0\u1eddi b\u1ea1n y\u00eau th\u01b0\u01a1ng Anh h\u00f9ng c\u1ee7a \u0111\u00e0i t\u01b0\u1edfng ni\u1ec7m tr\u1ef1c tuy\u1ebfn l\u00e0 ng\u01b0\u1eddi th\u00e2n y\u00eau c\u1ee7a b\u1ea1n v\u00e0 \u0111\u00e0i t\u01b0\u1edfng ni\u1ec7m c\u1ea7n ph\u1ea3i ho\u00e0n to\u00e0n t\u1eadp trung v\u00e0o&#8230;<\/p>\n","protected":false},"author":6,"featured_media":0,"parent":15393,"menu_order":0,"comment_status":"closed","ping_status":"closed","template":"","meta":{"footnotes":""},"class_list":["post-15686","page","type-page","status-publish","hentry"],"_links":{"self":[{"href":"https:\/\/www.lovingmemorials.com\/vi\/wp-json\/wp\/v2\/pages\/15686","targetHints":{"allow":["GET"]}}],"collection":[{"href":"https:\/\/www.lovingmemorials.com\/vi\/wp-json\/wp\/v2\/pages"}],"about":[{"href":"https:\/\/www.lovingmemorials.com\/vi\/wp-json\/wp\/v2\/types\/page"}],"author":[{"embeddable":true,"href":"https:\/\/www.lovingmemorials.com\/vi\/wp-json\/wp\/v2\/users\/6"}],"replies":[{"embeddable":true,"href":"https:\/\/www.lovingmemorials.com\/vi\/wp-json\/wp\/v2\/comments?post=15686"}],"version-history":[{"count":4,"href":"https:\/\/www.lovingmemorials.com\/vi\/wp-json\/wp\/v2\/pages\/15686\/revisions"}],"predecessor-version":[{"id":17903,"href":"https:\/\/www.lovingmemorials.com\/vi\/wp-json\/wp\/v2\/pages\/15686\/revisions\/17903"}],"up":[{"embeddable":true,"href":"https:\/\/www.lovingmemorials.com\/vi\/wp-json\/wp\/v2\/pages\/15393"}],"wp:attachment":[{"href":"https:\/\/www.lovingmemorials.com\/vi\/wp-json\/wp\/v2\/media?parent=15686"}],"curies":[{"name":"wp","href":"https:\/\/api.w.org\/{rel}","templated":true}]}}