{"id":15848,"date":"2022-02-16T20:30:05","date_gmt":"2022-02-16T20:30:05","guid":{"rendered":"https:\/\/www.lovingmemorials.com\/huong-dan-den-dai-tuong-niem-truc-tuyen\/dai-tuong-niem-truc-tuyen-la-gi\/"},"modified":"2022-02-26T03:01:08","modified_gmt":"2022-02-26T03:01:08","slug":"gi-la-truc-tuyen-tuong-niem","status":"publish","type":"page","link":"https:\/\/www.lovingmemorials.com\/vi\/huong-dan\/gi-la-truc-tuyen-tuong-niem\/","title":{"rendered":"\u0110\u00e0i t\u01b0\u1edfng ni\u1ec7m tr\u1ef1c tuy\u1ebfn l\u00e0 g\u00ec?"},"content":{"rendered":"\t\t<div data-elementor-type=\"wp-page\" data-elementor-id=\"15848\" class=\"elementor elementor-15848\" data-elementor-post-type=\"page\">\n\t\t\t\t\t\t<section class=\"elementor-section elementor-top-section elementor-element elementor-element-0182c20 elementor-section-content-middle elementor-section-boxed elementor-section-height-default elementor-section-height-default parallax_section_no qode_elementor_container_no\" data-id=\"0182c20\" data-element_type=\"section\">\n\t\t\t\t\t\t<div class=\"elementor-container elementor-column-gap-no\">\n\t\t\t\t\t<div class=\"elementor-column elementor-col-100 elementor-top-column elementor-element elementor-element-f85ac67\" data-id=\"f85ac67\" data-element_type=\"column\">\n\t\t\t<div class=\"elementor-widget-wrap elementor-element-populated\">\n\t\t\t\t\t\t<div class=\"elementor-element elementor-element-a3ba493 guide-breardcrumb elementor-widget elementor-widget-text-editor\" data-id=\"a3ba493\" data-element_type=\"widget\" data-widget_type=\"text-editor.default\">\n\t\t\t\t<div class=\"elementor-widget-container\">\n\t\t\t\t\t\t\t<p><a href=\"https:\/\/www.lovingmemorials.com\/vi\/\">Trang ch\u1ee7<\/a>&gt;&gt; <a href=\"https:\/\/www.lovingmemorials.com\/vi\/huong-dan\/\">H\u01b0\u1edbng d\u1eabn \u0111\u1ebfn c\u00e1c trang web t\u01b0\u1edfng ni\u1ec7m<\/a> &gt;&gt;<\/p>\t\t\t\t\t\t<\/div>\n\t\t\t\t<\/div>\n\t\t\t\t<div class=\"elementor-element elementor-element-fff4700 page-header elementor-widget elementor-widget-heading\" data-id=\"fff4700\" data-element_type=\"widget\" data-widget_type=\"heading.default\">\n\t\t\t\t<div class=\"elementor-widget-container\">\n\t\t\t<h1 class=\"elementor-heading-title elementor-size-default\">\u0110\u00e0i t\u01b0\u1edfng ni\u1ec7m tr\u1ef1c tuy\u1ebfn l\u00e0 g\u00ec?\n<\/h1>\t\t<\/div>\n\t\t\t\t<\/div>\n\t\t\t\t<section class=\"elementor-section elementor-inner-section elementor-element elementor-element-5c8432b elementor-section-content-middle container-shadow elementor-section-boxed elementor-section-height-default elementor-section-height-default parallax_section_no qode_elementor_container_no\" data-id=\"5c8432b\" data-element_type=\"section\" data-settings=\"{&quot;background_background&quot;:&quot;classic&quot;}\">\n\t\t\t\t\t\t<div class=\"elementor-container elementor-column-gap-no\">\n\t\t\t\t\t<div class=\"elementor-column elementor-col-100 elementor-inner-column elementor-element elementor-element-6155df8\" data-id=\"6155df8\" data-element_type=\"column\">\n\t\t\t<div class=\"elementor-widget-wrap elementor-element-populated\">\n\t\t\t\t\t\t<div class=\"elementor-element elementor-element-cf3f708 elementor-widget elementor-widget-text-editor\" data-id=\"cf3f708\" data-element_type=\"widget\" data-widget_type=\"text-editor.default\">\n\t\t\t\t<div class=\"elementor-widget-container\">\n\t\t\t\t\t\t\t<p>\u0110\u00e0i t\u01b0\u1edfng ni\u1ec7m tr\u1ef1c tuy\u1ebfn l\u00e0 m\u1ed9t n\u01a1i tr\u1ef1c tuy\u1ebfn n\u01a1i ng\u01b0\u1eddi s\u1ed1ng t\u01b0\u1edfng nh\u1edb v\u00e0 k\u1ef7 ni\u1ec7m cu\u1ed9c \u0111\u1eddi c\u1ee7a m\u1ed9t ng\u01b0\u1eddi ho\u1eb7c v\u1eadt nu\u00f4i \u0111\u00e3 khu\u1ea5t \u0111\u1ec3 h\u1ecd kh\u00f4ng b\u1ecb l\u00e3ng qu\u00ean.<\/p><p>M\u1ed9t \u0111\u1ecba \u0111i\u1ec3m tr\u1ef1c tuy\u1ebfn c\u00f3 ngh\u0129a l\u00e0 n\u00f3 c\u00f3 th\u1ec3 l\u00e0 m\u1ed9t trang web t\u01b0\u1edfng ni\u1ec7m chuy\u00ean d\u1ee5ng, m\u1ed9t trang ri\u00eang l\u1ebb ho\u1eb7c c\u00e1c trang truy\u1ec1n th\u00f4ng x\u00e3 h\u1ed9i <a href=\"https:\/\/www.facebook.com\/help\/275013292838654\">nh\u01b0 m\u1ed9t t\u00e0i kho\u1ea3n Facebook \u0111\u01b0\u1ee3c t\u01b0\u1edfng nh\u1edb<\/a> . C\u00e1c trang web t\u01b0\u1edfng ni\u1ec7m \u0111\u00f4i khi \u0111\u01b0\u1ee3c g\u1ecdi l\u00e0 \u0111\u00e0i t\u01b0\u1edfng ni\u1ec7m \u1ea3o ho\u1eb7c \u0111\u00e0i t\u01b0\u1edfng ni\u1ec7m k\u1ef9 thu\u1eadt s\u1ed1.<\/p><p>M\u1ee5c \u0111\u00edch c\u1ee7a trang web t\u01b0\u1edfng ni\u1ec7m l\u00e0 cho ph\u00e9p nh\u1eefng ng\u01b0\u1eddi bi\u1ebft ng\u01b0\u1eddi \u0111\u00e3 khu\u1ea5t t\u01b0\u1edfng nh\u1edb, \u0111au bu\u1ed3n, ch\u1eefa l\u00e0nh, chia s\u1ebb v\u00e0 k\u1ef7 ni\u1ec7m cu\u1ed9c \u0111\u1eddi c\u1ee7a h\u1ecd.<\/p><p>Kh\u00eda c\u1ea1nh c\u1ed9ng \u0111\u1ed3ng c\u1ee7a m\u1ed9t trang web t\u01b0\u1edfng ni\u1ec7m l\u00e0 r\u1ea5t quan tr\u1ecdng v\u1edbi k\u1ebft n\u1ed1i l\u00e0 y\u1ebfu t\u1ed1 ch\u00ednh. M\u1ed9t \u0111\u00e0i t\u01b0\u1edfng ni\u1ec7m tr\u1ef1c tuy\u1ebfn n\u00ean cho ph\u00e9p du kh\u00e1ch k\u00fd v\u00e0o s\u1ed5 l\u01b0u b\u00fat v\u00e0 th\u1eafp n\u1ebfn ho\u1eb7c c\u1eafm th\u00eam hoa. Gia \u0111\u00ecnh v\u00e0 b\u1ea1n b\u00e8 c\u0169ng c\u00f3 th\u1ec3 th\u00eam h\u00ecnh \u1ea3nh v\u00e0 video \u0111\u1ec3 \u0111\u00f3ng g\u00f3p v\u00e0o \u0111\u00e0i t\u01b0\u1edfng ni\u1ec7m.<\/p><p>Trang web t\u01b0\u1edfng ni\u1ec7m \u0111\u01b0\u1ee3c duy tr\u00ec b\u1edfi nh\u1eefng ng\u01b0\u1eddi th\u00e2n y\u00eau c\u1ee7a nh\u1eefng ng\u01b0\u1eddi \u0111\u00e3 khu\u1ea5t. Nh\u1eefng ng\u01b0\u1eddi th\u00e2n y\u00eau duy tr\u00ec \u0111\u00e0i t\u01b0\u1edfng ni\u1ec7m th\u01b0\u1eddng l\u00e0 gia \u0111\u00ecnh tr\u1ef1c h\u1ec7 nh\u01b0ng c\u00f3 th\u1ec3 l\u00e0 gia \u0111\u00ecnh, b\u1ea1n b\u00e8, \u0111\u1ed3ng nghi\u1ec7p v\u00e0 \u0111\u1ed3ng nghi\u1ec7p.<\/p><p>B\u1edfi v\u00ec \u0111\u00e0i t\u01b0\u1edfng ni\u1ec7m l\u00e0 tr\u1ef1c tuy\u1ebfn, \u0111i\u1ec1u n\u00e0y c\u00f3 l\u1ee3i th\u1ebf l\u00e0 d\u1ec5 d\u00e0ng \u0111\u01b0\u1ee3c c\u1ed9ng \u0111\u1ed3ng v\u00e0 \u0111\u01b0\u1ee3c vi\u1ebfng th\u0103m t\u1eeb m\u1ecdi n\u01a1i. Kh\u00eda c\u1ea1nh tr\u1ef1c tuy\u1ebfn c\u1ee7a \u0111\u00e0i t\u01b0\u1edfng ni\u1ec7m c\u0169ng cho ph\u00e9p \u0111\u00e0i t\u01b0\u1edfng ni\u1ec7m ho\u1ea1t \u0111\u1ed9ng v\u00e0 hi\u1ec3n th\u1ecb cho c\u00e1c th\u1ebf h\u1ec7 t\u01b0\u01a1ng lai.<\/p>\t\t\t\t\t\t<\/div>\n\t\t\t\t<\/div>\n\t\t\t\t\t<\/div>\n\t\t<\/div>\n\t\t\t\t\t<\/div>\n\t\t<\/section>\n\t\t\t\t\t<\/div>\n\t\t<\/div>\n\t\t\t\t\t<\/div>\n\t\t<\/section>\n\t\t\t\t<\/div>\n\t\t","protected":false},"excerpt":{"rendered":"<p>Trang ch\u1ee7&gt;&gt; H\u01b0\u1edbng d\u1eabn \u0111\u1ebfn c\u00e1c trang web t\u01b0\u1edfng ni\u1ec7m &gt;&gt; \u0110\u00e0i t\u01b0\u1edfng ni\u1ec7m tr\u1ef1c tuy\u1ebfn l\u00e0 g\u00ec? \u0110\u00e0i t\u01b0\u1edfng ni\u1ec7m tr\u1ef1c tuy\u1ebfn l\u00e0 m\u1ed9t n\u01a1i tr\u1ef1c tuy\u1ebfn n\u01a1i ng\u01b0\u1eddi s\u1ed1ng t\u01b0\u1edfng nh\u1edb v\u00e0 k\u1ef7 ni\u1ec7m cu\u1ed9c \u0111\u1eddi c\u1ee7a m\u1ed9t ng\u01b0\u1eddi ho\u1eb7c v\u1eadt nu\u00f4i \u0111\u00e3&#8230;<\/p>\n","protected":false},"author":6,"featured_media":0,"parent":15393,"menu_order":0,"comment_status":"closed","ping_status":"closed","template":"","meta":{"footnotes":""},"class_list":["post-15848","page","type-page","status-publish","hentry"],"_links":{"self":[{"href":"https:\/\/www.lovingmemorials.com\/vi\/wp-json\/wp\/v2\/pages\/15848","targetHints":{"allow":["GET"]}}],"collection":[{"href":"https:\/\/www.lovingmemorials.com\/vi\/wp-json\/wp\/v2\/pages"}],"about":[{"href":"https:\/\/www.lovingmemorials.com\/vi\/wp-json\/wp\/v2\/types\/page"}],"author":[{"embeddable":true,"href":"https:\/\/www.lovingmemorials.com\/vi\/wp-json\/wp\/v2\/users\/6"}],"replies":[{"embeddable":true,"href":"https:\/\/www.lovingmemorials.com\/vi\/wp-json\/wp\/v2\/comments?post=15848"}],"version-history":[{"count":2,"href":"https:\/\/www.lovingmemorials.com\/vi\/wp-json\/wp\/v2\/pages\/15848\/revisions"}],"predecessor-version":[{"id":17934,"href":"https:\/\/www.lovingmemorials.com\/vi\/wp-json\/wp\/v2\/pages\/15848\/revisions\/17934"}],"up":[{"embeddable":true,"href":"https:\/\/www.lovingmemorials.com\/vi\/wp-json\/wp\/v2\/pages\/15393"}],"wp:attachment":[{"href":"https:\/\/www.lovingmemorials.com\/vi\/wp-json\/wp\/v2\/media?parent=15848"}],"curies":[{"name":"wp","href":"https:\/\/api.w.org\/{rel}","templated":true}]}}