{"id":15897,"date":"2022-02-16T20:31:21","date_gmt":"2022-02-16T20:31:21","guid":{"rendered":"https:\/\/www.lovingmemorials.com\/huong-dan-den-dai-tuong-niem-truc-tuyen\/su-khac-biet-giua-cao-pho-truc-tuyen-va-dai-tuong-niem-truc-tuyen\/"},"modified":"2022-02-26T03:03:28","modified_gmt":"2022-02-26T03:03:28","slug":"su-khac-biet-giua-cao-pho-tuong-niem","status":"publish","type":"page","link":"https:\/\/www.lovingmemorials.com\/vi\/huong-dan\/su-khac-biet-giua-cao-pho-tuong-niem\/","title":{"rendered":"S\u1ef1 kh\u00e1c bi\u1ec7t gi\u1eefa C\u00e1o ph\u00f3 Tr\u1ef1c tuy\u1ebfn v\u00e0 \u0110\u00e0i t\u01b0\u1edfng ni\u1ec7m Tr\u1ef1c tuy\u1ebfn"},"content":{"rendered":"\t\t<div data-elementor-type=\"wp-page\" data-elementor-id=\"15897\" class=\"elementor elementor-15897\" data-elementor-post-type=\"page\">\n\t\t\t\t\t\t<section class=\"elementor-section elementor-top-section elementor-element elementor-element-0182c20 elementor-section-content-middle elementor-section-boxed elementor-section-height-default elementor-section-height-default parallax_section_no qode_elementor_container_no\" data-id=\"0182c20\" data-element_type=\"section\">\n\t\t\t\t\t\t<div class=\"elementor-container elementor-column-gap-no\">\n\t\t\t\t\t<div class=\"elementor-column elementor-col-100 elementor-top-column elementor-element elementor-element-f85ac67\" data-id=\"f85ac67\" data-element_type=\"column\">\n\t\t\t<div class=\"elementor-widget-wrap elementor-element-populated\">\n\t\t\t\t\t\t<div class=\"elementor-element elementor-element-a3ba493 guide-breardcrumb elementor-widget elementor-widget-text-editor\" data-id=\"a3ba493\" data-element_type=\"widget\" data-widget_type=\"text-editor.default\">\n\t\t\t\t<div class=\"elementor-widget-container\">\n\t\t\t\t\t\t\t<p><a href=\"https:\/\/www.lovingmemorials.com\/vi\/\">Trang ch\u1ee7<\/a>&gt;&gt; <a href=\"https:\/\/www.lovingmemorials.com\/vi\/huong-dan\/\">H\u01b0\u1edbng d\u1eabn \u0111\u1ebfn c\u00e1c trang web t\u01b0\u1edfng ni\u1ec7m<\/a> &gt;&gt;<\/p>\t\t\t\t\t\t<\/div>\n\t\t\t\t<\/div>\n\t\t\t\t<div class=\"elementor-element elementor-element-fff4700 page-header elementor-widget elementor-widget-heading\" data-id=\"fff4700\" data-element_type=\"widget\" data-widget_type=\"heading.default\">\n\t\t\t\t<div class=\"elementor-widget-container\">\n\t\t\t<h1 class=\"elementor-heading-title elementor-size-default\">S\u1ef1 kh\u00e1c bi\u1ec7t gi\u1eefa C\u00e1o ph\u00f3 Tr\u1ef1c tuy\u1ebfn v\u00e0 \u0110\u00e0i t\u01b0\u1edfng ni\u1ec7m\n<\/h1>\t\t<\/div>\n\t\t\t\t<\/div>\n\t\t\t\t<section class=\"elementor-section elementor-inner-section elementor-element elementor-element-5c8432b elementor-section-content-middle container-shadow elementor-section-boxed elementor-section-height-default elementor-section-height-default parallax_section_no qode_elementor_container_no\" data-id=\"5c8432b\" data-element_type=\"section\" data-settings=\"{&quot;background_background&quot;:&quot;classic&quot;}\">\n\t\t\t\t\t\t<div class=\"elementor-container elementor-column-gap-no\">\n\t\t\t\t\t<div class=\"elementor-column elementor-col-100 elementor-inner-column elementor-element elementor-element-6155df8\" data-id=\"6155df8\" data-element_type=\"column\">\n\t\t\t<div class=\"elementor-widget-wrap elementor-element-populated\">\n\t\t\t\t\t\t<div class=\"elementor-element elementor-element-cf3f708 elementor-widget elementor-widget-text-editor\" data-id=\"cf3f708\" data-element_type=\"widget\" data-widget_type=\"text-editor.default\">\n\t\t\t\t<div class=\"elementor-widget-container\">\n\t\t\t\t\t\t\t<p>C\u00e1o ph\u00f3 <span style=\"font-weight: 400;\">th\u00f4ng b\u00e1o m\u1ed9t ng\u01b0\u1eddi \u0111\u00e3 qua \u0111\u1eddi, m\u1ed9t \u0111\u00e0i t\u01b0\u1edfng ni\u1ec7m tr\u1ef1c tuy\u1ebfn t\u01b0\u1edfng nh\u1edb cu\u1ed9c \u0111\u1eddi.<\/span><\/p><h3>C\u00e1o ph\u00f3 tr\u1ef1c tuy\u1ebfn<\/h3><p>C\u00e1o ph\u00f3 tr\u1ef1c tuy\u1ebfn th\u01b0\u1eddng \u0111\u01b0\u1ee3c xu\u1ea5t b\u1ea3n tr\u00ean trang web c\u1ee7a nh\u00e0 tang l\u1ec5 ho\u1eb7c tr\u00ean m\u1ed9t t\u1edd b\u00e1o. N\u00f3 gi\u00fap th\u00f4ng b\u00e1o v\u1ec1 s\u1ef1 ra \u0111i c\u1ee7a ng\u01b0\u1eddi \u0111\u00e3 khu\u1ea5t v\u00e0 cung c\u1ea5p th\u00f4ng tin chi ti\u1ebft v\u1ec1 c\u00e1c d\u1ecbch v\u1ee5 \u0111ang \u0111\u01b0\u1ee3c t\u1ed5 ch\u1ee9c nh\u01b0 l\u1ec5 vi\u1ebfng, d\u1ecbch v\u1ee5 nh\u00e0 th\u1edd v\u00e0 chi ti\u1ebft mai t\u00e1ng.<\/p><p>C\u00e1o ph\u00f3 tr\u1ef1c tuy\u1ebfn c\u00f3 th\u00f4ng tin t\u1ed5ng quan v\u1ec1 cu\u1ed9c \u0111\u1eddi c\u1ee7a ng\u01b0\u1eddi \u0111\u00e3 khu\u1ea5t v\u00e0 danh s\u00e1ch gia \u0111\u00ecnh v\u00e0 nh\u1eefng ng\u01b0\u1eddi th\u00e2n m\u1edf r\u1ed9ng. N\u00f3 c\u00f3 th\u1ec3 bao g\u1ed3m nguy\u00ean nh\u00e2n t\u1eed vong, h\u00ecnh \u1ea3nh, video v\u00e0 lu\u1ed3ng tr\u1ef1c ti\u1ebfp c\u1ee7a c\u00e1c d\u1ecbch v\u1ee5 \u0111ang \u0111\u01b0\u1ee3c l\u01b0u gi\u1eef.<\/p><p>Th\u01b0\u1eddng th\u00ec m\u1ecdi ng\u01b0\u1eddi c\u00f3 th\u1ec3 \u0111\u1ec3 l\u1ea1i nh\u1eefng l\u1eddi chia bu\u1ed3n ho\u1eb7c nh\u1eefng l\u1eddi nh\u1eafn nh\u1ee7 trong m\u1ed9t cu\u1ed1n s\u1ed5 l\u01b0u b\u00fat, c\u0169ng l\u00e0 m\u1ed9t c\u00e1ch \u0111\u1ec3 g\u1eedi hoa \u0111\u1ebfn c\u00e1c d\u1ecbch v\u1ee5.<\/p><p>C\u00e1o ph\u00f3 tr\u1ef1c tuy\u1ebfn lu\u00f4n \u0111\u01b0\u1ee3c c\u00f4ng khai v\u00e0 c\u00f3 th\u1ec3 \u0111\u01b0\u1ee3c xem tr\u00ean trang web c\u1ee7a nh\u00e0 tang l\u1ec5 ho\u1eb7c tr\u00ean m\u1ed9t t\u1edd b\u00e1o.<\/p><p>Th\u1eddi gian t\u1ed3n t\u1ea1i c\u1ee7a c\u00e1o ph\u00f3 tr\u1ef1c tuy\u1ebfn ph\u1ee5 thu\u1ed9c v\u00e0o nh\u00e0 tang l\u1ec5 ho\u1eb7c t\u1edd b\u00e1o.<\/p><h3>\u0110\u00e0i t\u01b0\u1edfng ni\u1ec7m tr\u1ef1c tuy\u1ebfn<\/h3><p>M\u1ed9t trang web ho\u1eb7c trang t\u01b0\u1edfng ni\u1ec7m tr\u1ef1c tuy\u1ebfn h\u01b0\u1edbng t\u1edbi vi\u1ec7c t\u01b0\u1edfng nh\u1edb, k\u1ef7 ni\u1ec7m v\u00e0 t\u00f4n vinh cu\u1ed9c \u0111\u1eddi c\u1ee7a nh\u1eefng ng\u01b0\u1eddi \u0111\u00e3 khu\u1ea5t.<\/p><p>N\u00f3 bao g\u1ed3m h\u00ecnh \u1ea3nh, video v\u00e0 k\u1ef7 ni\u1ec7m. <\/p><p>N\u00f3 c\u00f3 th\u1ec3 bao g\u1ed3m th\u00f4ng tin chi ti\u1ebft v\u1ec1 gia \u0111\u00ecnh, s\u1edf th\u00edch, m\u1ed1i quan t\u00e2m v\u00e0 hi\u1ec7p h\u1ed9i m\u00e0 h\u1ecd thu\u1ed9c v\u1ec1, c\u00f9ng v\u1edbi th\u00f4ng tin chi ti\u1ebft v\u1ec1 ng\u00e0y sinh.<\/p><p>Gia \u0111\u00ecnh ho\u1eb7c b\u1ea1n b\u00e8 t\u1ea1o \u0111\u00e0i t\u01b0\u1edfng ni\u1ec7m s\u1ebd chia s\u1ebb n\u00f3 v\u1edbi nh\u1eefng ng\u01b0\u1eddi kh\u00e1c v\u00e0 \u0111\u1ec3 h\u1ecd th\u00eam v\u00e0o n\u00f3. \u0110\u00e0i t\u01b0\u1edfng ni\u1ec7m tr\u1ef1c tuy\u1ebfn th\u01b0\u1eddng ch\u1ee9a m\u1ed9t cu\u1ed1n s\u1ed5 l\u01b0u b\u00fat, n\u01a1i du kh\u00e1ch c\u00f3 th\u1ec3 chia s\u1ebb suy ngh\u0129, k\u1ef7 ni\u1ec7m, \u1ea3nh v\u00e0 video.<\/p><p>M\u1ed9t trang web t\u01b0\u1edfng ni\u1ec7m tr\u1ef1c tuy\u1ebfn th\u01b0\u1eddng cho ph\u00e9p b\u1ea1n quy\u1ebft \u0111\u1ecbnh xem b\u1ea1n mu\u1ed1n n\u00f3 \u1edf ch\u1ebf \u0111\u1ed9 ri\u00eang t\u01b0 hay cho ph\u00e9p b\u1ea5t k\u1ef3 ai xem n\u00f3.<\/p><p>L\u00fd do t\u1ed1t nh\u1ea5t \u0111\u1ec3 t\u1ed5 ch\u1ee9c l\u1ec5 t\u01b0\u1edfng ni\u1ec7m tr\u1ef1c tuy\u1ebfn l\u00e0 \u0111\u1ec3 \u0111\u1ea3m b\u1ea3o ng\u01b0\u1eddi \u0111\u00e3 qua \u0111\u1eddi lu\u00f4n \u0111\u01b0\u1ee3c t\u01b0\u1edfng nh\u1edb.<\/p>\t\t\t\t\t\t<\/div>\n\t\t\t\t<\/div>\n\t\t\t\t\t<\/div>\n\t\t<\/div>\n\t\t\t\t\t<\/div>\n\t\t<\/section>\n\t\t\t\t\t<\/div>\n\t\t<\/div>\n\t\t\t\t\t<\/div>\n\t\t<\/section>\n\t\t\t\t<\/div>\n\t\t","protected":false},"excerpt":{"rendered":"<p>Trang ch\u1ee7&gt;&gt; H\u01b0\u1edbng d\u1eabn \u0111\u1ebfn c\u00e1c trang web t\u01b0\u1edfng ni\u1ec7m &gt;&gt; S\u1ef1 kh\u00e1c bi\u1ec7t gi\u1eefa C\u00e1o ph\u00f3 Tr\u1ef1c tuy\u1ebfn v\u00e0 \u0110\u00e0i t\u01b0\u1edfng ni\u1ec7m C\u00e1o ph\u00f3 th\u00f4ng b\u00e1o m\u1ed9t ng\u01b0\u1eddi \u0111\u00e3 qua \u0111\u1eddi, m\u1ed9t \u0111\u00e0i t\u01b0\u1edfng ni\u1ec7m tr\u1ef1c tuy\u1ebfn t\u01b0\u1edfng nh\u1edb cu\u1ed9c \u0111\u1eddi. C\u00e1o ph\u00f3 tr\u1ef1c&#8230;<\/p>\n","protected":false},"author":6,"featured_media":0,"parent":15393,"menu_order":0,"comment_status":"closed","ping_status":"closed","template":"","meta":{"footnotes":""},"class_list":["post-15897","page","type-page","status-publish","hentry"],"_links":{"self":[{"href":"https:\/\/www.lovingmemorials.com\/vi\/wp-json\/wp\/v2\/pages\/15897","targetHints":{"allow":["GET"]}}],"collection":[{"href":"https:\/\/www.lovingmemorials.com\/vi\/wp-json\/wp\/v2\/pages"}],"about":[{"href":"https:\/\/www.lovingmemorials.com\/vi\/wp-json\/wp\/v2\/types\/page"}],"author":[{"embeddable":true,"href":"https:\/\/www.lovingmemorials.com\/vi\/wp-json\/wp\/v2\/users\/6"}],"replies":[{"embeddable":true,"href":"https:\/\/www.lovingmemorials.com\/vi\/wp-json\/wp\/v2\/comments?post=15897"}],"version-history":[{"count":2,"href":"https:\/\/www.lovingmemorials.com\/vi\/wp-json\/wp\/v2\/pages\/15897\/revisions"}],"predecessor-version":[{"id":17956,"href":"https:\/\/www.lovingmemorials.com\/vi\/wp-json\/wp\/v2\/pages\/15897\/revisions\/17956"}],"up":[{"embeddable":true,"href":"https:\/\/www.lovingmemorials.com\/vi\/wp-json\/wp\/v2\/pages\/15393"}],"wp:attachment":[{"href":"https:\/\/www.lovingmemorials.com\/vi\/wp-json\/wp\/v2\/media?parent=15897"}],"curies":[{"name":"wp","href":"https:\/\/api.w.org\/{rel}","templated":true}]}}