{"id":15949,"date":"2022-02-16T20:46:58","date_gmt":"2022-02-16T20:46:58","guid":{"rendered":"https:\/\/www.lovingmemorials.com\/chinh-sach-bao-mat\/"},"modified":"2022-04-28T16:59:59","modified_gmt":"2022-04-28T16:59:59","slug":"su-rieng-tu","status":"publish","type":"page","link":"https:\/\/www.lovingmemorials.com\/vi\/su-rieng-tu\/","title":{"rendered":"Ch\u00ednh s\u00e1ch b\u1ea3o m\u1eadt"},"content":{"rendered":"\t\t<div data-elementor-type=\"wp-page\" data-elementor-id=\"15949\" class=\"elementor elementor-15949\" data-elementor-post-type=\"page\">\n\t\t\t\t\t\t<section class=\"elementor-section elementor-top-section elementor-element elementor-element-0182c20 elementor-section-content-middle page-header elementor-section-boxed elementor-section-height-default elementor-section-height-default parallax_section_no qode_elementor_container_no\" data-id=\"0182c20\" data-element_type=\"section\">\n\t\t\t\t\t\t<div class=\"elementor-container elementor-column-gap-no\">\n\t\t\t\t\t<div class=\"elementor-column elementor-col-100 elementor-top-column elementor-element elementor-element-f85ac67\" data-id=\"f85ac67\" data-element_type=\"column\">\n\t\t\t<div class=\"elementor-widget-wrap elementor-element-populated\">\n\t\t\t\t\t\t<div class=\"elementor-element elementor-element-fff4700 elementor-widget elementor-widget-heading\" data-id=\"fff4700\" data-element_type=\"widget\" data-widget_type=\"heading.default\">\n\t\t\t\t<div class=\"elementor-widget-container\">\n\t\t\t<h1 class=\"elementor-heading-title elementor-size-default\">Ch\u00ednh s\u00e1ch b\u1ea3o m\u1eadt<\/h1>\t\t<\/div>\n\t\t\t\t<\/div>\n\t\t\t\t<section class=\"elementor-section elementor-inner-section elementor-element elementor-element-5c8432b elementor-section-content-middle container-shadow elementor-section-boxed elementor-section-height-default elementor-section-height-default parallax_section_no qode_elementor_container_no\" data-id=\"5c8432b\" data-element_type=\"section\" data-settings=\"{&quot;background_background&quot;:&quot;classic&quot;}\">\n\t\t\t\t\t\t<div class=\"elementor-container elementor-column-gap-no\">\n\t\t\t\t\t<div class=\"elementor-column elementor-col-100 elementor-inner-column elementor-element elementor-element-6155df8\" data-id=\"6155df8\" data-element_type=\"column\">\n\t\t\t<div class=\"elementor-widget-wrap elementor-element-populated\">\n\t\t\t\t\t\t<div class=\"elementor-element elementor-element-a9e2b32 elementor-widget elementor-widget-text-editor\" data-id=\"a9e2b32\" data-element_type=\"widget\" data-widget_type=\"text-editor.default\">\n\t\t\t\t<div class=\"elementor-widget-container\">\n\t\t\t\t\t\t\t<p>Ch\u00ednh s\u00e1ch B\u1ea3o m\u1eadt n\u00e0y gi\u1ea3i th\u00edch:<\/p><ul><li>nh\u1eefng th\u00f4ng tin ch\u00fang t\u00f4i thu th\u1eadp<\/li><li>t\u1ea1i sao ch\u00fang t\u00f4i thu th\u1eadp n\u00f3<\/li><li>c\u00e1ch ch\u00fang t\u00f4i s\u1eed d\u1ee5ng n\u00f3<\/li><li>nh\u1eefng l\u1ef1a ch\u1ecdn b\u1ea1n c\u00f3<\/li><\/ul><h3>B\u1ed9 s\u01b0u t\u1eadp th\u00f4ng tin<\/h3><ul><li>Th\u00f4ng tin b\u1ea1n cung c\u1ea5p cho ch\u00fang t\u00f4i<ul><li>B\u1eb1ng c\u00e1ch s\u1eed d\u1ee5ng d\u1ecbch v\u1ee5 \u0110\u00e0i t\u01b0\u1edfng ni\u1ec7m y\u00eau th\u01b0\u01a1ng, b\u1ea1n s\u1ebd c\u1ea7n cung c\u1ea5p cho ch\u00fang t\u00f4i Th\u00f4ng tin c\u00e1 nh\u00e2n v\u00e0 Th\u00f4ng tin c\u1ee7a ng\u01b0\u1eddi b\u1ea1n y\u00eau th\u01b0\u01a1ng (&#8216;Ng\u01b0\u1eddi th\u00e2n y\u00eau&#8217; c\u1ee7a b\u1ea1n l\u00e0 ng\u01b0\u1eddi ho\u1eb7c v\u1eadt nu\u00f4i m\u00e0 b\u1ea1n \u0111ang t\u1ea1o \u0110\u00e0i t\u01b0\u1edfng ni\u1ec7m y\u00eau th\u01b0\u01a1ng)<\/li><\/ul><\/li><\/ul><ul><li style=\"list-style-type: none;\"><ul><li>Th\u00f4ng tin c\u00e1 nh\u00e2n c\u1ee7a b\u1ea1n<ul><li>t\u00ean, \u0111\u1ecba ch\u1ec9 email, th\u00f4ng tin thanh to\u00e1n, m\u1ed1i quan h\u1ec7 c\u1ee7a b\u1ea1n v\u1edbi ng\u01b0\u1eddi \u0111\u00e3 khu\u1ea5t m\u00e0 \u0110\u00e0i t\u01b0\u1edfng ni\u1ec7m y\u00eau th\u01b0\u01a1ng \u0111\u01b0\u1ee3c t\u1ea1o ra, ng\u00f4n ng\u1eef m\u00e0 \u0110\u00e0i t\u01b0\u1edfng ni\u1ec7m y\u00eau th\u01b0\u01a1ng c\u1ee7a b\u1ea1n s\u1eed d\u1ee5ng<\/li><\/ul><\/li><\/ul><\/li><\/ul><ul><li style=\"list-style-type: none;\"><ul><li>Th\u00f4ng tin ng\u01b0\u1eddi th\u00e2n y\u00eau c\u1ee7a b\u1ea1n<ul><li>&#8216;Ng\u01b0\u1eddi th\u00e2n y\u00eau&#8217; c\u1ee7a b\u1ea1n l\u00e0 ng\u01b0\u1eddi ho\u1eb7c v\u1eadt nu\u00f4i m\u00e0 b\u1ea1n \u0111ang t\u1ea1o \u0110\u00e0i t\u01b0\u1edfng ni\u1ec7m y\u00eau th\u01b0\u01a1ng<\/li><li>Th\u00f4ng tin c\u1ee7a Ng\u01b0\u1eddi th\u00e2n y\u00eau c\u1ee7a b\u1ea1n c\u00f3 th\u1ec3 bao g\u1ed3m th\u00f4ng tin sinh v\u00e0 t\u1eed c\u1ee7a h\u1ecd, n\u01a1i h\u1ecd s\u1ed1ng, m\u1ed1i quan h\u1ec7 gia \u0111\u00ecnh c\u1ee7a h\u1ecd v\u1edbi nh\u1eefng ng\u01b0\u1eddi kh\u00e1c, nh\u1eefng ng\u01b0\u1eddi h\u1ecd bi\u1ebft, c\u00e2u chuy\u1ec7n cu\u1ed9c \u0111\u1eddi c\u1ee7a h\u1ecd, h\u00ecnh \u1ea3nh, video, \u00e2m nh\u1ea1c, k\u1ef7 ni\u1ec7m, c\u00e2u chuy\u1ec7n, m\u1ee5c l\u01b0u b\u00fat<\/li><\/ul><\/li><\/ul><\/li><\/ul><ul><li>Th\u00f4ng tin t\u1eeb kh\u00e1ch truy c\u1eadp<ul><li>Kh\u00e1ch \u0111\u1ebfn th\u0103m c\u0169ng c\u00f3 th\u1ec3 cung c\u1ea5p th\u00f4ng tin v\u1ec1 \u0110\u00e0i t\u01b0\u1edfng ni\u1ec7m Ng\u01b0\u1eddi th\u00e2n y\u00eau c\u1ee7a b\u1ea1n ch\u1eb3ng h\u1ea1n nh\u01b0 h\u00ecnh \u1ea3nh, video, c\u00e2u chuy\u1ec7n, k\u1ef7 ni\u1ec7m v\u00e0 c\u00e1c m\u1ee5c l\u01b0u b\u00fat<\/li><\/ul><\/li><li>Th\u00f4ng tin t\u1eeb c\u00e1c \u0111\u1ed1i t\u00e1c<ul><li>Ch\u00fang t\u00f4i thu th\u1eadp th\u00f4ng tin t\u1eeb c\u00e1c c\u00f4ng ty kh\u00e1c m\u00e0 b\u1ea1n ho\u1eb7c ai \u0111\u00f3 bi\u1ebft Ng\u01b0\u1eddi th\u00e2n y\u00eau c\u1ee7a b\u1ea1n c\u00f3 m\u1ed1i quan h\u1ec7<\/li><li>V\u00ed d\u1ee5: m\u1ed9t nh\u00e0 tang l\u1ec5 c\u00f3 th\u1ec3 \u0111\u00e3 cung c\u1ea5p c\u00e1o ph\u00f3 cho Ng\u01b0\u1eddi th\u00e2n y\u00eau c\u1ee7a b\u1ea1n v\u00e0 c\u00e1o ph\u00f3 n\u00e0y l\u00e0 c\u01a1 s\u1edf cho th\u00f4ng tin \u0111\u01b0\u1ee3c s\u1eed d\u1ee5ng trong \u0110\u00e0i t\u01b0\u1edfng ni\u1ec7m t\u00ecnh y\u00eau<\/li><li>Th\u00f4ng tin n\u00e0y t\u1eeb c\u00e1c \u0111\u1ed1i t\u00e1c c\u1ee7a ch\u00fang t\u00f4i c\u00f3 th\u1ec3 bao g\u1ed3m t\u1ea5t c\u1ea3 th\u00f4ng tin trong &#8216;Th\u00f4ng tin ng\u01b0\u1eddi th\u00e2n y\u00eau c\u1ee7a b\u1ea1n&#8217;<\/li><li>\u0110\u1ed1i t\u00e1c c\u1ee7a ch\u00fang t\u00f4i c\u00f3 th\u1ec3 bao g\u1ed3m nh\u00e0 tang l\u1ec5, nh\u00e0 cung c\u1ea5p ph\u1ea7n m\u1ec1m trong ng\u00e0nh tang l\u1ec5 ho\u1eb7c c\u00e1c trang web \u0111\u1ed9c l\u1eadp<\/li><\/ul><\/li><li>Th\u00f4ng tin ch\u00fang t\u00f4i thu th\u1eadp t\u1ef1 \u0111\u1ed9ng<ul><li>Ch\u00fang t\u00f4i t\u1ef1 \u0111\u1ed9ng thu th\u1eadp th\u00f4ng tin v\u1ec1 b\u1ea1n th\u00f4ng qua vi\u1ec7c s\u1eed d\u1ee5ng d\u1ecbch v\u1ee5 T\u01b0\u1edfng ni\u1ec7m Y\u00eau th\u01b0\u01a1ng, ch\u1eb3ng h\u1ea1n nh\u01b0:<ul><li>ho\u1ea1t \u0111\u1ed9ng c\u1ee7a b\u1ea1n tr\u00ean trang web T\u01b0\u1edfng ni\u1ec7m Y\u00eau th\u01b0\u01a1ng v\u00e0 \u0110\u00e0i t\u01b0\u1edfng ni\u1ec7m Y\u00eau th\u01b0\u01a1ng d\u00e0nh cho Ng\u01b0\u1eddi th\u00e2n y\u00eau c\u1ee7a b\u1ea1n<\/li><li>t\u01b0\u01a1ng t\u00e1c c\u1ee7a b\u1ea1n v\u1edbi trang web v\u00e0 c\u00e1c thu\u1ed9c t\u00ednh c\u1ee7a ch\u00fang t\u00f4i bao g\u1ed3m l\u01b0\u1ee3t xem trang v\u00e0 th\u00f4ng tin ti\u00eau chu\u1ea9n kh\u00e1c t\u1eeb nh\u1eadt k\u00fd m\u00e1y ch\u1ee7 web v\u00e0 c\u00e1c c\u00f4ng c\u1ee5 ph\u00e2n t\u00edch trang web<\/li><li>s\u1ed1 nh\u1eadn d\u1ea1ng thi\u1ebft b\u1ecb v\u00e0 lo\u1ea1i m\u00e1y t\u00ednh c\u00e1 nh\u00e2n ho\u1eb7c thi\u1ebft b\u1ecb di \u0111\u1ed9ng b\u1ea1n \u0111ang s\u1eed d\u1ee5ng<\/li><li>lo\u1ea1i tr\u00ecnh duy\u1ec7t internet<\/li><li>th\u00f4ng tin m\u1ea1ng v\u00e0 \u0111\u1ecba ch\u1ec9 IP c\u1ee7a b\u1ea1n<\/li><li>nh\u00e0 cung c\u1ea5p d\u1ecbch v\u1ee5 internet c\u1ee7a b\u1ea1n<\/li><li>trang web \u0111\u00e3 gi\u1edbi thi\u1ec7u b\u1ea1n v\u1edbi ch\u00fang t\u00f4i bao g\u1ed3m qu\u1ea3ng c\u00e1o m\u00e0 b\u1ea1n \u0111\u00e3 t\u01b0\u01a1ng t\u00e1c v\u00e0 c\u00e1c truy v\u1ea5n t\u00ecm ki\u1ebfm<\/li><li>t\u01b0\u01a1ng t\u00e1c c\u1ee7a b\u1ea1n v\u1edbi d\u1ecbch v\u1ee5 kh\u00e1ch h\u00e0ng c\u1ee7a ch\u00fang t\u00f4i, ch\u1eb3ng h\u1ea1n nh\u01b0 ng\u00e0y, gi\u1edd v\u00e0 l\u00fd do h\u1ed7 tr\u1ee3 c\u0169ng nh\u01b0 b\u1ea3n ghi c\u00e1c li\u00ean l\u1ea1c qua email, v\u0103n b\u1ea3n v\u00e0 nh\u1eadt k\u00fd tho\u1ea1i<\/li><li>th\u00f4ng tin \u0111\u01b0\u1ee3c thu th\u1eadp th\u00f4ng qua cookie v\u00e0 c\u00e1c c\u00f4ng ngh\u1ec7 kh\u00e1c bao g\u1ed3m d\u1eef li\u1ec7u qu\u1ea3ng c\u00e1o<\/li><\/ul><\/li><\/ul><\/li><\/ul><h3>T\u1ea1i sao ch\u00fang t\u00f4i thu th\u1eadp th\u00f4ng tin<\/h3><p>Ch\u00fang t\u00f4i thu th\u1eadp th\u00f4ng tin v\u00ec nhi\u1ec1u l\u00fd do nh\u01b0:<\/p><ul><li>\u0111\u1ec3 cung c\u1ea5p, ph\u00e2n t\u00edch v\u00e0 c\u1ea3i thi\u1ec7n d\u1ecbch v\u1ee5 c\u1ee7a ch\u00fang t\u00f4i<\/li><li>\u0111\u1ec3 c\u00f3 th\u1ec3 x\u1eed l\u00fd \u0111\u0103ng k\u00fd c\u1ee7a b\u1ea1n v\u00e0 nh\u1eadn thanh to\u00e1n t\u1eeb b\u1ea1n<\/li><li>\u0111\u1ec3 c\u00f3 th\u1ec3 h\u1ed7 tr\u1ee3 b\u1ea1n v\u1ec1 c\u00e1c v\u1ea5n \u0111\u1ec1 k\u1ef9 thu\u1eadt m\u00e0 b\u1ea1n c\u00f3 th\u1ec3 g\u1eb7p ph\u1ea3i<\/li><li>\u0111\u1ec3 gi\u1eef cho c\u00e1c d\u1ecbch v\u1ee5 c\u1ee7a ch\u00fang t\u00f4i an to\u00e0n, kh\u00f4ng c\u00f3 gian l\u1eadn v\u00e0 lu\u00f4n ho\u1ea1t \u0111\u1ed9ng<\/li><li>\u0111\u1ec3 gi\u00fap \u0111\u1ea3m b\u1ea3o c\u00e1c \u0110i\u1ec1u kho\u1ea3n v\u00e0 \u0110i\u1ec1u ki\u1ec7n c\u1ee7a ch\u00fang t\u00f4i \u0111ang \u0111\u01b0\u1ee3c tu\u00e2n th\u1ee7<\/li><li>l\u00e0m vi\u1ec7c v\u1edbi c\u00e1c \u0111\u1ed1i t\u00e1c \u0111\u1ec3 c\u00f3 th\u1ec3 cung c\u1ea5p d\u1ecbch v\u1ee5 c\u1ee7a ch\u00fang t\u00f4i cho b\u1ea1n<\/li><li>\u0111\u1ec3 ng\u0103n ch\u1eb7n v\u00e0 ph\u00e1t hi\u1ec7n ho\u1ea1t \u0111\u1ed9ng b\u1ea5t h\u1ee3p ph\u00e1p<\/li><li>\u0111\u1ec3 trao \u0111\u1ed5i v\u1edbi b\u1ea1n v\u1ec1 d\u1ecbch v\u1ee5 c\u1ee7a ch\u00fang t\u00f4i, bao g\u1ed3m c\u1ea3 vi\u1ec7c th\u00f4ng b\u00e1o cho b\u1ea1n v\u1ec1 c\u00e1c t\u00ednh n\u0103ng, \u01b0u \u0111\u00e3i v\u00e0 khuy\u1ebfn m\u00e3i m\u1edbi<\/li><\/ul><h3>Ti\u1ebft l\u1ed9 th\u00f4ng tin<\/h3><p>Ch\u00fang t\u00f4i c\u00f3 th\u1ec3 ti\u1ebft l\u1ed9 th\u00f4ng tin c\u1ee7a b\u1ea1n cho c\u00e1c m\u1ee5c \u0111\u00edch nh\u1ea5t \u0111\u1ecbnh v\u00e0 cho c\u00e1c b\u00ean th\u1ee9 ba nh\u01b0 sau:<\/p><ul><li>C\u00e1c nh\u00e0 cung c\u1ea5p d\u1ecbch v\u1ee5<ul><li>ch\u00fang t\u00f4i s\u1eed d\u1ee5ng c\u00e1c c\u00f4ng ty, \u0111\u1ea1i l\u00fd v\u00e0 nh\u00e0 th\u1ea7u kh\u00e1c \u0111\u1ec3 gi\u00fap ch\u00fang t\u00f4i cung c\u1ea5p d\u1ecbch v\u1ee5 cho b\u1ea1n<\/li><li>ch\u00fang t\u00f4i c\u00f3 th\u1ec3 s\u1eed d\u1ee5ng Nh\u00e0 cung c\u1ea5p d\u1ecbch v\u1ee5 cho c\u00e1c d\u1ecbch v\u1ee5 CNTT, thanh to\u00e1n v\u00e0 l\u1eadp h\u00f3a \u0111\u01a1n, d\u1ecbch v\u1ee5 kh\u00e1ch h\u00e0ng, truy\u1ec1n th\u00f4ng, ti\u1ebfp th\u1ecb, qu\u1ea3ng c\u00e1o, b\u1ea3o m\u1eadt, kh\u1ea3o s\u00e1t<\/li><li>Nh\u00e0 cung c\u1ea5p d\u1ecbch v\u1ee5 c\u00f3 th\u1ec3 c\u00f3 quy\u1ec1n truy c\u1eadp th\u00f4ng tin c\u00e1 nh\u00e2n c\u1ee7a b\u1ea1n ho\u1eb7c th\u00f4ng tin c\u00e1 nh\u00e2n c\u1ee7a Ng\u01b0\u1eddi th\u00e2n y\u00eau c\u1ee7a b\u1ea1n<\/li><li>Nh\u00e0 cung c\u1ea5p d\u1ecbch v\u1ee5 kh\u00f4ng \u0111\u01b0\u1ee3c s\u1eed d\u1ee5ng ho\u1eb7c ti\u1ebft l\u1ed9 th\u00f4ng tin n\u00e0y tr\u1eeb khi n\u00f3 li\u00ean quan \u0111\u1ebfn vi\u1ec7c cung c\u1ea5p d\u1ecbch v\u1ee5 c\u1ee7a h\u1ecd cho ch\u00fang t\u00f4i<\/li><\/ul><\/li><li>\u0110\u1ed1i t\u00e1c<ul><li>ch\u00fang t\u00f4i c\u00f3 th\u1ec3 chia s\u1ebb th\u00f4ng tin c\u00e1 nh\u00e2n nh\u1ea5t \u0111\u1ecbnh ho\u1eb7c th\u00f4ng tin c\u00e1 nh\u00e2n c\u1ee7a Ng\u01b0\u1eddi th\u00e2n y\u00eau c\u1ee7a b\u1ea1n v\u1edbi \u0110\u1ed1i t\u00e1c c\u1ee7a ch\u00fang t\u00f4i \u0111\u1ec3 cung c\u1ea5p d\u1ecbch v\u1ee5 cho b\u1ea1n v\u00e0 \/ ho\u1eb7c th\u1ef1c hi\u1ec7n c\u00e1c th\u1ecfa thu\u1eadn kinh doanh c\u1ee7a ch\u00fang t\u00f4i v\u1edbi \u0110\u1ed1i t\u00e1c<\/li><\/ul><\/li><li>Tu\u00e2n th\u1ee7 ph\u00e1p lu\u1eadt<ul><li>ch\u00fang t\u00f4i c\u00f3 th\u1ec3 ti\u1ebft l\u1ed9 th\u00f4ng tin c\u00e1 nh\u00e2n c\u1ee7a b\u1ea1n ho\u1eb7c th\u00f4ng tin c\u00e1 nh\u00e2n c\u1ee7a Ng\u01b0\u1eddi th\u00e2n y\u00eau c\u1ee7a b\u1ea1n \u0111\u1ec3 \u0111\u00e1p \u1ee9ng v\u00e0 tu\u00e2n th\u1ee7 lu\u1eadt hi\u1ec7n h\u00e0nh, quy \u0111\u1ecbnh, quy tr\u00ecnh ph\u00e1p l\u00fd, y\u00eau c\u1ea7u c\u1ee7a ch\u00ednh ph\u1ee7, y\u00eau c\u1ea7u th\u1ef1c thi ph\u00e1p lu\u1eadt<\/li><\/ul><\/li><li>Th\u1ef1c thi c\u00e1c th\u1ecfa thu\u1eadn v\u00e0 b\u1ea3o m\u1eadt<ul><li>ch\u00fang t\u00f4i c\u00f3 th\u1ec3 ti\u1ebft l\u1ed9 th\u00f4ng tin c\u00e1 nh\u00e2n c\u1ee7a b\u1ea1n ho\u1eb7c th\u00f4ng tin c\u00e1 nh\u00e2n c\u1ee7a Ng\u01b0\u1eddi th\u00e2n y\u00eau c\u1ee7a b\u1ea1n \u0111\u1ec3 th\u1ef1c thi c\u00e1c \u0110i\u1ec1u kho\u1ea3n v\u00e0 \u0110i\u1ec1u ki\u1ec7n c\u1ee7a ch\u00fang t\u00f4i, \u0111\u1ec3 ph\u00e1t hi\u1ec7n ho\u1eb7c ng\u0103n ch\u1eb7n ho\u1ea1t \u0111\u1ed9ng b\u1ea5t h\u1ee3p ph\u00e1p, cho c\u00e1c v\u1ea5n \u0111\u1ec1 an ninh ho\u1eb7c k\u1ef9 thu\u1eadt v\u00e0 \u0111\u1ec3 b\u1ea3o v\u1ec7 ch\u1ed1ng l\u1ea1i b\u1ea5t k\u1ef3 t\u1ed5n h\u1ea1i n\u00e0o \u0111\u1ebfn quy\u1ec1n, t\u00e0i s\u1ea3n ho\u1eb7c s\u1ef1 an to\u00e0n theo y\u00eau c\u1ea7u ho\u1eb7c cho ph\u00e9p c\u1ee7a ph\u00e1p lu\u1eadt<\/li><\/ul><\/li><li>Chuy\u1ec3n giao kinh doanh<ul><li>Khi c\u1ea7n thi\u1ebft v\u1edbi b\u1ea5t k\u1ef3 s\u1ef1 h\u1ee3p nh\u1ea5t ho\u1eb7c b\u00e1n c\u00f4ng ty c\u1ee7a ch\u00fang t\u00f4i ho\u1eb7c chuy\u1ec3n nh\u01b0\u1ee3ng t\u00e0i s\u1ea3n c\u1ee7a ch\u00fang t\u00f4i<\/li><li>Ch\u00fang t\u00f4i s\u1ebd th\u00f4ng b\u00e1o cho b\u1ea1n tr\u01b0\u1edbc khi Th\u00f4ng tin c\u00e1 nh\u00e2n c\u1ee7a b\u1ea1n ho\u1eb7c th\u00f4ng tin c\u1ee7a Ng\u01b0\u1eddi th\u00e2n y\u00eau tr\u1edf th\u00e0nh \u0111\u1ed1i t\u01b0\u1ee3ng c\u1ee7a m\u1ed9t ch\u00ednh s\u00e1ch b\u1ea3o m\u1eadt kh\u00e1c<\/li><\/ul><\/li><\/ul><h3>Ki\u1ec3m so\u00e1t quy\u1ec1n ri\u00eang t\u01b0 c\u1ee7a b\u1ea1n<\/h3><ul><li>Th\u00f4ng tin v\u00e0 Lo\u1ea1i quy\u1ec1n ri\u00eang t\u01b0 c\u1ee7a Ng\u01b0\u1eddi th\u00e2n y\u00eau c\u1ee7a b\u1ea1n<ul><li>Vi\u1ec7c b\u1ea1n chia s\u1ebb th\u00f4ng tin g\u00ec v\u1ec1 Ng\u01b0\u1eddi th\u00e2n y\u00eau c\u1ee7a m\u00ecnh v\u00e0 c\u00e1ch chia s\u1ebb th\u00f4ng tin \u0111\u00f3 l\u00e0 do b\u1ea1n l\u1ef1a ch\u1ecdn, v\u00e0 b\u1ea1n n\u00ean c\u00e2n nh\u1eafc \u0111i\u1ec1u n\u00e0y<\/li><li>\u0110\u1ed1i v\u1edbi th\u00f4ng tin c\u1ee7a Ng\u01b0\u1eddi th\u00e2n y\u00eau m\u00e0 b\u1ea1n \u0111\u00e3 ch\u1ecdn chia s\u1ebb, b\u1ea1n c\u00f3 th\u1ec3 quy\u1ebft \u0111\u1ecbnh c\u00e1ch chia s\u1ebb th\u00f4ng tin \u0111\u00f3 b\u1eb1ng c\u00e1ch ch\u1ec9 \u0111\u1ecbnh Lo\u1ea1i b\u1ea3o m\u1eadt cho to\u00e0n b\u1ed9 \u0110\u00e0i t\u01b0\u1edfng ni\u1ec7m y\u00eau th\u01b0\u01a1ng ho\u1eb7c m\u1ed9t ph\u1ea7n c\u1ee7a \u0110\u00e0i t\u01b0\u1edfng ni\u1ec7m y\u00eau th\u01b0\u01a1ng<\/li><li>Lo\u1ea1i quy\u1ec1n ri\u00eang t\u01b0 c\u00f4ng khai<ul><li>B\u1ea1n c\u00f3 th\u1ec3 ch\u1ecdn \u0111\u1eb7t \u0110\u00e0i t\u01b0\u1edfng ni\u1ec7m t\u00ecnh y\u00eau c\u1ee7a m\u00ecnh ho\u1eb7c m\u1ed9t ph\u1ea7n c\u1ee7a \u0110\u00e0i t\u01b0\u1edfng ni\u1ec7m t\u00ecnh y\u00eau c\u1ee7a b\u1ea1n l\u00e0 C\u00f4ng khai<\/li><li>N\u1ebfu b\u1ea1n ch\u1ecdn lo\u1ea1i B\u1ea3o m\u1eadt c\u00f4ng khai cho \u0110\u00e0i t\u01b0\u1edfng ni\u1ec7m t\u00ecnh y\u00eau c\u1ee7a m\u00ecnh, \u0111i\u1ec1u n\u00e0y c\u00f3 ngh\u0129a l\u00e0 ch\u00fang t\u00f4i s\u1ebd hi\u1ec3n th\u1ecb th\u00f4ng tin c\u1ee7a Ng\u01b0\u1eddi th\u00e2n y\u00eau c\u1ee7a b\u1ea1n tr\u00ean trang web c\u1ee7a ch\u00fang t\u00f4i cho m\u1ecdi ng\u01b0\u1eddi xem, ngay c\u1ea3 khi h\u1ecd kh\u00f4ng c\u00f3 t\u00e0i kho\u1ea3n v\u1edbi ch\u00fang t\u00f4i<\/li><li>B\u1ea5t k\u1ef3 ai c\u0169ng c\u00f3 th\u1ec3 nh\u00ecn th\u1ea5y, truy c\u1eadp, chia s\u1ebb l\u1ea1i ho\u1eb7c t\u1ea3i xu\u1ed1ng \u0110\u00e0i t\u01b0\u1edfng ni\u1ec7m y\u00eau th\u01b0\u01a1ng \u0111\u00e3 \u0111\u01b0\u1ee3c ch\u1ec9 \u0111\u1ecbnh l\u00e0 C\u00f4ng khai v\u00e0 n\u00f3 c\u00f3 th\u1ec3 c\u00f3 s\u1eb5n cho c\u00e1c c\u00f4ng c\u1ee5 t\u00ecm ki\u1ebfm, ph\u01b0\u01a1ng ti\u1ec7n truy\u1ec1n th\u00f4ng x\u00e3 h\u1ed9i, c\u00e1c trang web kh\u00e1c, API v\u00e0 ph\u01b0\u01a1ng ti\u1ec7n ngo\u1ea1i tuy\u1ebfn<\/li><li>Ngo\u00e0i vi\u1ec7c chia s\u1ebb \u0110\u00e0i t\u01b0\u1edfng ni\u1ec7m y\u00eau th\u01b0\u01a1ng \u0111\u01b0\u1ee3c c\u00f4ng khai tr\u00ean trang web c\u1ee7a ch\u00fang t\u00f4i, ch\u00fang t\u00f4i c\u00f3 th\u1ec3 tham kh\u1ea3o v\u00e0 s\u1eed d\u1ee5ng \u0110\u00e0i t\u01b0\u1edfng ni\u1ec7m y\u00eau th\u01b0\u01a1ng trong c\u00e1c n\u1ed7 l\u1ef1c ti\u1ebfp th\u1ecb v\u00e0 qu\u1ea3ng b\u00e1 c\u1ee7a m\u00ecnh bao g\u1ed3m hi\u1ec3n th\u1ecb v\u00e0 \u0111\u1ec1 c\u1eadp tr\u00ean c\u00e1c ph\u01b0\u01a1ng ti\u1ec7n truy\u1ec1n th\u00f4ng x\u00e3 h\u1ed9i, c\u00e1c trang web kh\u00e1c v\u00e0 ph\u01b0\u01a1ng ti\u1ec7n truy\u1ec1n th\u00f4ng ngo\u1ea1i tuy\u1ebfn. N\u1ebfu m\u1ed9t \u0110\u00e0i t\u01b0\u1edfng ni\u1ec7m y\u00eau th\u01b0\u01a1ng c\u00f4ng khai sau \u0111\u00f3 \u0111\u01b0\u1ee3c ch\u1ec9 \u0111\u1ecbnh l\u00e0 kh\u00f4ng c\u00f2n C\u00f4ng khai n\u1eefa, ngh\u0129a l\u00e0 b\u1ea1n ch\u1ecdn \u0111\u1eb7t n\u00f3 \u1edf ch\u1ebf \u0111\u1ed9 Kh\u00f4ng c\u00f4ng khai ho\u1eb7c Ri\u00eang t\u01b0, b\u1ea1n c\u00f3 th\u1ec3 y\u00eau c\u1ea7u ch\u00fang t\u00f4i ng\u1eebng s\u1eed d\u1ee5ng n\u00f3. Sau khi y\u00eau c\u1ea7u c\u1ee7a b\u1ea1n \u0111\u01b0\u1ee3c ch\u00fang t\u00f4i ti\u1ebfp nh\u1eadn v\u00e0 th\u1eeba nh\u1eadn, ch\u00fang t\u00f4i s\u1ebd ng\u1eebng s\u1eed d\u1ee5ng c\u00f4ng khai trong t\u01b0\u01a1ng lai. Tuy nhi\u00ean, ch\u00fang t\u00f4i s\u1ebd kh\u00f4ng ch\u1ecbu tr\u00e1ch nhi\u1ec7m x\u00f3a b\u1ea5t k\u1ef3 tham chi\u1ebfu n\u00e0o trong qu\u00e1 kh\u1ee9 cho \u0110\u00e0i t\u01b0\u1edfng ni\u1ec7m Y\u00eau th\u01b0\u01a1ng \u0111\u00e3 t\u1eebng \u0111\u01b0\u1ee3c ch\u1ec9 \u0111\u1ecbnh l\u00e0 C\u00f4ng khai v\u00e0 ch\u00fang t\u00f4i \u0111\u00e3 tham chi\u1ebfu.<\/li><\/ul><\/li><li>Lo\u1ea1i quy\u1ec1n ri\u00eang t\u01b0 kh\u00f4ng c\u00f4ng khai<ul><li>\u0110\u1ed1i v\u1edbi \u0110\u00e0i t\u01b0\u1edfng ni\u1ec7m y\u00eau th\u01b0\u01a1ng, ho\u1eb7c m\u1ed9t ph\u1ea7n c\u1ee7a \u0110\u00e0i t\u01b0\u1edfng ni\u1ec7m t\u00ecnh y\u00eau, c\u00f3 Lo\u1ea1i b\u1ea3o m\u1eadt l\u00e0 Kh\u00f4ng c\u00f4ng khai, ch\u1ec9 nh\u1eefng ai c\u00f3 li\u00ean k\u1ebft \u0111\u1ebfn \u0110\u00e0i t\u01b0\u1edfng ni\u1ec7m y\u00eau th\u01b0\u01a1ng m\u1edbi c\u00f3 th\u1ec3 truy c\u1eadp v\u00e0 li\u00ean k\u1ebft \u0111\u00f3 s\u1ebd kh\u00f4ng \u0111\u01b0\u1ee3c ch\u00fang t\u00f4i \u0111\u0103ng c\u00f4ng khai<\/li><li>B\u1ea1n s\u1ebd c\u00f3 quy\u1ec1n truy c\u1eadp v\u00e0o m\u1ed9t li\u00ean k\u1ebft cho \u0110\u00e0i t\u01b0\u1edfng ni\u1ec7m Y\u00eau th\u01b0\u01a1ng kh\u00f4ng \u0111\u01b0\u1ee3c c\u00f4ng khai v\u00e0 b\u1ea1n n\u00ean c\u00e2n nh\u1eafc xem b\u1ea1n chia s\u1ebb li\u00ean k\u1ebft \u0111\u00f3 v\u1edbi ai v\u00ec b\u1ea5t k\u1ef3 ai c\u00f3 li\u00ean k\u1ebft \u0111\u00f3 \u0111\u1ec1u c\u00f3 th\u1ec3 chia s\u1ebb th\u00eam li\u00ean k\u1ebft \u0111\u00f3 cho \u0110\u00e0i t\u01b0\u1edfng ni\u1ec7m Y\u00eau th\u01b0\u01a1ng<\/li><\/ul><\/li><\/ul><\/li><li>Ch\u1ee9c n\u0103ng \u201cGhi nh\u1edb\u201d<ul><li>B\u1ea1n c\u00f3 th\u1ec3 ch\u1ecdn s\u1eed d\u1ee5ng ho\u1eb7c kh\u00f4ng s\u1eed d\u1ee5ng ch\u1ee9c n\u0103ng \u201cGhi nh\u1edb\u201d cho ph\u00e9p b\u1ea1n truy c\u1eadp tr\u1ef1c ti\u1ebfp v\u00e0o t\u00e0i kho\u1ea3n c\u1ee7a m\u00ecnh m\u00e0 kh\u00f4ng y\u00eau c\u1ea7u nh\u1eadp l\u1ea1i \u0111\u1ecba ch\u1ec9 email v\u00e0 m\u1eadt kh\u1ea9u c\u1ee7a b\u1ea1n m\u1ed7i khi b\u1ea1n truy c\u1eadp trang web c\u1ee7a ch\u00fang t\u00f4i<\/li><\/ul><\/li><\/ul><h3> <span style=\"font-size: 1.424rem; letter-spacing: 1px;\">B\u00e1nh quy<\/span><\/h3><ul><li>Cookie l\u00e0 m\u1ed9t \u0111o\u1ea1n v\u0103n b\u1ea3n nh\u1ecf m\u00e0 trang web b\u1ea1n truy c\u1eadp ghi v\u00e0o tr\u00ecnh duy\u1ec7t c\u1ee7a b\u1ea1n<\/li><li>Cookie \u0111\u01b0\u1ee3c s\u1eed d\u1ee5ng \u0111\u1ec3 ghi nh\u1edb th\u00f4ng tin v\u1ec1 chuy\u1ebfn th\u0103m c\u1ee7a b\u1ea1n cho c\u00e1c m\u1ee5c \u0111\u00edch v\u1ec1 hi\u1ec7u su\u1ea5t, ch\u1ee9c n\u0103ng, b\u1ea3o m\u1eadt, ph\u00e2n t\u00edch v\u00e0 qu\u1ea3ng c\u00e1o<\/li><li>M\u1ed9t s\u1ed1 cookie c\u1ea7n thi\u1ebft cho c\u00e1c ph\u1ea7n c\u1ee7a d\u1ecbch v\u1ee5 c\u1ee7a ch\u00fang t\u00f4i nh\u01b0 thanh to\u00e1n v\u00e0 th\u1ef1c hi\u1ec7n c\u00e1c ch\u1ee9c n\u0103ng c\u01a1 b\u1ea3n c\u1ee7a trang web<\/li><li>Ch\u00fang t\u00f4i c\u0169ng c\u00f3 th\u1ec3 s\u1eed d\u1ee5ng cookie \u0111\u1ec3 ghi nh\u1edb t\u00f9y ch\u1ecdn c\u1ee7a b\u1ea1n v\u00e0 gi\u00fap b\u1ea1n tr\u00e1nh nh\u1eadp l\u1ea1i th\u00f4ng tin, v\u00ed d\u1ee5: &#8216;Ghi nh\u1edb&#8217; cho ph\u00e9p b\u1ea1n \u0111\u0103ng nh\u1eadp t\u1ef1 \u0111\u1ed9ng<\/li><li>Tr\u00ecnh duy\u1ec7t c\u1ee7a b\u1ea1n s\u1ebd cho ph\u00e9p b\u1ea1n qu\u1ea3n l\u00fd cookie c\u1ee7a m\u00ecnh bao g\u1ed3m x\u00f3a d\u1eef li\u1ec7u cookie v\u00e0 qu\u1ea3n l\u00fd cookie tr\u00ean c\u01a1 s\u1edf t\u1eebng trang web<\/li><li>Xem ph\u1ea7n h\u1ed7 tr\u1ee3 tr\u00ecnh duy\u1ec7t c\u1ee7a b\u1ea1n \u0111\u1ec3 qu\u1ea3n l\u00fd cookie<\/li><\/ul><h3>Li\u00ean h\u1ec7 v\u1edbi ch\u00fang t\u00f4i<\/h3><ul><li>N\u1ebfu b\u1ea1n c\u00f3 th\u1eafc m\u1eafc v\u1ec1 Ch\u00ednh s\u00e1ch b\u1ea3o m\u1eadt n\u00e0y ho\u1eb7c vi\u1ec7c s\u1eed d\u1ee5ng Th\u00f4ng tin c\u00e1 nh\u00e2n c\u1ee7a b\u1ea1n ho\u1eb7c Th\u00f4ng tin c\u1ee7a Ng\u01b0\u1eddi th\u00e2n y\u00eau c\u1ee7a b\u1ea1n, b\u1ea1n c\u00f3 th\u1ec3 li\u00ean h\u1ec7 v\u1edbi ch\u00fang t\u00f4i<\/li><\/ul><h3>C\u00e1c thay \u0111\u1ed5i \u0111\u1ed1i v\u1edbi Ch\u00ednh s\u00e1ch B\u1ea3o m\u1eadt n\u00e0y<\/h3><ul><li>Ch\u00fang t\u00f4i s\u1ebd thay \u0111\u1ed5i Ch\u00ednh s\u00e1ch B\u1ea3o m\u1eadt n\u00e0y theo th\u1eddi gian<\/li><li>Ch\u00fang t\u00f4i s\u1ebd cho bi\u1ebft ng\u00e0y xu\u1ea5t b\u1ea3n nh\u1eefng thay \u0111\u1ed5i cu\u1ed1i c\u00f9ng<\/li><li>Vi\u1ec7c b\u1ea1n ti\u1ebfp t\u1ee5c s\u1eed d\u1ee5ng d\u1ecbch v\u1ee5 c\u1ee7a ch\u00fang t\u00f4i sau khi c\u00e1c b\u1ea3n c\u1eadp nh\u1eadt c\u00f3 hi\u1ec7u l\u1ef1c c\u1ea5u th\u00e0nh s\u1ef1 th\u1eeba nh\u1eadn ho\u1eb7c ch\u1ea5p nh\u1eadn Ch\u00ednh s\u00e1ch quy\u1ec1n ri\u00eang t\u01b0 c\u1ee7a ch\u00fang t\u00f4i<\/li><li>N\u1ebfu b\u1ea1n kh\u00f4ng ch\u1ea5p nh\u1eadn ho\u1eb7c th\u1eeba nh\u1eadn nh\u1eefng thay \u0111\u1ed5i n\u00e0y, b\u1ea1n c\u00f3 th\u1ec3 h\u1ee7y d\u1ecbch v\u1ee5 T\u01b0\u1edfng ni\u1ec7m Y\u00eau th\u01b0\u01a1ng<\/li><\/ul><p>C\u1eadp nh\u1eadt l\u1ea7n cu\u1ed1i ng\u00e0y 22 th\u00e1ng 12 n\u0103m 2021<\/p>\t\t\t\t\t\t<\/div>\n\t\t\t\t<\/div>\n\t\t\t\t\t<\/div>\n\t\t<\/div>\n\t\t\t\t\t<\/div>\n\t\t<\/section>\n\t\t\t\t\t<\/div>\n\t\t<\/div>\n\t\t\t\t\t<\/div>\n\t\t<\/section>\n\t\t\t\t<\/div>\n\t\t","protected":false},"excerpt":{"rendered":"<p>Ch\u00ednh s\u00e1ch b\u1ea3o m\u1eadt Ch\u00ednh s\u00e1ch B\u1ea3o m\u1eadt n\u00e0y gi\u1ea3i th\u00edch: nh\u1eefng th\u00f4ng tin ch\u00fang t\u00f4i thu th\u1eadp t\u1ea1i sao ch\u00fang t\u00f4i thu th\u1eadp n\u00f3 c\u00e1ch ch\u00fang t\u00f4i s\u1eed d\u1ee5ng n\u00f3 nh\u1eefng l\u1ef1a ch\u1ecdn b\u1ea1n c\u00f3 B\u1ed9 s\u01b0u t\u1eadp th\u00f4ng tin Th\u00f4ng tin b\u1ea1n cung&#8230;<\/p>\n","protected":false},"author":6,"featured_media":0,"parent":0,"menu_order":0,"comment_status":"closed","ping_status":"closed","template":"","meta":{"footnotes":""},"class_list":["post-15949","page","type-page","status-publish","hentry"],"_links":{"self":[{"href":"https:\/\/www.lovingmemorials.com\/vi\/wp-json\/wp\/v2\/pages\/15949","targetHints":{"allow":["GET"]}}],"collection":[{"href":"https:\/\/www.lovingmemorials.com\/vi\/wp-json\/wp\/v2\/pages"}],"about":[{"href":"https:\/\/www.lovingmemorials.com\/vi\/wp-json\/wp\/v2\/types\/page"}],"author":[{"embeddable":true,"href":"https:\/\/www.lovingmemorials.com\/vi\/wp-json\/wp\/v2\/users\/6"}],"replies":[{"embeddable":true,"href":"https:\/\/www.lovingmemorials.com\/vi\/wp-json\/wp\/v2\/comments?post=15949"}],"version-history":[{"count":3,"href":"https:\/\/www.lovingmemorials.com\/vi\/wp-json\/wp\/v2\/pages\/15949\/revisions"}],"predecessor-version":[{"id":18734,"href":"https:\/\/www.lovingmemorials.com\/vi\/wp-json\/wp\/v2\/pages\/15949\/revisions\/18734"}],"wp:attachment":[{"href":"https:\/\/www.lovingmemorials.com\/vi\/wp-json\/wp\/v2\/media?parent=15949"}],"curies":[{"name":"wp","href":"https:\/\/api.w.org\/{rel}","templated":true}]}}