{"id":16521,"date":"2022-02-17T00:31:22","date_gmt":"2022-02-17T00:31:22","guid":{"rendered":"https:\/\/www.lovingmemorials.com\/tiep-xuc\/"},"modified":"2022-02-17T19:41:38","modified_gmt":"2022-02-17T19:41:38","slug":"tiep-xuc","status":"publish","type":"page","link":"https:\/\/www.lovingmemorials.com\/vi\/tiep-xuc\/","title":{"rendered":"Ti\u1ebfp x\u00fac"},"content":{"rendered":"\t\t<div data-elementor-type=\"wp-page\" data-elementor-id=\"16521\" class=\"elementor elementor-16521\" data-elementor-post-type=\"page\">\n\t\t\t\t\t\t<section class=\"elementor-section elementor-top-section elementor-element elementor-element-3dfad54 elementor-section-content-middle page-header elementor-section-boxed elementor-section-height-default elementor-section-height-default parallax_section_no qode_elementor_container_no\" data-id=\"3dfad54\" data-element_type=\"section\">\n\t\t\t\t\t\t<div class=\"elementor-container elementor-column-gap-no\">\n\t\t\t\t\t<div class=\"elementor-column elementor-col-100 elementor-top-column elementor-element elementor-element-80d4bd1\" data-id=\"80d4bd1\" data-element_type=\"column\">\n\t\t\t<div class=\"elementor-widget-wrap elementor-element-populated\">\n\t\t\t\t\t\t<div class=\"elementor-element elementor-element-3eb5d50 elementor-widget elementor-widget-heading\" data-id=\"3eb5d50\" data-element_type=\"widget\" data-widget_type=\"heading.default\">\n\t\t\t\t<div class=\"elementor-widget-container\">\n\t\t\t<h1 class=\"elementor-heading-title elementor-size-default\">Li\u00ean h\u1ec7 ch\u00fang t\u00f4i<\/h1>\t\t<\/div>\n\t\t\t\t<\/div>\n\t\t\t\t<section class=\"elementor-section elementor-inner-section elementor-element elementor-element-af187a2 elementor-section-content-middle container-shadow elementor-section-boxed elementor-section-height-default elementor-section-height-default parallax_section_no qode_elementor_container_no\" data-id=\"af187a2\" data-element_type=\"section\" data-settings=\"{&quot;background_background&quot;:&quot;classic&quot;}\">\n\t\t\t\t\t\t<div class=\"elementor-container elementor-column-gap-no\">\n\t\t\t\t\t<div class=\"elementor-column elementor-col-100 elementor-inner-column elementor-element elementor-element-b6d1304\" data-id=\"b6d1304\" data-element_type=\"column\">\n\t\t\t<div class=\"elementor-widget-wrap elementor-element-populated\">\n\t\t\t\t\t\t<div class=\"elementor-element elementor-element-a058937 elementor-widget elementor-widget-text-editor\" data-id=\"a058937\" data-element_type=\"widget\" data-widget_type=\"text-editor.default\">\n\t\t\t\t<div class=\"elementor-widget-container\">\n\t\t\t\t\t\t\t<p>Ch\u00fang t\u00f4i t\u1ef1 h\u00e0o v\u1ec1 vi\u1ec7c tr\u1ea3 l\u1eddi c\u00e1c y\u00eau c\u1ea7u c\u1ee7a b\u1ea1n k\u1ecbp th\u1eddi. Vui l\u00f2ng <a href=\"https:\/\/www.lovingmemorials.com\/vi\/cau-hoi-thuong-gap\/\">xem C\u00e2u h\u1ecfi th\u01b0\u1eddng g\u1eb7p c\u1ee7a ch\u00fang t\u00f4i<\/a> v\u00ec c\u00e2u h\u1ecfi c\u1ee7a b\u1ea1n c\u00f3 th\u1ec3 \u0111\u01b0\u1ee3c tr\u1ea3 l\u1eddi \u1edf \u0111\u00f3.<br><br><\/p>\t\t\t\t\t\t<\/div>\n\t\t\t\t<\/div>\n\t\t\t\t<div class=\"elementor-element elementor-element-5928371 elementor-widget elementor-widget-text-editor\" data-id=\"5928371\" data-element_type=\"widget\" data-widget_type=\"text-editor.default\">\n\t\t\t\t<div class=\"elementor-widget-container\">\n\t\t\t\t\t\t\t<div role=\"form\" class=\"wpcf7\" id=\"wpcf7-f16274-o1\" lang=\"vi-VN\" dir=\"ltr\">\n<div class=\"screen-reader-response\"><p role=\"status\" aria-live=\"polite\" aria-atomic=\"true\"><\/p> <ul><\/ul><\/div>\n<form action=\"\/vi\/wp-json\/wp\/v2\/pages\/16521#wpcf7-f16274-o1\" method=\"post\" class=\"wpcf7-form init\" novalidate=\"novalidate\" data-status=\"init\">\n<div style=\"display: none;\">\n<input type=\"hidden\" name=\"_wpcf7\" value=\"16274\" \/>\n<input type=\"hidden\" name=\"_wpcf7_version\" value=\"5.4\" \/>\n<input type=\"hidden\" name=\"_wpcf7_locale\" value=\"vi_VN\" \/>\n<input type=\"hidden\" name=\"_wpcf7_unit_tag\" value=\"wpcf7-f16274-o1\" \/>\n<input type=\"hidden\" name=\"_wpcf7_container_post\" value=\"0\" \/>\n<input type=\"hidden\" name=\"_wpcf7_posted_data_hash\" value=\"\" \/>\n<input type=\"hidden\" name=\"_wpcf7_recaptcha_response\" value=\"\" \/>\n<\/div>\n<div class=\"cnt_main\">\n<div class=\"cnt_in\">\n\t\t<label class=\"cnt_left\">T\u00ean <span class=\"wpcf7-form-control-wrap your-name\"><input type=\"text\" name=\"your-name\" value=\"\" size=\"40\" class=\"wpcf7-form-control wpcf7-text wpcf7-validates-as-required\" aria-required=\"true\" aria-invalid=\"false\" \/><\/span> <\/label><br \/>\n\t\t<label>  <\/label>\n\t<\/div>\n<div class=\"cnt_in\">\n\t\t<label class=\"cnt_left\">E-mail <span class=\"wpcf7-form-control-wrap your-email\"><input type=\"email\" name=\"your-email\" value=\"\" size=\"40\" class=\"wpcf7-form-control wpcf7-text wpcf7-email wpcf7-validates-as-required wpcf7-validates-as-email\" aria-required=\"true\" aria-invalid=\"false\" \/><\/span> <\/label><br \/>\n\t\t<label>\u0110i\u1ec7n tho\u1ea1i (T\u00f9y ch\u1ecdn) <span class=\"wpcf7-form-control-wrap phone\"><input type=\"text\" name=\"phone\" value=\"\" size=\"40\" class=\"wpcf7-form-control wpcf7-text\" aria-invalid=\"false\" \/><\/span> <\/label>\n\t<\/div>\n<div class=\"cnt_in\">\n\t\t<label>Nh\u1eafn <span class=\"wpcf7-form-control-wrap your-message\"><textarea name=\"your-message\" cols=\"40\" rows=\"10\" class=\"wpcf7-form-control wpcf7-textarea\" aria-invalid=\"false\"><\/textarea><\/span> <\/label>\n\t<\/div>\n<div class=\"cnt_in\">\n\t\t<input type=\"submit\" value=\"Submit\" class=\"wpcf7-form-control wpcf7-submit\" \/>\n\t<\/div>\n<div>\n<div class=\"wpcf7-response-output\" aria-hidden=\"true\"><\/div><\/form><\/div>\t\t\t\t\t\t<\/div>\n\t\t\t\t<\/div>\n\t\t\t\t\t<\/div>\n\t\t<\/div>\n\t\t\t\t\t<\/div>\n\t\t<\/section>\n\t\t\t\t\t<\/div>\n\t\t<\/div>\n\t\t\t\t\t<\/div>\n\t\t<\/section>\n\t\t\t\t<\/div>\n\t\t","protected":false},"excerpt":{"rendered":"<p>Li\u00ean h\u1ec7 ch\u00fang t\u00f4i Ch\u00fang t\u00f4i t\u1ef1 h\u00e0o v\u1ec1 vi\u1ec7c tr\u1ea3 l\u1eddi c\u00e1c y\u00eau c\u1ea7u c\u1ee7a b\u1ea1n k\u1ecbp th\u1eddi. Vui l\u00f2ng xem C\u00e2u h\u1ecfi th\u01b0\u1eddng g\u1eb7p c\u1ee7a ch\u00fang t\u00f4i v\u00ec c\u00e2u h\u1ecfi c\u1ee7a b\u1ea1n c\u00f3 th\u1ec3 \u0111\u01b0\u1ee3c tr\u1ea3 l\u1eddi \u1edf \u0111\u00f3.<\/p>\n","protected":false},"author":1,"featured_media":0,"parent":0,"menu_order":0,"comment_status":"closed","ping_status":"closed","template":"","meta":{"footnotes":""},"class_list":["post-16521","page","type-page","status-publish","hentry"],"_links":{"self":[{"href":"https:\/\/www.lovingmemorials.com\/vi\/wp-json\/wp\/v2\/pages\/16521","targetHints":{"allow":["GET"]}}],"collection":[{"href":"https:\/\/www.lovingmemorials.com\/vi\/wp-json\/wp\/v2\/pages"}],"about":[{"href":"https:\/\/www.lovingmemorials.com\/vi\/wp-json\/wp\/v2\/types\/page"}],"author":[{"embeddable":true,"href":"https:\/\/www.lovingmemorials.com\/vi\/wp-json\/wp\/v2\/users\/1"}],"replies":[{"embeddable":true,"href":"https:\/\/www.lovingmemorials.com\/vi\/wp-json\/wp\/v2\/comments?post=16521"}],"version-history":[{"count":8,"href":"https:\/\/www.lovingmemorials.com\/vi\/wp-json\/wp\/v2\/pages\/16521\/revisions"}],"predecessor-version":[{"id":16792,"href":"https:\/\/www.lovingmemorials.com\/vi\/wp-json\/wp\/v2\/pages\/16521\/revisions\/16792"}],"wp:attachment":[{"href":"https:\/\/www.lovingmemorials.com\/vi\/wp-json\/wp\/v2\/media?parent=16521"}],"curies":[{"name":"wp","href":"https:\/\/api.w.org\/{rel}","templated":true}]}}