{"id":7425,"date":"2021-12-30T02:05:31","date_gmt":"2021-12-30T02:05:31","guid":{"rendered":"https:\/\/www.lovingmemorials.com\/ve\/"},"modified":"2022-02-16T03:50:27","modified_gmt":"2022-02-16T03:50:27","slug":"ve","status":"publish","type":"page","link":"https:\/\/www.lovingmemorials.com\/vi\/ve\/","title":{"rendered":"V\u1ec1"},"content":{"rendered":"\t\t<div data-elementor-type=\"wp-page\" data-elementor-id=\"7425\" class=\"elementor elementor-7425\" data-elementor-post-type=\"page\">\n\t\t\t\t\t\t<section class=\"elementor-section elementor-top-section elementor-element elementor-element-5312331 elementor-section-content-middle page-header elementor-section-boxed elementor-section-height-default elementor-section-height-default parallax_section_no qode_elementor_container_no\" data-id=\"5312331\" data-element_type=\"section\">\n\t\t\t\t\t\t<div class=\"elementor-container elementor-column-gap-no\">\n\t\t\t\t\t<div class=\"elementor-column elementor-col-100 elementor-top-column elementor-element elementor-element-e8f5fcc\" data-id=\"e8f5fcc\" data-element_type=\"column\">\n\t\t\t<div class=\"elementor-widget-wrap elementor-element-populated\">\n\t\t\t\t\t\t<div class=\"elementor-element elementor-element-3d87450 elementor-widget elementor-widget-heading\" data-id=\"3d87450\" data-element_type=\"widget\" data-widget_type=\"heading.default\">\n\t\t\t\t<div class=\"elementor-widget-container\">\n\t\t\t<h1 class=\"elementor-heading-title elementor-size-default\">Gi\u1edbi thi\u1ec7u v\u1ec1 k\u1ef7 ni\u1ec7m y\u00eau th\u01b0\u01a1ng<\/h1>\t\t<\/div>\n\t\t\t\t<\/div>\n\t\t\t\t<section class=\"elementor-section elementor-inner-section elementor-element elementor-element-a0018ee elementor-section-content-middle container-shadow elementor-section-boxed elementor-section-height-default elementor-section-height-default parallax_section_no qode_elementor_container_no\" data-id=\"a0018ee\" data-element_type=\"section\" data-settings=\"{&quot;background_background&quot;:&quot;classic&quot;}\">\n\t\t\t\t\t\t<div class=\"elementor-container elementor-column-gap-no\">\n\t\t\t\t\t<div class=\"elementor-column elementor-col-100 elementor-inner-column elementor-element elementor-element-1c643d0\" data-id=\"1c643d0\" data-element_type=\"column\">\n\t\t\t<div class=\"elementor-widget-wrap elementor-element-populated\">\n\t\t\t\t\t\t<div class=\"elementor-element elementor-element-e1e7f26 elementor-widget__width-initial elementor-widget-mobile__width-inherit elementor-widget elementor-widget-text-editor\" data-id=\"e1e7f26\" data-element_type=\"widget\" data-widget_type=\"text-editor.default\">\n\t\t\t\t<div class=\"elementor-widget-container\">\n\t\t\t\t\t\t\t<p>\u0110\u00e0i t\u01b0\u1edfng ni\u1ec7m Y\u00eau th\u01b0\u01a1ng l\u00e0 m\u1ed9t d\u1ecbch v\u1ee5 cho ph\u00e9p b\u1ea1n d\u1ec5 d\u00e0ng t\u1ea1o m\u1ed9t \u0111\u00e0i t\u01b0\u1edfng ni\u1ec7m tr\u1ef1c tuy\u1ebfn trang nh\u00e3 cho ng\u01b0\u1eddi th\u00e2n y\u00eau c\u1ee7a m\u00ecnh.<\/p>\n<p>M\u1ed9t \u0111\u00e0i t\u01b0\u1edfng ni\u1ec7m Y\u00eau th\u01b0\u01a1ng l\u00e0 s\u1ef1 \u0111\u01a1n gi\u1ea3n tinh vi c\u1ee7a n\u00f3. N\u00f3 c\u00f3 thi\u1ebft k\u1ebf g\u1ecdn g\u00e0ng v\u00e0 cung c\u1ea5p tr\u1ea3i nghi\u1ec7m h\u00ecnh \u1ea3nh \u0111\u1ed9c \u0111\u00e1o. Ch\u00fang t\u00f4i tin r\u1eb1ng \u00edt h\u01a1n l\u00e0 nhi\u1ec1u h\u01a1n khi n\u00f3i \u0111\u1ebfn s\u1ef1 t\u00f4n vinh v\u00e0 tri \u00e2n \u0111\u1ed1i v\u1edbi m\u1ed9t cu\u1ed9c \u0111\u1eddi.<\/p>\n<p>M\u1ed9t T\u01b0\u1edfng ni\u1ec7m Y\u00eau th\u01b0\u01a1ng l\u00e0 t\u1eadp trung v\u00e0o ng\u01b0\u1eddi b\u1ea1n y\u00eau. Kh\u00f4ng c\u00f3 th\u01b0\u01a1ng hi\u1ec7u c\u00f4ng ty t\u1ed1i thi\u1ec3u v\u00e0 kh\u00f4ng c\u00f3 qu\u1ea3ng c\u00e1o, bao g\u1ed3m c\u1ea3 c\u00e1c li\u00ean k\u1ebft \u0111\u1ec3 t\u1ea1o ra m\u1ed9t \u0111\u00e0i t\u01b0\u1edfng ni\u1ec7m cho ng\u01b0\u1eddi kh\u00e1c. Ng\u01b0\u1eddi th\u00e2n c\u1ee7a b\u1ea1n l\u00e0 anh h\u00f9ng c\u1ee7a c\u00e2u chuy\u1ec7n n\u00e0y. <\/p>\n<p>V\u1ebb \u0111\u1eb9p to\u00e1t l\u00ean t\u1eeb s\u1ef1 \u0111\u01a1n gi\u1ea3n n\u00e0y, gi\u00fap b\u1ea1n d\u1ec5 d\u00e0ng k\u1ec3 c\u00e2u chuy\u1ec7n c\u1ee7a h\u1ecd. B\u1ea1n chia s\u1ebb T\u01b0\u1edfng ni\u1ec7m Y\u00eau th\u01b0\u01a1ng c\u1ee7a m\u00ecnh v\u1edbi gia \u0111\u00ecnh v\u00e0 b\u1ea1n b\u00e8 \u0111\u1ec3 t\u01b0\u1edfng nh\u1edb v\u00e0 k\u1ef7 ni\u1ec7m cu\u1ed9c \u0111\u1eddi c\u1ee7a h\u1ecd, \u0111\u1ec3 h\u1ecd lu\u00f4n \u0111\u01b0\u1ee3c t\u01b0\u1edfng nh\u1edb.<\/p>\n\t\t\t\t\t\t<\/div>\n\t\t\t\t<\/div>\n\t\t\t\t<div class=\"elementor-element elementor-element-7b7c1e2 elementor-widget__width-initial elementor-widget-mobile__width-inherit elementor-widget elementor-widget-text-editor\" data-id=\"7b7c1e2\" data-element_type=\"widget\" data-widget_type=\"text-editor.default\">\n\t\t\t\t<div class=\"elementor-widget-container\">\n\t\t\t\t\t\t\t<p><a href=\"https:\/\/www.lovingmemorials.com\/wp-content\/uploads\/2021\/04\/Loving-Memorial-Tony-e1640665696723.png\"><img fetchpriority=\"high\" decoding=\"async\" class=\"alignnone wp-image-7003 size-large\" src=\"https:\/\/www.lovingmemorials.com\/wp-content\/uploads\/2021\/04\/Loving-Memorial-Tony-1024x768.png\" alt=\"Loving Memorial Tony\" width=\"1024\" height=\"768\"><\/a><\/p>\n\t\t\t\t\t\t<\/div>\n\t\t\t\t<\/div>\n\t\t\t\t<div class=\"elementor-element elementor-element-d694f8d elementor-widget elementor-widget-text-editor\" data-id=\"d694f8d\" data-element_type=\"widget\" data-widget_type=\"text-editor.default\">\n\t\t\t\t<div class=\"elementor-widget-container\">\n\t\t\t\t\t\t\t<h2 id=\"founders-message\">Th\u00f4ng \u0111i\u1ec7p t\u1eeb Brian, m\u1ed9t trong nh\u1eefng ng\u01b0\u1eddi s\u00e1ng l\u1eadp c\u1ee7a ch\u00fang t\u00f4i<\/h2>\n<p>Trong nh\u1eefng n\u0103m th\u00e1ng sau n\u00e0y c\u1ee7a b\u1ed1 t\u00f4i, t\u00f4i nh\u1edb \u00f4ng \u1ea5y \u0111\u00e3 t\u1eebng n\u00f3i v\u1edbi t\u00f4i:<\/p>\n<blockquote>\n<p>T\u00f4i ph\u1ea3i vi\u1ebft ra t\u1ea5t c\u1ea3 nh\u1eefng n\u01a1i t\u00f4i \u0111\u00e3 \u0111\u1ebfn v\u00e0 nh\u1eefng \u0111i\u1ec1u t\u00f4i \u0111\u00e3 th\u1ea5y.<\/p>\n<\/blockquote>\n\t\t\t\t\t\t<\/div>\n\t\t\t\t<\/div>\n\t\t\t\t<div class=\"elementor-element elementor-element-3f8cf48 elementor-widget__width-initial elementor-widget-mobile__width-inherit elementor-widget elementor-widget-text-editor\" data-id=\"3f8cf48\" data-element_type=\"widget\" data-widget_type=\"text-editor.default\">\n\t\t\t\t<div class=\"elementor-widget-container\">\n\t\t\t\t\t\t\t<p style=\"background-color: #ffffff;\">T\u00f4i hi\u1ec3u r\u1eb1ng b\u1ed1 t\u00f4i mu\u1ed1n cu\u1ed9c s\u1ed1ng c\u1ee7a \u00f4ng \u1ea5y quan tr\u1ecdng, \u00f4ng \u1ea5y mu\u1ed1n \u0111\u01b0\u1ee3c nh\u1edb \u0111\u1ebfn v\u00e0 kh\u00f4ng b\u1ecb l\u00e3ng qu\u00ean.<\/p>\n<p style=\"background-color: #ffffff;\">Nh\u01b0ng ph\u1ea7n c\u00f2n l\u1ea1i t\u00f4i kh\u00f4ng r\u00f5 l\u1eafm. T\u00f4i nh\u1edb m\u00ecnh \u0111\u00e3 ngh\u0129: &#8220;<i>Ch\u00fang ta s\u1ebd vi\u1ebft \u0111i\u1ec1u n\u00e0y \u1edf \u0111\u00e2u? Ai s\u1ebd th\u1ea5y n\u00f3? &#8221; <\/i><\/p>\n<p style=\"background-color: #ffffff;\">Nhi\u1ec1u n\u0103m sau, sau khi cha t\u00f4i qua \u0111\u1eddi, t\u00f4i b\u1eaft \u0111\u1ea7u l\u00e0m vi\u1ec7c trong ng\u00e0nh tang l\u1ec5 v\u00e0 t\u00f4i hi\u1ec3u nh\u1eefng g\u00ec \u00f4ng \u1ea5y \u0111ang n\u00f3i v\u1edbi t\u00f4i.<\/p>\n<p style=\"background-color: #ffffff;\">T\u00f4i \u0111ang thi\u1ebft k\u1ebf ph\u1ea7n m\u1ec1m c\u00e1o ph\u00f3 v\u00e0 t\u00f4i nh\u1eadn ra r\u1eb1ng v\u1ebb \u0111\u1eb9p v\u00e0 s\u1ef1 qu\u00fd gi\u00e1 c\u1ee7a m\u1ed9t cu\u1ed9c s\u1ed1ng kh\u00f4ng \u0111\u01b0\u1ee3c ghi l\u1ea1i trong c\u00e1o ph\u00f3.<\/p>\n<p style=\"background-color: #ffffff;\">T\u00f4i \u0111\u00e3 xem c\u00e1c trang web t\u01b0\u1edfng ni\u1ec7m c\u00e1c l\u1ec5 v\u1eadt tr\u1ef1c tuy\u1ebfn v\u00e0 c\u1ea3m th\u1ea5y ch\u00fang \u0111ang h\u1ee5t h\u1eabng. H\u1ecd b\u1eadn r\u1ed9n v\u00e0 kh\u00f3 hi\u1ec3u. H\u1ecd thi\u1ebfu t\u1eadp trung v\u00e0 kh\u00f4ng n\u1eafm b\u1eaft \u0111\u01b0\u1ee3c cu\u1ed9c s\u1ed1ng b\u1eb1ng v\u1ebb \u0111\u1eb9p.<\/p>\n<p style=\"background-color: #ffffff;\">M\u1ed9t c\u00e1i g\u00ec \u0111\u00f3 kh\u00e1c l\u00e0 c\u1ea7n thi\u1ebft. T\u00f4i \u0111\u00e3 gi\u00fap t\u1ea1o ra c\u00e1c \u0110\u00e0i t\u01b0\u1edfng ni\u1ec7m y\u00eau th\u01b0\u01a1ng \u0111\u1ec3 l\u01b0u gi\u1eef v\u00e0 t\u00f4n vinh c\u00e2u chuy\u1ec7n v\u1ec1 m\u1ed9t cu\u1ed9c \u0111\u1eddi v\u1edbi s\u1ef1 \u0111\u01a1n gi\u1ea3n v\u00e0 \u0111\u1eb9p \u0111\u1ebd.<\/p>\n<p style=\"background-color: #ffffff;\">\u0110\u00e0i t\u01b0\u1edfng ni\u1ec7m T\u00ecnh y\u00eau d\u00e0nh cho cha t\u00f4i, Antonio Gomes, l\u00e0 \u0110\u00e0i t\u01b0\u1edfng ni\u1ec7m T\u00ecnh y\u00eau \u0111\u1ea7u ti\u00ean \u0111\u01b0\u1ee3c t\u1ea1o ra. Khi t\u00f4i t\u1ea1o ra n\u00f3, t\u00f4i t\u1ef1 h\u00e0o chia s\u1ebb n\u00f3 v\u1edbi gia \u0111\u00ecnh v\u00e0 b\u1ea1n b\u00e8. B\u00e2y gi\u1edd, t\u00f4i t\u1ef1 h\u00e0o chia s\u1ebb \u0111i\u1ec1u \u0111\u00f3 v\u1edbi th\u1ebf gi\u1edbi, bi\u1ebft r\u1eb1ng t\u00f4i \u0111\u00e3 vinh d\u1ef1 \u0111\u01b0\u1ee3c cha t\u00f4i mong mu\u1ed1n kh\u00f4ng b\u1ecb l\u00e3ng qu\u00ean.<\/p>\n\t\t\t\t\t\t<\/div>\n\t\t\t\t<\/div>\n\t\t\t\t<div class=\"elementor-element elementor-element-f2d987c elementor-widget__width-initial elementor-widget-mobile__width-inherit elementor-widget elementor-widget-text-editor\" data-id=\"f2d987c\" data-element_type=\"widget\" data-widget_type=\"text-editor.default\">\n\t\t\t\t<div class=\"elementor-widget-container\">\n\t\t\t\t\t\t\t<p><a href=\"https:\/\/www.lovingmemorials.com\/wp-content\/uploads\/2021\/10\/Brian_Dad.jpeg\"><img decoding=\"async\" class=\"alignnone wp-image-1529 size-full\" src=\"https:\/\/www.lovingmemorials.com\/wp-content\/uploads\/2021\/10\/Brian_Dad.jpeg\" alt=\"H\u00ecnh \u1ea3nh Brian qu\u1ef3 g\u1ed1i b\u00ean c\u1ea1nh b\u1ed1 m\u00ecnh \u0111ang ng\u1ed3i tr\u00ean gh\u1ebf\" width=\"768\" height=\"1024\" srcset=\"https:\/\/www.lovingmemorials.com\/wp-content\/uploads\/2021\/10\/Brian_Dad.jpeg 768w, https:\/\/www.lovingmemorials.com\/wp-content\/uploads\/2021\/10\/Brian_Dad-225x300.jpeg 225w, https:\/\/www.lovingmemorials.com\/wp-content\/uploads\/2021\/10\/Brian_Dad-600x800.jpeg 600w, https:\/\/www.lovingmemorials.com\/wp-content\/uploads\/2021\/10\/Brian_Dad-700x933.jpeg 700w\" sizes=\"(max-width: 768px) 100vw, 768px\" \/><\/a><br \/><span style=\"color: #727272;\">Brian v\u00e0 cha c\u1ee7a anh \u1ea5y, Tony Gomes<\/span><\/p>\n\t\t\t\t\t\t<\/div>\n\t\t\t\t<\/div>\n\t\t\t\t<div class=\"elementor-element elementor-element-a313b5c elementor-widget elementor-widget-text-editor\" data-id=\"a313b5c\" data-element_type=\"widget\" data-widget_type=\"text-editor.default\">\n\t\t\t\t<div class=\"elementor-widget-container\">\n\t\t\t\t\t\t\t<h3 id=\"remembrance\">M\u1ed9t s\u1ef1 g\u1ea7n g\u0169i b\u1ea5t ng\u1edd qua k\u1ef7 ni\u1ec7m<\/h3>\n<p>T\u00f4i r\u1ea5t ng\u1ea1c nhi\u00ean v\u1ec1 nh\u1eefng g\u00ec \u0111\u00e3 x\u1ea3y ra v\u1edbi t\u00f4i trong qu\u00e1 tr\u00ecnh t\u1ea1o ra \u0110\u00e0i t\u01b0\u1edfng ni\u1ec7m y\u00eau th\u01b0\u01a1ng c\u1ee7a cha t\u00f4i. Khi t\u00f4i th\u00eam h\u00ecnh \u1ea3nh v\u00e0 k\u1ec3 c\u00e2u chuy\u1ec7n v\u1ec1 cu\u1ed9c \u0111\u1eddi anh \u1ea5y, t\u00f4i \u0111\u00e3 tr\u1ea3i qua r\u1ea5t nhi\u1ec1u \u0111i\u1ec1u.<\/p>\n<p>C\u00f3 nh\u1eefng n\u1ee5 c\u01b0\u1eddi v\u00e0 ti\u1ebfng c\u01b0\u1eddi, c\u00f9ng v\u1edbi ni\u1ec1m t\u1ef1 h\u00e0o, l\u00f2ng bi\u1ebft \u01a1n, s\u1ef1 an \u1ee7i, s\u1ef1 ch\u1eefa l\u00e0nh v\u00e0 s\u1ef1 \u0103n m\u1eebng. Nh\u01b0ng tr\u00ean h\u1ebft, \u0111\u00f3 l\u00e0 t\u00ecnh y\u00eau. N\u00f3 \u0111\u00e3 \u0111\u01b0a t\u00f4i \u0111\u1ebfn g\u1ea7n anh h\u01a1n r\u1ea5t nhi\u1ec1u, v\u00e0 \u0111\u00f3 c\u0169ng l\u00e0 l\u00fac t\u00f4i hi\u1ec3u r\u00f5 h\u01a1n v\u1ec1 K\u1ef7 ni\u1ec7m y\u00eau th\u01b0\u01a1ng.<\/p>\n<p>T\u00f4i nh\u1eadn ra r\u1eb1ng \u0111\u1ec3 m\u1ed9t ng\u01b0\u1eddi th\u00e2n y\u00eau kh\u00f4ng b\u1ecb l\u00e3ng qu\u00ean, \u0111i\u1ec1u \u0111\u00f3 c\u00f3 ngh\u0129a l\u00e0 ch\u00fang ta, nh\u1eefng ng\u01b0\u1eddi \u0111ang s\u1ed1ng, h\u00e3y nh\u1edb \u0111\u1ebfn h\u1ecd. Th\u00f4ng qua h\u00e0nh \u0111\u1ed9ng t\u01b0\u1edfng nh\u1edb, ch\u00fang ta c\u1ea3m th\u1ea5y y\u00eau th\u01b0\u01a1ng v\u00e0 g\u1ea7n g\u0169i v\u1edbi h\u1ecd h\u01a1n. \u0110\u00e2y l\u00e0 l\u00fd do t\u1ea1i sao kh\u00f4ng b\u1ecb l\u00e3ng qu\u00ean l\u1ea1i r\u1ea5t quan tr\u1ecdng &#8211; n\u00f3 quan tr\u1ecdng \u0111\u1ed1i v\u1edbi ng\u01b0\u1eddi th\u00e2n y\u00eau c\u1ee7a ch\u00fang ta v\u00e0 \u0111\u1ed1i v\u1edbi ch\u00fang ta.<\/p>\n<p>N\u1ebfu b\u1ea1n ch\u1ecdn t\u1ea1o \u0110\u00e0i t\u01b0\u1edfng ni\u1ec7m y\u00eau th\u01b0\u01a1ng cho ng\u01b0\u1eddi th\u00e2n c\u1ee7a m\u00ecnh, t\u00f4i mong mu\u1ed1n r\u1eb1ng b\u1ea1n s\u1ebd c\u1ea3m nh\u1eadn \u0111\u01b0\u1ee3c t\u00ecnh y\u00eau v\u00e0 s\u1ef1 g\u1ea7n g\u0169i m\u00e0 t\u00f4i d\u00e0nh cho cha khi t\u00f4i t\u1ea1o \u0110\u00e0i t\u01b0\u1edfng ni\u1ec7m y\u00eau th\u01b0\u01a1ng c\u1ee7a \u00f4ng \u1ea5y.<\/p>\n<p>-Brian Gomes<\/p>\n<p>Ng\u01b0\u1eddi s\u00e1ng l\u1eadp c\u00e1c \u0111\u00e0i t\u01b0\u1edfng ni\u1ec7m y\u00eau th\u01b0\u01a1ng<\/p>\n<h2>Gi\u1edbi thi\u1ec7u v\u1ec1 nh\u00f3m c\u1ee7a ch\u00fang t\u00f4i v\u00e0 l\u00fd do t\u1ea1i sao ch\u00fang t\u00f4i l\u00e0m \u0111i\u1ec1u n\u00e0y<\/h2>\n\t\t\t\t\t\t<\/div>\n\t\t\t\t<\/div>\n\t\t\t\t<div class=\"elementor-element elementor-element-159e0c1 elementor-widget-mobile__width-inherit elementor-widget elementor-widget-text-editor\" data-id=\"159e0c1\" data-element_type=\"widget\" data-widget_type=\"text-editor.default\">\n\t\t\t\t<div class=\"elementor-widget-container\">\n\t\t\t\t\t\t\t<p>\u0110\u00e0i t\u01b0\u1edfng ni\u1ec7m Y\u00eau th\u01b0\u01a1ng \u0111\u01b0\u1ee3c t\u1ea1o ra b\u1edfi m\u1ed9t nh\u00f3m \u0111\u00e3 d\u00e0nh nhi\u1ec1u n\u0103m \u0111\u1ec3 t\u1ea1o ra v\u00e0 ph\u00e1t tri\u1ec3n c\u00e1c gi\u1ea3i ph\u00e1p c\u00e1o ph\u00f3 cho c\u00e1c nh\u00e0 tang l\u1ec5 tr\u00ean kh\u1eafp th\u1ebf gi\u1edbi.<\/p>\n<blockquote>\n<p>Ch\u00fang t\u00f4i r\u1ea5t vinh d\u1ef1 khi c\u00f3 h\u01a1n 200.000 cu\u1ed9c s\u1ed1ng \u0111\u01b0\u1ee3c ghi nh\u1edb trong ph\u1ea7n m\u1ec1m c\u1ee7a ch\u00fang t\u00f4i v\u00e0 ch\u00fang t\u00f4i ch\u1ec9 m\u1edbi b\u1eaft \u0111\u1ea7u.<\/p>\n<\/blockquote>\n\t\t\t\t\t\t<\/div>\n\t\t\t\t<\/div>\n\t\t\t\t<div class=\"elementor-element elementor-element-2e13c37 elementor-widget-mobile__width-inherit elementor-widget elementor-widget-text-editor\" data-id=\"2e13c37\" data-element_type=\"widget\" data-widget_type=\"text-editor.default\">\n\t\t\t\t<div class=\"elementor-widget-container\">\n\t\t\t\t\t\t\t<p>Ch\u00fang t\u00f4i tin r\u1eb1ng ph\u01b0\u01a1ng ti\u1ec7n truy\u1ec1n th\u00f4ng x\u00e3 h\u1ed9i kh\u00f4ng cung c\u1ea5p c\u00e1ch \u0111\u1ec3 t\u01b0\u1edfng nh\u1edb ng\u01b0\u1eddi th\u00e2n y\u00eau c\u1ee7a b\u1ea1n m\u1ed9t c\u00e1ch ch\u00ednh x\u00e1c v\u00e0 ch\u00fang t\u00f4i c\u1ea3m th\u1ea5y \u0111i\u1ec1u g\u00ec \u0111\u00f3 kh\u00e1c bi\u1ec7t l\u00e0 c\u1ea7n thi\u1ebft trong kh\u00f4ng gian t\u01b0\u1edfng ni\u1ec7m tr\u1ef1c tuy\u1ebfn.<\/p>\n<p>Ch\u00fang t\u00f4i t\u1ea1o ra c\u00e1c K\u1ef7 ni\u1ec7m y\u00eau th\u01b0\u01a1ng \u0111\u1ec3 l\u01b0u gi\u1eef, chia s\u1ebb v\u00e0 t\u00f4n vinh cu\u1ed9c s\u1ed1ng c\u1ee7a ng\u01b0\u1eddi th\u00e2n y\u00eau c\u1ee7a b\u1ea1n m\u1ed9t c\u00e1ch \u0111\u01a1n gi\u1ea3n v\u00e0 trang nh\u00e3.<\/p>\n\t\t\t\t\t\t<\/div>\n\t\t\t\t<\/div>\n\t\t\t\t\t<\/div>\n\t\t<\/div>\n\t\t\t\t\t<\/div>\n\t\t<\/section>\n\t\t\t\t\t<\/div>\n\t\t<\/div>\n\t\t\t\t\t<\/div>\n\t\t<\/section>\n\t\t\t\t<\/div>\n\t\t","protected":false},"excerpt":{"rendered":"<p>Gi\u1edbi thi\u1ec7u v\u1ec1 k\u1ef7 ni\u1ec7m y\u00eau th\u01b0\u01a1ng \u0110\u00e0i t\u01b0\u1edfng ni\u1ec7m Y\u00eau th\u01b0\u01a1ng l\u00e0 m\u1ed9t d\u1ecbch v\u1ee5 cho ph\u00e9p b\u1ea1n d\u1ec5 d\u00e0ng t\u1ea1o m\u1ed9t \u0111\u00e0i t\u01b0\u1edfng ni\u1ec7m tr\u1ef1c tuy\u1ebfn trang nh\u00e3 cho ng\u01b0\u1eddi th\u00e2n y\u00eau c\u1ee7a m\u00ecnh. M\u1ed9t \u0111\u00e0i t\u01b0\u1edfng ni\u1ec7m Y\u00eau th\u01b0\u01a1ng l\u00e0 s\u1ef1 \u0111\u01a1n&#8230;<\/p>\n","protected":false},"author":1,"featured_media":0,"parent":0,"menu_order":0,"comment_status":"closed","ping_status":"closed","template":"","meta":{"footnotes":""},"class_list":["post-7425","page","type-page","status-publish","hentry"],"_links":{"self":[{"href":"https:\/\/www.lovingmemorials.com\/vi\/wp-json\/wp\/v2\/pages\/7425","targetHints":{"allow":["GET"]}}],"collection":[{"href":"https:\/\/www.lovingmemorials.com\/vi\/wp-json\/wp\/v2\/pages"}],"about":[{"href":"https:\/\/www.lovingmemorials.com\/vi\/wp-json\/wp\/v2\/types\/page"}],"author":[{"embeddable":true,"href":"https:\/\/www.lovingmemorials.com\/vi\/wp-json\/wp\/v2\/users\/1"}],"replies":[{"embeddable":true,"href":"https:\/\/www.lovingmemorials.com\/vi\/wp-json\/wp\/v2\/comments?post=7425"}],"version-history":[{"count":5,"href":"https:\/\/www.lovingmemorials.com\/vi\/wp-json\/wp\/v2\/pages\/7425\/revisions"}],"predecessor-version":[{"id":14234,"href":"https:\/\/www.lovingmemorials.com\/vi\/wp-json\/wp\/v2\/pages\/7425\/revisions\/14234"}],"wp:attachment":[{"href":"https:\/\/www.lovingmemorials.com\/vi\/wp-json\/wp\/v2\/media?parent=7425"}],"curies":[{"name":"wp","href":"https:\/\/api.w.org\/{rel}","templated":true}]}}