{"id":7930,"date":"2022-01-03T20:22:42","date_gmt":"2022-01-03T20:22:42","guid":{"rendered":"https:\/\/www.lovingmemorials.com\/tinh-nang-ke-hoach\/"},"modified":"2022-07-18T18:03:43","modified_gmt":"2022-07-18T18:03:43","slug":"tinh-nang-ke-hoach","status":"publish","type":"page","link":"https:\/\/www.lovingmemorials.com\/vi\/tinh-nang-ke-hoach\/","title":{"rendered":"T\u00ednh n\u0103ng v\u00e0 K\u1ebf ho\u1ea1ch"},"content":{"rendered":"\t\t<div data-elementor-type=\"wp-page\" data-elementor-id=\"7930\" class=\"elementor elementor-7930\" data-elementor-post-type=\"page\">\n\t\t\t\t\t\t<section class=\"elementor-section elementor-top-section elementor-element elementor-element-3f8238c elementor-section-boxed elementor-section-height-default elementor-section-height-default parallax_section_no qode_elementor_container_no\" data-id=\"3f8238c\" data-element_type=\"section\">\n\t\t\t\t\t\t<div class=\"elementor-container elementor-column-gap-default\">\n\t\t\t\t\t\t<\/div>\n\t\t<\/section>\n\t\t\t\t<section class=\"elementor-section elementor-top-section elementor-element elementor-element-e792a8c elementor-section-boxed elementor-section-height-default elementor-section-height-default parallax_section_no qode_elementor_container_no\" data-id=\"e792a8c\" data-element_type=\"section\">\n\t\t\t\t\t\t<div class=\"elementor-container elementor-column-gap-default\">\n\t\t\t\t\t\t<\/div>\n\t\t<\/section>\n\t\t\t\t<section class=\"elementor-section elementor-top-section elementor-element elementor-element-edf6e32 elementor-section-content-middle page-header elementor-section-boxed elementor-section-height-default elementor-section-height-default parallax_section_no qode_elementor_container_no\" data-id=\"edf6e32\" data-element_type=\"section\">\n\t\t\t\t\t\t<div class=\"elementor-container elementor-column-gap-no\">\n\t\t\t\t\t<div class=\"elementor-column elementor-col-100 elementor-top-column elementor-element elementor-element-41ea03a\" data-id=\"41ea03a\" data-element_type=\"column\">\n\t\t\t<div class=\"elementor-widget-wrap elementor-element-populated\">\n\t\t\t\t\t\t<div class=\"elementor-element elementor-element-69b41f8 elementor-widget elementor-widget-heading\" data-id=\"69b41f8\" data-element_type=\"widget\" data-widget_type=\"heading.default\">\n\t\t\t\t<div class=\"elementor-widget-container\">\n\t\t\t<h1 class=\"elementor-heading-title elementor-size-default\">\u0110\u1eb7c \u0111i\u1ec3m c\u1ee7a m\u1ed9t \u0110\u00e0i t\u01b0\u1edfng ni\u1ec7m Y\u00eau th\u01b0\u01a1ng<\/h1>\t\t<\/div>\n\t\t\t\t<\/div>\n\t\t\t\t<div class=\"elementor-element elementor-element-95d86be container-shadow elementor-widget elementor-widget-text-editor\" data-id=\"95d86be\" data-element_type=\"widget\" id=\"lm-features-list\" data-widget_type=\"text-editor.default\">\n\t\t\t\t<div class=\"elementor-widget-container\">\n\t\t\t\t\t\t\t<h3>T\u01b0\u1edfng ni\u1ec7m d\u1ec5 d\u00e0ng<\/h3><ul><li>D\u1ec5 d\u00e0ng t\u1ea1o m\u1ed9t \u0111\u00e0i t\u01b0\u1edfng ni\u1ec7m tr\u1ef1c tuy\u1ebfn, \u0111\u1eb9p \u0111\u1ebd cho ng\u01b0\u1eddi th\u00e2n y\u00eau c\u1ee7a b\u1ea1n<\/li><li>Th\u00eam \u1ea3nh, video, lu\u1ed3ng tr\u1ef1c ti\u1ebfp, l\u1eddi n\u00f3i v\u00e0 nh\u1ea1c<\/li><li>Xem v\u00e0 ch\u1ec9nh s\u1eeda tr\u1ef1c tuy\u1ebfn \u2014 kh\u00f4ng c\u1ea7n c\u00e0i \u0111\u1eb7t ph\u1ea7n m\u1ec1m ho\u1eb7c \u1ee9ng d\u1ee5ng<\/li><\/ul><h3>T\u00f9y ch\u1ec9nh v\u00e0 Trang nh\u00e3<\/h3><ul><li>Ch\u1ecdn t\u1eeb h\u01a1n <a href=\"https:\/\/www.lovingmemorials.com\/vi\/huong-dan\/nguoi-xay-dung-mau\/#templates\">200 h\u00ecnh n\u1ec1n<\/a> \u0111\u1ec3 t\u1ea1o m\u1eabu \u0111\u01b0\u1ee3c c\u00e1 nh\u00e2n h\u00f3a<\/li><li>C\u00e1c k\u1ef7 ni\u1ec7m \u0111\u01b0\u1ee3c hi\u1ec3n th\u1ecb v\u1edbi hi\u1ec7u \u1ee9ng &#8220;l\u1eadt&#8221; trang \u0111\u1ec3 m\u00f4 ph\u1ecfng vi\u1ec7c l\u1eadt m\u1ed9t cu\u1ed1n s\u00e1ch<\/li><li>Thi\u1ebft k\u1ebf g\u1ecdn g\u00e0ng t\u1ea1o ra tr\u1ea3i nghi\u1ec7m h\u00ecnh \u1ea3nh \u0111\u1ed9c \u0111\u00e1o<\/li><li>Th\u01b0\u01a1ng hi\u1ec7u c\u00f4ng ty t\u1ed1i thi\u1ec3u, kh\u00f4ng c\u00f3 qu\u1ea3ng c\u00e1o ho\u1eb7c li\u00ean k\u1ebft \u0111\u1ec3 t\u1ea1o \u0111\u00e0i t\u01b0\u1edfng ni\u1ec7m cho ng\u01b0\u1eddi kh\u00e1c<\/li><\/ul><h3>Chia s\u1ebb nh\u1eefng k\u1ef7 ni\u1ec7m, k\u1ec3 c\u00e2u chuy\u1ec7n c\u1ee7a h\u1ecd<\/h3><ul><li>Chia s\u1ebb nh\u1eefng g\u00ec \u0111\u1eb9p \u0111\u1ebd v\u00e0 qu\u00fd gi\u00e1 v\u1ec1 ng\u01b0\u1eddi th\u00e2n y\u00eau c\u1ee7a b\u1ea1n<\/li><li>Mang l\u1ea1i nh\u1eefng k\u1ef7 ni\u1ec7m cho cu\u1ed9c s\u1ed1ng<\/li><li>Th\u00eam ti\u00eau \u0111\u1ec1 v\u00e0 ch\u00fa th\u00edch \u0111\u1ec3 k\u1ec3 c\u00e2u chuy\u1ec7n c\u1ee7a m\u1ed7i b\u1ee9c \u1ea3nh<\/li><li>B\u1ea1n ki\u1ec3m so\u00e1t c\u00e1ch ng\u01b0\u1eddi th\u00e2n y\u00eau c\u1ee7a b\u1ea1n \u0111\u01b0\u1ee3c t\u01b0\u1edfng nh\u1edb<\/li><\/ul><h3>Chia s\u1ebb v\u00e0 k\u1ef7 ni\u1ec7m<\/h3><ul><li>Kh\u00e1ch truy c\u1eadp th\u00eam \u1ea3nh, video v\u00e0 lu\u1ed3ng tr\u1ef1c ti\u1ebfp<\/li><li>Ho\u00e0n to\u00e0n ki\u1ec3m so\u00e1t quy\u1ec1n ri\u00eang t\u01b0 \u2014 b\u1ea1n ch\u1ecdn ng\u01b0\u1eddi c\u00f3 th\u1ec3 xem \u0111\u00e0i t\u01b0\u1edfng ni\u1ec7m v\u00e0 th\u00eam n\u1ed9i dung<\/li><li>Kh\u00e1ch truy c\u1eadp chia s\u1ebb suy ngh\u0129, k\u1ec3 chuy\u1ec7n, c\u1eafm hoa, th\u1eafp n\u1ebfn v\u00e0 th\u00eam c\u00e1c bi\u1ec3u t\u01b0\u1ee3ng t\u00f4n gi\u00e1o<\/li><li>Chia s\u1ebb \u0111\u00e0i t\u01b0\u1edfng ni\u1ec7m c\u1ee7a b\u1ea1n tr\u00ean c\u00e1c ph\u01b0\u01a1ng ti\u1ec7n truy\u1ec1n th\u00f4ng x\u00e3 h\u1ed9i bao g\u1ed3m Facebook v\u00e0 Twitter<\/li><\/ul><h3>Gi\u00fap \u0111\u1ee1 v\u00e0 h\u1ed7 tr\u1ee3<\/h3><ul><li>Nhanh ch\u00f3ng, th\u00e2n thi\u1ec7n, d\u1ecbch v\u1ee5 kh\u00e1ch h\u00e0ng \u0111\u1ec3 gi\u00fap \u0111\u1ee1 v\u00e0 h\u1ed7 tr\u1ee3 b\u1ea1n<\/li><li>Sao l\u01b0u h\u00e0ng ng\u00e0y gi\u1eef cho \u0111\u00e0i t\u01b0\u1edfng ni\u1ec7m c\u1ee7a b\u1ea1n an to\u00e0n<\/li><li>Ch\u00fang t\u00f4i kh\u00f4ng b\u00e1n d\u1eef li\u1ec7u c\u1ee7a b\u1ea1n<\/li><li>Kh\u00f4ng c\u00f3 r\u1ee7i ro \u2014 ch\u00fang t\u00f4i cung c\u1ea5p cho b\u1ea1n b\u1ea3o \u0111\u1ea3m ho\u00e0n ti\u1ec1n trong 30 ng\u00e0y<\/li><\/ul>\t\t\t\t\t\t<\/div>\n\t\t\t\t<\/div>\n\t\t\t\t\t<\/div>\n\t\t<\/div>\n\t\t\t\t\t<\/div>\n\t\t<\/section>\n\t\t\t\t<section class=\"elementor-section elementor-top-section elementor-element elementor-element-36fb972 elementor-section-boxed elementor-section-height-default elementor-section-height-default parallax_section_no qode_elementor_container_no\" data-id=\"36fb972\" data-element_type=\"section\">\n\t\t\t\t\t\t<div class=\"elementor-container elementor-column-gap-default\">\n\t\t\t\t\t\t<\/div>\n\t\t<\/section>\n\t\t\t\t<section class=\"elementor-section elementor-top-section elementor-element elementor-element-bf35739 elementor-section-boxed elementor-section-height-default elementor-section-height-default parallax_section_no qode_elementor_container_no\" data-id=\"bf35739\" data-element_type=\"section\">\n\t\t\t\t\t\t<div class=\"elementor-container elementor-column-gap-default\">\n\t\t\t\t\t<div class=\"elementor-column elementor-col-100 elementor-top-column elementor-element elementor-element-4aa9014\" data-id=\"4aa9014\" data-element_type=\"column\">\n\t\t\t<div class=\"elementor-widget-wrap elementor-element-populated\">\n\t\t\t\t\t\t<div class=\"elementor-element elementor-element-9c5a776 elementor-widget elementor-widget-heading\" data-id=\"9c5a776\" data-element_type=\"widget\" data-widget_type=\"heading.default\">\n\t\t\t\t<div class=\"elementor-widget-container\">\n\t\t\t<h1 class=\"elementor-heading-title elementor-size-default\">K\u1ebf ho\u1ea1ch t\u01b0\u1edfng ni\u1ec7m t\u00ecnh y\u00eau<\/h1>\t\t<\/div>\n\t\t\t\t<\/div>\n\t\t\t\t<div class=\"elementor-element elementor-element-fd55dbb elementor-widget elementor-widget-text-editor\" data-id=\"fd55dbb\" data-element_type=\"widget\" data-widget_type=\"text-editor.default\">\n\t\t\t\t<div class=\"elementor-widget-container\">\n\t\t\t\t\t\t\t<p style=\"text-align: center;\">T\u1ea5t c\u1ea3 c\u00e1c t\u00ednh n\u0103ng c\u00f3 s\u1eb5n tr\u00ean t\u1ea5t c\u1ea3 c\u00e1c g\u00f3i.<\/p>\t\t\t\t\t\t<\/div>\n\t\t\t\t<\/div>\n\t\t\t\t\t<\/div>\n\t\t<\/div>\n\t\t\t\t\t<\/div>\n\t\t<\/section>\n\t\t\t\t<section class=\"elementor-section elementor-top-section elementor-element elementor-element-573d374 elementor-section-content-space-between elementor-section-boxed elementor-section-height-default elementor-section-height-default parallax_section_no qode_elementor_container_no\" data-id=\"573d374\" data-element_type=\"section\">\n\t\t\t\t\t\t<div class=\"elementor-container elementor-column-gap-default\">\n\t\t\t\t\t<div class=\"elementor-column elementor-col-50 elementor-top-column elementor-element elementor-element-494db92 lm-price lm-active\" data-id=\"494db92\" data-element_type=\"column\">\n\t\t\t<div class=\"elementor-widget-wrap elementor-element-populated\">\n\t\t\t\t\t\t<section class=\"elementor-section elementor-inner-section elementor-element elementor-element-d5e4904 elementor-section-boxed elementor-section-height-default elementor-section-height-default parallax_section_no qode_elementor_container_no\" data-id=\"d5e4904\" data-element_type=\"section\">\n\t\t\t\t\t\t<div class=\"elementor-container elementor-column-gap-default\">\n\t\t\t\t\t<div class=\"elementor-column elementor-col-100 elementor-inner-column elementor-element elementor-element-ea18682 lm-price-inner\" data-id=\"ea18682\" data-element_type=\"column\">\n\t\t\t<div class=\"elementor-widget-wrap elementor-element-populated\">\n\t\t\t\t\t\t<div class=\"elementor-element elementor-element-39b2c09 elementor-widget elementor-widget-heading\" data-id=\"39b2c09\" data-element_type=\"widget\" data-widget_type=\"heading.default\">\n\t\t\t\t<div class=\"elementor-widget-container\">\n\t\t\t<h4 class=\"elementor-heading-title elementor-size-default\">K\u1ebf ho\u1ea1ch v\u0129nh vi\u1ec5n<\/h4>\t\t<\/div>\n\t\t\t\t<\/div>\n\t\t\t\t<div class=\"elementor-element elementor-element-3589228 elementor-widget elementor-widget-text-editor\" data-id=\"3589228\" data-element_type=\"widget\" data-widget_type=\"text-editor.default\">\n\t\t\t\t<div class=\"elementor-widget-container\">\n\t\t\t\t\t\t\t<div class=\"price_in_table\"><sup class=\"value\">$<\/sup> <span class=\"price\">100<\/span><\/div>\t\t\t\t\t\t<\/div>\n\t\t\t\t<\/div>\n\t\t\t\t<div class=\"elementor-element elementor-element-b520177 elementor-widget elementor-widget-text-editor\" data-id=\"b520177\" data-element_type=\"widget\" data-widget_type=\"text-editor.default\">\n\t\t\t\t<div class=\"elementor-widget-container\">\n\t\t\t\t\t\t\t<p style=\"color: #272727; font-weight: 500;\">\u0110\u1ec3 c\u00f3 m\u1ed9t danh s\u00e1ch v\u0129nh vi\u1ec5n<\/p><p style=\"color: #7c7c7c;\">\u0110\u1ea3m b\u1ea3o ho\u00e0n ti\u1ec1n trong 30 ng\u00e0y<\/p>\t\t\t\t\t\t<\/div>\n\t\t\t\t<\/div>\n\t\t\t\t\t<\/div>\n\t\t<\/div>\n\t\t\t\t\t<\/div>\n\t\t<\/section>\n\t\t\t\t<div class=\"elementor-element elementor-element-dfe6a61 elementor-widget__width-inherit elementor-widget elementor-widget-button\" data-id=\"dfe6a61\" data-element_type=\"widget\" data-plan=\"1\" data-widget_type=\"button.default\">\n\t\t\t\t<div class=\"elementor-widget-container\">\n\t\t\t\t\t<div class=\"elementor-button-wrapper\">\n\t\t\t<a class=\"elementor-button elementor-button-link elementor-size-lg\" href=\"\/create-memorial\/\" id=\"lm_plan_1\">\n\t\t\t\t\t\t<span class=\"elementor-button-content-wrapper\">\n\t\t\t\t\t\t\t\t\t<span class=\"elementor-button-text\">MUA NGAY<\/span>\n\t\t\t\t\t<\/span>\n\t\t\t\t\t<\/a>\n\t\t<\/div>\n\t\t\t\t<\/div>\n\t\t\t\t<\/div>\n\t\t\t\t\t<\/div>\n\t\t<\/div>\n\t\t\t\t<div class=\"elementor-column elementor-col-50 elementor-top-column elementor-element elementor-element-7eafd49 lm-price\" data-id=\"7eafd49\" data-element_type=\"column\">\n\t\t\t<div class=\"elementor-widget-wrap elementor-element-populated\">\n\t\t\t\t\t\t<section class=\"elementor-section elementor-inner-section elementor-element elementor-element-2089353 elementor-section-boxed elementor-section-height-default elementor-section-height-default parallax_section_no qode_elementor_container_no\" data-id=\"2089353\" data-element_type=\"section\">\n\t\t\t\t\t\t<div class=\"elementor-container elementor-column-gap-default\">\n\t\t\t\t\t<div class=\"elementor-column elementor-col-100 elementor-inner-column elementor-element elementor-element-47012a9 lm-price-inner\" data-id=\"47012a9\" data-element_type=\"column\">\n\t\t\t<div class=\"elementor-widget-wrap elementor-element-populated\">\n\t\t\t\t\t\t<div class=\"elementor-element elementor-element-c474400 elementor-widget elementor-widget-heading\" data-id=\"c474400\" data-element_type=\"widget\" data-widget_type=\"heading.default\">\n\t\t\t\t<div class=\"elementor-widget-container\">\n\t\t\t<h4 class=\"elementor-heading-title elementor-size-default\">K\u1ebf ho\u1ea1ch 1 n\u0103m<\/h4>\t\t<\/div>\n\t\t\t\t<\/div>\n\t\t\t\t<div class=\"elementor-element elementor-element-fbf38e8 elementor-widget elementor-widget-text-editor\" data-id=\"fbf38e8\" data-element_type=\"widget\" data-widget_type=\"text-editor.default\">\n\t\t\t\t<div class=\"elementor-widget-container\">\n\t\t\t\t\t\t\t<div class=\"price_in_table\"><sup class=\"value\">$<\/sup> <span class=\"price\">20<\/span><\/div>\t\t\t\t\t\t<\/div>\n\t\t\t\t<\/div>\n\t\t\t\t<div class=\"elementor-element elementor-element-5c7c52c elementor-widget elementor-widget-text-editor\" data-id=\"5c7c52c\" data-element_type=\"widget\" data-widget_type=\"text-editor.default\">\n\t\t\t\t<div class=\"elementor-widget-container\">\n\t\t\t\t\t\t\t<p style=\"font-weight: 500;\">Trong 1 n\u0103m<\/p><p style=\"background-color: #ffffff;\"><span style=\"color: #7c7c7c;\">\u0110\u1ea3m b\u1ea3o ho\u00e0n ti\u1ec1n trong 30 ng\u00e0y<\/span><\/p>\t\t\t\t\t\t<\/div>\n\t\t\t\t<\/div>\n\t\t\t\t\t<\/div>\n\t\t<\/div>\n\t\t\t\t\t<\/div>\n\t\t<\/section>\n\t\t\t\t<div class=\"elementor-element elementor-element-98d1e3b elementor-widget__width-inherit elementor-widget elementor-widget-button\" data-id=\"98d1e3b\" data-element_type=\"widget\" data-widget_type=\"button.default\">\n\t\t\t\t<div class=\"elementor-widget-container\">\n\t\t\t\t\t<div class=\"elementor-button-wrapper\">\n\t\t\t<a class=\"elementor-button elementor-button-link elementor-size-lg\" href=\"\/create-memorial\/\" id=\"lm_plan_3\">\n\t\t\t\t\t\t<span class=\"elementor-button-content-wrapper\">\n\t\t\t\t\t\t\t\t\t<span class=\"elementor-button-text\">MUA NGAY<\/span>\n\t\t\t\t\t<\/span>\n\t\t\t\t\t<\/a>\n\t\t<\/div>\n\t\t\t\t<\/div>\n\t\t\t\t<\/div>\n\t\t\t\t\t<\/div>\n\t\t<\/div>\n\t\t\t\t\t<\/div>\n\t\t<\/section>\n\t\t\t\t<section class=\"elementor-section elementor-top-section elementor-element elementor-element-bc12955 elementor-section-boxed elementor-section-height-default elementor-section-height-default parallax_section_no qode_elementor_container_no\" data-id=\"bc12955\" data-element_type=\"section\">\n\t\t\t\t\t\t<div class=\"elementor-container elementor-column-gap-default\">\n\t\t\t\t\t<div class=\"elementor-column elementor-col-100 elementor-top-column elementor-element elementor-element-56b879d\" data-id=\"56b879d\" data-element_type=\"column\">\n\t\t\t<div class=\"elementor-widget-wrap elementor-element-populated\">\n\t\t\t\t\t\t<div class=\"elementor-element elementor-element-4aa806c elementor-widget elementor-widget-html\" data-id=\"4aa806c\" data-element_type=\"widget\" data-widget_type=\"html.default\">\n\t\t\t\t<div class=\"elementor-widget-container\">\n\t\t\t<script>document.getElementById(\"lm_plan_1\").addEventListener('click',function(e){\n       e.preventDefault()\n       setCookie('lm_plan', 1, 1);\n       window.location.href = \"https:\/\/www.lovingmemorials.com\/create-memorial\/\"\n    });\n      document.getElementById(\"lm_plan_2\").addEventListener('click',function(e){\n          e.preventDefault()\n       setCookie('lm_plan', 2, 1);\n       window.location.href = \"https:\/\/www.lovingmemorials.com\/create-memorial\/\"\n    });\n      document.getElementById(\"lm_plan_3\").addEventListener('click',function(e){\n          e.preventDefault()\n       setCookie('lm_plan', 3, 1);\n       window.location.href = \"https:\/\/www.lovingmemorials.com\/create-memorial\/\"\n    });\n    \n    \/\/ Set a Cookie\n    function setCookie(cName, cValue, expDays) {\n        let date = new Date();\n        date.setTime(date.getTime() + (expDays * 24 * 60 * 60 * 1000));\n        const expires = \"expires=\" + date.toUTCString();\n        document.cookie = cName + \"=\" + cValue + \"; \" + expires + \"; path=\/\";\n    }\n\n    \n    \n    \n<\/script>\t\t<\/div>\n\t\t\t\t<\/div>\n\t\t\t\t\t<\/div>\n\t\t<\/div>\n\t\t\t\t\t<\/div>\n\t\t<\/section>\n\t\t\t\t<\/div>\n\t\t","protected":false},"excerpt":{"rendered":"<p>\u0110\u1eb7c \u0111i\u1ec3m c\u1ee7a m\u1ed9t \u0110\u00e0i t\u01b0\u1edfng ni\u1ec7m Y\u00eau th\u01b0\u01a1ng T\u01b0\u1edfng ni\u1ec7m d\u1ec5 d\u00e0ng D\u1ec5 d\u00e0ng t\u1ea1o m\u1ed9t \u0111\u00e0i t\u01b0\u1edfng ni\u1ec7m tr\u1ef1c tuy\u1ebfn, \u0111\u1eb9p \u0111\u1ebd cho ng\u01b0\u1eddi th\u00e2n y\u00eau c\u1ee7a b\u1ea1n Th\u00eam \u1ea3nh, video, lu\u1ed3ng tr\u1ef1c ti\u1ebfp, l\u1eddi n\u00f3i v\u00e0 nh\u1ea1c Xem v\u00e0 ch\u1ec9nh s\u1eeda tr\u1ef1c&#8230;<\/p>\n","protected":false},"author":1,"featured_media":0,"parent":0,"menu_order":0,"comment_status":"closed","ping_status":"closed","template":"","meta":{"footnotes":""},"class_list":["post-7930","page","type-page","status-publish","hentry"],"_links":{"self":[{"href":"https:\/\/www.lovingmemorials.com\/vi\/wp-json\/wp\/v2\/pages\/7930","targetHints":{"allow":["GET"]}}],"collection":[{"href":"https:\/\/www.lovingmemorials.com\/vi\/wp-json\/wp\/v2\/pages"}],"about":[{"href":"https:\/\/www.lovingmemorials.com\/vi\/wp-json\/wp\/v2\/types\/page"}],"author":[{"embeddable":true,"href":"https:\/\/www.lovingmemorials.com\/vi\/wp-json\/wp\/v2\/users\/1"}],"replies":[{"embeddable":true,"href":"https:\/\/www.lovingmemorials.com\/vi\/wp-json\/wp\/v2\/comments?post=7930"}],"version-history":[{"count":8,"href":"https:\/\/www.lovingmemorials.com\/vi\/wp-json\/wp\/v2\/pages\/7930\/revisions"}],"predecessor-version":[{"id":18888,"href":"https:\/\/www.lovingmemorials.com\/vi\/wp-json\/wp\/v2\/pages\/7930\/revisions\/18888"}],"wp:attachment":[{"href":"https:\/\/www.lovingmemorials.com\/vi\/wp-json\/wp\/v2\/media?parent=7930"}],"curies":[{"name":"wp","href":"https:\/\/api.w.org\/{rel}","templated":true}]}}